{"id":5881,"date":"2025-04-07T14:03:15","date_gmt":"2025-04-07T12:03:15","guid":{"rendered":"https:\/\/www.horn-wzm.de\/shop\/unkategorisiert\/gebr-profilprojektor-mitutoyo-pv-500-_intnr231045\/"},"modified":"2025-04-07T14:03:15","modified_gmt":"2025-04-07T12:03:15","slug":"projektor-profilowy-gebr-mitutoyo-pv-500-_intnr231045","status":"publish","type":"product","link":"https:\/\/www.horn-wzm.de\/pl\/shop\/messtechnik\/gebr-profilprojektor-mitutoyo-pv-500-_intnr231045\/","title":{"rendered":"U\u017cywany projektor profilowy Mitutoyo PV 500 _IntNr231045"},"content":{"rendered":"<p><b>Lokalizacja:<\/b> Niemcy, Badenia-Wirtembergia, po\u0142udniowy zach\u00f3d<\/p>\n<p><b>Zustand:<\/b> U\u017cywany<\/p>\n<p><b>Godziny pracy:<\/b> brak<\/p>\n<p>IntNo231045<br \/>\nGebr.<br \/>\nProjektor profilowy Mitutoyo PV 500<br \/>\nz ekranem 500 mm i wy\u015bwietlaczem cyfrowym<br \/>\nTechnische Daten:<br \/>\nProjektor profilowy marki MITUTOYO typ PV-500<br \/>\n\u015arednica ekranu 508 mm<br \/>\nEkran obracany o 360\u00b0 (noniusz 1')<br \/>\nMo\u017cliwe powi\u0119kszenie 5 x, 10 x, 20 x, 50 x, 100 x<br \/>\nInstalacja poprzez system wk\u0142adek z adapterem<br \/>\nDok\u0142adno\u015b\u0107 powi\u0119kszenia w \u015bwietle przechodz\u0105cym\/odbitym +- 0,1% \/ +- 0,15%<br \/>\nSie\u0107 220 V, 50 Hz<br \/>\nPob\u00f3r mocy 340 VA<br \/>\nPodstawowe wymiary urz\u0105dzenia 900 x 700 x 1700 mm<br \/>\nWaga 180 kg<br \/>\nz<br \/>\n- 2-osiowy wy\u015bwietlacz cyfrowy Mitutoyo<br \/>\nAkcesoria <\/p>\n<p>Die Maschine kann nach Terminvereinbarung Strom besichtigt werden.<br \/>\nAenderungen und Irrtuemer in den technischen Daten und Angaben sowie Zwischenverkauf vorbehalten!<\/p>\n<p>U\u017cywany<br \/>\nProjektor profilowy Mitutoyo PV 500<br \/>\nz ekranem 500 mm i wy\u015bwietlaczem cyfrowym<br \/>\nDane techniczne:<br \/>\nProjektor profilowy marki MITUTOYO typ PV-500<br \/>\n\u015arednica ekranu 508 mm<br \/>\nEkran obracany o 360\u00b0 (noniusz 1\u2032)<br \/>\nMo\u017cliwe powi\u0119kszenie 5 x, 10 x, 20 x, 50 x, 100 x<br \/>\nInstalacja za pomoc\u0105 systemu wk\u0142adek z adapterem<br \/>\nDok\u0142adno\u015b\u0107 powi\u0119kszenia w \u015bwietle przechodz\u0105cym\/odbitym +- 0,1% \/ +- 0,15%<br \/>\nSie\u0107 220 V, 50 Hz<br \/>\nPob\u00f3r mocy 340 VA<br \/>\nPodstawowe wymiary urz\u0105dzenia 900 x 700 x 1700 mm<br \/>\nWaga 180 kg<br \/>\nZ<br \/>\n- 2-osiowy wy\u015bwietlacz cyfrowy Mitutoyo<br \/>\nAkcesoria <\/p>\n<p>The machine can be inspected by appointment.<br \/>\nChanges and errors in the technical data and information as well as prior sale reserved!<\/p>","protected":false},"excerpt":{"rendered":"<p>Standort: Deutschland, Baden-W\u00fcrttemberg S\u00fcdwest Zustand: Gebraucht Betriebsstunden: keine IntNr231045 Gebr. Profilprojektor Mitutoyo PV 500 mit Bildschirm 500 mm und digitaler Anzeige Technische Daten: Profilprojektor Fabrikat MITUTOYO Typ PV-500 Bildschirmdurchmesser 508 mm Bildschirm drehbar um 360\u00b0 (Nonius 1\u00b4) Vergr\u00f6\u00dferung m\u00f6glich 5 x , 10 x , 20 x ,50x , 100 x Einbau erfolgt durch Einsatzsystem [&hellip;]<\/p>\n","protected":false},"featured_media":5877,"template":"","meta":[],"product_brand":[],"product_cat":[90],"product_tag":[],"class_list":{"0":"post-5881","1":"product","2":"type-product","3":"status-publish","4":"has-post-thumbnail","6":"product_cat-messtechnik","8":"first","9":"instock","10":"taxable","11":"shipping-taxable","12":"product-type-simple"},"aioseo_notices":[],"_links":{"self":[{"href":"https:\/\/www.horn-wzm.de\/pl\/wp-json\/wp\/v2\/product\/5881","targetHints":{"allow":["GET"]}}],"collection":[{"href":"https:\/\/www.horn-wzm.de\/pl\/wp-json\/wp\/v2\/product"}],"about":[{"href":"https:\/\/www.horn-wzm.de\/pl\/wp-json\/wp\/v2\/types\/product"}],"version-history":[{"count":1,"href":"https:\/\/www.horn-wzm.de\/pl\/wp-json\/wp\/v2\/product\/5881\/revisions"}],"predecessor-version":[{"id":5882,"href":"https:\/\/www.horn-wzm.de\/pl\/wp-json\/wp\/v2\/product\/5881\/revisions\/5882"}],"wp:featuredmedia":[{"embeddable":true,"href":"https:\/\/www.horn-wzm.de\/pl\/wp-json\/wp\/v2\/media\/5877"}],"wp:attachment":[{"href":"https:\/\/www.horn-wzm.de\/pl\/wp-json\/wp\/v2\/media?parent=5881"}],"wp:term":[{"taxonomy":"product_brand","embeddable":true,"href":"https:\/\/www.horn-wzm.de\/pl\/wp-json\/wp\/v2\/product_brand?post=5881"},{"taxonomy":"product_cat","embeddable":true,"href":"https:\/\/www.horn-wzm.de\/pl\/wp-json\/wp\/v2\/product_cat?post=5881"},{"taxonomy":"product_tag","embeddable":true,"href":"https:\/\/www.horn-wzm.de\/pl\/wp-json\/wp\/v2\/product_tag?post=5881"}],"curies":[{"name":"wp","href":"https:\/\/api.w.org\/{rel}","templated":true}]}}