{"id":5748,"date":"2025-03-19T15:33:55","date_gmt":"2025-03-19T14:33:55","guid":{"rendered":"https:\/\/www.horn-wzm.de\/shop\/unkategorisiert\/lang-lader_bevorratung-und-zufuehrsystem-inkl-20-schraubstoecke-intnr231262\/"},"modified":"2025-03-19T15:33:56","modified_gmt":"2025-03-19T14:33:56","slug":"system-magazynowania-i-podawania-z-20-imadlami-intnr231262","status":"publish","type":"product","link":"https:\/\/www.horn-wzm.de\/pl\/shop\/zubehoer-sonstiges\/lang-lader_bevorratung-und-zufuehrsystem-inkl-20-schraubstoecke-intnr231262\/","title":{"rendered":"System za\u0142adunku i podawania LANG, w tym 20 imade\u0142, IntNo231262"},"content":{"rendered":"<p><b>Lokalizacja:<\/b> Niemcy, Badenia-Wirtembergia, po\u0142udniowy zach\u00f3d<\/p>\n<p><b>Zustand:<\/b> U\u017cywany<\/p>\n<p><b>Hersteller:<\/b> LANG<\/p>\n<p><b>Modell:<\/b> LANG<\/p>\n<p><b>Rok budowy:<\/b> 2005<\/p>\n<p>System magazynowania i podawania LANG Technik zbudowany w 2005 r., w tym 20 imade\u0142<\/p>\n<p>System automatyzacji z uk\u0142adem zsypowym Pojemno\u015b\u0107 magazynowa ok. 50-60 imade\u0142 zaciskowych.<\/p>\n<p>Opis techniczny:<br \/>\nSystem magazynowania i podawania LANG Technik<br \/>\nSystem automatyzacji LANG Technik z uk\u0142adem zsypowym to zaawansowane zautomatyzowane rozwi\u0105zanie do obs\u0142ugi i obr\u00f3bki detali, zaprojektowane specjalnie do wydajnego i precyzyjnego zarz\u0105dzania imad\u0142ami mocuj\u0105cymi. Zbudowany w 2005 roku system zosta\u0142 zaprojektowany w celu automatyzacji proces\u00f3w produkcyjnych i zwi\u0119kszenia wydajno\u015bci poprzez optymalizacj\u0119 obs\u0142ugi detali i ograniczenie interwencji r\u0119cznych.<\/p>\n<p>Uk\u0142ad przesuwny:<br \/>\nSystem automatyzacji jest wyposa\u017cony w uk\u0142ad zsuwni, kt\u00f3ry umo\u017cliwia ci\u0105g\u0142y, bezpieczny i szybki roz\u0142adunek oraz transport obrabianych element\u00f3w. Zsuwnie s\u0142u\u017c\u0105 jako element \u0142\u0105cz\u0105cy r\u00f3\u017cne stacje przetwarzania i s\u0105 specjalnie zaprojektowane, aby zapewni\u0107 stabilny i precyzyjny ruch element\u00f3w w ca\u0142ym procesie produkcyjnym.<\/p>\n<p>System sterowania: Uk\u0142ad prowadnic jest koordynowany przez centraln\u0105 jednostk\u0119 steruj\u0105c\u0105 systemu, dzi\u0119ki czemu praca jest w pe\u0142ni automatyczna i wydajna.<\/p>\n<p>- Pojemno\u015b\u0107 magazynowa: ok. 50-60 imade\u0142 zaciskowych<br \/>\n- Materia\u0142 prowadnicy: stal lub aluminium, w zale\u017cno\u015bci od zastosowania<br \/>\n- Automatyzacja: w pe\u0142ni zautomatyzowana z centraln\u0105 jednostk\u0105 steruj\u0105c\u0105<br \/>\n- Obszar zastosowa\u0144: Do obr\u00f3bki element\u00f3w o r\u00f3\u017cnych rozmiarach i kszta\u0142tach<br \/>\n- Zastosowanie: Szczeg\u00f3lnie nadaje si\u0119 do obr\u00f3bki metali i produkcji przemys\u0142owej<br \/>\n- Integracja: \u0141atwa integracja z istniej\u0105cymi procesami produkcyjnymi<\/p>\n<p>Die Maschine kann nach Terminvereinbarung unter Strom besichtigt werden.<br \/>\nZastrzega si\u0119 prawo do zmian i b\u0142\u0119d\u00f3w w danych technicznych i specyfikacjach oraz wcze\u015bniejszej sprzeda\u017cy!<\/p>\n<p>System magazynowania i podawania LANG Technik zbudowany w 2005 r., w tym 20 imade\u0142<\/p>\n<p>System automatyzacji z uk\u0142adem zsypowym Pojemno\u015b\u0107 magazynowa ok. 50-60 imade\u0142 zaciskowych.<\/p>\n<p>Opis techniczny:<br \/>\nSystem magazynowania i podawania LANG Technik<br \/>\nSystem automatyzacji LANG Technik z uk\u0142adem zsypowym to zaawansowane zautomatyzowane rozwi\u0105zanie do obs\u0142ugi i obr\u00f3bki detali, zaprojektowane specjalnie do wydajnego i precyzyjnego zarz\u0105dzania imad\u0142ami. Zbudowany w 2005 roku system zosta\u0142 zaprojektowany w celu automatyzacji proces\u00f3w produkcyjnych i zwi\u0119kszenia wydajno\u015bci poprzez optymalizacj\u0119 obs\u0142ugi detali i ograniczenie interwencji r\u0119cznych.<\/p>\n<p>Uk\u0142ad zsypu:<br \/>\nSystem automatyzacji jest wyposa\u017cony w uk\u0142ad zsuwni, kt\u00f3ry umo\u017cliwia ci\u0105g\u0142y, bezpieczny i szybki roz\u0142adunek oraz transport obrabianych element\u00f3w. Zsuwnie s\u0142u\u017c\u0105 jako element \u0142\u0105cz\u0105cy r\u00f3\u017cne stacje przetwarzania i s\u0105 specjalnie zaprojektowane, aby zapewni\u0107 stabilny i precyzyjny ruch element\u00f3w w ca\u0142ym procesie produkcyjnym.<\/p>\n<p>Sterowanie: Uk\u0142ad zsyp\u00f3w jest koordynowany przez centraln\u0105 jednostk\u0119 steruj\u0105c\u0105 systemu, dzi\u0119ki czemu praca jest w pe\u0142ni automatyczna i wydajna.<\/p>\n<p>- Pojemno\u015b\u0107 magazynowa: ok. 50-60 imade\u0142 zaciskowych<br \/>\n- Materia\u0142 prowadnicy: stal lub aluminium, w zale\u017cno\u015bci od zastosowania<br \/>\n- Automatyzacja: w pe\u0142ni zautomatyzowana z centraln\u0105 jednostk\u0105 steruj\u0105c\u0105<br \/>\n- Obszar zastosowa\u0144: Do obr\u00f3bki element\u00f3w o r\u00f3\u017cnych rozmiarach i kszta\u0142tach<br \/>\n- Zastosowanie: Szczeg\u00f3lnie nadaje si\u0119 do obr\u00f3bki metali i produkcji przemys\u0142owej<br \/>\n- Integracja: \u0141atwa integracja z istniej\u0105cymi procesami produkcyjnymi<\/p>\n<p>Po wcze\u015bniejszym um\u00f3wieniu si\u0119 maszyna mo\u017ce zosta\u0107 sprawdzona pod napi\u0119ciem.<br \/>\nSubject to changes and errors in the technical data and information as well as prior sale!<\/p>","protected":false},"excerpt":{"rendered":"<p>Standort: Deutschland, Baden-W\u00fcrttemberg S\u00fcdwest Zustand: Gebraucht Hersteller: LANG Modell: LANG Baujahr: 2005 LANG Technik Bevorratung und Zuf\u00fchrsystem Baujahr 2005, inkl. 20 Schraubst\u00f6cke Automationssystem mit Rutschen-Anordnung Speicherkapazit\u00e4t von ca. 50-60 Spannschraubstocken. Technische Beschreibung: LANG Technik Bevorratung und Zuf\u00fchrsystem LANG Technik Automationssystem mit Rutschenanordnung ist eine hochentwickelte, automatisierte L\u00f6sung zur Handhabung und Bearbeitung von Werkst\u00fccken, die speziell [&hellip;]<\/p>\n","protected":false},"featured_media":5738,"template":"","meta":[],"product_brand":[],"product_cat":[94],"product_tag":[],"class_list":{"0":"post-5748","1":"product","2":"type-product","3":"status-publish","4":"has-post-thumbnail","6":"product_cat-zubehoer-sonstiges","8":"first","9":"instock","10":"taxable","11":"shipping-taxable","12":"product-type-simple"},"aioseo_notices":[],"_links":{"self":[{"href":"https:\/\/www.horn-wzm.de\/pl\/wp-json\/wp\/v2\/product\/5748","targetHints":{"allow":["GET"]}}],"collection":[{"href":"https:\/\/www.horn-wzm.de\/pl\/wp-json\/wp\/v2\/product"}],"about":[{"href":"https:\/\/www.horn-wzm.de\/pl\/wp-json\/wp\/v2\/types\/product"}],"version-history":[{"count":1,"href":"https:\/\/www.horn-wzm.de\/pl\/wp-json\/wp\/v2\/product\/5748\/revisions"}],"predecessor-version":[{"id":5749,"href":"https:\/\/www.horn-wzm.de\/pl\/wp-json\/wp\/v2\/product\/5748\/revisions\/5749"}],"wp:featuredmedia":[{"embeddable":true,"href":"https:\/\/www.horn-wzm.de\/pl\/wp-json\/wp\/v2\/media\/5738"}],"wp:attachment":[{"href":"https:\/\/www.horn-wzm.de\/pl\/wp-json\/wp\/v2\/media?parent=5748"}],"wp:term":[{"taxonomy":"product_brand","embeddable":true,"href":"https:\/\/www.horn-wzm.de\/pl\/wp-json\/wp\/v2\/product_brand?post=5748"},{"taxonomy":"product_cat","embeddable":true,"href":"https:\/\/www.horn-wzm.de\/pl\/wp-json\/wp\/v2\/product_cat?post=5748"},{"taxonomy":"product_tag","embeddable":true,"href":"https:\/\/www.horn-wzm.de\/pl\/wp-json\/wp\/v2\/product_tag?post=5748"}],"curies":[{"name":"wp","href":"https:\/\/api.w.org\/{rel}","templated":true}]}}