{"id":5492,"date":"2025-02-04T15:52:32","date_gmt":"2025-02-04T14:52:32","guid":{"rendered":"https:\/\/www.horn-wzm.de\/shop\/unkategorisiert\/gebr-cnc-drehmaschine-muratec-mt12_bj-2000-_intnr231235\/"},"modified":"2025-02-04T15:52:32","modified_gmt":"2025-02-04T14:52:32","slug":"gebr-tokarka-cnc-muratec-mt12_bj-2000-_intnr231235","status":"publish","type":"product","link":"https:\/\/www.horn-wzm.de\/pl\/shop\/cnc-drehmaschinen-200-249mm-drehd\/gebr-cnc-drehmaschine-muratec-mt12_bj-2000-_intnr231235\/","title":{"rendered":"u\u017cywana tokarka CNC MURATEC MT12_rok 2000 _IntNo231235"},"content":{"rendered":"<p><b>Lokalizacja:<\/b> Niemcy, Badenia-Wirtembergia, po\u0142udniowy zach\u00f3d<\/p>\n<p><b>Zustand:<\/b> U\u017cywany<\/p>\n<p><b>Hersteller:<\/b> MURATEC<\/p>\n<p><b>Modell:<\/b> MURATEC<\/p>\n<p><b>Rok budowy:<\/b> 2000<\/p>\n<p><b>Godziny pracy:<\/b> 70000<\/p>\n<p>MURATEC MT12<br \/>\nRok budowy 2000<br \/>\nSystem sterowania: Muratec FANUC<\/p>\n<p>DWUWRZECIONOWA TOKARKA CNC<\/p>\n<p>. \u015arednica uchwytu wiertarskiego mm 165\/215 .<br \/>\n. Maks. \u015arednica toczenia mm 210<br \/>\n. \u015arednica pr\u0119ta mm 45 (opcja 51) .<br \/>\n. Standardowa d\u0142ugo\u015b\u0107 przy toczeniu w pr\u0119tach mm 150<\/p>\n<p>. Wrzeciona nr 2<br \/>\n. Osie C (360 000 pozycji) nr 2<br \/>\n. Wysoko\u015b\u0107 od \u015brodka wrzeciona do podstawy mm 1100<br \/>\n. Pr\u0119dko\u015b\u0107 obrotowa wrzeciona obr\/min 4500 .<br \/>\n. Moc wrzeciona kW 2 x 11<br \/>\n. Ko\u0144c\u00f3wka wrzeciona A2-5<br \/>\n. \u015arednica \u0142o\u017cyska wrzeciona mm 90<\/p>\n<p>. O\u015b X X1 \/ X2 mm 200<br \/>\n. O\u015b Z (lewa strona) Z1 mm 200 .<br \/>\n. O\u015b Z (prawa strona) Z2 mm 650<br \/>\n. Posuwy szybkie X, Z m\/min 24<br \/>\n. Szybki posuw prawego wrzeciona m\/min 32<\/p>\n<p>. Stacje nr 15 x 2<br \/>\n. Czas indeksowania s 0,25<br \/>\n. Si\u0142a blokuj\u0105ca kg 3200<br \/>\n. Kwadrat mm 20<br \/>\n. \u015arednica mm 40<\/p>\n<p>. Moc kW 2,8<br \/>\n. Pr\u0119dko\u015b\u0107 obr\/min 4000<br \/>\n. Pozycjonowanie osi C Deg 0,001<br \/>\n. Maksymalna \u015brednica wiercenia mm 16<br \/>\n. Nacinanie gwint\u00f3w M 10<\/p>\n<p>Die Maschine kann nach Terminvereinbarung Strom besichtigt werden.<br \/>\nAenderungen und Irrtuemer in den technischen Daten und Angaben sowie Zwischenverkauf vorbehalten!<\/p>\n<p>MURATEC MT12<br \/>\nRok budowy 2000<br \/>\nSterowanie: Muratec FANUC<\/p>\n<p>DWUWRZECIONOWA TOKARKA CNC<\/p>\n<p>. \u015arednica uchwytu wiertarskiego mm 165\/215 .<br \/>\n. Maks. \u015brednica toczenia mm 210<br \/>\n. \u015arednica pr\u0119ta mm 45 (opcja 51) .<br \/>\n. Standardowa d\u0142ugo\u015b\u0107 przy toczeniu w pr\u0119tach mm 150<\/p>\n<p>. Wrzeciona nr 2<br \/>\n. Osie C (360 000 pozycji) nr 2<br \/>\n. Wysoko\u015b\u0107 od \u015brodka wrzeciona do pod\u0142ogi mm 1100<br \/>\n. Pr\u0119dko\u015b\u0107 obrotowa wrzeciona obr\/min 4500 .<br \/>\n. Moc wrzeciona kW 2 x 11<br \/>\n. Ko\u0144c\u00f3wka wrzeciona A2-5<br \/>\n. \u015arednica \u0142o\u017cyska wrzeciona mm 90<\/p>\n<p>. O\u015b X X1 \/ X2 mm 200<br \/>\n. O\u015b Z (lewa strona) Z1 mm 200 .<br \/>\n. O\u015b Z (prawa strona) Z2 mm 650<br \/>\n. Posuwy szybkie X, Z m\/min 24<br \/>\n. Szybki posuw prawego wrzeciona m\/min 32<\/p>\n<p>. Stacje nr 15 x 2<br \/>\n. Czas indeksowania s 0,25<br \/>\n. Si\u0142a blokuj\u0105ca kg 3200<br \/>\n. Kwadrat mm 20<br \/>\n. \u015arednica mm 40<\/p>\n<p>. Moc kW 2,8<br \/>\n. Pr\u0119dko\u015b\u0107 obr\/min 4000<br \/>\n. Pozycjonowanie osi C Deg 0,001<br \/>\n. Maksymalna \u015brednica wiercenia mm 16<br \/>\n. Nacinanie gwint\u00f3w M 10<\/p>\n<p>The machine can be inspected by appointment.<br \/>\nChanges and errors in the technical data and information as well as prior sale reserved!<\/p>","protected":false},"excerpt":{"rendered":"<p>Standort: Deutschland, Baden-W\u00fcrttemberg S\u00fcdwest Zustand: Gebraucht Hersteller: MURATEC Modell: MURATEC Baujahr: 2000 Betriebsstunden: 70000 MURATEC MT12 Baujahr 2000 Steuerung: Muratec FANUC ZWEISPINDEL-CNC-DREHMASCHINE . Durchmesser des Bohrfutters mm 165\/215 . . Max. Drehdurchmesser mm 210 . Stangendurchmesser mm 45 (Option 51) . . Standardl\u00e4nge beim Drehen in Stangen mm 150 . Spindeln Anz. 2 . C-Achsen [&hellip;]<\/p>\n","protected":false},"featured_media":5482,"template":"","meta":[],"product_brand":[],"product_cat":[93],"product_tag":[],"class_list":{"0":"post-5492","1":"product","2":"type-product","3":"status-publish","4":"has-post-thumbnail","6":"product_cat-cnc-drehmaschinen-200-249mm-drehd","8":"first","9":"instock","10":"taxable","11":"shipping-taxable","12":"product-type-simple"},"aioseo_notices":[],"_links":{"self":[{"href":"https:\/\/www.horn-wzm.de\/pl\/wp-json\/wp\/v2\/product\/5492","targetHints":{"allow":["GET"]}}],"collection":[{"href":"https:\/\/www.horn-wzm.de\/pl\/wp-json\/wp\/v2\/product"}],"about":[{"href":"https:\/\/www.horn-wzm.de\/pl\/wp-json\/wp\/v2\/types\/product"}],"version-history":[{"count":1,"href":"https:\/\/www.horn-wzm.de\/pl\/wp-json\/wp\/v2\/product\/5492\/revisions"}],"predecessor-version":[{"id":5493,"href":"https:\/\/www.horn-wzm.de\/pl\/wp-json\/wp\/v2\/product\/5492\/revisions\/5493"}],"wp:featuredmedia":[{"embeddable":true,"href":"https:\/\/www.horn-wzm.de\/pl\/wp-json\/wp\/v2\/media\/5482"}],"wp:attachment":[{"href":"https:\/\/www.horn-wzm.de\/pl\/wp-json\/wp\/v2\/media?parent=5492"}],"wp:term":[{"taxonomy":"product_brand","embeddable":true,"href":"https:\/\/www.horn-wzm.de\/pl\/wp-json\/wp\/v2\/product_brand?post=5492"},{"taxonomy":"product_cat","embeddable":true,"href":"https:\/\/www.horn-wzm.de\/pl\/wp-json\/wp\/v2\/product_cat?post=5492"},{"taxonomy":"product_tag","embeddable":true,"href":"https:\/\/www.horn-wzm.de\/pl\/wp-json\/wp\/v2\/product_tag?post=5492"}],"curies":[{"name":"wp","href":"https:\/\/api.w.org\/{rel}","templated":true}]}}