{"id":5452,"date":"2025-02-04T14:42:28","date_gmt":"2025-02-04T13:42:28","guid":{"rendered":"https:\/\/www.horn-wzm.de\/shop\/unkategorisiert\/gebr-cnc-drehmaschine-index-c100-mit-2-revolver_beladesystem_-bj-2011-_intnr231240\/"},"modified":"2025-02-04T14:43:30","modified_gmt":"2025-02-04T13:43:30","slug":"gebr-cnc-tokarka-index-c100-z-2-rewolwerami_system_ladowania_rok-2011-_intnr231240","status":"publish","type":"product","link":"https:\/\/www.horn-wzm.de\/pl\/shop\/cnc-drehmaschinen-0-199mm-drehd\/gebr-cnc-drehmaschine-index-c100-mit-2-revolver_beladesystem_-bj-2011-_intnr231240\/","title":{"rendered":"u\u017cywana tokarka CNC Index C100 z 2 rewolwerami_system za\u0142adunku_rok 2011 _IntNo231240"},"content":{"rendered":"<p><b>Lokalizacja:<\/b> Niemcy, Badenia-Wirtembergia, po\u0142udniowy zach\u00f3d<\/p>\n<p><b>Zustand:<\/b> U\u017cywany<\/p>\n<p><b>Hersteller:<\/b> Indeks<\/p>\n<p><b>Modell:<\/b> Indeks<\/p>\n<p><b>Rok budowy:<\/b> 2011<\/p>\n<p>Nr wewn\u0119trzny: 231240<br \/>\nOznaczenie maszyny: Kr\u00f3tka tokarka CNC<br \/>\nProducent: Index<br \/>\nModel: C100 2 REVOLVER<br \/>\nRok budowy: 2011<br \/>\nSystem sterowania: Siemens<br \/>\nLiczba wie\u017cyczek: 2 (g\u00f3rna\/dolna)<br \/>\nPozycje narz\u0119dzi na rewolwer: 12 stacji, wszystkie nap\u0119dzane<br \/>\n________________________________________<br \/>\nINDEX C100 \/ 2 REVOLVER WHU system za\u0142adunku tokarka CNC do kr\u00f3tkich przedmiot\u00f3w<br \/>\n________________________________________<br \/>\nTechnische Daten:<br \/>\n- Rok budowy: 2011<br \/>\n- System sterowania: Siemens 840D<br \/>\n- Godziny przetwarzania:  Godziny<br \/>\n- Godziny kontroli: Godziny<br \/>\n- Funkcjonalno\u015b\u0107: w pe\u0142ni funkcjonalny<br \/>\nKonfiguracja osi:<br \/>\n- O\u015b X (g\u00f3ra\/d\u00f3\u0142):<br \/>\no Odleg\u0142o\u015b\u0107 przesuwu: ok. 100 mm<br \/>\no Szybki przesuw: do 30 m\/min<br \/>\n- O\u015b Z (g\u00f3ra\/d\u00f3\u0142):<br \/>\no Odleg\u0142o\u015b\u0107 przesuwu: ok. 320 mm<br \/>\no Szybki przesuw: do 30 m\/min<br \/>\n- O\u015b Y (opcjonalna, je\u015bli jest dost\u0119pna):<br \/>\no Odleg\u0142o\u015b\u0107 przesuwu: \u00b150 mm<br \/>\nDane wrzeciona:<br \/>\n- Wrzeciono g\u0142\u00f3wne:<br \/>\no Pr\u0119dko\u015b\u0107 obrotowa wrzeciona: do 6000 obr.<br \/>\no Moc nap\u0119du: ok. 18 kW<br \/>\n- Przeciwwrzeciono:<br \/>\no Zsynchronizowane z wrzecionem g\u0142\u00f3wnym<br \/>\no Te same dane techniczne co wrzeciono g\u0142\u00f3wne<br \/>\nNap\u0119d narz\u0119dzia:<br \/>\n- Narz\u0119dzia zasilane: Tak<br \/>\n- Pr\u0119dko\u015b\u0107 narz\u0119dzia: do 6000 obr.<br \/>\n- Moc nap\u0119du: ok. 5 kW na wie\u017c\u0119<br \/>\nFunkcje specjalne:<br \/>\n- Mo\u017cliwo\u015b\u0107 jednoczesnej pracy z obiema wie\u017cyczkami<br \/>\n- Wysoka dynamika dla kr\u00f3tkich czas\u00f3w cyklu<br \/>\n- Opcjonalnie z \u0142adowark\u0105 pr\u0119t\u00f3w i przeno\u015bnikiem wi\u00f3r\u00f3w<\/p>\n<p>Peryferia:<br \/>\n- System podawania: system za\u0142adunku WHU \/ bramowy system za\u0142adunku p\u00f3\u0142fabrykat\u00f3w<br \/>\n- Podr\u0119czniki: dost\u0119pne<br \/>\n- Przeno\u015bnik wi\u00f3r\u00f3w<br \/>\n- System wysokiego ci\u015bnienia<br \/>\n- Wagi szklane<br \/>\n________________________________________<br \/>\nWymiary i waga:<br \/>\n- Wymiary maszyny (d\u0142. x szer. x wys.): ok. 3000 x 1800 x 2000 mm<br \/>\n- Waga: oko\u0142o 6,500 kg<\/p>\n<p>Zustand:<br \/>\nMaszyna jest w pe\u0142ni funkcjonalna i jest w dobrym, u\u017cywanym stanie.<br \/>\nAby uzyska\u0107 wi\u0119cej informacji lub um\u00f3wi\u0107 si\u0119 na spotkanie w celu obejrzenia maszyny pod napi\u0119ciem, prosimy o kontakt.<br \/>\nZastrzega si\u0119 prawo do zmian i b\u0142\u0119d\u00f3w w danych technicznych i informacjach oraz do wcze\u015bniejszej sprzeda\u017cy.<\/p>\n<p>Oznaczenie maszyny: Kr\u00f3tka tokarka CNC<br \/>\nProducent: Index<br \/>\nModel: C100 2 REVOLVER<br \/>\nRok produkcji: 2011<br \/>\nSterowanie: Siemens<br \/>\nLiczba wie\u017cyczek: 2 (g\u00f3rna\/dolna)<br \/>\nMiejsca narz\u0119dziowe na rewolwer: 12 stacji, wszystkie nap\u0119dzane<br \/>\n________________________________________<br \/>\nINDEX C100 \/ 2 REVOLVER WHU System za\u0142adunku tokarka CNC do kr\u00f3tkich serii<br \/>\n________________________________________<br \/>\nDane techniczne:<br \/>\n- Rok produkcji: 2011<br \/>\n- Sterowanie: Siemens 840D<br \/>\n- Godziny obr\u00f3bki: Godziny<br \/>\n- Godziny kontroli: Godziny<br \/>\n- Funkcjonalno\u015b\u0107: w pe\u0142ni funkcjonalny<br \/>\nKonfiguracja osi:<br \/>\n- O\u015b X (g\u00f3ra\/d\u00f3\u0142):<br \/>\no Odleg\u0142o\u015b\u0107 przesuwu: ok. 100 mm<br \/>\no Szybki przesuw: do 30 m\/min<br \/>\n- O\u015b Z (g\u00f3ra\/d\u00f3\u0142):<br \/>\no Odleg\u0142o\u015b\u0107 przesuwu: ok. 320 mm<br \/>\no Szybki przesuw: do 30 m\/min<br \/>\n- O\u015b Y (opcjonalna, je\u015bli jest dost\u0119pna):<br \/>\no \u015acie\u017cka przesuwu: \u00b150 mm<br \/>\nDane wrzeciona:<br \/>\n- Wrzeciono g\u0142\u00f3wne:<br \/>\no Pr\u0119dko\u015b\u0107 obrotowa wrzeciona: do 6000 obr.<br \/>\no Moc nap\u0119du: ok. 18 kW<br \/>\n- Przeciwwrzeciono:<br \/>\no Zsynchronizowane z wrzecionem g\u0142\u00f3wnym<br \/>\no Te same dane techniczne co wrzeciono g\u0142\u00f3wne<br \/>\nNap\u0119d narz\u0119dzia:<br \/>\n- Narz\u0119dzia sterowane: Tak<br \/>\n- Pr\u0119dko\u015b\u0107 narz\u0119dzia: do 6000 obr.<br \/>\n- Moc nap\u0119du: ok. 5 kW na wie\u017c\u0119<br \/>\nFunkcje specjalne:<br \/>\n- Mo\u017cliwo\u015b\u0107 jednoczesnej pracy z obiema wie\u017cyczkami<br \/>\n- Wysoka dynamika dla kr\u00f3tkich czas\u00f3w cyklu<br \/>\n- Opcjonalnie z \u0142adowark\u0105 pr\u0119t\u00f3w i przeno\u015bnikiem wi\u00f3r\u00f3w<br \/>\nUrz\u0105dzenia peryferyjne:<br \/>\n- System podawania: system za\u0142adowczy WHU \/ bramowe urz\u0105dzenie za\u0142adowcze do p\u00f3\u0142wyrob\u00f3w<br \/>\n- Podr\u0119czniki: dost\u0119pne<br \/>\n- Przeno\u015bnik wi\u00f3r\u00f3w<br \/>\n- System wysokiego ci\u015bnienia<br \/>\n- Wagi szklane<br \/>\n________________________________________<br \/>\nWymiary i waga:<br \/>\n- Wymiary maszyny (d\u0142. x szer. x wys.): ok. 3000 x 1800 x 2000 mm<br \/>\n- Waga: oko\u0142o 6,500 kg<\/p>\n<p>Stan:<br \/>\nMaszyna jest w pe\u0142ni funkcjonalna i jest w dobrym, u\u017cywanym stanie.<br \/>\nAby uzyska\u0107 wi\u0119cej informacji lub um\u00f3wi\u0107 si\u0119 na spotkanie w celu obejrzenia maszyny pod napi\u0119ciem, prosimy o kontakt.<br \/>\nZastrzega si\u0119 prawo do zmian i b\u0142\u0119d\u00f3w w danych technicznych i informacjach, a tak\u017ce do wcze\u015bniejszej sprzeda\u017cy.<\/p>","protected":false},"excerpt":{"rendered":"<p>Standort: Deutschland, Baden-W\u00fcrttemberg S\u00fcdwest Zustand: Gebraucht Hersteller: Index Modell: Index Baujahr: 2011 Interne Nr.: 231240 Maschinenbezeichnung: CNC-Kurzdrehmaschine Hersteller: Index Modell: C100 2 REVOLVER Baujahr: 2011 Steuerung: Siemens Anzahl Revolver: 2 (oben \/ Unten) Werkzeugplaetze pro Revolver: 12 Stationen, alle Angetrieben ________________________________________ INDEX C100 \/ 2 REVOLVER WHU Beladesystem CNC-Kurzdrehmaschine ________________________________________ Technische Daten: \u2022 Baujahr: 2011 [&hellip;]<\/p>\n","protected":false},"featured_media":5454,"template":"","meta":[],"product_brand":[],"product_cat":[80],"product_tag":[],"class_list":{"0":"post-5452","1":"product","2":"type-product","3":"status-publish","4":"has-post-thumbnail","6":"product_cat-cnc-drehmaschinen-0-199mm-drehd","8":"first","9":"instock","10":"taxable","11":"shipping-taxable","12":"product-type-simple"},"aioseo_notices":[],"_links":{"self":[{"href":"https:\/\/www.horn-wzm.de\/pl\/wp-json\/wp\/v2\/product\/5452","targetHints":{"allow":["GET"]}}],"collection":[{"href":"https:\/\/www.horn-wzm.de\/pl\/wp-json\/wp\/v2\/product"}],"about":[{"href":"https:\/\/www.horn-wzm.de\/pl\/wp-json\/wp\/v2\/types\/product"}],"version-history":[{"count":1,"href":"https:\/\/www.horn-wzm.de\/pl\/wp-json\/wp\/v2\/product\/5452\/revisions"}],"predecessor-version":[{"id":5453,"href":"https:\/\/www.horn-wzm.de\/pl\/wp-json\/wp\/v2\/product\/5452\/revisions\/5453"}],"wp:featuredmedia":[{"embeddable":true,"href":"https:\/\/www.horn-wzm.de\/pl\/wp-json\/wp\/v2\/media\/5454"}],"wp:attachment":[{"href":"https:\/\/www.horn-wzm.de\/pl\/wp-json\/wp\/v2\/media?parent=5452"}],"wp:term":[{"taxonomy":"product_brand","embeddable":true,"href":"https:\/\/www.horn-wzm.de\/pl\/wp-json\/wp\/v2\/product_brand?post=5452"},{"taxonomy":"product_cat","embeddable":true,"href":"https:\/\/www.horn-wzm.de\/pl\/wp-json\/wp\/v2\/product_cat?post=5452"},{"taxonomy":"product_tag","embeddable":true,"href":"https:\/\/www.horn-wzm.de\/pl\/wp-json\/wp\/v2\/product_tag?post=5452"}],"curies":[{"name":"wp","href":"https:\/\/api.w.org\/{rel}","templated":true}]}}