{"id":5442,"date":"2025-02-04T12:03:44","date_gmt":"2025-02-04T11:03:44","guid":{"rendered":"https:\/\/www.horn-wzm.de\/shop\/unkategorisiert\/gebr-cnc-drehmaschine-takamaz-xy-120-y-plus-bj-2016_02-_intnr231237\/"},"modified":"2025-02-04T12:03:44","modified_gmt":"2025-02-04T11:03:44","slug":"gebr-tokarka-cnc-takamaz-xy-120-y-plus-rok-2016_02-_intnr231237","status":"publish","type":"product","link":"https:\/\/www.horn-wzm.de\/pl\/shop\/cnc-drehmaschinen-0-199mm-drehd\/gebr-cnc-drehmaschine-takamaz-xy-120-y-plus-bj-2016_02-_intnr231237\/","title":{"rendered":"u\u017cywana tokarka CNC Takamaz XY-120 Y plus rok 2016_02 _IntNr231237"},"content":{"rendered":"<p><b>Lokalizacja:<\/b> Niemcy, Badenia-Wirtembergia, po\u0142udniowy zach\u00f3d<\/p>\n<p><b>Zustand:<\/b> U\u017cywany<\/p>\n<p><b>Hersteller:<\/b> Takamaz<\/p>\n<p><b>Modell:<\/b> Takamaz<\/p>\n<p><b>Rok budowy:<\/b> 2016<\/p>\n<p><b>Godziny pracy:<\/b> 6945<\/p>\n<p>Nr wewn\u0119trzny: 231237<br \/>\nOznaczenie maszyny: Kr\u00f3tka tokarka CNC<br \/>\nProducent: Takamaz<br \/>\nModel: XY-120 Y Plus<br \/>\nRok budowy: luty 2016 r.<br \/>\nSystem sterowania: Fanuc Oi-TD<br \/>\n________________________________________<br \/>\nTakamaz XY-120 Y Plus - tokarka CNC do obr\u00f3bki kr\u00f3tkiej<br \/>\nTakamaz XY-120 Y Plus to wysoce precyzyjna tokarka CNC do kr\u00f3tkich detali, kt\u00f3ra zosta\u0142a opracowana specjalnie z my\u015bl\u0105 o wymaganiach produkcji seryjnej. Dzi\u0119ki kompaktowej budowie, solidnej konstrukcji i wydajnemu sterowaniu Fanuc Oi-TD, umo\u017cliwia obr\u00f3bk\u0119 z\u0142o\u017conych element\u00f3w z maksymaln\u0105 wydajno\u015bci\u0105 i dok\u0142adno\u015bci\u0105. Zintegrowana o\u015b Y znacznie rozszerza mo\u017cliwo\u015bci obr\u00f3bki, umo\u017cliwiaj\u0105c wykonywanie nawet wymagaj\u0105cych operacji frezowania i wiercenia w jednej konfiguracji.<br \/>\n________________________________________<br \/>\nTechnische Daten:<br \/>\n- Rok budowy: 2016 (luty)<br \/>\n- System sterowania: Fanuc Oi-TD<br \/>\n- Godziny przetwarzania: 6 945 godzin<br \/>\n- Godziny pracy jednostki steruj\u0105cej: 40 718 godzin<br \/>\n- Funkcjonalno\u015b\u0107: w pe\u0142ni funkcjonalny<br \/>\nOsie:<br \/>\n- O\u015b X1 (150 mm)<br \/>\n- O\u015b Z1 (330 mm)<br \/>\n- O\u015b Y1 (+\/- 35 mm)<br \/>\n- O\u015b X2 (150 mm)<br \/>\n- O\u015b Z2 (440 mm)<br \/>\n- wydajno\u015b\u0107 przetwarzania:<br \/>\n- Maks. \u015arednica toczenia: G\u0142\u00f3wna 170 mm \/ Sub135 mm<br \/>\n- Maks. D\u0142ugo\u015b\u0107 obrotu: 330 mm<br \/>\n- Przej\u015bcie pr\u0119ta: g\u0142\u00f3wne \u00d8 42 mm \/ podrz\u0119dne \u00d820 mm<br \/>\n- Pr\u0119dko\u015b\u0107 obrotowa wrzeciona: do 5000 obr.<br \/>\n- Moc nap\u0119du: mocny silnik wrzeciona zapewniaj\u0105cy wysokie pr\u0119dko\u015bci ci\u0119cia<br \/>\n- 2 wie\u017cyczki narz\u0119dziowe: 12-pozycyjna wie\u017cyczka ka\u017cda, odpowiednia dla narz\u0119dzi nap\u0119dzanych<br \/>\n________________________________________<br \/>\nPeryferia:<br \/>\n- Podajnik pr\u0119t\u00f3w: Top Automazioni Fusion FU350M - do wydajnego podawania materia\u0142u<br \/>\n- System ch\u0142odzenia: zintegrowany dla optymalnych warunk\u00f3w obr\u00f3bki<br \/>\n- Podr\u0119czniki: dost\u0119pne<br \/>\n- Przeno\u015bnik wi\u00f3r\u00f3w<br \/>\n________________________________________<br \/>\nWaga i wymiary:<br \/>\n- Wymiary (d\u0142. x szer. x wys.): 2 630 x 1 950 x 1 730 mm<br \/>\n- Masa maszyny: 4 500 kg<br \/>\n________________________________________<br \/>\nZustand:<br \/>\nMaszyna jest w pe\u0142ni funkcjonalna i jest w dobrym, u\u017cywanym stanie.<br \/>\nAby uzyska\u0107 wi\u0119cej informacji lub um\u00f3wi\u0107 si\u0119 na spotkanie w celu obejrzenia maszyny pod napi\u0119ciem, prosimy o kontakt.<br \/>\nZastrzega si\u0119 prawo do zmian i b\u0142\u0119d\u00f3w w danych technicznych i informacjach oraz do wcze\u015bniejszej sprzeda\u017cy.<\/p>\n<p>Oznaczenie maszyny: Kr\u00f3tka tokarka CNC<br \/>\nProducent: Takamaz<br \/>\nModel: XY-120 Y Plus<br \/>\nRok produkcji: luty 2016 r.<br \/>\nSystem sterowania: Fanuc Oi-TD<br \/>\n________________________________________<br \/>\nTakamaz XY-120 Y Plus - tokarka CNC do obr\u00f3bki kr\u00f3tkiej<br \/>\nTakamaz XY-120 Y Plus to wysoce precyzyjna tokarka CNC do kr\u00f3tkich detali, kt\u00f3ra zosta\u0142a opracowana specjalnie z my\u015bl\u0105 o wymaganiach produkcji seryjnej. Dzi\u0119ki kompaktowej budowie, solidnej konstrukcji i wydajnemu sterowaniu Fanuc Oi-TD, umo\u017cliwia obr\u00f3bk\u0119 z\u0142o\u017conych element\u00f3w z maksymaln\u0105 wydajno\u015bci\u0105 i dok\u0142adno\u015bci\u0105. Zintegrowana o\u015b Y znacznie rozszerza mo\u017cliwo\u015bci obr\u00f3bki, umo\u017cliwiaj\u0105c wykonywanie nawet wymagaj\u0105cych operacji frezowania i wiercenia w jednej konfiguracji.<br \/>\n________________________________________<br \/>\nDane techniczne:<br \/>\n- Rok budowy: 2016 (luty)<br \/>\n- System sterowania: Fanuc Oi-TD<br \/>\n- Godziny obr\u00f3bki: 6 945 godzin<br \/>\n- Godziny pracy jednostki steruj\u0105cej: 40 718 godzin<br \/>\n- Funkcjonalno\u015b\u0107: w pe\u0142ni funkcjonalny<br \/>\nOsie:<br \/>\n- O\u015b X1 (150 mm)<br \/>\n- O\u015b Z1 (330 mm)<br \/>\n- O\u015b Y1 (+\/- 35 mm)<br \/>\n- O\u015b X2 (150 mm)<br \/>\n- O\u015b Z2 (440 mm)<br \/>\n- Wydajno\u015b\u0107 obr\u00f3bki:<br \/>\n- Maks. \u015arednica toczenia: G\u0142\u00f3wna 170 mm \/ Sub135mm<br \/>\n- Maks. D\u0142ugo\u015b\u0107 obrotu: 330 mm<br \/>\n- Pojemno\u015b\u0107 pr\u0119ta: \u00d8 g\u0142\u00f3wny 42 mm \/ \u00d8 pomocniczy 20 mm<br \/>\n- Pr\u0119dko\u015b\u0107 obrotowa wrzeciona: do 5000 obr.<br \/>\n- Moc nap\u0119du: mocny silnik wrzeciona zapewniaj\u0105cy wysokie pr\u0119dko\u015bci ci\u0119cia<br \/>\n- 2 wie\u017cyczki narz\u0119dziowe: 12-pozycyjna wie\u017cyczka ka\u017cda, odpowiednia dla narz\u0119dzi nap\u0119dzanych<br \/>\nUrz\u0105dzenia peryferyjne:<br \/>\n- Podajnik pr\u0119t\u00f3w: Top Automazioni Fusion FU350M - do wydajnego podawania materia\u0142u<br \/>\n- System ch\u0142odzenia: zintegrowany dla optymalnych warunk\u00f3w przetwarzania<br \/>\n- Podr\u0119czniki: dost\u0119pne<br \/>\n- Przeno\u015bnik wi\u00f3r\u00f3w<br \/>\n________________________________________<br \/>\nWaga i wymiary:<br \/>\n- Wymiary (d\u0142. x szer. x wys.): 2 630 x 1 950 x 1 730 mm<br \/>\n- Masa maszyny: 4 500 kg<br \/>\n________________________________________<br \/>\nStan:<br \/>\nMaszyna jest w pe\u0142ni funkcjonalna i jest w dobrym, u\u017cywanym stanie.<br \/>\nAby uzyska\u0107 wi\u0119cej informacji lub um\u00f3wi\u0107 si\u0119 na spotkanie w celu obejrzenia maszyny pod napi\u0119ciem, prosimy o kontakt.<br \/>\nZastrzega si\u0119 prawo do zmian i b\u0142\u0119d\u00f3w w danych technicznych i informacjach, a tak\u017ce do wcze\u015bniejszej sprzeda\u017cy.<\/p>","protected":false},"excerpt":{"rendered":"<p>Standort: Deutschland, Baden-W\u00fcrttemberg S\u00fcdwest Zustand: Gebraucht Hersteller: Takamaz Modell: Takamaz Baujahr: 2016 Betriebsstunden: 6945 Interne Nr.: 231237 Maschinenbezeichnung: CNC-Kurzdrehmaschine Hersteller: Takamaz Modell: XY-120 Y Plus Baujahr: Februar 2016 Steuerung: Fanuc Oi-TD ________________________________________ Takamaz XY-120 Y Plus \u2013 CNC-Kurzdrehmaschine Die Takamaz XY-120 Y Plus ist eine hochpr\u00e4zise CNC-Kurzdrehmaschine, die speziell f\u00fcr die Anforderungen in der Serienfertigung [&hellip;]<\/p>\n","protected":false},"featured_media":5432,"template":"","meta":[],"product_brand":[],"product_cat":[80],"product_tag":[],"class_list":{"0":"post-5442","1":"product","2":"type-product","3":"status-publish","4":"has-post-thumbnail","6":"product_cat-cnc-drehmaschinen-0-199mm-drehd","8":"first","9":"instock","10":"taxable","11":"shipping-taxable","12":"product-type-simple"},"aioseo_notices":[],"_links":{"self":[{"href":"https:\/\/www.horn-wzm.de\/pl\/wp-json\/wp\/v2\/product\/5442","targetHints":{"allow":["GET"]}}],"collection":[{"href":"https:\/\/www.horn-wzm.de\/pl\/wp-json\/wp\/v2\/product"}],"about":[{"href":"https:\/\/www.horn-wzm.de\/pl\/wp-json\/wp\/v2\/types\/product"}],"version-history":[{"count":1,"href":"https:\/\/www.horn-wzm.de\/pl\/wp-json\/wp\/v2\/product\/5442\/revisions"}],"predecessor-version":[{"id":5443,"href":"https:\/\/www.horn-wzm.de\/pl\/wp-json\/wp\/v2\/product\/5442\/revisions\/5443"}],"wp:featuredmedia":[{"embeddable":true,"href":"https:\/\/www.horn-wzm.de\/pl\/wp-json\/wp\/v2\/media\/5432"}],"wp:attachment":[{"href":"https:\/\/www.horn-wzm.de\/pl\/wp-json\/wp\/v2\/media?parent=5442"}],"wp:term":[{"taxonomy":"product_brand","embeddable":true,"href":"https:\/\/www.horn-wzm.de\/pl\/wp-json\/wp\/v2\/product_brand?post=5442"},{"taxonomy":"product_cat","embeddable":true,"href":"https:\/\/www.horn-wzm.de\/pl\/wp-json\/wp\/v2\/product_cat?post=5442"},{"taxonomy":"product_tag","embeddable":true,"href":"https:\/\/www.horn-wzm.de\/pl\/wp-json\/wp\/v2\/product_tag?post=5442"}],"curies":[{"name":"wp","href":"https:\/\/api.w.org\/{rel}","templated":true}]}}