{"id":5255,"date":"2025-01-23T12:41:49","date_gmt":"2025-01-23T11:41:49","guid":{"rendered":"https:\/\/www.horn-wzm.de\/shop\/unkategorisiert\/gebr-biglia-wkz-halter-fest-used-toolholder-fixed-oesterle-mit-ikz_intnr231227\/"},"modified":"2025-01-23T12:41:49","modified_gmt":"2025-01-23T11:41:49","slug":"gebr-biglia-wkz-uchwyt-staly-uzywany-uchwyt-narzedziowy-staly-oesterle-z-ikz_intnr231227","status":"publish","type":"product","link":"https:\/\/www.horn-wzm.de\/pl\/shop\/werkzeughalter\/gebr-biglia-wkz-halter-fest-used-toolholder-fixed-oesterle-mit-ikz_intnr231227\/","title":{"rendered":"gebr. Biglia WKZ-Halter fest\/u\u017cywany uchwyt narz\u0119dziowy sta\u0142y Oesterle z IKZ_IntNr231227"},"content":{"rendered":"<p><b>Lokalizacja:<\/b> Niemcy, Badenia-Wirtembergia, po\u0142udniowy zach\u00f3d<\/p>\n<p><b>Zustand:<\/b> Jak nowy<\/p>\n<p><b>Hersteller:<\/b> Oesterle<\/p>\n<p><b>Modell:<\/b> 350 5421 D25 B109 XKA<\/p>\n<p><b>Rok budowy:<\/b> 2015<\/p>\n<p>Uchwyt wiert\u0142a<br \/>\nKompatybilne urz\u0105dzenia<br \/>\nBIGLIA - B436<br \/>\nBIGLIA - B438<br \/>\nBIGLIA - BMX 45Y2<br \/>\nBI-WZ16BO25i<br \/>\nPrecyzyjny uchwyt wytaczarski \u00d8 25 mm<br \/>\nz IKZ (Oesterle)<br \/>\n350 5421 D25 BI09 XKA<br \/>\n\u015arednica mocowania \u00d8 25 mm H6<br \/>\nP\u0142yn ch\u0142odz\u0105cy<br \/>\nzewn\u0119trzny + IKZ 180 bar<br \/>\nWaga 2,5 kg<\/p>\n<p>uchwyt wiertarski<br \/>\nBI-WZ16BO25i<br \/>\nKompatybilne urz\u0105dzenia<br \/>\nBIGLIA - B436<br \/>\nBIGLIA - B438<br \/>\nBIGLIA - BMX 45Y2<br \/>\nPrecyzyjny uchwyt wytaczarski \u00d8 25 mm<br \/>\nz IKZ (Oesterle)<br \/>\n350 5421 D25 BI09 XKA<br \/>\n\u015arednica mocowania \u00d8 25 mm H6<br \/>\nP\u0142yn ch\u0142odz\u0105cy<br \/>\nzewn\u0119trzny + IKZ 180 bar<br \/>\nWaga 2,5 kg<\/p>","protected":false},"excerpt":{"rendered":"<p>Standort: Deutschland, Baden-W\u00fcrttemberg S\u00fcdwest Zustand: Neuwertig Hersteller: Oesterle Modell: 350 5421 D25 B109 XKA Baujahr: 2015 gebr. Bohrhalter Kompatible Maschinen BIGLIA &#8211; B436 BIGLIA &#8211; B438 BIGLIA &#8211; BMX 45Y2 BI-WZ16BO25i Hochpr\u00e4zision-Bohrstangenhalter \u00d8 25 mm mit IKZ (Oesterle) 350 5421 D25 BI09 XKA Spanndurchmesser \u00d8 25 mm H6 K\u00fchlmittel extern + IKZ 180 bar Gewicht [&hellip;]<\/p>\n","protected":false},"featured_media":5247,"template":"","meta":[],"product_brand":[],"product_cat":[84],"product_tag":[],"class_list":{"0":"post-5255","1":"product","2":"type-product","3":"status-publish","4":"has-post-thumbnail","6":"product_cat-werkzeughalter","8":"first","9":"instock","10":"taxable","11":"shipping-taxable","12":"product-type-simple"},"aioseo_notices":[],"_links":{"self":[{"href":"https:\/\/www.horn-wzm.de\/pl\/wp-json\/wp\/v2\/product\/5255","targetHints":{"allow":["GET"]}}],"collection":[{"href":"https:\/\/www.horn-wzm.de\/pl\/wp-json\/wp\/v2\/product"}],"about":[{"href":"https:\/\/www.horn-wzm.de\/pl\/wp-json\/wp\/v2\/types\/product"}],"version-history":[{"count":1,"href":"https:\/\/www.horn-wzm.de\/pl\/wp-json\/wp\/v2\/product\/5255\/revisions"}],"predecessor-version":[{"id":5256,"href":"https:\/\/www.horn-wzm.de\/pl\/wp-json\/wp\/v2\/product\/5255\/revisions\/5256"}],"wp:featuredmedia":[{"embeddable":true,"href":"https:\/\/www.horn-wzm.de\/pl\/wp-json\/wp\/v2\/media\/5247"}],"wp:attachment":[{"href":"https:\/\/www.horn-wzm.de\/pl\/wp-json\/wp\/v2\/media?parent=5255"}],"wp:term":[{"taxonomy":"product_brand","embeddable":true,"href":"https:\/\/www.horn-wzm.de\/pl\/wp-json\/wp\/v2\/product_brand?post=5255"},{"taxonomy":"product_cat","embeddable":true,"href":"https:\/\/www.horn-wzm.de\/pl\/wp-json\/wp\/v2\/product_cat?post=5255"},{"taxonomy":"product_tag","embeddable":true,"href":"https:\/\/www.horn-wzm.de\/pl\/wp-json\/wp\/v2\/product_tag?post=5255"}],"curies":[{"name":"wp","href":"https:\/\/api.w.org\/{rel}","templated":true}]}}