{"id":5154,"date":"2025-01-23T12:36:13","date_gmt":"2025-01-23T11:36:13","guid":{"rendered":"https:\/\/www.horn-wzm.de\/shop\/unkategorisiert\/gebr-wkz-halter-angetr-used-toolholder-driven-oesterle-mit-ikz_intnr231213\/"},"modified":"2025-01-23T12:36:13","modified_gmt":"2025-01-23T11:36:13","slug":"gebr-wkz-uchwyt-angetr-uzywany-uchwyt-narzedziowy-napedzany-oesterle-z-ikz_intnr231213","status":"publish","type":"product","link":"https:\/\/www.horn-wzm.de\/pl\/shop\/werkzeughalter\/gebr-wkz-halter-angetr-used-toolholder-driven-oesterle-mit-ikz_intnr231213\/","title":{"rendered":"u\u017cywany uchwyt narz\u0119dziowy nap\u0119dzany Oesterle z IKZ_IntNr231213"},"content":{"rendered":"<p><b>Lokalizacja:<\/b> Niemcy, Badenia-Wirtembergia, po\u0142udniowy zach\u00f3d<\/p>\n<p><b>Zustand:<\/b> Jak nowy<\/p>\n<p><b>Hersteller:<\/b> Oesterle<\/p>\n<p><b>Modell:<\/b> 301 5421 A25 B109<\/p>\n<p><b>Rok budowy:<\/b> 2015<\/p>\n<p>Nap\u0119dzane uchwyty narz\u0119dziowe z IKZ<br \/>\nG\u0142owica wierc\u0105co-frezuj\u0105ca<br \/>\nprosta Biglia B436 - BMT40<br \/>\nKompatybilne urz\u0105dzenia<br \/>\nBIGLIA - B436<br \/>\nBIGLIA - B438<br \/>\nBIGLIA - BMX 45Y2<br \/>\nPrecyzyjny uchwyt narz\u0119dziowy z nap\u0119dem<br \/>\nBI-WZ16AX25i<br \/>\nOsiowa g\u0142owica wierc\u0105co-frezuj\u0105ca ER25 z wrzecionem A25 Power<br \/>\n\u0141o\u017cysko wrzeciona liniowego z IKZ, 1:1 (Oesterle)<br \/>\nz zewn\u0119trznym ch\u0142odzeniem i szybk\u0105 regulacj\u0105 rurki ch\u0142odz\u0105cej (pat.)<br \/>\n Uchwyt narz\u0119dzia<br \/>\nDIN 6499 ER 25<br \/>\n ( d ) Zakres mocowania<br \/>\n 0,5 - 16 mm<br \/>\n n max (1\/min) 8000<br \/>\nT max (NM) 16<br \/>\nI n1 \/ n2 1:1<br \/>\nzewn\u0119trzne ch\u0142odzenie i<br \/>\n Szybka regulacja rurki ch\u0142odz\u0105cej<br \/>\n bar 85<\/p>\n<p>Nap\u0119dzany uchwyt narz\u0119dziowy z IKZ<br \/>\nG\u0142owica wierc\u0105co-frezuj\u0105ca<br \/>\nprosta Biglia B436 - BMT40<br \/>\nKompatybilne urz\u0105dzenia<br \/>\nBIGLIA - B436<br \/>\nBIGLIA - B438<br \/>\nBIGLIA - BMX 45Y2<br \/>\nPrecyzyjne uchwyty narz\u0119dziowe z nap\u0119dem<br \/>\nBI-WZ16AX25i<br \/>\nOsiowa g\u0142owica wierc\u0105co-frezuj\u0105ca ER25 z wrzecionem A25 Power<br \/>\n\u0141o\u017cysko wrzeciona liniowego z IKZ, 1:1 (Oesterle)<br \/>\nz zewn\u0119trznym ch\u0142odzeniem i szybk\u0105 regulacj\u0105 rurki ch\u0142odz\u0105cej (pat.)<br \/>\n Uchwyt narz\u0119dzia<br \/>\nDIN 6499 ER 25<br \/>\n ( d ) Zakres mocowania<br \/>\n 0,5 - 16 mm<br \/>\n n max (1\/min) 8000<br \/>\nT max (NM) 16<br \/>\nI n1 \/ n2 1:1<br \/>\nCh\u0142odzenie zewn\u0119trzne i<br \/>\n Szybka regulacja przewodu ch\u0142odz\u0105cego<br \/>\n bar 85<\/p>","protected":false},"excerpt":{"rendered":"<p>Standort: Deutschland, Baden-W\u00fcrttemberg S\u00fcdwest Zustand: Neuwertig Hersteller: Oesterle Modell: 301 5421 A25 B109 Baujahr: 2015 gebr. angetriebene Werkzeughalter mit IKZ Bohr- und Fr\u00e4skopf gerade Biglia B436 &#8211; BMT40 Kompatible Maschinen BIGLIA &#8211; B436 BIGLIA &#8211; B438 BIGLIA &#8211; BMX 45Y2 angetriebene Hochpr\u00e4zisions &#8211; Werkzeughalter BI-WZ16AX25i Axial Bohr- und Fr\u00e4skopf ER25 mit Spindel A25 Power Line [&hellip;]<\/p>\n","protected":false},"featured_media":5145,"template":"","meta":[],"product_brand":[],"product_cat":[84],"product_tag":[],"class_list":{"0":"post-5154","1":"product","2":"type-product","3":"status-publish","4":"has-post-thumbnail","6":"product_cat-werkzeughalter","8":"first","9":"instock","10":"taxable","11":"shipping-taxable","12":"product-type-simple"},"aioseo_notices":[],"_links":{"self":[{"href":"https:\/\/www.horn-wzm.de\/pl\/wp-json\/wp\/v2\/product\/5154","targetHints":{"allow":["GET"]}}],"collection":[{"href":"https:\/\/www.horn-wzm.de\/pl\/wp-json\/wp\/v2\/product"}],"about":[{"href":"https:\/\/www.horn-wzm.de\/pl\/wp-json\/wp\/v2\/types\/product"}],"version-history":[{"count":1,"href":"https:\/\/www.horn-wzm.de\/pl\/wp-json\/wp\/v2\/product\/5154\/revisions"}],"predecessor-version":[{"id":5155,"href":"https:\/\/www.horn-wzm.de\/pl\/wp-json\/wp\/v2\/product\/5154\/revisions\/5155"}],"wp:featuredmedia":[{"embeddable":true,"href":"https:\/\/www.horn-wzm.de\/pl\/wp-json\/wp\/v2\/media\/5145"}],"wp:attachment":[{"href":"https:\/\/www.horn-wzm.de\/pl\/wp-json\/wp\/v2\/media?parent=5154"}],"wp:term":[{"taxonomy":"product_brand","embeddable":true,"href":"https:\/\/www.horn-wzm.de\/pl\/wp-json\/wp\/v2\/product_brand?post=5154"},{"taxonomy":"product_cat","embeddable":true,"href":"https:\/\/www.horn-wzm.de\/pl\/wp-json\/wp\/v2\/product_cat?post=5154"},{"taxonomy":"product_tag","embeddable":true,"href":"https:\/\/www.horn-wzm.de\/pl\/wp-json\/wp\/v2\/product_tag?post=5154"}],"curies":[{"name":"wp","href":"https:\/\/api.w.org\/{rel}","templated":true}]}}