{"id":5143,"date":"2025-01-23T12:35:36","date_gmt":"2025-01-23T11:35:36","guid":{"rendered":"https:\/\/www.horn-wzm.de\/shop\/unkategorisiert\/gebr-wkz-halter-angetr-used-toolholder-driven-oesterle-0078-mit-ikz_intnr231214\/"},"modified":"2025-01-23T12:35:37","modified_gmt":"2025-01-23T11:35:37","slug":"gebr-wkz-uchwyt-angetr-uzywany-uchwyt-narzedziowy-napedzany-oesterle-0078-z-ikz_intnr231214","status":"publish","type":"product","link":"https:\/\/www.horn-wzm.de\/pl\/shop\/werkzeughalter\/gebr-wkz-halter-angetr-used-toolholder-driven-oesterle-0078-mit-ikz_intnr231214\/","title":{"rendered":"u\u017cywany uchwyt narz\u0119dziowy nap\u0119dzany Oesterle 0078 z IKZ_IntNr231214"},"content":{"rendered":"<p><b>Lokalizacja:<\/b> Niemcy, Badenia-Wirtembergia, po\u0142udniowy zach\u00f3d<\/p>\n<p><b>Zustand:<\/b> Jak nowy<\/p>\n<p><b>Hersteller:<\/b> Oesterle<\/p>\n<p><b>Modell:<\/b> 0078 z IKZ<\/p>\n<p><b>Rok budowy:<\/b> 2015<\/p>\n<p>Nap\u0119dzane uchwyty narz\u0119dziowe z IKZ<br \/>\nKompatybilne urz\u0105dzenia<br \/>\nBIGLIA - B436<br \/>\nBIGLIA - B438<br \/>\nBIGLIA - BMX 45Y2<br \/>\nG\u0142owica wierc\u0105co-frezuj\u0105ca<br \/>\n90 stopni Biglia B436 - BMT 40<br \/>\n z IKZ i szybk\u0105 regulacj\u0105 rurki ch\u0142odz\u0105cej<br \/>\nUchwyt narz\u0119dziowy DIN 6499 ER 25<br \/>\n( d ) Zakres mocowania 0,5 - 16 mm<br \/>\n n max (1\/min) 7000<br \/>\n T max (Nm) 25<br \/>\nI n1\/n2 1:1<br \/>\nIKZ + ch\u0142odzenie zewn\u0119trzne<br \/>\n bar 85<\/p>\n<p>Nap\u0119dzane uchwyty narz\u0119dziowe z IKZ<br \/>\nKompatybilne urz\u0105dzenia<br \/>\nBIGLIA - B436<br \/>\nBIGLIA - B438<br \/>\nBIGLIA - BMX 45Y2<br \/>\nG\u0142owica wierc\u0105co-frezuj\u0105ca<br \/>\n90 stopni Biglia B436 - BMT 40<br \/>\n z IKZ i szybk\u0105 regulacj\u0105 rurki ch\u0142odz\u0105cej<br \/>\nUchwyt narz\u0119dziowy DIN 6499 ER 25<br \/>\n( d ) Zakres mocowania 0,5 - 16 mm<br \/>\n n max (1\/min) 7000<br \/>\n T max (Nm) 25<br \/>\nI n1\/n2 1:1<br \/>\nIKZ + ch\u0142odzenie zewn\u0119trzne<br \/>\n bar 85<\/p>","protected":false},"excerpt":{"rendered":"<p>Standort: Deutschland, Baden-W\u00fcrttemberg S\u00fcdwest Zustand: Neuwertig Hersteller: Oesterle Modell: 0078 mit IKZ Baujahr: 2015 gebr. angetriebene Werkzeughalter mit IKZ Kompatible Maschinen BIGLIA &#8211; B436 BIGLIA &#8211; B438 BIGLIA &#8211; BMX 45Y2 Bohr- und Fr\u00e4skopf 90 Grad Biglia B436 &#8211; BMT 40 mit IKZ und K\u00fchlrohrschnellverstellung Werkzeugaufnahme DIN 6499 ER 25 ( d ) Spannbereich 0,5 [&hellip;]<\/p>\n","protected":false},"featured_media":5134,"template":"","meta":[],"product_brand":[],"product_cat":[84],"product_tag":[],"class_list":{"0":"post-5143","1":"product","2":"type-product","3":"status-publish","4":"has-post-thumbnail","6":"product_cat-werkzeughalter","8":"first","9":"instock","10":"taxable","11":"shipping-taxable","12":"product-type-simple"},"aioseo_notices":[],"_links":{"self":[{"href":"https:\/\/www.horn-wzm.de\/pl\/wp-json\/wp\/v2\/product\/5143","targetHints":{"allow":["GET"]}}],"collection":[{"href":"https:\/\/www.horn-wzm.de\/pl\/wp-json\/wp\/v2\/product"}],"about":[{"href":"https:\/\/www.horn-wzm.de\/pl\/wp-json\/wp\/v2\/types\/product"}],"version-history":[{"count":1,"href":"https:\/\/www.horn-wzm.de\/pl\/wp-json\/wp\/v2\/product\/5143\/revisions"}],"predecessor-version":[{"id":5144,"href":"https:\/\/www.horn-wzm.de\/pl\/wp-json\/wp\/v2\/product\/5143\/revisions\/5144"}],"wp:featuredmedia":[{"embeddable":true,"href":"https:\/\/www.horn-wzm.de\/pl\/wp-json\/wp\/v2\/media\/5134"}],"wp:attachment":[{"href":"https:\/\/www.horn-wzm.de\/pl\/wp-json\/wp\/v2\/media?parent=5143"}],"wp:term":[{"taxonomy":"product_brand","embeddable":true,"href":"https:\/\/www.horn-wzm.de\/pl\/wp-json\/wp\/v2\/product_brand?post=5143"},{"taxonomy":"product_cat","embeddable":true,"href":"https:\/\/www.horn-wzm.de\/pl\/wp-json\/wp\/v2\/product_cat?post=5143"},{"taxonomy":"product_tag","embeddable":true,"href":"https:\/\/www.horn-wzm.de\/pl\/wp-json\/wp\/v2\/product_tag?post=5143"}],"curies":[{"name":"wp","href":"https:\/\/api.w.org\/{rel}","templated":true}]}}