{"id":5121,"date":"2025-01-19T16:38:04","date_gmt":"2025-01-19T15:38:04","guid":{"rendered":"https:\/\/www.horn-wzm.de\/shop\/unkategorisiert\/gebr-emag-weiss-w11-cnc-sl650-bj-20-intnr231185\/"},"modified":"2025-01-30T15:08:49","modified_gmt":"2025-01-30T14:08:49","slug":"gebr-emag-white-w11-cnc-sl650-rok-20-intnr231185","status":"publish","type":"product","link":"https:\/\/www.horn-wzm.de\/pl\/shop\/cnc-schleifmaschinen\/gebr-emag-weiss-w11-cnc-sl650-bj-20-intnr231185\/","title":{"rendered":"u\u017cywany EMAG WEISS W11 CNC SL650 rok '20 (IntNo231185)"},"content":{"rendered":"<p><b>Lokalizacja:<\/b> Niemcy, Badenia-Wirtembergia, po\u0142udniowy zach\u00f3d<\/p>\n<p><b>Zustand:<\/b> U\u017cywany<\/p>\n<p><b>Hersteller:<\/b> EMAG WEISS<\/p>\n<p><b>Modell:<\/b> EMAG WEISS<\/p>\n<p><b>Rok budowy:<\/b> 2020<\/p>\n<p><b>Godziny pracy:<\/b> 6875<\/p>\n<p>Szlifierka walcowa EMAG WEISS Typ W11-CNC \/ UNIWERSALNA SZLIFIERKA KO\u0141OWA W 11-CNC SL650<br \/>\nCzas pracy wrzeciona: oko\u0142o 6 850 godzin<br \/>\nGodziny w\u0142\u0105czenia energii elektrycznej: 20 422 godzin<br \/>\nKoncepcja sterowania 2 w 1 charakteryzuje t\u0119 maszyn\u0119:<br \/>\n100 % Konwencjonalne szlifowanie cylindryczne lub przej\u015bcie na szlifowanie cylindryczne CNC 100%<br \/>\nTechnische Daten:<br \/>\n- Sterowanie: CNC (Heidenhain, Siemens lub Fanuc, w zale\u017cno\u015bci od roku produkcji)<br \/>\nD\u0142ugo\u015b\u0107 szlifowania maks. mm 650 \/ 1 500 ; in 25,5 \/ 59<br \/>\nWysoko\u015b\u0107 \u015brodka mm 200 w 8<br \/>\nSzlif zewn\u0119trzny \u00d8 mm1 \/ 390 in 0 \/ 15,5<br \/>\nMaksymalna waga przy MK 4 kg 100 \/ lb 220,5<br \/>\nmaks. ci\u0119\u017car obrabianego przedmiotu mi\u0119dzy \u015brodkami kg 250 \/lb 551<br \/>\nPosuw: Przesuw osi X mm 380 \/ 480 \/ cal 15 \/ 19<br \/>\nPosuw: Skok osi Z mm 1 150 \/ 1 650 in 45,5 \/ 65<br \/>\nTarcza szlifierska \u00d8 mm 400 \/ 500 in 15,5 \/ 19,5<br \/>\nNennleistung (100%ED)\tkW 9 \/ 11 hp 12 \/ 15<br \/>\nPr\u0119dko\u015b\u0107 obwodowa m\/s 20 - 50<\/p>\n<p>Wyposa\u017cenie maszyny:<br \/>\n- Nap\u0119d tarczy szlifierskiej: Mocny silnik zapewniaj\u0105cy precyzyjne szlifowanie<br \/>\n- Konik: Regulowany konik dla r\u00f3\u017cnych d\u0142ugo\u015bci obrabianego przedmiotu<br \/>\n- Uchwyt przedmiotu obrabianego: uchwyt lub centrowanie (w zale\u017cno\u015bci od zastosowania)<br \/>\n- System ch\u0142odzenia: zintegrowany, aby zapobiec przegrzaniu i zapewni\u0107 optymalne wyniki szlifowania<br \/>\n- Przyjazny dla u\u017cytkownika interfejs: Intuicyjny interfejs u\u017cytkownika CNC do prostego programowania i sterowania<br \/>\n- Systemy pomiarowe do monitorowania w czasie rzeczywistym i zapewniania jako\u015bci<br \/>\n- \u0141o\u017ce maszyny Odlewana podstawa Karstens o wysokiej sztywno\u015bci statyczno-dynamicznej<br \/>\n- O\u015b X Precyzyjne prowadnice liniowe, \u015bruba kulowa i szklana skala<br \/>\n- Prowadnice p\u0142askie lub liniowe osi Z, \u015bruba kulowa i szklana skala<br \/>\n- Sterowanie Ekran dotykowy ze zintegrowanym sterowaniem CNC na bazie systemu Windows Programowanie dialogowe, programowanie DIN, pami\u0119\u0107 program\u00f3w.<br \/>\n- Wyposa\u017cenie techniczne Szafka elektryczna zgodna z VDE ze znakiem CE<br \/>\n- Uk\u0142ad ch\u0142odzenia i uk\u0142ad odsysania<br \/>\n- Papierowy system filtr\u00f3w ta\u015bmowych z pojemnikiem 250 |<br \/>\n- Mechaniczny odci\u0105g opar\u00f3w 1600 m2\/3 ze sterowaniem bez wspornika<br \/>\n- O\u015b pomiarowa do pomiaru kilku \u015brednic w szerokim zakresie<br \/>\n- G\u0142owica pomiarowa. Pozycja pomiarowa dowolnie programowalna.<br \/>\n- Przygotuj interfejs robota.<br \/>\n- Zapewnia tylko 10 x l \/ O bez wtyczki interfejsu Oprogramowanie i PLC<\/p>\n<p>Zastosowania:<br \/>\n- Cylindryczna obr\u00f3bka zewn\u0119trzna i wewn\u0119trzna<br \/>\n- Szlifowanie precyzyjne dla in\u017cynierii mechanicznej, przemys\u0142u motoryzacyjnego i produkcji narz\u0119dzi<br \/>\n- Produkcja wa\u0142\u00f3w, tulei, wa\u0142k\u00f3w i innych element\u00f3w symetrycznych obrotowo<br \/>\nFunkcje specjalne:<br \/>\n- Wysoka sztywno\u015b\u0107 korpusu maszyny zapewnia prac\u0119 bez wibracji<br \/>\n- Sterowanie CNC do z\u0142o\u017conych cykli szlifowania i elastycznej obr\u00f3bki<br \/>\n- Mo\u017cliwo\u015b\u0107 dostosowania do specyficznych wymaga\u0144 klienta<br \/>\nWyposa\u017cenie opcjonalne:<br \/>\n- Zautomatyzowane systemy za\u0142adunku i roz\u0142adunku<br \/>\n- Specjalne uchwyty i specjalne uchwyty \u015bciernic<br \/>\nDost\u0119pne opcjonalne tarcze szlifierskie:<br \/>\n- Zobacz zdj\u0119cia<\/p>\n<p>Die Maschine kann nach Terminvereinbarung Strom besichtigt werden.<br \/>\nAenderungen und Irrtuemer in den technischen Daten und Angaben sowie Zwischenverkauf vorbehalten!<\/p>\n<p>Szlifierka walcowa EMAG WEISS Typ W11-CNC \/ UNIWERSALNA SZLIFIERKA KO\u0141OWA W 11-CNC SL650<br \/>\nGodziny pracy wrzeciona: oko\u0142o 6 850 godzin<br \/>\nGodziny w\u0142\u0105czonego zasilania: 20 422 godzin<br \/>\nKoncepcja sterowania 2 w 1 charakteryzuje t\u0119 maszyn\u0119:<br \/>\nKonwencjonalne szlifowanie cylindryczne 100% lub przej\u015bcie na szlifowanie cylindryczne CNC 100%<br \/>\nDane techniczne:<br \/>\n- Sterowanie: CNC (Heidenhain, Siemens lub Fanuc, w zale\u017cno\u015bci od roku produkcji)<br \/>\nD\u0142ugo\u015b\u0107 szlifowania maks. mm 650 \/ 1 500 ; in 25,5 \/ 59<br \/>\nWysoko\u015b\u0107 \u015brodka mm 200 w 8<br \/>\nSzlif zewn\u0119trzny \u00d8 mm1 \/ 390 in 0 \/ 15,5<br \/>\nmaks. waga podczas pracy MK 4 kg 100 \/ lb 220,5<br \/>\nMaks. ci\u0119\u017car przedmiotu obrabianego mi\u0119dzy \u015brodkami kg 250 \/ lb 551<br \/>\nPosuw: Przesuw osi X mm 380 \/ 480 \/ cal 15 \/ 19<br \/>\nPosuw: Skok osi Z mm 1,150 \/ 1,650 in 45,5 \/ 65<br \/>\n\u015aciernica \u00d8 mm 400 \/ 500 in 15,5 \/ 19,5<br \/>\nRated power (100%ED) kW 9 \/ 11 hp 12 \/ 15<br \/>\nPr\u0119dko\u015b\u0107 obwodowa m\/s 20 - 50<\/p>\n<p>Wyposa\u017cenie maszyny:<br \/>\n- Nap\u0119d \u015bciernicy: Mocny silnik zapewniaj\u0105cy precyzyjne szlifowanie<br \/>\n- Konik: Regulowany konik dla r\u00f3\u017cnych d\u0142ugo\u015bci obrabianego przedmiotu<br \/>\n- Uchwyt przedmiotu obrabianego: Uchwyt lub centra (w zale\u017cno\u015bci od zastosowania)<br \/>\n- System ch\u0142odzenia: zintegrowany, aby zapobiec przegrzaniu i zapewni\u0107 optymalne wyniki szlifowania<br \/>\n- Przyjazny dla u\u017cytkownika interfejs: Intuicyjny interfejs u\u017cytkownika CNC u\u0142atwiaj\u0105cy<br \/>\n- Systemy pomiarowe do monitorowania w czasie rzeczywistym i zapewniania jako\u015bci<br \/>\n- \u0141o\u017ce maszyny Odlewana podstawa Karstens o wysokiej sztywno\u015bci statyczno-dynamicznej<br \/>\n- Precyzyjne prowadnice liniowe osi X, \u015bruba kulowa i szklana skala<br \/>\n- Prowadnice p\u0142askie lub liniowe osi Z, \u015bruba kulowa i szklana skala<br \/>\n- Sterowanie Ekran dotykowy ze zintegrowanym sterowaniem CNC na bazie systemu Windows Programowanie dialogowe, programowanie DIN, pami\u0119\u0107 program\u00f3w.<br \/>\n- Wyposa\u017cenie techniczne Szafka elektryczna zgodna z VDE ze znakiem CE<br \/>\n- Uk\u0142ad ch\u0142odzenia i uk\u0142ad odsysania<br \/>\n- Papierowy system filtr\u00f3w ta\u015bmowych z pojemnikiem 250 |<br \/>\n- Mechaniczny system odci\u0105gu opar\u00f3w 1600 qm\/3 ze sterowaniem bez stopy podpieraj\u0105cej<br \/>\n- O\u015b pomiarowa do pomiaru kilku \u015brednic w szerokim zakresie<br \/>\n- g\u0142owica pomiarowa. Dowolnie programowalna pozycja pomiarowa.<br \/>\n- Przygotuj interfejs robota.<br \/>\n- Zapewnia tylko 10 x l \/ O bez wtyczki interfejsu Oprogramowanie i PLC<br \/>\nZastosowania:<br \/>\n- Cylindryczna obr\u00f3bka zewn\u0119trzna i wewn\u0119trzna<br \/>\n- Szlifowanie precyzyjne dla in\u017cynierii mechanicznej, przemys\u0142u motoryzacyjnego i produkcji narz\u0119dzi<br \/>\n- Produkcja wa\u0142\u00f3w, tulei, wa\u0142k\u00f3w i innych element\u00f3w symetrycznych obrotowo<br \/>\nFunkcje specjalne:<br \/>\n- Wysoka sztywno\u015b\u0107 korpusu maszyny zapewnia prac\u0119 bez wibracji<br \/>\n- Sterowanie CNC do z\u0142o\u017conych cykli szlifowania i elastycznej obr\u00f3bki<br \/>\n- Mo\u017cliwo\u015b\u0107 dostosowania do specyficznych wymaga\u0144 klienta<br \/>\nOpcjonalne wyposa\u017cenie dodatkowe:<br \/>\n- Zautomatyzowane systemy za\u0142adunku i roz\u0142adunku<br \/>\n- Specjalne mocowania i specjalne uchwyty \u015bciernic<\/p>\n<p>Dost\u0119pne opcjonalne tarcze szlifierskie:<br \/>\n- Zobacz zdj\u0119cia<\/p>\n<p>The machine can be inspected by appointment.<br \/>\nChanges and errors in the technical data and information as well as prior sale reserved!<\/p>","protected":false},"excerpt":{"rendered":"<p>Standort: Deutschland, Baden-W\u00fcrttemberg S\u00fcdwest Zustand: Gebraucht Hersteller: EMAG WEISS Modell: EMAG WEISS Baujahr: 2020 Betriebsstunden: 6875 EMAG WEISS Rundschleifmaschine EMAG WEISS Typ W11-CNC \/ UNIVERSAL RUNDSCHLEIFMASCHINE W 11-CNC SL650 Spindelstunden: ca. 6.850 Stunden Strom Einschaltstunden: 20.422 Stunden 2 in 1 Steuerungskonzept zeichnet diese Maschine aus: 100 % Konventionell rundschleifen oder umschalten auf 100% CNC rundschleifen [&hellip;]<\/p>\n","protected":false},"featured_media":5321,"template":"","meta":[],"product_brand":[],"product_cat":[89],"product_tag":[],"class_list":{"0":"post-5121","1":"product","2":"type-product","3":"status-publish","4":"has-post-thumbnail","6":"product_cat-cnc-schleifmaschinen","8":"first","9":"instock","10":"taxable","11":"shipping-taxable","12":"product-type-simple"},"aioseo_notices":[],"_links":{"self":[{"href":"https:\/\/www.horn-wzm.de\/pl\/wp-json\/wp\/v2\/product\/5121","targetHints":{"allow":["GET"]}}],"collection":[{"href":"https:\/\/www.horn-wzm.de\/pl\/wp-json\/wp\/v2\/product"}],"about":[{"href":"https:\/\/www.horn-wzm.de\/pl\/wp-json\/wp\/v2\/types\/product"}],"version-history":[{"count":1,"href":"https:\/\/www.horn-wzm.de\/pl\/wp-json\/wp\/v2\/product\/5121\/revisions"}],"predecessor-version":[{"id":5122,"href":"https:\/\/www.horn-wzm.de\/pl\/wp-json\/wp\/v2\/product\/5121\/revisions\/5122"}],"wp:featuredmedia":[{"embeddable":true,"href":"https:\/\/www.horn-wzm.de\/pl\/wp-json\/wp\/v2\/media\/5321"}],"wp:attachment":[{"href":"https:\/\/www.horn-wzm.de\/pl\/wp-json\/wp\/v2\/media?parent=5121"}],"wp:term":[{"taxonomy":"product_brand","embeddable":true,"href":"https:\/\/www.horn-wzm.de\/pl\/wp-json\/wp\/v2\/product_brand?post=5121"},{"taxonomy":"product_cat","embeddable":true,"href":"https:\/\/www.horn-wzm.de\/pl\/wp-json\/wp\/v2\/product_cat?post=5121"},{"taxonomy":"product_tag","embeddable":true,"href":"https:\/\/www.horn-wzm.de\/pl\/wp-json\/wp\/v2\/product_tag?post=5121"}],"curies":[{"name":"wp","href":"https:\/\/api.w.org\/{rel}","templated":true}]}}