{"id":4779,"date":"2024-11-22T15:47:30","date_gmt":"2024-11-22T14:47:30","guid":{"rendered":"https:\/\/www.horn-wzm.de\/shop\/unkategorisiert\/werkzeughalter-star-431-03-00-2-stationen-16x16mm-fuer-rueckseite-intnr231162\/"},"modified":"2024-12-13T17:39:59","modified_gmt":"2024-12-13T16:39:59","slug":"uchwyt-narzedzia-star-431-03-00-2-stacje-16x16mm-dla-tylnego-intnr231162","status":"publish","type":"product","link":"https:\/\/www.horn-wzm.de\/pl\/shop\/werkzeughalter\/werkzeughalter-star-431-03-00-2-stationen-16x16mm-fuer-rueckseite-intnr231162\/","title":{"rendered":"Uchwyt narz\u0119dziowy STAR 431-03-00 2-stanowiskowy 16x16mm; do ty\u0142u (IntNo231162)"},"content":{"rendered":"<p><b>Lokalizacja:<\/b> Niemcy, Badenia-Wirtembergia, po\u0142udniowy zach\u00f3d<\/p>\n<p><b>Zustand:<\/b> Jak nowy<\/p>\n<p><b>Hersteller:<\/b> n.d.<\/p>\n<p><b>Modell:<\/b> 431-03-00<\/p>\n<p>2-stanowiskowy uchwyt narz\u0119dziowy; chwyt: 16x16mm; do obr\u00f3bki wstecznej<br \/>\nPrzeciwwrzeciono (IntNo231162)<br \/>\n431-03-00<br \/>\nOdpowiedni dla nast\u0119puj\u0105cych typ\u00f3w maszyn STAR:<br \/>\nSV-32 \/ ECAS32T \/ SV-38R \/ ST-38 SV-32J \/ SV-32J II \/ SV-12 \/ SV-20 \/ ECAS20T <\/p>\n<p>Aenderungen und Irrtuemer in den technischen Daten und Angaben sowie Zwischenverkauf vorbehalten!<\/p>\n<p>2-stanowiskowy uchwyt narz\u0119dziowy; chwyt: 16x16mm; do obr\u00f3bki wstecznej<br \/>\nPrzeciwwrzeciono (IntNo231162)<br \/>\n431-03-00<br \/>\nOdpowiedni dla nast\u0119puj\u0105cych typ\u00f3w maszyn STAR:<br \/>\nSV-32 \/ ECAS32T \/ SV-38R \/ ST-38 SV-32J \/ SV-32J II \/ SV-12 \/ SV-20 \/ ECAS20T <\/p>\n<p>Subject to changes and errors in the technical data and information as well as prior sale!<\/p>","protected":false},"excerpt":{"rendered":"<p>Standort: Deutschland, Baden-W\u00fcrttemberg S\u00fcdwest Zustand: Neuwertig Hersteller: n.a. Modell: 431-03-00 2-Stationen-Werkzeughalter; Schaft: 16x16mm; f\u00fcr R\u00fcckseitenbearbeitung Gegensspindel (IntNr231162) 431-03-00 Passend f\u00fcr folgende STAR-Maschinentypen: SV-32 \/ ECAS32T \/ SV-38R \/ ST-38 SV-32J \/ SV-32J II \/ SV-12 \/ SV-20 \/ ECAS20T Aenderungen und Irrtuemer in den technischen Daten und Angaben sowie Zwischenverkauf vorbehalten! 2-station tool holder; shank: [&hellip;]<\/p>\n","protected":false},"featured_media":4778,"template":"","meta":[],"product_brand":[],"product_cat":[84],"product_tag":[],"class_list":{"0":"post-4779","1":"product","2":"type-product","3":"status-publish","4":"has-post-thumbnail","6":"product_cat-werkzeughalter","8":"first","9":"instock","10":"taxable","11":"shipping-taxable","12":"purchasable","13":"product-type-simple"},"aioseo_notices":[],"_links":{"self":[{"href":"https:\/\/www.horn-wzm.de\/pl\/wp-json\/wp\/v2\/product\/4779","targetHints":{"allow":["GET"]}}],"collection":[{"href":"https:\/\/www.horn-wzm.de\/pl\/wp-json\/wp\/v2\/product"}],"about":[{"href":"https:\/\/www.horn-wzm.de\/pl\/wp-json\/wp\/v2\/types\/product"}],"version-history":[{"count":1,"href":"https:\/\/www.horn-wzm.de\/pl\/wp-json\/wp\/v2\/product\/4779\/revisions"}],"predecessor-version":[{"id":4780,"href":"https:\/\/www.horn-wzm.de\/pl\/wp-json\/wp\/v2\/product\/4779\/revisions\/4780"}],"wp:featuredmedia":[{"embeddable":true,"href":"https:\/\/www.horn-wzm.de\/pl\/wp-json\/wp\/v2\/media\/4778"}],"wp:attachment":[{"href":"https:\/\/www.horn-wzm.de\/pl\/wp-json\/wp\/v2\/media?parent=4779"}],"wp:term":[{"taxonomy":"product_brand","embeddable":true,"href":"https:\/\/www.horn-wzm.de\/pl\/wp-json\/wp\/v2\/product_brand?post=4779"},{"taxonomy":"product_cat","embeddable":true,"href":"https:\/\/www.horn-wzm.de\/pl\/wp-json\/wp\/v2\/product_cat?post=4779"},{"taxonomy":"product_tag","embeddable":true,"href":"https:\/\/www.horn-wzm.de\/pl\/wp-json\/wp\/v2\/product_tag?post=4779"}],"curies":[{"name":"wp","href":"https:\/\/api.w.org\/{rel}","templated":true}]}}