{"id":4668,"date":"2024-11-12T16:09:41","date_gmt":"2024-11-12T15:09:41","guid":{"rendered":"https:\/\/www.horn-wzm.de\/shop\/unkategorisiert\/gebr-werkzeughalter-star-41202-3-intnr231156\/"},"modified":"2024-11-12T16:09:41","modified_gmt":"2024-11-12T15:09:41","slug":"gebr-uchwyt-narzedziowy-star-41202-3-intnr231156","status":"publish","type":"product","link":"https:\/\/www.horn-wzm.de\/pl\/shop\/werkzeughalter\/gebr-werkzeughalter-star-41202-3-intnr231156\/","title":{"rendered":"markowy uchwyt narz\u0119dziowy STAR 41202 3 (IntNo231156)"},"content":{"rendered":"<p><b>Lokalizacja:<\/b> Niemcy, Badenia-Wirtembergia, po\u0142udniowy zach\u00f3d<\/p>\n<p><b>Zustand:<\/b> Jak nowy<\/p>\n<p><b>Hersteller:<\/b> STAR Micronics<\/p>\n<p>3-krotny uchwyt stalowy; trzpie\u0144: 12x12mm<br \/>\ndo wrzeciona g\u0142\u00f3wnego<br \/>\n412-02-00<br \/>\nOdpowiedni dla nast\u0119puj\u0105cych typ\u00f3w maszyn STAR:<br \/>\nST-20-32-38 SV-12-20-32 \/ ECAS<br \/>\nAenderungen und Irrtuemer in den technischen Daten und Angaben sowie Zwischenverkauf vorbehalten!<\/p>\n<p>3-krotny uchwyt stalowy; trzpie\u0144: 12x12mm<br \/>\ndla wrzeciona g\u0142\u00f3wnego<br \/>\n412-02-00<br \/>\nOdpowiedni dla nast\u0119puj\u0105cych typ\u00f3w maszyn STAR:<br \/>\nST-20-32-38 SV-12-20-32 \/ ECAS<br \/>\nSubject to changes and errors in the technical data and information as well as prior sale!<\/p>","protected":false},"excerpt":{"rendered":"<p>Standort: Deutschland, Baden-W\u00fcrttemberg S\u00fcdwest Zustand: Neuwertig Hersteller: STAR Micronics 3-fach Stahlhalter; Schaft: 12x12mm zu Hauptspindel 412-02-00 Passend f\u00fcr folgende STAR-Maschinentypen: ST-20-32-38 SV-12-20-32 \/ ECAS Aenderungen und Irrtuemer in den technischen Daten und Angaben sowie Zwischenverkauf vorbehalten! 3-fold steel holder; shank: 12x12mm for main spindle 412-02-00 Suitable for the following STAR machine types: ST-20-32-38 SV-12-20-32 \/ [&hellip;]<\/p>\n","protected":false},"featured_media":4666,"template":"","meta":[],"product_brand":[],"product_cat":[84],"product_tag":[],"class_list":{"0":"post-4668","1":"product","2":"type-product","3":"status-publish","4":"has-post-thumbnail","6":"product_cat-werkzeughalter","8":"first","9":"instock","10":"taxable","11":"shipping-taxable","12":"product-type-simple"},"aioseo_notices":[],"_links":{"self":[{"href":"https:\/\/www.horn-wzm.de\/pl\/wp-json\/wp\/v2\/product\/4668","targetHints":{"allow":["GET"]}}],"collection":[{"href":"https:\/\/www.horn-wzm.de\/pl\/wp-json\/wp\/v2\/product"}],"about":[{"href":"https:\/\/www.horn-wzm.de\/pl\/wp-json\/wp\/v2\/types\/product"}],"version-history":[{"count":1,"href":"https:\/\/www.horn-wzm.de\/pl\/wp-json\/wp\/v2\/product\/4668\/revisions"}],"predecessor-version":[{"id":4669,"href":"https:\/\/www.horn-wzm.de\/pl\/wp-json\/wp\/v2\/product\/4668\/revisions\/4669"}],"wp:featuredmedia":[{"embeddable":true,"href":"https:\/\/www.horn-wzm.de\/pl\/wp-json\/wp\/v2\/media\/4666"}],"wp:attachment":[{"href":"https:\/\/www.horn-wzm.de\/pl\/wp-json\/wp\/v2\/media?parent=4668"}],"wp:term":[{"taxonomy":"product_brand","embeddable":true,"href":"https:\/\/www.horn-wzm.de\/pl\/wp-json\/wp\/v2\/product_brand?post=4668"},{"taxonomy":"product_cat","embeddable":true,"href":"https:\/\/www.horn-wzm.de\/pl\/wp-json\/wp\/v2\/product_cat?post=4668"},{"taxonomy":"product_tag","embeddable":true,"href":"https:\/\/www.horn-wzm.de\/pl\/wp-json\/wp\/v2\/product_tag?post=4668"}],"curies":[{"name":"wp","href":"https:\/\/api.w.org\/{rel}","templated":true}]}}