{"id":4661,"date":"2024-11-12T15:27:05","date_gmt":"2024-11-12T14:27:05","guid":{"rendered":"https:\/\/www.horn-wzm.de\/shop\/unkategorisiert\/gebr-werkzeughalter-star-221-58_star-sv-20-intnr231154\/"},"modified":"2024-11-12T15:27:05","modified_gmt":"2024-11-12T14:27:05","slug":"uchwyt-narzedziowy-gebr-star-221-58_star-sv-20-intnr231154","status":"publish","type":"product","link":"https:\/\/www.horn-wzm.de\/pl\/shop\/werkzeughalter\/gebr-werkzeughalter-star-221-58_star-sv-20-intnr231154\/","title":{"rendered":"Uchwyt narz\u0119dziowy STAR 221-58_Star SV-20 (IntNo231154)"},"content":{"rendered":"<p><b>Lokalizacja:<\/b> Niemcy, Badenia-Wirtembergia, po\u0142udniowy zach\u00f3d<\/p>\n<p><b>Zustand:<\/b> Jak nowy<\/p>\n<p><b>Hersteller:<\/b> STAR Micronics<\/p>\n<p>ER 16 Jednostka wierc\u0105co-frezuj\u0105ca do obr\u00f3bki czo\u0142owej Regulowana<br \/>\ndo wrzeciona g\u0142\u00f3wnego<br \/>\n2221-58-00<br \/>\nOdpowiedni dla nast\u0119puj\u0105cych typ\u00f3w maszyn STAR:<br \/>\nST-20-32-38 SV-12-20-32 \/ ECAS<br \/>\nAenderungen und Irrtuemer in den technischen Daten und Angaben sowie Zwischenverkauf vorbehalten!<\/p>\n<p>ER 16 Jednostka wierc\u0105co-frezuj\u0105ca do obr\u00f3bki czo\u0142owej Regulowana<br \/>\ndla wrzeciona g\u0142\u00f3wnego<br \/>\n2221-58-00<br \/>\nOdpowiedni dla nast\u0119puj\u0105cych typ\u00f3w maszyn STAR:<br \/>\nST-20-32-38 SV-12-20-32 \/ ECAS<br \/>\nSubject to changes and errors in the technical data and information as well as prior sale!<\/p>","protected":false},"excerpt":{"rendered":"<p>Standort: Deutschland, Baden-W\u00fcrttemberg S\u00fcdwest Zustand: Neuwertig Hersteller: STAR Micronics ER 16 Bohr-Fr\u00e4seinrichtung f\u00fcr Frontalbearbeitung Verstellbar zu Hauptspindel 2221-58-00 Passend f\u00fcr folgende STAR-Maschinentypen: ST-20-32-38 SV-12-20-32 \/ ECAS Aenderungen und Irrtuemer in den technischen Daten und Angaben sowie Zwischenverkauf vorbehalten! ER 16 Drilling and milling unit for frontal machining Adjustable for main spindle 2221-58-00 Suitable for the [&hellip;]<\/p>\n","protected":false},"featured_media":4660,"template":"","meta":[],"product_brand":[],"product_cat":[84],"product_tag":[],"class_list":{"0":"post-4661","1":"product","2":"type-product","3":"status-publish","4":"has-post-thumbnail","6":"product_cat-werkzeughalter","8":"first","9":"instock","10":"taxable","11":"shipping-taxable","12":"product-type-simple"},"aioseo_notices":[],"_links":{"self":[{"href":"https:\/\/www.horn-wzm.de\/pl\/wp-json\/wp\/v2\/product\/4661","targetHints":{"allow":["GET"]}}],"collection":[{"href":"https:\/\/www.horn-wzm.de\/pl\/wp-json\/wp\/v2\/product"}],"about":[{"href":"https:\/\/www.horn-wzm.de\/pl\/wp-json\/wp\/v2\/types\/product"}],"version-history":[{"count":1,"href":"https:\/\/www.horn-wzm.de\/pl\/wp-json\/wp\/v2\/product\/4661\/revisions"}],"predecessor-version":[{"id":4662,"href":"https:\/\/www.horn-wzm.de\/pl\/wp-json\/wp\/v2\/product\/4661\/revisions\/4662"}],"wp:featuredmedia":[{"embeddable":true,"href":"https:\/\/www.horn-wzm.de\/pl\/wp-json\/wp\/v2\/media\/4660"}],"wp:attachment":[{"href":"https:\/\/www.horn-wzm.de\/pl\/wp-json\/wp\/v2\/media?parent=4661"}],"wp:term":[{"taxonomy":"product_brand","embeddable":true,"href":"https:\/\/www.horn-wzm.de\/pl\/wp-json\/wp\/v2\/product_brand?post=4661"},{"taxonomy":"product_cat","embeddable":true,"href":"https:\/\/www.horn-wzm.de\/pl\/wp-json\/wp\/v2\/product_cat?post=4661"},{"taxonomy":"product_tag","embeddable":true,"href":"https:\/\/www.horn-wzm.de\/pl\/wp-json\/wp\/v2\/product_tag?post=4661"}],"curies":[{"name":"wp","href":"https:\/\/api.w.org\/{rel}","templated":true}]}}