{"id":4658,"date":"2024-11-12T15:23:50","date_gmt":"2024-11-12T14:23:50","guid":{"rendered":"https:\/\/www.horn-wzm.de\/shop\/unkategorisiert\/gebr-werkzeughalter-star-_wto_410510005-44-sv-20-intnr231143\/"},"modified":"2024-11-12T15:23:50","modified_gmt":"2024-11-12T14:23:50","slug":"gebr-uchwyt-narzedziowy-star-_wto_410510005-44-sv-20-intnr231143","status":"publish","type":"product","link":"https:\/\/www.horn-wzm.de\/pl\/shop\/werkzeughalter\/gebr-werkzeughalter-star-_wto_410510005-44-sv-20-intnr231143\/","title":{"rendered":"markowy uchwyt narz\u0119dziowy STAR _WTO_410510005-44 SV 20 (IntNo231143)"},"content":{"rendered":"<p><b>Lokalizacja:<\/b> Niemcy, Badenia-Wirtembergia, po\u0142udniowy zach\u00f3d<\/p>\n<p><b>Zustand:<\/b> Jak nowy<\/p>\n<p><b>Hersteller:<\/b> WTO<\/p>\n<p>Urz\u0105dzenie do wiercenia\/frezowania g\u0142\u0119bokich otwor\u00f3w do obr\u00f3bki czo\u0142owej<br \/>\ndo wrzeciona g\u0142\u00f3wnego<br \/>\n410510005-44<br \/>\nOdpowiedni dla nast\u0119puj\u0105cych typ\u00f3w maszyn STAR:<br \/>\nST-20-32-38 SV-12-20-32 \/ ECAS<br \/>\nWewn\u0119trzny + zewn\u0119trzny dop\u0142yw ch\u0142odziwa<br \/>\nCi\u015bnienie ch\u0142odziwa maks. 120 bar\u00f3w<br \/>\n97 mm<br \/>\nER 16<br \/>\nTrzpie\u0144 \u00d844 mm<br \/>\nNarz\u0119dzie - \u00d8\u00d80.5-10mm<br \/>\n10 Nm<br \/>\nN2 maks. 6000 obr.<br \/>\nI 1:1<br \/>\nAenderungen und Irrtuemer in den technischen Daten und Angaben sowie Zwischenverkauf vorbehalten!<\/p>\n<p>Urz\u0105dzenie do wiercenia\/frezowania g\u0142\u0119bokich otwor\u00f3w do obr\u00f3bki czo\u0142owej<br \/>\ndla wrzeciona g\u0142\u00f3wnego<br \/>\n410510005-44<br \/>\nOdpowiedni dla nast\u0119puj\u0105cych typ\u00f3w maszyn STAR:<br \/>\nST-20-32-38 SV-12-20-32 \/ ECAS<br \/>\nWewn\u0119trzny + zewn\u0119trzny dop\u0142yw ch\u0142odziwa<br \/>\nCi\u015bnienie ch\u0142odziwa maks. 120 bar\u00f3w<br \/>\n97 mm<br \/>\nER 16<br \/>\nTrzpie\u0144 \u00d844 mm<br \/>\nNarz\u0119dzie - \u00d8\u00d80.5-10mm<br \/>\n10 Nm<br \/>\nN2 maks. 6000 obr.<br \/>\nI 1:1<br \/>\nChanges and errors in the technical data and information as well as prior sale reserved!<\/p>","protected":false},"excerpt":{"rendered":"<p>Standort: Deutschland, Baden-W\u00fcrttemberg S\u00fcdwest Zustand: Neuwertig Hersteller: WTO Bohr-Fr\u00e4seinrichtung zum Tieflochbohren f\u00fcr Frontalbearbeitung zu Hauptspindel 410510005-44 Passend f\u00fcr folgende STAR-Maschinentypen: ST-20-32-38 SV-12-20-32 \/ ECAS Interne + Externe K\u00fchlmittelzufuhr K\u00fchlmitteldruck max. 120bar 97mm ER 16 Schaft \u00d844mm Werkzeug \u2013 \u00d8\u00d80,5-10mm 10 Nm N2 max. 6.000 rpm I 1:1 Aenderungen und Irrtuemer in den technischen Daten und [&hellip;]<\/p>\n","protected":false},"featured_media":4655,"template":"","meta":[],"product_brand":[],"product_cat":[84],"product_tag":[],"class_list":{"0":"post-4658","1":"product","2":"type-product","3":"status-publish","4":"has-post-thumbnail","6":"product_cat-werkzeughalter","8":"first","9":"instock","10":"taxable","11":"shipping-taxable","12":"product-type-simple"},"aioseo_notices":[],"_links":{"self":[{"href":"https:\/\/www.horn-wzm.de\/pl\/wp-json\/wp\/v2\/product\/4658","targetHints":{"allow":["GET"]}}],"collection":[{"href":"https:\/\/www.horn-wzm.de\/pl\/wp-json\/wp\/v2\/product"}],"about":[{"href":"https:\/\/www.horn-wzm.de\/pl\/wp-json\/wp\/v2\/types\/product"}],"version-history":[{"count":1,"href":"https:\/\/www.horn-wzm.de\/pl\/wp-json\/wp\/v2\/product\/4658\/revisions"}],"predecessor-version":[{"id":4659,"href":"https:\/\/www.horn-wzm.de\/pl\/wp-json\/wp\/v2\/product\/4658\/revisions\/4659"}],"wp:featuredmedia":[{"embeddable":true,"href":"https:\/\/www.horn-wzm.de\/pl\/wp-json\/wp\/v2\/media\/4655"}],"wp:attachment":[{"href":"https:\/\/www.horn-wzm.de\/pl\/wp-json\/wp\/v2\/media?parent=4658"}],"wp:term":[{"taxonomy":"product_brand","embeddable":true,"href":"https:\/\/www.horn-wzm.de\/pl\/wp-json\/wp\/v2\/product_brand?post=4658"},{"taxonomy":"product_cat","embeddable":true,"href":"https:\/\/www.horn-wzm.de\/pl\/wp-json\/wp\/v2\/product_cat?post=4658"},{"taxonomy":"product_tag","embeddable":true,"href":"https:\/\/www.horn-wzm.de\/pl\/wp-json\/wp\/v2\/product_tag?post=4658"}],"curies":[{"name":"wp","href":"https:\/\/api.w.org\/{rel}","templated":true}]}}