{"id":4613,"date":"2024-11-12T14:43:18","date_gmt":"2024-11-12T13:43:18","guid":{"rendered":"https:\/\/www.horn-wzm.de\/shop\/unkategorisiert\/gebr-werkzeughalter-star-421-73-00_sv20-intnr231135\/"},"modified":"2024-11-12T14:43:18","modified_gmt":"2024-11-12T13:43:18","slug":"gebr-uchwyt-narzedziowy-star-421-73-00_sv20-intnr231135","status":"publish","type":"product","link":"https:\/\/www.horn-wzm.de\/pl\/shop\/werkzeughalter\/gebr-werkzeughalter-star-421-73-00_sv20-intnr231135\/","title":{"rendered":"markowy uchwyt narz\u0119dziowy STAR 421-73-00_SV20 (IntNo231135)"},"content":{"rendered":"<p><b>Lokalizacja:<\/b> Niemcy, Badenia-Wirtembergia, po\u0142udniowy zach\u00f3d<\/p>\n<p><b>Zustand:<\/b> Jak nowy<\/p>\n<p><b>Hersteller:<\/b> STAR Micronics<\/p>\n<p>Regulowane mocowanie obrotowe z gwintem zewn\u0119trznym (1\u00b0-10\u00b0)<br \/>\ndo wrzeciona g\u0142\u00f3wnego<br \/>\n421-73-00<br \/>\nOdpowiedni dla nast\u0119puj\u0105cych typ\u00f3w maszyn STAR:<br \/>\nST-20-32-38 SV-12-20-32 \/ ECAS<br \/>\nT\u0142umaczenie 1:1<br \/>\nPr\u0119dko\u015b\u0107 wej\u015bciowa maks. 3000 1\/min<br \/>\nPr\u0119dko\u015b\u0107 wyj\u015bciowa maks. 3000 1\/min<br \/>\nAenderungen und Irrtuemer in den technischen Daten und Angaben sowie Zwischenverkauf vorbehalten!<\/p>\n<p>Regulowane urz\u0105dzenie do obracania gwintu zewn\u0119trznego (1\u00b0-10\u00b0)<br \/>\ndla wrzeciona g\u0142\u00f3wnego<br \/>\n421-73-00<br \/>\nOdpowiedni dla nast\u0119puj\u0105cych typ\u00f3w maszyn STAR:<br \/>\nST-20-32-38 SV-12-20-32 \/ ECAS<br \/>\nPrze\u0142o\u017cenie 1:1<br \/>\nPr\u0119dko\u015b\u0107 wej\u015bciowa maks. 3000 1\/min<br \/>\nPr\u0119dko\u015b\u0107 wyj\u015bciowa maks. 3000 1\/min<br \/>\nSubject to changes and errors in the technical data and information as well as prior sale!<\/p>","protected":false},"excerpt":{"rendered":"<p>Standort: Deutschland, Baden-W\u00fcrttemberg S\u00fcdwest Zustand: Neuwertig Hersteller: STAR Micronics Aussengewindewirbelapparat einstellbar (1\u00b0-10\u00b0) zu Hauptspindel 421-73-00 Passend f\u00fcr folgende STAR-Maschinentypen: ST-20-32-38 SV-12-20-32 \/ ECAS \u00dcbersetzung 1:1 Eingangsdrehzahl max. 3000 1\/min Ausgangsdrehzahl max. 3000 1\/min Aenderungen und Irrtuemer in den technischen Daten und Angaben sowie Zwischenverkauf vorbehalten! External thread whirling device adjustable (1\u00b0-10\u00b0) for main spindle 421-73-00 [&hellip;]<\/p>\n","protected":false},"featured_media":4611,"template":"","meta":[],"product_brand":[],"product_cat":[84],"product_tag":[],"class_list":{"0":"post-4613","1":"product","2":"type-product","3":"status-publish","4":"has-post-thumbnail","6":"product_cat-werkzeughalter","8":"first","9":"instock","10":"taxable","11":"shipping-taxable","12":"product-type-simple"},"aioseo_notices":[],"_links":{"self":[{"href":"https:\/\/www.horn-wzm.de\/pl\/wp-json\/wp\/v2\/product\/4613","targetHints":{"allow":["GET"]}}],"collection":[{"href":"https:\/\/www.horn-wzm.de\/pl\/wp-json\/wp\/v2\/product"}],"about":[{"href":"https:\/\/www.horn-wzm.de\/pl\/wp-json\/wp\/v2\/types\/product"}],"version-history":[{"count":1,"href":"https:\/\/www.horn-wzm.de\/pl\/wp-json\/wp\/v2\/product\/4613\/revisions"}],"predecessor-version":[{"id":4614,"href":"https:\/\/www.horn-wzm.de\/pl\/wp-json\/wp\/v2\/product\/4613\/revisions\/4614"}],"wp:featuredmedia":[{"embeddable":true,"href":"https:\/\/www.horn-wzm.de\/pl\/wp-json\/wp\/v2\/media\/4611"}],"wp:attachment":[{"href":"https:\/\/www.horn-wzm.de\/pl\/wp-json\/wp\/v2\/media?parent=4613"}],"wp:term":[{"taxonomy":"product_brand","embeddable":true,"href":"https:\/\/www.horn-wzm.de\/pl\/wp-json\/wp\/v2\/product_brand?post=4613"},{"taxonomy":"product_cat","embeddable":true,"href":"https:\/\/www.horn-wzm.de\/pl\/wp-json\/wp\/v2\/product_cat?post=4613"},{"taxonomy":"product_tag","embeddable":true,"href":"https:\/\/www.horn-wzm.de\/pl\/wp-json\/wp\/v2\/product_tag?post=4613"}],"curies":[{"name":"wp","href":"https:\/\/api.w.org\/{rel}","templated":true}]}}