{"id":4609,"date":"2024-11-12T14:39:45","date_gmt":"2024-11-12T13:39:45","guid":{"rendered":"https:\/\/www.horn-wzm.de\/shop\/unkategorisiert\/gebr-werkzeughalter-star-421-59-00-intnr231134\/"},"modified":"2024-11-12T14:39:45","modified_gmt":"2024-11-12T13:39:45","slug":"gebr-uchwyt-narzedziowy-star-421-59-00-intnr231134","status":"publish","type":"product","link":"https:\/\/www.horn-wzm.de\/pl\/shop\/werkzeughalter\/gebr-werkzeughalter-star-421-59-00-intnr231134\/","title":{"rendered":"markowy uchwyt narz\u0119dziowy STAR 421-59-00 (IntNo231134)"},"content":{"rendered":"<p><b>Lokalizacja:<\/b> Niemcy, Badenia-Wirtembergia, po\u0142udniowy zach\u00f3d<\/p>\n<p><b>Zustand:<\/b> Jak nowy<\/p>\n<p><b>Hersteller:<\/b> STAR Micronics<\/p>\n<p>2-wrzecionowa jednostka wierc\u0105co-frezuj\u0105ca ER11 do wiercenia z przodu i z ty\u0142u<br \/>\nObr\u00f3bka odwrotnej strony<br \/>\ndla wrzeciona g\u0142\u00f3wnego i przeciwwrzeciona<br \/>\n421-59-00 &amp; 451-59-00<br \/>\nOdpowiedni dla nast\u0119puj\u0105cych typ\u00f3w maszyn STAR:<br \/>\nST-20-32-38 SV-12-20-32 \/ ECAS<br \/>\nT\u0142umaczenie 1:1<br \/>\nPr\u0119dko\u015b\u0107 wej\u015bciowa maks. 6000 1\/min<br \/>\nPr\u0119dko\u015b\u0107 wyj\u015bciowa maks. 6000 1\/min<br \/>\nWyj\u015bciowy moment obrotowy maks. 32 Nm<br \/>\nAenderungen und Irrtuemer in den technischen Daten und Angaben sowie Zwischenverkauf vorbehalten!<\/p>\n<p>2-wrzecionowa podw\u00f3jna przednia jednostka wierc\u0105co-frezuj\u0105ca ER11 do obr\u00f3bki przedniej i tylnej cz\u0119\u015bci maszyny<br \/>\nobr\u00f3bka wsteczna<br \/>\ndla wrzeciona g\u0142\u00f3wnego i przeciwwrzeciona<br \/>\n421-59-00 &amp; 451-59-00<br \/>\nOdpowiedni dla nast\u0119puj\u0105cych typ\u00f3w maszyn STAR:<br \/>\nST-20-32-38 SV-12-20-32 \/ ECAS<br \/>\nPrze\u0142o\u017cenie 1:1<br \/>\nPr\u0119dko\u015b\u0107 wej\u015bciowa maks. 6000 1\/min<br \/>\nPr\u0119dko\u015b\u0107 wyj\u015bciowa maks. 6000 1\/min<br \/>\nWyj\u015bciowy moment obrotowy maks. 32 Nm<br \/>\nSubject to changes and errors in the technical data and information as well as prior sale!<\/p>","protected":false},"excerpt":{"rendered":"<p>Standort: Deutschland, Baden-W\u00fcrttemberg S\u00fcdwest Zustand: Neuwertig Hersteller: STAR Micronics 2-Spindel-Doppelfrontalbohr-\/Fr\u00e4sapparat ER11 f\u00fcr Front- und R\u00fcckseitenbearbeitung zu Hauptspindel und Gegenspindel 421-59-00 &amp; 451-59-00 Passend f\u00fcr folgende STAR-Maschinentypen: ST-20-32-38 SV-12-20-32 \/ ECAS \u00dcbersetzung 1:1 Eingangsdrehzahl max. 6000 1\/min Ausgangsdrehzahl max. 6000 1\/min Ausgangsdrehmoment max. 32 Nm Aenderungen und Irrtuemer in den technischen Daten und Angaben sowie Zwischenverkauf [&hellip;]<\/p>\n","protected":false},"featured_media":4606,"template":"","meta":[],"product_brand":[],"product_cat":[84],"product_tag":[],"class_list":{"0":"post-4609","1":"product","2":"type-product","3":"status-publish","4":"has-post-thumbnail","6":"product_cat-werkzeughalter","8":"first","9":"instock","10":"taxable","11":"shipping-taxable","12":"product-type-simple"},"aioseo_notices":[],"_links":{"self":[{"href":"https:\/\/www.horn-wzm.de\/pl\/wp-json\/wp\/v2\/product\/4609","targetHints":{"allow":["GET"]}}],"collection":[{"href":"https:\/\/www.horn-wzm.de\/pl\/wp-json\/wp\/v2\/product"}],"about":[{"href":"https:\/\/www.horn-wzm.de\/pl\/wp-json\/wp\/v2\/types\/product"}],"version-history":[{"count":1,"href":"https:\/\/www.horn-wzm.de\/pl\/wp-json\/wp\/v2\/product\/4609\/revisions"}],"predecessor-version":[{"id":4610,"href":"https:\/\/www.horn-wzm.de\/pl\/wp-json\/wp\/v2\/product\/4609\/revisions\/4610"}],"wp:featuredmedia":[{"embeddable":true,"href":"https:\/\/www.horn-wzm.de\/pl\/wp-json\/wp\/v2\/media\/4606"}],"wp:attachment":[{"href":"https:\/\/www.horn-wzm.de\/pl\/wp-json\/wp\/v2\/media?parent=4609"}],"wp:term":[{"taxonomy":"product_brand","embeddable":true,"href":"https:\/\/www.horn-wzm.de\/pl\/wp-json\/wp\/v2\/product_brand?post=4609"},{"taxonomy":"product_cat","embeddable":true,"href":"https:\/\/www.horn-wzm.de\/pl\/wp-json\/wp\/v2\/product_cat?post=4609"},{"taxonomy":"product_tag","embeddable":true,"href":"https:\/\/www.horn-wzm.de\/pl\/wp-json\/wp\/v2\/product_tag?post=4609"}],"curies":[{"name":"wp","href":"https:\/\/api.w.org\/{rel}","templated":true}]}}