{"id":4600,"date":"2024-11-12T14:31:12","date_gmt":"2024-11-12T13:31:12","guid":{"rendered":"https:\/\/www.horn-wzm.de\/shop\/unkategorisiert\/gebr-werkzeughalter-star-421-51-00-intnr231132\/"},"modified":"2024-11-12T14:31:12","modified_gmt":"2024-11-12T13:31:12","slug":"gebr-uchwyt-narzedziowy-star-421-51-00-intnr231132","status":"publish","type":"product","link":"https:\/\/www.horn-wzm.de\/pl\/shop\/werkzeughalter\/gebr-werkzeughalter-star-421-51-00-intnr231132\/","title":{"rendered":"markowy uchwyt narz\u0119dziowy STAR 421-51-00 (IntNo231132)"},"content":{"rendered":"<p><b>Lokalizacja:<\/b> Niemcy, Badenia-Wirtembergia, po\u0142udniowy zach\u00f3d<\/p>\n<p><b>Zustand:<\/b> Jak nowy<\/p>\n<p><b>Hersteller:<\/b> STAR Micronics<\/p>\n<p>2-krotne wrzeciono krzy\u017cowe do wiercenia\/frezowania ER16<br \/>\ndla wrzeciona g\u0142\u00f3wnego i przeciwwrzeciona<br \/>\n421-51-00<br \/>\nOdpowiedni dla nast\u0119puj\u0105cych typ\u00f3w maszyn STAR:<br \/>\nST-20-32-38 SV-12-20-32 \/ ECAS<br \/>\nT\u0142umaczenie 1:1<br \/>\nPr\u0119dko\u015b\u0107 wej\u015bciowa maks. 5750 1\/min<br \/>\nPr\u0119dko\u015b\u0107 wyj\u015bciowa maks. 5750 1\/min<br \/>\nWyj\u015bciowy moment obrotowy maks. 32 Nm<br \/>\nAenderungen und Irrtuemer in den technischen Daten und Angaben sowie Zwischenverkauf vorbehalten!<\/p>\n<p>2-krotne wrzeciono krzy\u017cowe do wiercenia\/frezowania ER16<br \/>\ndla wrzeciona g\u0142\u00f3wnego i przeciwwrzeciona<br \/>\n421-51-00<br \/>\nOdpowiedni dla nast\u0119puj\u0105cych typ\u00f3w maszyn STAR:<br \/>\nST-20-32-38 SV-12-20-32 \/ ECAS<br \/>\nPrze\u0142o\u017cenie 1:1<br \/>\nPr\u0119dko\u015b\u0107 wej\u015bciowa maks. 5750 1\/min<br \/>\nPr\u0119dko\u015b\u0107 wyj\u015bciowa maks. 5750 1\/min<br \/>\nWyj\u015bciowy moment obrotowy maks. 32 Nm<br \/>\nSubject to changes and errors in the technical data and information as well as prior sale!<\/p>","protected":false},"excerpt":{"rendered":"<p>Standort: Deutschland, Baden-W\u00fcrttemberg S\u00fcdwest Zustand: Neuwertig Hersteller: STAR Micronics 2-fach Spindel-Querbohr-\/Fr\u00e4sapparat ER16 zu Hauptspindel und Gegenspindel 421-51-00 Passend f\u00fcr folgende STAR-Maschinentypen: ST-20-32-38 SV-12-20-32 \/ ECAS \u00dcbersetzung 1:1 Eingangsdrehzahl max. 5750 1\/min Ausgangsdrehzahl max. 5750 1\/min Ausgangsdrehmoment max. 32 Nm Aenderungen und Irrtuemer in den technischen Daten und Angaben sowie Zwischenverkauf vorbehalten! 2-fold spindle cross drilling\/milling [&hellip;]<\/p>\n","protected":false},"featured_media":4598,"template":"","meta":[],"product_brand":[],"product_cat":[84],"product_tag":[],"class_list":{"0":"post-4600","1":"product","2":"type-product","3":"status-publish","4":"has-post-thumbnail","6":"product_cat-werkzeughalter","8":"first","9":"instock","10":"taxable","11":"shipping-taxable","12":"product-type-simple"},"aioseo_notices":[],"_links":{"self":[{"href":"https:\/\/www.horn-wzm.de\/pl\/wp-json\/wp\/v2\/product\/4600","targetHints":{"allow":["GET"]}}],"collection":[{"href":"https:\/\/www.horn-wzm.de\/pl\/wp-json\/wp\/v2\/product"}],"about":[{"href":"https:\/\/www.horn-wzm.de\/pl\/wp-json\/wp\/v2\/types\/product"}],"version-history":[{"count":1,"href":"https:\/\/www.horn-wzm.de\/pl\/wp-json\/wp\/v2\/product\/4600\/revisions"}],"predecessor-version":[{"id":4601,"href":"https:\/\/www.horn-wzm.de\/pl\/wp-json\/wp\/v2\/product\/4600\/revisions\/4601"}],"wp:featuredmedia":[{"embeddable":true,"href":"https:\/\/www.horn-wzm.de\/pl\/wp-json\/wp\/v2\/media\/4598"}],"wp:attachment":[{"href":"https:\/\/www.horn-wzm.de\/pl\/wp-json\/wp\/v2\/media?parent=4600"}],"wp:term":[{"taxonomy":"product_brand","embeddable":true,"href":"https:\/\/www.horn-wzm.de\/pl\/wp-json\/wp\/v2\/product_brand?post=4600"},{"taxonomy":"product_cat","embeddable":true,"href":"https:\/\/www.horn-wzm.de\/pl\/wp-json\/wp\/v2\/product_cat?post=4600"},{"taxonomy":"product_tag","embeddable":true,"href":"https:\/\/www.horn-wzm.de\/pl\/wp-json\/wp\/v2\/product_tag?post=4600"}],"curies":[{"name":"wp","href":"https:\/\/api.w.org\/{rel}","templated":true}]}}