{"id":4596,"date":"2024-11-12T14:27:53","date_gmt":"2024-11-12T13:27:53","guid":{"rendered":"https:\/\/www.horn-wzm.de\/shop\/unkategorisiert\/gebr-werkzeughalter-star-421-03-00-intnr231131\/"},"modified":"2024-11-12T14:27:53","modified_gmt":"2024-11-12T13:27:53","slug":"gebr-uchwyt-narzedziowy-star-421-03-00-intnr231131","status":"publish","type":"product","link":"https:\/\/www.horn-wzm.de\/pl\/shop\/werkzeughalter\/gebr-werkzeughalter-star-421-03-00-intnr231131\/","title":{"rendered":"markowy uchwyt na narz\u0119dzia STAR 421-03-00 (IntNo231131)"},"content":{"rendered":"<p><b>Lokalizacja:<\/b> Niemcy, Badenia-Wirtembergia, po\u0142udniowy zach\u00f3d<\/p>\n<p><b>Zustand:<\/b> Jak nowy<\/p>\n<p><b>Hersteller:<\/b> STAR Micronics<\/p>\n<p>3-krotny uchwyt narz\u0119dziowy z chwytem 12 x 12 mm do obr\u00f3bki wstecznej<br \/>\nDla przeciwwrzeciona<br \/>\n421-03-00<br \/>\nOdpowiedni dla nast\u0119puj\u0105cych typ\u00f3w maszyn STAR:<br \/>\nST-20-32-38 SV-12-20-32 \/ ECAS<br \/>\nSubject to changes and errors in the technical data and information as well as prior sale!<\/p>","protected":false},"excerpt":{"rendered":"<p>Lokalizacja: Niemcy, Badenia-Wirtembergia S\u00fcdwest Stan: Mint Producent: STAR Micronics 3-krotny uchwyt narz\u0119dziowy z chwytem 12 x 12 mm do obr\u00f3bki wstecznej Do przeciwwrzeciona 421-03-00 Pasuje do nast\u0119puj\u0105cych typ\u00f3w maszyn STAR: ST-20-32-38 SV-12-20-32 \/ ECAS Zastrzega si\u0119 prawo do zmian i b\u0142\u0119d\u00f3w w danych technicznych i informacjach oraz wcze\u015bniejszej sprzeda\u017cy!<\/p>","protected":false},"featured_media":4594,"template":"","meta":[],"product_brand":[],"product_cat":[84],"product_tag":[],"class_list":{"0":"post-4596","1":"product","2":"type-product","3":"status-publish","4":"has-post-thumbnail","6":"product_cat-werkzeughalter","8":"first","9":"instock","10":"taxable","11":"shipping-taxable","12":"product-type-simple"},"aioseo_notices":[],"_links":{"self":[{"href":"https:\/\/www.horn-wzm.de\/pl\/wp-json\/wp\/v2\/product\/4596","targetHints":{"allow":["GET"]}}],"collection":[{"href":"https:\/\/www.horn-wzm.de\/pl\/wp-json\/wp\/v2\/product"}],"about":[{"href":"https:\/\/www.horn-wzm.de\/pl\/wp-json\/wp\/v2\/types\/product"}],"version-history":[{"count":1,"href":"https:\/\/www.horn-wzm.de\/pl\/wp-json\/wp\/v2\/product\/4596\/revisions"}],"predecessor-version":[{"id":4597,"href":"https:\/\/www.horn-wzm.de\/pl\/wp-json\/wp\/v2\/product\/4596\/revisions\/4597"}],"wp:featuredmedia":[{"embeddable":true,"href":"https:\/\/www.horn-wzm.de\/pl\/wp-json\/wp\/v2\/media\/4594"}],"wp:attachment":[{"href":"https:\/\/www.horn-wzm.de\/pl\/wp-json\/wp\/v2\/media?parent=4596"}],"wp:term":[{"taxonomy":"product_brand","embeddable":true,"href":"https:\/\/www.horn-wzm.de\/pl\/wp-json\/wp\/v2\/product_brand?post=4596"},{"taxonomy":"product_cat","embeddable":true,"href":"https:\/\/www.horn-wzm.de\/pl\/wp-json\/wp\/v2\/product_cat?post=4596"},{"taxonomy":"product_tag","embeddable":true,"href":"https:\/\/www.horn-wzm.de\/pl\/wp-json\/wp\/v2\/product_tag?post=4596"}],"curies":[{"name":"wp","href":"https:\/\/api.w.org\/{rel}","templated":true}]}}