{"id":4580,"date":"2024-11-12T13:39:25","date_gmt":"2024-11-12T12:39:25","guid":{"rendered":"https:\/\/www.horn-wzm.de\/shop\/unkategorisiert\/gebr-werkzeughalter-star-221-20-00-intnr231127\/"},"modified":"2024-11-12T13:39:25","modified_gmt":"2024-11-12T12:39:25","slug":"gebr-uchwyt-narzedziowy-star-221-20-00-intnr231127","status":"publish","type":"product","link":"https:\/\/www.horn-wzm.de\/pl\/shop\/werkzeughalter\/gebr-werkzeughalter-star-221-20-00-intnr231127\/","title":{"rendered":"markowy uchwyt narz\u0119dziowy STAR 221-20-00 (IntNo231127)"},"content":{"rendered":"<p><b>Lokalizacja:<\/b> Niemcy, Badenia-Wirtembergia, po\u0142udniowy zach\u00f3d<\/p>\n<p><b>Zustand:<\/b> Jak nowy<\/p>\n<p><b>Hersteller:<\/b> STAR Micronics<\/p>\n<p>Wiertarka\/frezarka poprzeczna ER16<br \/>\n dla wrzeciona g\u0142\u00f3wnego i przeciwwrzeciona<br \/>\n221-50-00 &amp; 221-20-00<br \/>\nOdpowiedni dla nast\u0119puj\u0105cych typ\u00f3w maszyn STAR:<br \/>\nST-20-32-38 SV-12-20-32 \/ ECAS<br \/>\nT\u0142umaczenie 1:1<br \/>\nPr\u0119dko\u015b\u0107 wej\u015bciowa maks. 5750 1\/min<br \/>\nPr\u0119dko\u015b\u0107 wyj\u015bciowa maks. 5750 1\/min<br \/>\nWyj\u015bciowy moment obrotowy maks. 32 Nm<br \/>\nAenderungen und Irrtuemer in den technischen Daten und Angaben sowie Zwischenverkauf vorbehalten!<\/p>\n<p>Przystawka do wiercenia\/frezowania krzy\u017cowego ER16<br \/>\n dla wrzeciona g\u0142\u00f3wnego i przeciwwrzeciona<br \/>\n221-50-00 &amp; 221-20-00<br \/>\nOdpowiedni dla nast\u0119puj\u0105cych typ\u00f3w maszyn STAR:<br \/>\nST-20-32-38 SV-12-20-32 \/ ECAS<br \/>\nPrze\u0142o\u017cenie 1:1<br \/>\nPr\u0119dko\u015b\u0107 wej\u015bciowa maks. 5750 1\/min<br \/>\nPr\u0119dko\u015b\u0107 wyj\u015bciowa maks. 5750 1\/min<br \/>\nWyj\u015bciowy moment obrotowy maks. 32 Nm<br \/>\nSubject to changes and errors in the technical data and information as well as prior sale!<\/p>","protected":false},"excerpt":{"rendered":"<p>Standort: Deutschland, Baden-W\u00fcrttemberg S\u00fcdwest Zustand: Neuwertig Hersteller: STAR Micronics Querbohr-\/Fr\u00e4sapparat ER16 zu Hauptspindel und Gegenspindel 221-50-00 &amp; 221-20-00 Passend f\u00fcr folgende STAR-Maschinentypen: ST-20-32-38 SV-12-20-32 \/ ECAS \u00dcbersetzung 1:1 Eingangsdrehzahl max. 5750 1\/min Ausgangsdrehzahl max. 5750 1\/min Ausgangsdrehmoment max. 32 Nm Aenderungen und Irrtuemer in den technischen Daten und Angaben sowie Zwischenverkauf vorbehalten! Cross drilling\/milling attachment [&hellip;]<\/p>\n","protected":false},"featured_media":4578,"template":"","meta":[],"product_brand":[],"product_cat":[84],"product_tag":[],"class_list":{"0":"post-4580","1":"product","2":"type-product","3":"status-publish","4":"has-post-thumbnail","6":"product_cat-werkzeughalter","8":"first","9":"instock","10":"taxable","11":"shipping-taxable","12":"product-type-simple"},"aioseo_notices":[],"_links":{"self":[{"href":"https:\/\/www.horn-wzm.de\/pl\/wp-json\/wp\/v2\/product\/4580","targetHints":{"allow":["GET"]}}],"collection":[{"href":"https:\/\/www.horn-wzm.de\/pl\/wp-json\/wp\/v2\/product"}],"about":[{"href":"https:\/\/www.horn-wzm.de\/pl\/wp-json\/wp\/v2\/types\/product"}],"version-history":[{"count":1,"href":"https:\/\/www.horn-wzm.de\/pl\/wp-json\/wp\/v2\/product\/4580\/revisions"}],"predecessor-version":[{"id":4581,"href":"https:\/\/www.horn-wzm.de\/pl\/wp-json\/wp\/v2\/product\/4580\/revisions\/4581"}],"wp:featuredmedia":[{"embeddable":true,"href":"https:\/\/www.horn-wzm.de\/pl\/wp-json\/wp\/v2\/media\/4578"}],"wp:attachment":[{"href":"https:\/\/www.horn-wzm.de\/pl\/wp-json\/wp\/v2\/media?parent=4580"}],"wp:term":[{"taxonomy":"product_brand","embeddable":true,"href":"https:\/\/www.horn-wzm.de\/pl\/wp-json\/wp\/v2\/product_brand?post=4580"},{"taxonomy":"product_cat","embeddable":true,"href":"https:\/\/www.horn-wzm.de\/pl\/wp-json\/wp\/v2\/product_cat?post=4580"},{"taxonomy":"product_tag","embeddable":true,"href":"https:\/\/www.horn-wzm.de\/pl\/wp-json\/wp\/v2\/product_tag?post=4580"}],"curies":[{"name":"wp","href":"https:\/\/api.w.org\/{rel}","templated":true}]}}