{"id":4377,"date":"2024-10-23T15:26:36","date_gmt":"2024-10-23T13:26:36","guid":{"rendered":"https:\/\/www.horn-wzm.de\/shop\/unkategorisiert\/gebr-tsugami-hs2075ax-bj-2012-intnr230381\/"},"modified":"2025-02-08T12:05:47","modified_gmt":"2025-02-08T11:05:47","slug":"gebr-tsugami-hs2075ax-bj-2012-intnr230381","status":"publish","type":"product","link":"https:\/\/www.horn-wzm.de\/pl\/shop\/cnc-langdrehmaschinen\/gebr-tsugami-hs2075ax-bj-2012-intnr230381\/","title":{"rendered":"gebr. Tsugami HS2075AX, Bj. 2012 (IntNr230381)"},"content":{"rendered":"<p><b>Lokalizacja:<\/b> Niemcy, Badenia-Wirtembergia, po\u0142udniowy zach\u00f3d<\/p>\n<p><b>Zustand:<\/b> U\u017cywany<\/p>\n<p><b>Hersteller:<\/b> TSUGAMI<\/p>\n<p><b>Modell:<\/b> TSUGAMI<\/p>\n<p><b>Rok budowy:<\/b> 2012<\/p>\n<p>gebr. CNC-Lang-Kurzdreh\/Fr\u00e4szentrum mit B-Achse<br \/>\nBetriebsstunden: 7200<br \/>\nSteuerung: Fanuc 31i-A<br \/>\nBearbeitungsl\u00e4nge: max. 250 mm<br \/>\nAnzahl gesteuerter Achsen: 7 Achsen und max. 5-Achsen simultan<br \/>\nB-Achse: 0\u00b0-130\u00b0 frei programmierbar<br \/>\nStangendurchlass: \u00d8 3 mm bis max. \u00d8 20 mm<br \/>\nAntriebsleistung Hauptspindel: 3,7 kW<br \/>\nAntriebsleistung Gegenspindel: 2,2 kW<br \/>\nDrehzahl Hauptspindel: 10.000 U\/min<br \/>\nDrehzahl Gegenspindel: 10.000 U\/min<br \/>\nC-Achse: Haupt- und Gegenspindel<br \/>\nAnzahl Lineartr\u00e4ger: 2 St\u00fcck<br \/>\nWerkzeuganzahl gesamt: 35 St\u00fcck<br \/>\nAbmessungen (LxBxH) in mm: 2.110\u00d71.200\u00d71.885<br \/>\nGewicht: 3.300 kg<br \/>\nUmbau von Lang- auf Kurzdrehen<br \/>\nTieflochbohrstationen<br \/>\nNAKANISHI Schnelllaufspindel<br \/>\nR\u00fcckseitenschlitten mit Y-Achse<br \/>\nQuerbohren R\u00fcckseite<br \/>\nSp\u00e4nef\u00f6rderer<br \/>\nFeuerl\u00f6schanlage<br \/>\nFMB Stangenlader Minimag 20, Bj. 2012<\/p>\n<p>Die Maschine kann nach Absprache unter Strom besichtigt werden.<br \/>\n\u00c4nderungen und Irrt\u00fcmer in den technischen Daten und Informationen sowie Zwischenverkauf vorbehalten!<\/p>\n<p>u\u017cywane centrum tokarsko-frezarskie CNC typu szwajcarskiego z osi\u0105 B<br \/>\ngodziny pracy: 7200<br \/>\nSterowanie: Fanuc 31i-A<br \/>\nd\u0142ugo\u015b\u0107 obr\u00f3bki: maks. 250 mm<br \/>\nLiczba kontrolowanych osi: 7 osi i maks. 5 osi jednocze\u015bnie<br \/>\nO\u015b B: 0\u00b0-130\u00b0 swobodnie programowalna<br \/>\nPojemno\u015b\u0107 pr\u0119ta: \u00d8 3 mm do maks. \u00d8 20 mm<br \/>\nmoc nap\u0119du wrzeciona g\u0142\u00f3wnego: 3,7 kW<br \/>\nmoc nap\u0119du przeciwwrzeciona: 2,2 kW<br \/>\npr\u0119dko\u015b\u0107 obrotowa wrzeciona g\u0142\u00f3wnego: 10 000 obr.<br \/>\nPr\u0119dko\u015b\u0107 obrotowa przeciwwrzeciona: 10 000 obr.<br \/>\nO\u015b C: wrzeciono g\u0142\u00f3wne i przeciwwrzeciono<br \/>\nliczba no\u015bnik\u00f3w liniowych: 2 sztuki<br \/>\nCa\u0142kowita liczba narz\u0119dzi: 35 sztuk<br \/>\nWymiary (d\u0142. x szer. x wys.) w mm: 2,110\u00d71,200\u00d71,885<br \/>\nwaga: 3,300 kg<br \/>\nKonwersja z d\u0142ugiego na kr\u00f3tki skr\u0119t<br \/>\nStacje wiercenia g\u0142\u0119bokich otwor\u00f3w<br \/>\nWrzeciono wysokoobrotowe NAKANISHI<br \/>\nSuwak tylny z osi\u0105 Y<br \/>\nWiercenie krzy\u017cowe z ty\u0142u<br \/>\nPrzeno\u015bnik wi\u00f3r\u00f3w<br \/>\nSystem ga\u015bniczy<br \/>\nPodajnik pr\u0119t\u00f3w FMB Minimag 20, rok 2012<\/p>\n<p>Po wcze\u015bniejszym um\u00f3wieniu si\u0119 maszyna mo\u017ce zosta\u0107 sprawdzona pod napi\u0119ciem.<br \/>\nChanges and errors in the technical data and information and subject to prior sale!<\/p>","protected":false},"excerpt":{"rendered":"<p>Standort: Deutschland, Baden-W\u00fcrttemberg S\u00fcdwest Zustand: Gebraucht Hersteller: TSUGAMI Modell: TSUGAMI Baujahr: 2012 gebr. CNC-Lang-Kurzdreh\/Fr\u00e4szentrum mit B-Achse Betriebsstunden: 7200 Steuerung: Fanuc 31i-A Bearbeitungsl\u00e4nge: max. 250 mm Anzahl gesteuerter Achsen: 7 Achsen und max. 5-Achsen simultan B-Achse: 0\u00b0-130\u00b0 frei programmierbar Stangendurchlass: \u00d8 3 mm bis max. \u00d8 20 mm Antriebsleistung Hauptspindel: 3,7 kW Antriebsleistung Gegenspindel: 2,2 kW [&hellip;]<\/p>\n","protected":false},"featured_media":5562,"template":"","meta":[],"product_brand":[],"product_cat":[81],"product_tag":[],"class_list":{"0":"post-4377","1":"product","2":"type-product","3":"status-publish","4":"has-post-thumbnail","6":"product_cat-cnc-langdrehmaschinen","8":"first","9":"instock","10":"taxable","11":"shipping-taxable","12":"product-type-simple"},"aioseo_notices":[],"_links":{"self":[{"href":"https:\/\/www.horn-wzm.de\/pl\/wp-json\/wp\/v2\/product\/4377","targetHints":{"allow":["GET"]}}],"collection":[{"href":"https:\/\/www.horn-wzm.de\/pl\/wp-json\/wp\/v2\/product"}],"about":[{"href":"https:\/\/www.horn-wzm.de\/pl\/wp-json\/wp\/v2\/types\/product"}],"version-history":[{"count":2,"href":"https:\/\/www.horn-wzm.de\/pl\/wp-json\/wp\/v2\/product\/4377\/revisions"}],"predecessor-version":[{"id":5571,"href":"https:\/\/www.horn-wzm.de\/pl\/wp-json\/wp\/v2\/product\/4377\/revisions\/5571"}],"wp:featuredmedia":[{"embeddable":true,"href":"https:\/\/www.horn-wzm.de\/pl\/wp-json\/wp\/v2\/media\/5562"}],"wp:attachment":[{"href":"https:\/\/www.horn-wzm.de\/pl\/wp-json\/wp\/v2\/media?parent=4377"}],"wp:term":[{"taxonomy":"product_brand","embeddable":true,"href":"https:\/\/www.horn-wzm.de\/pl\/wp-json\/wp\/v2\/product_brand?post=4377"},{"taxonomy":"product_cat","embeddable":true,"href":"https:\/\/www.horn-wzm.de\/pl\/wp-json\/wp\/v2\/product_cat?post=4377"},{"taxonomy":"product_tag","embeddable":true,"href":"https:\/\/www.horn-wzm.de\/pl\/wp-json\/wp\/v2\/product_tag?post=4377"}],"curies":[{"name":"wp","href":"https:\/\/api.w.org\/{rel}","templated":true}]}}