{"id":4174,"date":"2024-10-23T14:55:50","date_gmt":"2024-10-23T12:55:50","guid":{"rendered":"https:\/\/www.horn-wzm.de\/shop\/unkategorisiert\/gebr-citizen-l520-vii-mit-iemca-baujahr-2003-intnr230445\/"},"modified":"2025-02-08T12:12:58","modified_gmt":"2025-02-08T11:12:58","slug":"gebr-citizen-l520-vii-mit-iemca-baujahr-2003-intnr230445","status":"publish","type":"product","link":"https:\/\/www.horn-wzm.de\/pl\/shop\/cnc-langdrehmaschinen\/gebr-citizen-l520-vii-mit-iemca-baujahr-2003-intnr230445\/","title":{"rendered":"gebr. Citizen L520-VII mit IEMCA Baujahr 2003 (IntNr230445)"},"content":{"rendered":"<p><b>Lokalizacja:<\/b> Niemcy, Badenia-Wirtembergia, po\u0142udniowy zach\u00f3d<\/p>\n<p><b>Zustand:<\/b> U\u017cywany<\/p>\n<p><b>Hersteller:<\/b> Citizen Machinery<\/p>\n<p><b>Rok budowy:<\/b> 2003<\/p>\n<p>gebr. CNC-Langdrehmaschine Citizen L520-VII, Bj. 2003<br \/>\nSteuerung, Cincom Mitsubishi Meldas,<br \/>\n7 Achsen (X1\/Z1\/Y1\/C1\/X2\/Z2\/C2,<br \/>\nStangen-\u00d8 max. 20 mm,<br \/>\nDrehl\u00e4nge max. 205 mm,<br \/>\nHauptspindel, Drehzahl max. 10.000 U\/min, C-Achse 0,001 Grad,<br \/>\nGegenspindel, Drehzahl max. 10.000 U\/min, C-Achse 0,001 Grad,<br \/>\nWerkzeughalter f. insgesamt 18 Werkzeuge (Linearwerkzeughalter, Frontapparat, R\u00fcckseitenbearbeitung),<br \/>\nTeilef\u00f6rderband,<br \/>\nFeuerl\u00f6schanlage<br \/>\nSp\u00e4nef\u00f6rderer,<br \/>\nLademagazin IEMCA BOSS 432r<\/p>\n<p>Die Maschine kann nach Terminvereinbarung unter Strom besichtigt werden.<br \/>\nAenderungen und Irrtuemer in den technischen Daten und Angaben sowie Zwischenverkauf vorbehalten!<\/p>\n<p>u\u017cywana tokarka CNC Citizen L520-VII, rok 2003<br \/>\nkontrola, Cincom Mitsubishi Meldas,<br \/>\n7 osi (X1\/Z1\/Y1\/C1\/X2\/Z2\/C2,<br \/>\nbar-\u00d8 maks. 20 mm,<br \/>\nd\u0142ugo\u015b\u0107 obrotu maks. 205 mm,<br \/>\nwrzeciono g\u0142\u00f3wne, pr\u0119dko\u015b\u0107 maks. 10 000 obr\/min, o\u015b C 0,001 st,<br \/>\nprzeciwwrzeciono, pr\u0119dko\u015b\u0107 maks. 10 000 obr\/min, o\u015b C 0,001 stopnia,<br \/>\nUchwyt narz\u0119dziowy f. \u0142\u0105cznie 18 narz\u0119dzi (liniowy uchwyt narz\u0119dziowy, mocowanie przednie, obr\u00f3bka wsteczna),<br \/>\nprzeno\u015bnik ta\u015bmowy cz\u0119\u015bci,<br \/>\nsystem ga\u015bniczy<br \/>\nprzeno\u015bnik wi\u00f3r\u00f3w,<br \/>\nmagazyn \u0142adowania IEMCA BOSS 432r<\/p>\n<p>Po wcze\u015bniejszym uzgodnieniu maszyna mo\u017ce zosta\u0107 sprawdzona pod napi\u0119ciem.<br \/>\nSubject to changes and errors in the technical data and information as well as prior sale!<\/p>","protected":false},"excerpt":{"rendered":"<p>Standort: Deutschland, Baden-W\u00fcrttemberg S\u00fcdwest Zustand: Gebraucht Hersteller: Citizen Machinery Baujahr: 2003 gebr. CNC-Langdrehmaschine Citizen L520-VII, Bj. 2003 Steuerung, Cincom Mitsubishi Meldas, 7 Achsen (X1\/Z1\/Y1\/C1\/X2\/Z2\/C2, Stangen-\u00d8 max. 20 mm, Drehl\u00e4nge max. 205 mm, Hauptspindel, Drehzahl max. 10.000 U\/min, C-Achse 0,001 Grad, Gegenspindel, Drehzahl max. 10.000 U\/min, C-Achse 0,001 Grad, Werkzeughalter f. insgesamt 18 Werkzeuge (Linearwerkzeughalter, Frontapparat, [&hellip;]<\/p>\n","protected":false},"featured_media":5595,"template":"","meta":[],"product_brand":[],"product_cat":[81],"product_tag":[],"class_list":{"0":"post-4174","1":"product","2":"type-product","3":"status-publish","4":"has-post-thumbnail","6":"product_cat-cnc-langdrehmaschinen","8":"first","9":"instock","10":"taxable","11":"shipping-taxable","12":"product-type-simple"},"aioseo_notices":[],"_links":{"self":[{"href":"https:\/\/www.horn-wzm.de\/pl\/wp-json\/wp\/v2\/product\/4174","targetHints":{"allow":["GET"]}}],"collection":[{"href":"https:\/\/www.horn-wzm.de\/pl\/wp-json\/wp\/v2\/product"}],"about":[{"href":"https:\/\/www.horn-wzm.de\/pl\/wp-json\/wp\/v2\/types\/product"}],"version-history":[{"count":1,"href":"https:\/\/www.horn-wzm.de\/pl\/wp-json\/wp\/v2\/product\/4174\/revisions"}],"predecessor-version":[{"id":4175,"href":"https:\/\/www.horn-wzm.de\/pl\/wp-json\/wp\/v2\/product\/4174\/revisions\/4175"}],"wp:featuredmedia":[{"embeddable":true,"href":"https:\/\/www.horn-wzm.de\/pl\/wp-json\/wp\/v2\/media\/5595"}],"wp:attachment":[{"href":"https:\/\/www.horn-wzm.de\/pl\/wp-json\/wp\/v2\/media?parent=4174"}],"wp:term":[{"taxonomy":"product_brand","embeddable":true,"href":"https:\/\/www.horn-wzm.de\/pl\/wp-json\/wp\/v2\/product_brand?post=4174"},{"taxonomy":"product_cat","embeddable":true,"href":"https:\/\/www.horn-wzm.de\/pl\/wp-json\/wp\/v2\/product_cat?post=4174"},{"taxonomy":"product_tag","embeddable":true,"href":"https:\/\/www.horn-wzm.de\/pl\/wp-json\/wp\/v2\/product_tag?post=4174"}],"curies":[{"name":"wp","href":"https:\/\/api.w.org\/{rel}","templated":true}]}}