{"id":4127,"date":"2024-10-23T14:52:49","date_gmt":"2024-10-23T12:52:49","guid":{"rendered":"https:\/\/www.horn-wzm.de\/shop\/unkategorisiert\/werkzeughalter-agw_star-3-spindel-frontalbohr-fraesapparat-er16_nr-661-51-0-intnr202101166\/"},"modified":"2024-10-23T14:52:49","modified_gmt":"2024-10-23T12:52:49","slug":"uchwyt-narzedziowy-agw_star-3-wrzecionowa-przystawka-do-wiercenia-czolowego-i-frezowania-er16_nr-661-51-0-intnr202101166","status":"publish","type":"product","link":"https:\/\/www.horn-wzm.de\/pl\/shop\/werkzeughalter\/werkzeughalter-agw_star-3-spindel-frontalbohr-fraesapparat-er16_nr-661-51-0-intnr202101166\/","title":{"rendered":"Uchwyt narz\u0119dziowy AGW_Star - 3-wrzecionowa czo\u0142owa przystawka do wiercenia\/frezowania ER16_No.661-51-0 (IntNo202101166)"},"content":{"rendered":"<p><b>Lokalizacja:<\/b> Niemcy, Badenia-Wirtembergia, po\u0142udniowy zach\u00f3d<\/p>\n<p><b>Zustand:<\/b> Jak nowy<\/p>\n<p><b>Hersteller:<\/b> STAR Micronics<\/p>\n<p><b>Modell:<\/b> ER16_No.661-51-00<\/p>\n<p><b>Rok budowy:<\/b> 2016<\/p>\n<p>Uchwyt narz\u0119dziowy Star 3-wrzecionowa przednia przystawka do wiercenia\/frezowania ER16<br \/>\nNr 661-51-00<br \/>\n(S_No_327989-4)<br \/>\ndla wrzeciona g\u0142\u00f3wnego<br \/>\nPassend f\u00fcr Star Typen:<br \/>\nStar ECAS-12\/20; SB-12\/20R; SB-16III; SD-26C\/E\/G\/S; SL-7\/10<br \/>\nSR-10J; SR-20J\/JN; SR-20JII-A; SR-20JII-B; SR-20RII; SR-20RIII<br \/>\nSR-20RIV; SR-32J\/JN; SR-32JII-A; SR-32JII-B\/JIII-B; SR-38 (typ A\/B)<br \/>\nSV-20R; SW-12RII; SW-20<\/p>\n<p>Drehzahl max. 8000 1\/mm<br \/>\nmaks. 13 Nm<br \/>\nT\u0142umaczenie 1:1<br \/>\nAenderungen und Irrtuemer in den technischen Daten und Angaben sowie Zwischenverkauf vorbehalten!<\/p>\n<p>Uchwyt narz\u0119dziowy Star-3-wrzecionowa przednia przystawka do wiercenia\/frezowania ER16<br \/>\nNr 661-51-00<br \/>\n(S_No_327989-4)<br \/>\ndla wrzeciona g\u0142\u00f3wnego<br \/>\nOdpowiedni dla typ\u00f3w Star:<br \/>\nStar ECAS-12\/20; SB-12\/20R; SB-16III; SD-26C\/E\/G\/S; SL-7\/10<br \/>\nSR-10J; SR-20J\/JN; SR-20JII-A; SR-20JII-B; SR-20RII; SR-20RIII<br \/>\nSR-20RIV; SR-32J\/JN; SR-32JII-A; SR-32JII-B\/JIII-B; SR-38 (typ A\/B)<br \/>\nSV-20R; SW-12RII; SW-20<\/p>\n<p>Pr\u0119dko\u015b\u0107 maks. 8000 1\/mm<br \/>\nmaks. 13 Nm<br \/>\nPrze\u0142o\u017cenie 1:1<br \/>\nZ zastrze\u017ceniem zmian i b\u0142\u0119d\u00f3w w danych technicznych i informacjach, a tak\u017ce wcze\u015bniejszej sprzeda\u017cy!<\/p>","protected":false},"excerpt":{"rendered":"<p>Standort: Deutschland, Baden-W\u00fcrttemberg S\u00fcdwest Zustand: Neuwertig Hersteller: STAR Micronics Modell: ER16_Nr.661-51-00 Baujahr: 2016 Werkzeughalter Star-3-Spindel-Frontalbohr-Fr\u00e4sapparat ER16 Nr.661-51-00 (S_Nr_327989-4) f\u00fcr die Hauptspindel Passend f\u00fcr Star Typen: Star ECAS-12\/20; SB-12\/20R; SB-16III; SD-26C\/E\/G\/S;SL-7\/10 SR-10J; SR-20J\/JN; SR-20JII-A; SR-20JII-B; SR-20RII;SR-20RIII SR-20RIV; SR-32J\/JN; SR-32JII-A; SR-32JII-B\/JIII-B; SR-38 (Type A\/B) SV-20R; SW-12RII; SW-20 Drehzahl max. 8000 1\/mm max. 13 Nm Uebersetzung 1:1 Aenderungen [&hellip;]<\/p>\n","protected":false},"featured_media":4124,"template":"","meta":[],"product_brand":[],"product_cat":[84],"product_tag":[],"class_list":{"0":"post-4127","1":"product","2":"type-product","3":"status-publish","4":"has-post-thumbnail","6":"product_cat-werkzeughalter","8":"first","9":"instock","10":"taxable","11":"shipping-taxable","12":"product-type-simple"},"aioseo_notices":[],"_links":{"self":[{"href":"https:\/\/www.horn-wzm.de\/pl\/wp-json\/wp\/v2\/product\/4127","targetHints":{"allow":["GET"]}}],"collection":[{"href":"https:\/\/www.horn-wzm.de\/pl\/wp-json\/wp\/v2\/product"}],"about":[{"href":"https:\/\/www.horn-wzm.de\/pl\/wp-json\/wp\/v2\/types\/product"}],"version-history":[{"count":1,"href":"https:\/\/www.horn-wzm.de\/pl\/wp-json\/wp\/v2\/product\/4127\/revisions"}],"predecessor-version":[{"id":4128,"href":"https:\/\/www.horn-wzm.de\/pl\/wp-json\/wp\/v2\/product\/4127\/revisions\/4128"}],"wp:featuredmedia":[{"embeddable":true,"href":"https:\/\/www.horn-wzm.de\/pl\/wp-json\/wp\/v2\/media\/4124"}],"wp:attachment":[{"href":"https:\/\/www.horn-wzm.de\/pl\/wp-json\/wp\/v2\/media?parent=4127"}],"wp:term":[{"taxonomy":"product_brand","embeddable":true,"href":"https:\/\/www.horn-wzm.de\/pl\/wp-json\/wp\/v2\/product_brand?post=4127"},{"taxonomy":"product_cat","embeddable":true,"href":"https:\/\/www.horn-wzm.de\/pl\/wp-json\/wp\/v2\/product_cat?post=4127"},{"taxonomy":"product_tag","embeddable":true,"href":"https:\/\/www.horn-wzm.de\/pl\/wp-json\/wp\/v2\/product_tag?post=4127"}],"curies":[{"name":"wp","href":"https:\/\/api.w.org\/{rel}","templated":true}]}}