{"id":4122,"date":"2024-10-23T14:52:31","date_gmt":"2024-10-23T12:52:31","guid":{"rendered":"https:\/\/www.horn-wzm.de\/shop\/unkategorisiert\/werkzeughalter-agw_star-2-spindel-front-rueckseitenbearbeitung-er11_nr-431-59-art-nr-18136-intnr202101167\/"},"modified":"2024-10-23T14:52:31","modified_gmt":"2024-10-23T12:52:31","slug":"uchwyt-narzedziowy-agw_star-2-wrzeciono-przod-tyl-obrobka-er11_nr-431-59-art-nr-18136-intnr202101167","status":"publish","type":"product","link":"https:\/\/www.horn-wzm.de\/pl\/shop\/werkzeughalter\/werkzeughalter-agw_star-2-spindel-front-rueckseitenbearbeitung-er11_nr-431-59-art-nr-18136-intnr202101167\/","title":{"rendered":"Uchwyt narz\u0119dziowy AGW_Star -2-wrzecionowy do obr\u00f3bki przedniej\/tylnej ER11_No.431-59 \/ Nr artyku\u0142u: 18136 (IntNo202101167)"},"content":{"rendered":"<p><b>Zustand:<\/b> Nowo\u015b\u0107<\/p>\n<p><b>Hersteller:<\/b> STAR Micronics<\/p>\n<p>Uchwyt narz\u0119dziowy Star-2-Wrzeciono przednie do wiercenia\/frezowania ER16<br \/>\ndo obr\u00f3bki przedniej\/tylnej<br \/>\nNr 431-59 \/ Nr artyku\u0142u: 18136 <\/p>\n<p>Wed\u0142ug Star Odpowiedni dla typ\u00f3w:<br \/>\nECAS-32T; ST-38; SV-32; SV-38R; SX-38-A<br \/>\nPr\u0119dko\u015b\u0107 maks. 6000 1\/mm<br \/>\nmaks. 13 Nm<br \/>\nT\u0142umaczenie 1:1<br \/>\nAenderungen und Irrtuemer in den technischen Daten und Angaben sowie Zwischenverkauf vorbehalten!<\/p>","protected":false},"excerpt":{"rendered":"<p>Stan: Nowy Producent: STAR Micronics Oprawka narz\u0119dziowa Star-2-Wrzeciono-Frezarka czo\u0142owa ER16 do obr\u00f3bki prz\u00f3d\/ty\u0142 Nr 431-59 \/ Nr art.: 18136 Lt. Star Pasuje do typ\u00f3w: ECAS-32T; ST-38; SV-32; SV-38R; SX-38-A Pr\u0119dko\u015b\u0107 maks. 6000 1\/mm maks. 13 Nm Prze\u0142o\u017cenie 1:1 Zastrzega si\u0119 mo\u017cliwo\u015b\u0107 zmian i b\u0142\u0119d\u00f3w w danych technicznych i informacjach oraz wcze\u015bniejszej sprzeda\u017cy!<\/p>","protected":false},"featured_media":4121,"template":"","meta":[],"product_brand":[],"product_cat":[84],"product_tag":[],"class_list":{"0":"post-4122","1":"product","2":"type-product","3":"status-publish","4":"has-post-thumbnail","6":"product_cat-werkzeughalter","8":"first","9":"instock","10":"taxable","11":"shipping-taxable","12":"product-type-simple"},"aioseo_notices":[],"_links":{"self":[{"href":"https:\/\/www.horn-wzm.de\/pl\/wp-json\/wp\/v2\/product\/4122","targetHints":{"allow":["GET"]}}],"collection":[{"href":"https:\/\/www.horn-wzm.de\/pl\/wp-json\/wp\/v2\/product"}],"about":[{"href":"https:\/\/www.horn-wzm.de\/pl\/wp-json\/wp\/v2\/types\/product"}],"version-history":[{"count":1,"href":"https:\/\/www.horn-wzm.de\/pl\/wp-json\/wp\/v2\/product\/4122\/revisions"}],"predecessor-version":[{"id":4123,"href":"https:\/\/www.horn-wzm.de\/pl\/wp-json\/wp\/v2\/product\/4122\/revisions\/4123"}],"wp:featuredmedia":[{"embeddable":true,"href":"https:\/\/www.horn-wzm.de\/pl\/wp-json\/wp\/v2\/media\/4121"}],"wp:attachment":[{"href":"https:\/\/www.horn-wzm.de\/pl\/wp-json\/wp\/v2\/media?parent=4122"}],"wp:term":[{"taxonomy":"product_brand","embeddable":true,"href":"https:\/\/www.horn-wzm.de\/pl\/wp-json\/wp\/v2\/product_brand?post=4122"},{"taxonomy":"product_cat","embeddable":true,"href":"https:\/\/www.horn-wzm.de\/pl\/wp-json\/wp\/v2\/product_cat?post=4122"},{"taxonomy":"product_tag","embeddable":true,"href":"https:\/\/www.horn-wzm.de\/pl\/wp-json\/wp\/v2\/product_tag?post=4122"}],"curies":[{"name":"wp","href":"https:\/\/api.w.org\/{rel}","templated":true}]}}