{"id":4957,"date":"2024-12-11T13:09:58","date_gmt":"2024-12-11T12:09:58","guid":{"rendered":"https:\/\/www.horn-wzm.de\/?page_id=4957"},"modified":"2024-12-11T13:10:00","modified_gmt":"2024-12-11T12:10:00","slug":"agb","status":"publish","type":"page","link":"https:\/\/www.horn-wzm.de\/pl\/agb\/","title":{"rendered":"GTC"},"content":{"rendered":"<p>1. ZAKRES ZASTOSOWANIA<\/p>\n\n\n\n<p>Poni\u017csze warunki maj\u0105 zastosowanie do wszystkich zam\u00f3wie\u0144 sk\u0142adanych za po\u015brednictwem naszego sklepu internetowego przez konsument\u00f3w i przedsi\u0119biorc\u00f3w.<\/p>\n\n\n\n<p>Konsumentem jest ka\u017cda osoba fizyczna, kt\u00f3ra dokonuje czynno\u015bci prawnej w celach, kt\u00f3re w przewa\u017caj\u0105cej mierze nie s\u0105 zwi\u0105zane z jej dzia\u0142alno\u015bci\u0105 handlow\u0105, gospodarcz\u0105 lub zawodow\u0105. Przedsi\u0119biorca to osoba fizyczna, prawna lub sp\u00f3\u0142ka osobowa posiadaj\u0105ca zdolno\u015b\u0107 prawn\u0105, kt\u00f3ra, dokonuj\u0105c czynno\u015bci prawnej, dzia\u0142a w ramach swojej dzia\u0142alno\u015bci handlowej, gospodarczej lub zawodowej.<\/p>\n\n\n\n<p>W odniesieniu do przedsi\u0119biorc\u00f3w obowi\u0105zuj\u0105 nast\u0119puj\u0105ce postanowienia: Je\u017celi przedsi\u0119biorca stosuje sprzeczne lub uzupe\u0142niaj\u0105ce og\u00f3lne warunki, ich wa\u017cno\u015b\u0107 zostaje niniejszym odrzucona; staj\u0105 si\u0119 one cz\u0119\u015bci\u0105 umowy tylko wtedy, gdy wyra\u017anie si\u0119 na nie zgodzili\u015bmy.<\/p>\n\n\n\n<p>2. PARTNERZY UMOWNI, ZAWARCIE UMOWY, OPCJE KOREKTY<\/p>\n\n\n\n<p>Umieszczaj\u0105c produkty w sklepie internetowym, sk\u0142adamy wi\u0105\u017c\u0105c\u0105 ofert\u0119 zawarcia umowy na te produkty. U\u017cytkownik mo\u017ce pocz\u0105tkowo umie\u015bci\u0107 nasze produkty w koszyku bez zobowi\u0105za\u0144 i skorygowa\u0107 swoje wpisy w dowolnym momencie przed wys\u0142aniem wi\u0105\u017c\u0105cego zam\u00f3wienia, korzystaj\u0105c z pomocy korekcyjnych dostarczonych i wyja\u015bnionych w tym celu w procesie zam\u00f3wienia. Umowa zostaje zawarta w momencie zaakceptowania oferty na towary znajduj\u0105ce si\u0119 w koszyku poprzez klikni\u0119cie przycisku zam\u00f3wienia. Natychmiast po wys\u0142aniu zam\u00f3wienia u\u017cytkownik otrzyma kolejne potwierdzenie poczt\u0105 elektroniczn\u0105.<\/p>\n\n\n\n<p>3. J\u0118ZYK UMOWY, PRZECHOWYWANIE TEKSTU UMOWY<\/p>\n\n\n\n<p>J\u0119zyki dost\u0119pne do zawarcia umowy: Niemiecki<\/p>\n\n\n\n<p>Zapisujemy tekst umowy i wysy\u0142amy dane zam\u00f3wienia. Tekst umowy i regulamin mo\u017cna wy\u015bwietli\u0107 w naszym loginie klienta.<\/p>\n\n\n\n<p>4. WARUNKI DOSTAWY<\/p>\n\n\n\n<p>Opr\u00f3cz podanych cen produkt\u00f3w mog\u0105 obowi\u0105zywa\u0107 koszty wysy\u0142ki. Wi\u0119cej informacji na temat koszt\u00f3w wysy\u0142ki mo\u017cna znale\u017a\u0107 w ofertach.<\/p>\n\n\n\n<p>5) P\u0141ATNO\u015a\u0106<\/p>\n\n\n\n<p>W naszym sklepie dost\u0119pne s\u0105 nast\u0119puj\u0105ce metody p\u0142atno\u015bci:<\/p>\n\n\n\n<p>Przedp\u0142ata<\/p>\n\n\n\n<p>Je\u015bli zdecydujesz si\u0119 zap\u0142aci\u0107 z g\u00f3ry, prze\u015blemy Ci nasze dane bankowe w osobnej wiadomo\u015bci e-mail i dostarczymy towar po otrzymaniu p\u0142atno\u015bci.<\/p>\n\n\n\n<p>Za pobraniem<\/p>\n\n\n\n<p>U\u017cytkownik p\u0142aci cen\u0119 zakupu bezpo\u015brednio dostawcy. Obowi\u0105zuje dodatkowa op\u0142ata w wysoko\u015bci 6,50 euro.<\/p>\n\n\n\n<p>Karta kredytowa<\/p>\n\n\n\n<p>U\u017cytkownik wprowadza dane karty kredytowej podczas sk\u0142adania zam\u00f3wienia. Po potwierdzeniu, \u017ce jeste\u015b prawowitym posiadaczem karty, transakcja p\u0142atnicza zostanie przeprowadzona automatycznie, a Twoja karta zostanie obci\u0105\u017cona.<\/p>\n\n\n\n<p>PayPal Plus<\/p>\n\n\n\n<p>W ramach us\u0142ugi p\u0142atno\u015bci PayPal Plus oferujemy r\u00f3\u017cne metody p\u0142atno\u015bci jako us\u0142ugi PayPal. Zostaniesz przekierowany na stron\u0119 internetow\u0105 dostawcy internetowego PayPal. Mo\u017cna tam wprowadzi\u0107 szczeg\u00f3\u0142y p\u0142atno\u015bci, potwierdzi\u0107 wykorzystanie danych przez PayPal oraz instrukcje dotycz\u0105ce p\u0142atno\u015bci dla PayPal.<\/p>\n\n\n\n<p>Je\u015bli u\u017cytkownik wybra\u0142 metod\u0119 p\u0142atno\u015bci PayPal, musi by\u0107 tam zarejestrowany lub najpierw zarejestrowa\u0107 si\u0119 i potwierdzi\u0107 swoje dane dost\u0119powe, aby m\u00f3c zap\u0142aci\u0107 kwot\u0119 faktury. Transakcja p\u0142atno\u015bci zostanie przeprowadzona automatycznie przez PayPal natychmiast po potwierdzeniu instrukcji p\u0142atno\u015bci. U\u017cytkownik otrzyma dalsze instrukcje podczas procesu sk\u0142adania zam\u00f3wienia.<\/p>\n\n\n\n<p>Google Pay<\/p>\n\n\n\n<p>Aby m\u00f3c zap\u0142aci\u0107 kwot\u0119 faktury za po\u015brednictwem Google Pay, u\u017cytkownik musi by\u0107 zarejestrowany u us\u0142ugodawcy Google, aktywowa\u0107 funkcj\u0119 Google Pay, potwierdzi\u0107 swoje dane dost\u0119powe i potwierdzi\u0107 instrukcj\u0119 p\u0142atno\u015bci. Transakcja p\u0142atno\u015bci jest przeprowadzana natychmiast po z\u0142o\u017ceniu zam\u00f3wienia. U\u017cytkownik otrzyma dalsze instrukcje podczas procesu sk\u0142adania zam\u00f3wienia.<\/p>\n\n\n\n<p>Amazon Pay<\/p>\n\n\n\n<p>Podczas procesu sk\u0142adania zam\u00f3wienia u\u017cytkownik zostanie przekierowany na stron\u0119 internetow\u0105 dostawcy internetowego Amazon przed zako\u0144czeniem procesu sk\u0142adania zam\u00f3wienia w naszym sklepie internetowym. Aby zako\u0144czy\u0107 proces zam\u00f3wienia i zap\u0142aci\u0107 kwot\u0119 faktury za po\u015brednictwem Amazon, u\u017cytkownik musi by\u0107 tam zarejestrowany lub najpierw zarejestrowa\u0107 si\u0119 i potwierdzi\u0107 swoje dane dost\u0119powe. Tam mo\u017cna wybra\u0107 adres dostawy i metod\u0119 p\u0142atno\u015bci przechowywane w Amazon, potwierdzi\u0107 wykorzystanie swoich danych przez Amazon oraz instrukcje dotycz\u0105ce p\u0142atno\u015bci dla nas. Nast\u0119pnie zostaniesz przekierowany z powrotem do naszego sklepu internetowego, gdzie b\u0119dziesz m\u00f3g\u0142 doko\u0144czy\u0107 proces sk\u0142adania zam\u00f3wienia. Natychmiast po z\u0142o\u017ceniu zam\u00f3wienia poprosimy Amazon o zainicjowanie transakcji p\u0142atniczej. Transakcja p\u0142atno\u015bci jest przeprowadzana automatycznie przez Amazon. Dalsze instrukcje otrzymasz podczas procesu sk\u0142adania zam\u00f3wienia.<\/p>\n\n\n\n<p>6. PRAWO DO ANULOWANIA<\/p>\n\n\n\n<p>Konsumentom przys\u0142uguje ustawowe prawo do odst\u0105pienia od umowy zgodnie z opisem w polityce odst\u0105pienia od umowy. Przedsi\u0119biorcom nie przys\u0142uguje dobrowolne prawo do odst\u0105pienia od umowy.<\/p>\n\n\n\n<p>7. ZASTRZE\u017bENIE W\u0141ASNO\u015aCI<\/p>\n\n\n\n<p>Towary pozostaj\u0105 nasz\u0105 w\u0142asno\u015bci\u0105 do momentu otrzymania pe\u0142nej zap\u0142aty.<\/p>\n\n\n\n<p>W przypadku przedsi\u0119biorc\u00f3w obowi\u0105zuj\u0105 r\u00f3wnie\u017c nast\u0119puj\u0105ce zasady: Zastrzegamy sobie prawo w\u0142asno\u015bci towar\u00f3w do czasu ca\u0142kowitego uregulowania wszystkich roszcze\u0144 wynikaj\u0105cych z trwaj\u0105cych stosunk\u00f3w handlowych. U\u017cytkownik mo\u017ce odsprzeda\u0107 towary obj\u0119te zastrze\u017ceniem w\u0142asno\u015bci w ramach zwyk\u0142ej dzia\u0142alno\u015bci gospodarczej; u\u017cytkownik ceduje na nas z g\u00f3ry wszystkie roszczenia wynikaj\u0105ce z tej odsprzeda\u017cy - niezale\u017cnie od po\u0142\u0105czenia lub zmieszania towar\u00f3w obj\u0119tych zastrze\u017ceniem w\u0142asno\u015bci z nowym przedmiotem - w wysoko\u015bci kwoty faktury, a my akceptujemy t\u0119 cesj\u0119. U\u017cytkownik pozostaje upowa\u017cniony do dochodzenia roszcze\u0144, ale mo\u017cemy r\u00f3wnie\u017c sami dochodzi\u0107 roszcze\u0144, je\u015bli u\u017cytkownik nie wywi\u0105\u017ce si\u0119 ze swoich zobowi\u0105za\u0144 p\u0142atniczych.<\/p>\n\n\n\n<p>8. USZKODZENIA TRANSPORTOWE<\/p>\n\n\n\n<p>W przypadku dostarczenia towar\u00f3w z widocznymi uszkodzeniami transportowymi, prosimy o jak najszybsze z\u0142o\u017cenie reklamacji u dostawcy i niezw\u0142oczne skontaktowanie si\u0119 z nami. Zaniechanie z\u0142o\u017cenia reklamacji lub skontaktowania si\u0119 z nami nie ma \u017cadnych konsekwencji dla roszcze\u0144 prawnych i ich egzekwowania, w szczeg\u00f3lno\u015bci praw gwarancyjnych. Pomo\u017ce nam to jednak w dochodzeniu naszych w\u0142asnych roszcze\u0144 wobec przewo\u017anika lub firmy ubezpieczeniowej zajmuj\u0105cej si\u0119 transportem.<\/p>\n\n\n\n<p>W odniesieniu do przedsi\u0119biorc\u00f3w zastosowanie maj\u0105 nast\u0119puj\u0105ce postanowienia: Ryzyko przypadkowej utraty i przypadkowego pogorszenia stanu przechodzi na u\u017cytkownika z chwil\u0105 dostarczenia przez nas towar\u00f3w spedytorowi, przewo\u017anikowi lub innej osobie lub instytucji wyznaczonej do realizacji wysy\u0142ki. Obowi\u0105zek sprawdzenia i zawiadomienia o wadach uregulowany w \u00a7 377 HGB dotyczy kupc\u00f3w. Je\u015bli nie powiadomisz nas zgodnie z tym przepisem, towary zostan\u0105 uznane za zatwierdzone, chyba \u017ce wada nie by\u0142a rozpoznawalna podczas kontroli. Nie ma to zastosowania, je\u015bli wada zosta\u0142a przez nas podst\u0119pnie ukryta.<\/p>\n\n\n\n<p>9. GWARANCJA I R\u0118KOJMIA<\/p>\n\n\n\n<p>O ile wyra\u017anie nie uzgodniono inaczej poni\u017cej, zastosowanie ma ustawowa odpowiedzialno\u015b\u0107 za wady.<\/p>\n\n\n\n<p>W przypadku zakupu towar\u00f3w u\u017cywanych przez konsument\u00f3w obowi\u0105zuj\u0105 nast\u0119puj\u0105ce zasady: je\u015bli wada wyst\u0105pi po up\u0142ywie jednego roku od dostawy towaru, roszczenia z tytu\u0142u wad s\u0105 wykluczone. Wady, kt\u00f3re wyst\u0105pi\u0105 w ci\u0105gu jednego roku od dostawy towar\u00f3w, mog\u0105 by\u0107 zg\u0142aszane w ustawowym terminie przedawnienia wynosz\u0105cym dwa lata od dostawy towar\u00f3w.<\/p>\n\n\n\n<p>W przypadku przedsi\u0119biorc\u00f3w okres przedawnienia roszcze\u0144 gwarancyjnych dla nowo wyprodukowanych towar\u00f3w wynosi jeden rok od przeniesienia ryzyka. Sprzeda\u017c towar\u00f3w u\u017cywanych podlega wy\u0142\u0105czeniu jakiejkolwiek gwarancji. Ustawowe terminy przedawnienia prawa do regresu zgodnie z \u00a7 445a BGB pozostaj\u0105 nienaruszone.<\/p>\n\n\n\n<p>W odniesieniu do przedsi\u0119biorc\u00f3w, tylko nasze w\u0142asne informacje i opisy produkt\u00f3w producenta zawarte w umowie b\u0119d\u0105 uwa\u017cane za umow\u0119 dotycz\u0105c\u0105 jako\u015bci towar\u00f3w; nie ponosimy odpowiedzialno\u015bci za publiczne o\u015bwiadczenia producenta lub inne o\u015bwiadczenia reklamowe.<\/p>\n\n\n\n<p>Je\u015bli dostarczony przedmiot jest wadliwy, pocz\u0105tkowo udzielimy gwarancji przedsi\u0119biorcom wed\u0142ug naszego uznania, usuwaj\u0105c wad\u0119 (naprawa) lub dostarczaj\u0105c przedmiot wolny od wad (dostawa zast\u0119pcza).<\/p>\n\n\n\n<p>Powy\u017csze ograniczenia i skr\u00f3cenie termin\u00f3w nie maj\u0105 zastosowania do roszcze\u0144 opartych na szkodach spowodowanych przez nas, naszych przedstawicieli prawnych lub zast\u0119pc\u00f3w prawnych<\/p>\n\n\n\n<p>- w przypadku uszczerbku na \u017cyciu, ciele lub zdrowiu<\/p>\n\n\n\n<p>- w przypadku umy\u015blnego lub ra\u017c\u0105co niedba\u0142ego naruszenia obowi\u0105zk\u00f3w i zamiaru oszustwa<\/p>\n\n\n\n<p>- w przypadku naruszenia istotnych zobowi\u0105za\u0144 umownych, kt\u00f3rych wype\u0142nienie jest niezb\u0119dne do prawid\u0142owego wykonania umowy i na kt\u00f3rych przestrzeganiu partner umowy mo\u017ce regularnie polega\u0107 (zobowi\u0105zania kardynalne)<\/p>\n\n\n\n<p>- w ramach przyrzeczenia gwarancji, je\u015bli zosta\u0142o to uzgodnione, lub<\/p>\n\n\n\n<p>- w zakresie, w jakim otwiera si\u0119 zakres stosowania ustawy o odpowiedzialno\u015bci za produkt.<\/p>\n\n\n\n<p>Informacje na temat wszelkich dodatkowych gwarancji, kt\u00f3re mog\u0105 mie\u0107 zastosowanie, oraz ich dok\u0142adnych warunk\u00f3w mo\u017cna znale\u017a\u0107 wraz z produktem oraz na specjalnych stronach informacyjnych w sklepie internetowym.<\/p>\n\n\n\n<p>10) ODPOWIEDZIALNO\u015a\u0106<\/p>\n\n\n\n<p>Zawsze ponosimy nieograniczon\u0105 odpowiedzialno\u015b\u0107 za roszczenia oparte na szkodach spowodowanych przez nas, naszych przedstawicieli prawnych lub pomocnik\u00f3w<\/p>\n\n\n\n<p>- w przypadku uszczerbku na \u017cyciu, ciele lub zdrowiu<\/p>\n\n\n\n<p>- w przypadku umy\u015blnego lub ra\u017c\u0105co niedba\u0142ego naruszenia obowi\u0105zk\u00f3w<\/p>\n\n\n\n<p>- dla obietnic gwarancyjnych, je\u015bli zosta\u0142y uzgodnione, lub<\/p>\n\n\n\n<p>- w zakresie, w jakim otwiera si\u0119 zakres stosowania ustawy o odpowiedzialno\u015bci za produkt.<\/p>\n\n\n\n<p>W przypadku naruszenia istotnych zobowi\u0105za\u0144 umownych, kt\u00f3rych wype\u0142nienie jest niezb\u0119dne do prawid\u0142owego wykonania umowy i na kt\u00f3rych przestrzeganiu partner umowy mo\u017ce regularnie polega\u0107 (zobowi\u0105zania kardynalne) z powodu niewielkiego zaniedbania z naszej strony, naszych przedstawicieli prawnych lub zast\u0119pc\u00f3w, kwota odpowiedzialno\u015bci jest ograniczona do szkody mo\u017cliwej do przewidzenia w momencie zawarcia umowy, kt\u00f3rej wyst\u0105pienia nale\u017cy zwykle oczekiwa\u0107.<\/p>\n\n\n\n<p>W przeciwnym razie roszczenia o odszkodowanie s\u0105 wykluczone.<\/p>\n\n\n\n<p>11. ROZSTRZYGANIE SPOR\u00d3W<\/p>\n\n\n\n<p>Komisja Europejska zapewnia platform\u0119 internetowego rozstrzygania spor\u00f3w (OS), kt\u00f3r\u0105 mo\u017cna znale\u017a\u0107 tutaj. Nie jeste\u015bmy zobowi\u0105zani ani ch\u0119tni do udzia\u0142u w procedurze rozstrzygania spor\u00f3w przed komisj\u0105 arbitra\u017cow\u0105 ds. konsument\u00f3w.<\/p>\n\n\n\n<p>12. OCHRONA MA\u0141OLETNICH<\/p>\n\n\n\n<p>Je\u015bli zam\u00f3wienie obejmuje towary, kt\u00f3rych sprzeda\u017c podlega ograniczeniom wiekowym, stosujemy niezawodn\u0105 procedur\u0119 obejmuj\u0105c\u0105 kontrol\u0119 to\u017csamo\u015bci i wieku, aby upewni\u0107 si\u0119, \u017ce klient osi\u0105gn\u0105\u0142 wymagany minimalny wiek. Dostawca przeka\u017ce towary wy\u0142\u0105cznie po przeprowadzeniu kontroli wieku i tylko klientowi osobi\u015bcie.<\/p>\n\n\n\n<p>13. OG\u00d3LNE<\/p>\n\n\n\n<p>Wygl\u0105d produkt\u00f3w mo\u017ce r\u00f3\u017cni\u0107 si\u0119 od przedstawionego na zdj\u0119ciach.&nbsp;<\/p>\n\n\n\n<p>14. POSTANOWIENIA KO\u0143COWE<\/p>\n\n\n\n<p>Je\u015bli u\u017cytkownik jest przedsi\u0119biorc\u0105, zastosowanie ma prawo niemieckie z wy\u0142\u0105czeniem Konwencji Narod\u00f3w Zjednoczonych o umowach mi\u0119dzynarodowej sprzeda\u017cy towar\u00f3w.<\/p>","protected":false},"excerpt":{"rendered":"<p>1. GELTUNGSBEREICH F\u00fcr alle Bestellungen \u00fcber unseren Online-Shop durch Verbraucher und Unternehmer gelten die nachfolgenden AGB. Verbraucher ist jede nat\u00fcrliche Person, die ein Rechtsgesch\u00e4ft zu Zwecken abschlie\u00dft, die \u00fcberwiegend weder ihrer gewerblichen noch ihrer selbst\u00e4ndigen beruflichen T\u00e4tigkeit zugerechnet werden k\u00f6nnen. Unternehmer ist eine nat\u00fcrliche oder juristische Person oder eine rechtsf\u00e4hige Personengesellschaft, die bei Abschluss eines [&hellip;]<\/p>\n","protected":false},"author":1,"featured_media":0,"parent":0,"menu_order":0,"comment_status":"closed","ping_status":"closed","template":"","meta":{"footnotes":""},"class_list":["post-4957","page","type-page","status-publish","hentry"],"aioseo_notices":[],"_links":{"self":[{"href":"https:\/\/www.horn-wzm.de\/pl\/wp-json\/wp\/v2\/pages\/4957","targetHints":{"allow":["GET"]}}],"collection":[{"href":"https:\/\/www.horn-wzm.de\/pl\/wp-json\/wp\/v2\/pages"}],"about":[{"href":"https:\/\/www.horn-wzm.de\/pl\/wp-json\/wp\/v2\/types\/page"}],"author":[{"embeddable":true,"href":"https:\/\/www.horn-wzm.de\/pl\/wp-json\/wp\/v2\/users\/1"}],"replies":[{"embeddable":true,"href":"https:\/\/www.horn-wzm.de\/pl\/wp-json\/wp\/v2\/comments?post=4957"}],"version-history":[{"count":1,"href":"https:\/\/www.horn-wzm.de\/pl\/wp-json\/wp\/v2\/pages\/4957\/revisions"}],"predecessor-version":[{"id":4958,"href":"https:\/\/www.horn-wzm.de\/pl\/wp-json\/wp\/v2\/pages\/4957\/revisions\/4958"}],"wp:attachment":[{"href":"https:\/\/www.horn-wzm.de\/pl\/wp-json\/wp\/v2\/media?parent=4957"}],"curies":[{"name":"wp","href":"https:\/\/api.w.org\/{rel}","templated":true}]}}