{"id":7978,"date":"2026-04-21T19:49:10","date_gmt":"2026-04-21T17:49:10","guid":{"rendered":"https:\/\/www.horn-wzm.de\/shop\/unkategorisiert\/saeulenbohrmaschine-altmetall-ax3-sv-n-bj-96-intnr231517\/"},"modified":"2026-04-21T19:49:11","modified_gmt":"2026-04-21T17:49:11","slug":"saeulenbohrmaschine-altmetall-ax3-sv-n-bj-96-intnr231517","status":"publish","type":"product","link":"https:\/\/www.horn-wzm.de\/pa\/shop\/zubehoer-sonstiges\/saeulenbohrmaschine-altmetall-ax3-sv-n-bj-96-intnr231517\/","title":{"rendered":"S\u00e4ulenbohrmaschine Altmetall AX3\/SV-N Bj. `96 IntNr231517"},"content":{"rendered":"<p><b>\u0a38\u0a25\u0a3e\u0a28:<\/b> \u0a1c\u0a30\u0a2e\u0a28\u0a40, \u0a2c\u0a3e\u0a21\u0a47\u0a28-\u0a35\u0a41\u0a30\u0a1f\u0a2e\u0a2c\u0a30\u0a17 \u0a26\u0a71\u0a16\u0a23-\u0a2a\u0a71\u0a1b\u0a2e<\/p>\n<p><b>\u0a39\u0a3e\u0a32\u0a24:<\/b> \u0a32\u0a4b\u0a5c\u0a40\u0a02\u0a26\u0a3e<\/p>\n<p><b>\u0a28\u0a3f\u0a30\u0a2e\u0a3e\u0a24\u0a3e:<\/b> Alzmetall<\/p>\n<p><b>\u0a2e\u0a3e\u0a21\u0a32:<\/b> Alzmetall<\/p>\n<p><b>\u0a09\u0a38\u0a3e\u0a30\u0a40 \u0a26\u0a3e \u0a38\u0a3e\u0a32:<\/b> 1996<\/p>\n<p>Zum Verkauf steht eine gebrauchte S\u00e4ulenbohrmaschine ALZMETALL AX 3\/SV-N, Baujahr 1996, in robuster Industrieausf\u00fchrung.<br \/>\n\u0a24\u0a15\u0a28\u0a40\u0a15\u0a40 \u0a21\u0a47\u0a1f\u0a3e:<br \/>\nSteuerung: konventionell<br \/>\nBohrverm\u00f6gen in Stahl E335 (St 60): 40 mm<br \/>\nBohrleistung in Stahl: 32 mm<br \/>\nBohrleistung in Guss EN-GJL-200: 38 mm<br \/>\nGewindeschneiden in Stahl: M24<br \/>\nGewindeschneiden in Guss: M30<br \/>\nSpindelaufnahme: MK 3<br \/>\nSpindelhub: 120 mm<br \/>\nAusladung: 293 mm<br \/>\nS\u00e4ulendurchmesser: 115 mm<br \/>\nTischgr\u00f6\u00dfe \/ Auflagefl\u00e4che: 515 x 360 mm<br \/>\nT-Nuten: 2 x 14 x 224 mm<br \/>\nAbstand Spindel\u2013Tisch min.\/max.: 117 \/ 701 mm<br \/>\nVorschub: automatisch, zus\u00e4tzlich handbet\u00e4tigt; in einer Marktquelle mit 0,10 \/ 0,20 mm\/U bzw. 0,10 \/ 0,30 mm\/U je nach Ausf\u00fchrung angegeben.<br \/>\nDrehzahlverstellung: stufenlos<br \/>\nSpindeldrehzahl: 160\u20132250 U\/min<br \/>\nMaschinengewicht: ca. 270 kg<br \/>\nAbmessungen ca.: 700 x 1000 x 1900 mm<\/p>\n<p>\u0a2e\u0a38\u0a3c\u0a40\u0a28 \u0a26\u0a40 \u0a1c\u0a3e\u0a02\u0a1a \u0a2e\u0a41\u0a32\u0a3e\u0a15\u0a3e\u0a24 \u0a26\u0a41\u0a06\u0a30\u0a3e \u0a15\u0a40\u0a24\u0a40 \u0a1c\u0a3e \u0a38\u0a15\u0a26\u0a40 \u0a39\u0a48\u0964<br \/>\n\u0a24\u0a15\u0a28\u0a40\u0a15\u0a40 \u0a21\u0a47\u0a1f\u0a3e \u0a05\u0a24\u0a47 \u0a1c\u0a3e\u0a23\u0a15\u0a3e\u0a30\u0a40 \u0a26\u0a47 \u0a28\u0a3e\u0a32-\u0a28\u0a3e\u0a32 \u0a2a\u0a39\u0a3f\u0a32\u0a3e\u0a02 \u0a26\u0a40 \u0a35\u0a3f\u0a15\u0a30\u0a40 \u0a35\u0a3f\u0a71\u0a1a \u0a24\u0a2c\u0a26\u0a40\u0a32\u0a40\u0a06\u0a02 \u0a05\u0a24\u0a47 \u0a17\u0a32\u0a24\u0a40\u0a06\u0a02 \u0a26\u0a47 \u0a05\u0a27\u0a40\u0a28!<\/p>\n<p>A used ALZMETALL AX 3\/SV-N column drill press, manufactured in 1996, in a robust industrial design, is for sale.<br \/>\nTechnical specifications:<br \/>\nControl system: conventional<br \/>\nDrilling capacity in steel E335 (St 60): 40 mm<br \/>\nDrilling capacity in steel: 32 mm<br \/>\nDrilling capacity in cast iron EN-GJL-200: 38 mm<br \/>\nTapping in steel: M24<br \/>\nTapping in cast iron: M30<br \/>\nSpindle chuck: MK 3<br \/>\nSpindle stroke: 120 mm<br \/>\nOverhang: 293 mm<br \/>\nColumn diameter: 115 mm<br \/>\nTable size \/ support surface: 515 x 360 mm<br \/>\nT-slots: 2 x 14 x 224 mm<br \/>\nSpindle\u2013table distance min.\/max.: 117 \/ 701 mm<br \/>\nFeed: automatic, additionally manually operated; specified in one market source as 0.10 \/ 0.20 mm\/rev or 0.10 \/ 0.30 mm\/rev depending on the model.<br \/>\nSpeed adjustment: infinitely variable<br \/>\nSpindle speed: 160\u20132250 rpm<br \/>\nMachine weight: approx. 270 kg<br \/>\nDimensions approx.: 700 x 1000 x 1900 mm<\/p>\n<p>\u0a2e\u0a38\u0a3c\u0a40\u0a28 \u0a28\u0a42\u0a70 \u0a05\u0a2a\u0a3e\u0a07\u0a70\u0a1f\u0a2e\u0a48\u0a02\u0a1f \u0a32\u0a48 \u0a15\u0a47 \u0a26\u0a47\u0a16\u0a3f\u0a06 \u0a1c\u0a3e \u0a38\u0a15\u0a26\u0a3e \u0a39\u0a48\u0964<br \/>\nWe reserve the right to make changes and corrections to the technical data and specifications, and to sell the item in the meantime!<\/p>","protected":false},"excerpt":{"rendered":"<p>Standort: Deutschland, Baden-W\u00fcrttemberg S\u00fcdwest Zustand: Gebraucht Hersteller: Alzmetall Modell: Alzmetall Baujahr: 1996 Zum Verkauf steht eine gebrauchte S\u00e4ulenbohrmaschine ALZMETALL AX 3\/SV-N, Baujahr 1996, in robuster Industrieausf\u00fchrung. Technische Daten: Steuerung: konventionell Bohrverm\u00f6gen in Stahl E335 (St 60): 40 mm Bohrleistung in Stahl: 32 mm Bohrleistung in Guss EN-GJL-200: 38 mm Gewindeschneiden in Stahl: M24 Gewindeschneiden in [&hellip;]<\/p>\n","protected":false},"featured_media":7975,"template":"","meta":[],"product_brand":[],"product_cat":[94],"product_tag":[],"class_list":{"0":"post-7978","1":"product","2":"type-product","3":"status-publish","4":"has-post-thumbnail","6":"product_cat-zubehoer-sonstiges","8":"first","9":"instock","10":"taxable","11":"shipping-taxable","12":"product-type-simple"},"aioseo_notices":[],"_links":{"self":[{"href":"https:\/\/www.horn-wzm.de\/pa\/wp-json\/wp\/v2\/product\/7978","targetHints":{"allow":["GET"]}}],"collection":[{"href":"https:\/\/www.horn-wzm.de\/pa\/wp-json\/wp\/v2\/product"}],"about":[{"href":"https:\/\/www.horn-wzm.de\/pa\/wp-json\/wp\/v2\/types\/product"}],"version-history":[{"count":1,"href":"https:\/\/www.horn-wzm.de\/pa\/wp-json\/wp\/v2\/product\/7978\/revisions"}],"predecessor-version":[{"id":7979,"href":"https:\/\/www.horn-wzm.de\/pa\/wp-json\/wp\/v2\/product\/7978\/revisions\/7979"}],"wp:featuredmedia":[{"embeddable":true,"href":"https:\/\/www.horn-wzm.de\/pa\/wp-json\/wp\/v2\/media\/7975"}],"wp:attachment":[{"href":"https:\/\/www.horn-wzm.de\/pa\/wp-json\/wp\/v2\/media?parent=7978"}],"wp:term":[{"taxonomy":"product_brand","embeddable":true,"href":"https:\/\/www.horn-wzm.de\/pa\/wp-json\/wp\/v2\/product_brand?post=7978"},{"taxonomy":"product_cat","embeddable":true,"href":"https:\/\/www.horn-wzm.de\/pa\/wp-json\/wp\/v2\/product_cat?post=7978"},{"taxonomy":"product_tag","embeddable":true,"href":"https:\/\/www.horn-wzm.de\/pa\/wp-json\/wp\/v2\/product_tag?post=7978"}],"curies":[{"name":"\u0a21\u0a2c\u0a32\u0a2f\u0a42\u0a2a\u0a40","href":"https:\/\/api.w.org\/{rel}","templated":true}]}}