{"id":7779,"date":"2026-03-30T12:48:57","date_gmt":"2026-03-30T10:48:57","guid":{"rendered":"https:\/\/www.horn-wzm.de\/shop\/unkategorisiert\/mayfran-spaenefoerderer-typ-scharnierband-bj-15-intnr231541\/"},"modified":"2026-03-30T12:48:58","modified_gmt":"2026-03-30T10:48:58","slug":"mayfran-spaenefoerderer-typ-scharnierband-bj-15-intnr231541","status":"publish","type":"product","link":"https:\/\/www.horn-wzm.de\/pa\/shop\/zubehoer-sonstiges\/mayfran-spaenefoerderer-typ-scharnierband-bj-15-intnr231541\/","title":{"rendered":"Mayfran Sp\u00e4nef\u00f6rderer Typ Scharnierband Bj. `15, IntNr231541"},"content":{"rendered":"<p><b>\u0a38\u0a25\u0a3e\u0a28:<\/b> \u0a1c\u0a30\u0a2e\u0a28\u0a40, \u0a2c\u0a3e\u0a21\u0a47\u0a28-\u0a35\u0a41\u0a30\u0a1f\u0a2e\u0a2c\u0a30\u0a17 \u0a26\u0a71\u0a16\u0a23-\u0a2a\u0a71\u0a1b\u0a2e<\/p>\n<p><b>\u0a39\u0a3e\u0a32\u0a24:<\/b> \u0a32\u0a4b\u0a5c\u0a40\u0a02\u0a26\u0a3e<\/p>\n<p><b>\u0a28\u0a3f\u0a30\u0a2e\u0a3e\u0a24\u0a3e:<\/b> MAYFRAN<\/p>\n<p><b>\u0a2e\u0a3e\u0a21\u0a32:<\/b> MAYFRAN<\/p>\n<p><b>\u0a09\u0a38\u0a3e\u0a30\u0a40 \u0a26\u0a3e \u0a38\u0a3e\u0a32:<\/b> 2015<\/p>\n<p>MAYFRAN Sp\u00e4nef\u00f6rderer Typ Scharnierband Bj. 2015<\/p>\n<p>\u0a24\u0a15\u0a28\u0a40\u0a15\u0a40 \u0a21\u0a47\u0a1f\u0a3e<br \/>\nvol funktionsf\u00e4hig<br \/>\nEinschubl\u00e4nge : 940 mm<br \/>\nzuletzt angebaut an CNC-Langdrehmaschine<\/p>\n<p>\u0a2d\u0a3e\u0a30 \u0a05\u0a24\u0a47 \u0a2e\u0a3e\u0a2a<br \/>\nAbmessungen Lademagazin: ca. 2200 x 710 x 1100 mm<br \/>\nGewicht Lademagazin: ca. 250 kg<\/p>\n<p>\u0a2e\u0a38\u0a3c\u0a40\u0a28 \u0a26\u0a40 \u0a1c\u0a3e\u0a02\u0a1a \u0a2e\u0a41\u0a32\u0a3e\u0a15\u0a3e\u0a24 \u0a26\u0a41\u0a06\u0a30\u0a3e \u0a15\u0a40\u0a24\u0a40 \u0a1c\u0a3e \u0a38\u0a15\u0a26\u0a40 \u0a39\u0a48\u0964<br \/>\n\u0a24\u0a15\u0a28\u0a40\u0a15\u0a40 \u0a21\u0a47\u0a1f\u0a3e \u0a05\u0a24\u0a47 \u0a1c\u0a3e\u0a23\u0a15\u0a3e\u0a30\u0a40 \u0a26\u0a47 \u0a28\u0a3e\u0a32-\u0a28\u0a3e\u0a32 \u0a2a\u0a39\u0a3f\u0a32\u0a3e\u0a02 \u0a26\u0a40 \u0a35\u0a3f\u0a15\u0a30\u0a40 \u0a35\u0a3f\u0a71\u0a1a \u0a24\u0a2c\u0a26\u0a40\u0a32\u0a40\u0a06\u0a02 \u0a05\u0a24\u0a47 \u0a17\u0a32\u0a24\u0a40\u0a06\u0a02 \u0a26\u0a47 \u0a05\u0a27\u0a40\u0a28!<\/p>\n<p>MAYFRAN chip conveyor, hinged belt type, built in 2015<\/p>\n<p>\u0a24\u0a15\u0a28\u0a40\u0a15\u0a40 \u0a35\u0a3f\u0a38\u0a3c\u0a47\u0a38\u0a3c\u0a24\u0a3e\u0a35\u0a3e\u0a02<br \/>\nFully operational<br \/>\nLoading length: 940 mm<br \/>\nLast used on a CNC vertical turning lathe<\/p>\n<p>\u0a2d\u0a3e\u0a30 \u0a05\u0a24\u0a47 \u0a2e\u0a3e\u0a2a<br \/>\nLoading magazine dimensions: approx. 2200 x 710 x 1100 mm<br \/>\nWeight of loading magazine: approx. 250 kg<\/p>\n<p>\u0a2e\u0a38\u0a3c\u0a40\u0a28 \u0a28\u0a42\u0a70 \u0a05\u0a2a\u0a3e\u0a07\u0a70\u0a1f\u0a2e\u0a48\u0a02\u0a1f \u0a32\u0a48 \u0a15\u0a47 \u0a26\u0a47\u0a16\u0a3f\u0a06 \u0a1c\u0a3e \u0a38\u0a15\u0a26\u0a3e \u0a39\u0a48\u0964<br \/>\nWe reserve the right to make changes and corrections to the technical data and specifications, and to sell the item in the meantime!<\/p>","protected":false},"excerpt":{"rendered":"<p>Standort: Deutschland, Baden-W\u00fcrttemberg S\u00fcdwest Zustand: Gebraucht Hersteller: MAYFRAN Modell: MAYFRAN Baujahr: 2015 MAYFRAN Sp\u00e4nef\u00f6rderer Typ Scharnierband Bj. 2015 Technische Daten vol funktionsf\u00e4hig Einschubl\u00e4nge : 940 mm zuletzt angebaut an CNC-Langdrehmaschine GEWICHT UND ABMESSUNGEN Abmessungen Lademagazin: ca. 2200 x 710 x 1100 mm Gewicht Lademagazin: ca. 250 kg Die Maschine kann nach Terminvereinbarung Strom besichtigt werden. [&hellip;]<\/p>\n","protected":false},"featured_media":7776,"template":"","meta":[],"product_brand":[],"product_cat":[94],"product_tag":[],"class_list":{"0":"post-7779","1":"product","2":"type-product","3":"status-publish","4":"has-post-thumbnail","6":"product_cat-zubehoer-sonstiges","8":"first","9":"instock","10":"taxable","11":"shipping-taxable","12":"product-type-simple"},"aioseo_notices":[],"_links":{"self":[{"href":"https:\/\/www.horn-wzm.de\/pa\/wp-json\/wp\/v2\/product\/7779","targetHints":{"allow":["GET"]}}],"collection":[{"href":"https:\/\/www.horn-wzm.de\/pa\/wp-json\/wp\/v2\/product"}],"about":[{"href":"https:\/\/www.horn-wzm.de\/pa\/wp-json\/wp\/v2\/types\/product"}],"version-history":[{"count":1,"href":"https:\/\/www.horn-wzm.de\/pa\/wp-json\/wp\/v2\/product\/7779\/revisions"}],"predecessor-version":[{"id":7780,"href":"https:\/\/www.horn-wzm.de\/pa\/wp-json\/wp\/v2\/product\/7779\/revisions\/7780"}],"wp:featuredmedia":[{"embeddable":true,"href":"https:\/\/www.horn-wzm.de\/pa\/wp-json\/wp\/v2\/media\/7776"}],"wp:attachment":[{"href":"https:\/\/www.horn-wzm.de\/pa\/wp-json\/wp\/v2\/media?parent=7779"}],"wp:term":[{"taxonomy":"product_brand","embeddable":true,"href":"https:\/\/www.horn-wzm.de\/pa\/wp-json\/wp\/v2\/product_brand?post=7779"},{"taxonomy":"product_cat","embeddable":true,"href":"https:\/\/www.horn-wzm.de\/pa\/wp-json\/wp\/v2\/product_cat?post=7779"},{"taxonomy":"product_tag","embeddable":true,"href":"https:\/\/www.horn-wzm.de\/pa\/wp-json\/wp\/v2\/product_tag?post=7779"}],"curies":[{"name":"\u0a21\u0a2c\u0a32\u0a2f\u0a42\u0a2a\u0a40","href":"https:\/\/api.w.org\/{rel}","templated":true}]}}