{"id":7480,"date":"2026-03-07T12:31:54","date_gmt":"2026-03-07T11:31:54","guid":{"rendered":"https:\/\/www.horn-wzm.de\/shop\/unkategorisiert\/gebr-lns-express-220_bj-2027-intnr231503\/"},"modified":"2026-03-07T12:31:55","modified_gmt":"2026-03-07T11:31:55","slug":"gebr-lns-express-220_bj-2027-intnr231503","status":"publish","type":"product","link":"https:\/\/www.horn-wzm.de\/pa\/shop\/stangenzufuehrungen\/gebr-lns-express-220_bj-2027-intnr231503\/","title":{"rendered":"gebr. LNS Express 220_Bj. 2027 IntNr231503"},"content":{"rendered":"<p><b>\u0a38\u0a25\u0a3e\u0a28:<\/b> \u0a1c\u0a30\u0a2e\u0a28\u0a40, \u0a2c\u0a3e\u0a21\u0a47\u0a28-\u0a35\u0a41\u0a30\u0a1f\u0a2e\u0a2c\u0a30\u0a17 \u0a26\u0a71\u0a16\u0a23-\u0a2a\u0a71\u0a1b\u0a2e<\/p>\n<p><b>\u0a39\u0a3e\u0a32\u0a24:<\/b> \u0a32\u0a4b\u0a5c\u0a40\u0a02\u0a26\u0a3e<\/p>\n<p><b>\u0a28\u0a3f\u0a30\u0a2e\u0a3e\u0a24\u0a3e:<\/b> \u0a10\u0a32\u0a10\u0a28\u0a10\u0a38<\/p>\n<p><b>\u0a2e\u0a3e\u0a21\u0a32:<\/b> \u0a10\u0a32\u0a10\u0a28\u0a10\u0a38<\/p>\n<p><b>\u0a09\u0a38\u0a3e\u0a30\u0a40 \u0a26\u0a3e \u0a38\u0a3e\u0a32:<\/b> 2007<\/p>\n<p>CNC-Lademagazin LNS Express 220<br \/>\n\u0a09\u0a38\u0a3e\u0a30\u0a40 \u0a26\u0a3e \u0a38\u0a3e\u0a32: 2007<br \/>\n\u0a15\u0a3f\u0a38\u0a2e: \u0a2c\u0a3e\u0a30 \u0a32\u0a4b\u0a21\u0a3f\u0a70\u0a17 \u0a2e\u0a48\u0a17\u0a1c\u0a3c\u0a40\u0a28<\/p>\n<p>2 \u0a2e\u0a3f\u0a70\u0a1f \u0a24\u0a4b\u0a02 \u0a35\u0a40 \u0a18\u0a71\u0a1f \u0a38\u0a2e\u0a47\u0a02 \u0a35\u0a3f\u0a71\u0a1a \u0a17\u0a3e\u0a08\u0a21 \u0a1a\u0a48\u0a28\u0a32 \u0a26\u0a3e \u0a06\u0a38\u0a3e\u0a28 \u0a30\u0a42\u0a2a\u0a3e\u0a02\u0a24\u0a30\u0a23\u0964<br \/>\n\u0a17\u0a3e\u0a08\u0a21 \u0a24\u0a71\u0a24\u0a3e\u0a02 \u0a26\u0a40 \u0a2a\u0a42\u0a30\u0a40 \u0a24\u0a2c\u0a26\u0a40\u0a32\u0a40 8 \u0a2e\u0a3f\u0a70\u0a1f\u0a3e\u0a02 \u0a24\u0a4b\u0a02 \u0a35\u0a40 \u0a18\u0a71\u0a1f \u0a38\u0a2e\u0a47\u0a02 \u0a35\u0a3f\u0a71\u0a1a \u0a38\u0a70\u0a2d\u0a35 \u0a39\u0a48\u0964<\/p>\n<p>\u0a24\u0a15\u0a28\u0a40\u0a15\u0a40 \u0a35\u0a47\u0a30\u0a35\u0a47:<br \/>\n\u0a35\u0a3f\u0a06\u0a38 \u0a38\u0a40\u0a2e\u0a3e: 2 \u0a2e\u0a3f\u0a32\u0a40\u0a2e\u0a40\u0a1f\u0a30 \u0a24\u0a4b\u0a02 20 \u0a2e\u0a3f\u0a32\u0a40\u0a2e\u0a40\u0a1f\u0a30<br \/>\n\u0a1a\u0a48\u0a28\u0a32 \u00d8 22mm<br \/>\n\u0a35\u0a71\u0a27 \u0a24\u0a4b\u0a02 \u0a35\u0a71\u0a27 \u0a2c\u0a3e\u0a30 \u0a32\u0a70\u0a2c\u0a3e\u0a08: 3,000 \u0a2e\u0a3f\u0a32\u0a40\u0a2e\u0a40\u0a1f\u0a30<br \/>\n\u0a07\u0a70\u0a38\u0a1f\u0a3e\u0a32\u0a47\u0a38\u0a3c\u0a28 \u0a2e\u0a3e\u0a2a (L x W x H): 3,970 x 480 x 1,250 \u0a2e\u0a3f\u0a32\u0a40\u0a2e\u0a40\u0a1f\u0a30<br \/>\n\u0a2d\u0a3e\u0a30: \u0a32\u0a17\u0a2d\u0a17 850 \u0a15\u0a3f\u0a32\u0a4b\u0a17\u0a4d\u0a30\u0a3e\u0a2e<br \/>\nZustand: voll funktionsf\u00e4hig<\/p>\n<p>\u0a2e\u0a38\u0a3c\u0a40\u0a28 \u0a26\u0a40 \u0a1c\u0a3e\u0a02\u0a1a \u0a2e\u0a41\u0a32\u0a3e\u0a15\u0a3e\u0a24 \u0a26\u0a41\u0a06\u0a30\u0a3e \u0a15\u0a40\u0a24\u0a40 \u0a1c\u0a3e \u0a38\u0a15\u0a26\u0a40 \u0a39\u0a48\u0964<br \/>\n\u0a24\u0a15\u0a28\u0a40\u0a15\u0a40 \u0a21\u0a47\u0a1f\u0a3e \u0a05\u0a24\u0a47 \u0a1c\u0a3e\u0a23\u0a15\u0a3e\u0a30\u0a40 \u0a26\u0a47 \u0a28\u0a3e\u0a32-\u0a28\u0a3e\u0a32 \u0a2a\u0a39\u0a3f\u0a32\u0a3e\u0a02 \u0a26\u0a40 \u0a35\u0a3f\u0a15\u0a30\u0a40 \u0a35\u0a3f\u0a71\u0a1a \u0a24\u0a2c\u0a26\u0a40\u0a32\u0a40\u0a06\u0a02 \u0a05\u0a24\u0a47 \u0a17\u0a32\u0a24\u0a40\u0a06\u0a02 \u0a26\u0a47 \u0a05\u0a27\u0a40\u0a28!<\/p>\n<p>I<br \/>\nCNC loading magazine LNS Express 220<br \/>\n\u0a28\u0a3f\u0a30\u0a2e\u0a3e\u0a23 \u0a38\u0a3e\u0a32: 2007<br \/>\nType: Bar loading magazine<\/p>\n<p>Easy changeover of the guide channel in less than approx. 2 minutes.<br \/>\nComplete changeover of the guide elements possible in less than approx. 8 minutes.<\/p>\n<p>Technical details:<br \/>\nDiameter range: 2 mm to 20 mm<br \/>\nChannel \u00d8 22 mm<br \/>\nMaximum bar length: 3,000 mm<br \/>\nInstallation dimensions \/ dimensions (L x W x H): 3,970 x 480 x 1,250 mm<br \/>\nWeight: approx. 850 kg<br \/>\nCondition: fully functional<\/p>\n<p>The machine can be viewed in operation by appointment.<br \/>\n\u0a24\u0a15\u0a28\u0a40\u0a15\u0a40 \u0a21\u0a47\u0a1f\u0a3e \u0a05\u0a24\u0a47 \u0a35\u0a3f\u0a38\u0a3c\u0a47\u0a38\u0a3c\u0a24\u0a3e\u0a35\u0a3e\u0a02 \u0a35\u0a3f\u0a71\u0a1a \u0a2c\u0a26\u0a32\u0a3e\u0a05 \u0a05\u0a24\u0a47 \u0a17\u0a32\u0a24\u0a40\u0a06\u0a02 \u0a26\u0a47 \u0a05\u0a27\u0a40\u0a28, \u0a28\u0a3e\u0a32 \u0a39\u0a40 \u0a35\u0a3f\u0a15\u0a30\u0a40 \u0a24\u0a4b\u0a02 \u0a2a\u0a39\u0a3f\u0a32\u0a3e\u0a02!<\/p>\n<p>DeepL.com \u0a28\u0a3e\u0a32 \u0a05\u0a28\u0a41\u0a35\u0a3e\u0a26 \u0a15\u0a40\u0a24\u0a3e \u0a17\u0a3f\u0a06 (\u0a2e\u0a41\u0a2b\u0a3c\u0a24 \u0a38\u0a70\u0a38\u0a15\u0a30\u0a23)<\/p>","protected":false},"excerpt":{"rendered":"<p>Standort: Deutschland, Baden-W\u00fcrttemberg S\u00fcdwest Zustand: Gebraucht Hersteller: LNS Modell: LNS Baujahr: 2007 CNC-Lademagazin LNS Express 220 Baujahr: 2007 Typ: Stangenlademagazin Einfaches Umr\u00fcsten des F\u00fchrungskanals in weniger als ca. 2 Minuten. Komplettwechsel der F\u00fchrungselemente in unter ca. 8 Minuten m\u00f6glich. Technische Details: Durchmesserbereich: 2 mm bis 20 mm Kanal \u00d8 22mm Maximale Stangenl\u00e4nge: 3.000 mm Aufstellma\u00df [&hellip;]<\/p>\n","protected":false},"featured_media":7475,"template":"","meta":[],"product_brand":[],"product_cat":[85],"product_tag":[],"class_list":{"0":"post-7480","1":"product","2":"type-product","3":"status-publish","4":"has-post-thumbnail","6":"product_cat-stangenzufuehrungen","8":"first","9":"instock","10":"taxable","11":"shipping-taxable","12":"product-type-simple"},"aioseo_notices":[],"_links":{"self":[{"href":"https:\/\/www.horn-wzm.de\/pa\/wp-json\/wp\/v2\/product\/7480","targetHints":{"allow":["GET"]}}],"collection":[{"href":"https:\/\/www.horn-wzm.de\/pa\/wp-json\/wp\/v2\/product"}],"about":[{"href":"https:\/\/www.horn-wzm.de\/pa\/wp-json\/wp\/v2\/types\/product"}],"version-history":[{"count":1,"href":"https:\/\/www.horn-wzm.de\/pa\/wp-json\/wp\/v2\/product\/7480\/revisions"}],"predecessor-version":[{"id":7481,"href":"https:\/\/www.horn-wzm.de\/pa\/wp-json\/wp\/v2\/product\/7480\/revisions\/7481"}],"wp:featuredmedia":[{"embeddable":true,"href":"https:\/\/www.horn-wzm.de\/pa\/wp-json\/wp\/v2\/media\/7475"}],"wp:attachment":[{"href":"https:\/\/www.horn-wzm.de\/pa\/wp-json\/wp\/v2\/media?parent=7480"}],"wp:term":[{"taxonomy":"product_brand","embeddable":true,"href":"https:\/\/www.horn-wzm.de\/pa\/wp-json\/wp\/v2\/product_brand?post=7480"},{"taxonomy":"product_cat","embeddable":true,"href":"https:\/\/www.horn-wzm.de\/pa\/wp-json\/wp\/v2\/product_cat?post=7480"},{"taxonomy":"product_tag","embeddable":true,"href":"https:\/\/www.horn-wzm.de\/pa\/wp-json\/wp\/v2\/product_tag?post=7480"}],"curies":[{"name":"\u0a21\u0a2c\u0a32\u0a2f\u0a42\u0a2a\u0a40","href":"https:\/\/api.w.org\/{rel}","templated":true}]}}