{"id":7412,"date":"2026-02-24T12:33:39","date_gmt":"2026-02-24T11:33:39","guid":{"rendered":"https:\/\/www.horn-wzm.de\/shop\/unkategorisiert\/cnc-langdrehfraeszentrum-star-st-38-bj-19-intnr231494\/"},"modified":"2026-02-24T12:33:39","modified_gmt":"2026-02-24T11:33:39","slug":"cnc-langdrehfraeszentrum-star-st-38-bj-19-intnr231494","status":"publish","type":"product","link":"https:\/\/www.horn-wzm.de\/pa\/shop\/cnc-langdrehmaschinen\/cnc-langdrehfraeszentrum-star-st-38-bj-19-intnr231494\/","title":{"rendered":"CNC-Langdrehfr\u00e4szentrum STAR ST-38, Bj. `19 (IntNr231494)"},"content":{"rendered":"<p><b>\u0a38\u0a25\u0a3e\u0a28:<\/b> \u0a1c\u0a30\u0a2e\u0a28\u0a40, \u0a2c\u0a3e\u0a21\u0a47\u0a28-\u0a35\u0a41\u0a30\u0a1f\u0a2e\u0a2c\u0a30\u0a17 \u0a26\u0a71\u0a16\u0a23-\u0a2a\u0a71\u0a1b\u0a2e<\/p>\n<p><b>\u0a39\u0a3e\u0a32\u0a24:<\/b> \u0a32\u0a4b\u0a5c\u0a40\u0a02\u0a26\u0a3e<\/p>\n<p><b>\u0a28\u0a3f\u0a30\u0a2e\u0a3e\u0a24\u0a3e:<\/b> \u0a38\u0a1f\u0a3e\u0a30 \u0a2e\u0a3e\u0a08\u0a15\u0a4d\u0a30\u0a4b\u0a28\u0a3f\u0a15\u0a38<\/p>\n<p><b>\u0a2e\u0a3e\u0a21\u0a32:<\/b> \u0a38\u0a1f\u0a3e\u0a30 \u0a2e\u0a3e\u0a08\u0a15\u0a4d\u0a30\u0a4b\u0a28\u0a3f\u0a15\u0a38<\/p>\n<p><b>\u0a09\u0a38\u0a3e\u0a30\u0a40 \u0a26\u0a3e \u0a38\u0a3e\u0a32:<\/b> 2019<\/p>\n<p>FANUC, Hochleistungs-Rechner Serie 31i-B5,<\/p>\n<p>Gepflegter Zustand, ca. 9000 Betriebsstunden<\/p>\n<p>Technische Hauptdaten<br \/>\n\u0a35\u0a30\u0a15\u0a38\u0a2a\u0a47\u0a38<br \/>\nMax. Stangendurchmesser: 38 mm<br \/>\nMax. Bearbeitungsl\u00e4nge (mit F\u00fchrungsbuchse): ca. 320 mm<br \/>\nBearbeitung ohne F\u00fchrungsbuchse m\u00f6glich (f\u00fcr k\u00fcrzere Werkst\u00fccke)<br \/>\nMax. Spannzangendurchmesser Gegenspindel: 38 mm<\/p>\n<p>\u0a2e\u0a41\u0a71\u0a16 \u0a38\u0a2a\u0a3f\u0a70\u0a21\u0a32<br \/>\nSpindelleistung: ca. 11\u201315 kW<br \/>\nMax. Drehzahl: ca. 7.000 min\u207b\u00b9<br \/>\nC-Achse integriert (0,001\u00b0 Aufl\u00f6sung)<br \/>\nHochpr\u00e4zise Spindellagerung f\u00fcr schwere Zerspanung<\/p>\n<p>\u0a15\u0a3e\u0a0a\u0a02\u0a1f\u0a30 \u0a38\u0a2a\u0a3f\u0a70\u0a21\u0a32<br \/>\nLeistung: ca. 5,5\u20137,5 kW<br \/>\nMax. Drehzahl: ca. 7.000 min\u207b\u00b9<br \/>\nVollwertige C-Achse<br \/>\nTeile\u00fcbernahme und R\u00fcckseitenbearbeitung in einer Aufspannung<\/p>\n<p>Achskonfiguration<br \/>\nX1 \/ Z1 (Hauptsystem)<br \/>\nX2 \/ Z2 (Gegenspindelsystem)<br \/>\nY-Achse f\u00fcr au\u00dfermittige Fr\u00e4soperationen<br \/>\nC-Achse Haupt- und Gegenspindel<br \/>\nOptional B-Achsen-\u00e4hnliche Schwenkfunktionen (je nach Ausstattung)<br \/>\nMehrkanalsteuerung erm\u00f6glicht Simultanbearbeitung auf Haupt- und Gegenspindel zur deutlichen Zykluszeitreduzierung.<\/p>\n<p>Werkzeugbest\u00fcckung<br \/>\n\u0a1f\u0a42\u0a32 \u0a39\u0a4b\u0a32\u0a21\u0a30 \u0a38\u0a48\u0a71\u0a1f, (\u0a17\u0a48\u0a30-\u0a1a\u0a3e\u0a32\u0a3f\u0a24)<br \/>\n\u0a17\u0a3e\u0a08\u0a21 \u0a2c\u0a41\u0a38\u0a3c\u0a3f\u0a70\u0a17 \u0a2f\u0a42\u0a28\u0a3f\u0a1f (\u0a2a\u0a41\u0a71\u0a32 \u0a38\u0a3f\u0a38\u0a1f\u0a2e, JBS)<br \/>\n\u0a24\u0a47\u0a32 \u0a15\u0a42\u0a32\u0a30 \u0a2f\u0a42\u0a28\u0a3f\u0a1f<br \/>\n\u0a09\u0a71\u0a1a-\u0a26\u0a2c\u0a3e\u0a05 \u0a15\u0a28\u0a35\u0a47\u0a05\u0a30 (\u0a0f\u0a15\u0a40\u0a15\u0a4d\u0a30\u0a3f\u0a24 \u0a09\u0a71\u0a1a-\u0a26\u0a2c\u0a3e\u0a05 \u0a2f\u0a42\u0a28\u0a3f\u0a1f \u0a26\u0a47 \u0a28\u0a3e\u0a32) \u0a15\u0a3f\u0a38\u0a2e \u0a2e\u0a42\u0a32\u0a30 \u0a15\u0a70\u0a2c\u0a3f\u0a38\u0a1f\u0a30\u0a40\u0a2e CS 3<br \/>\n\u0a15\u0a42\u0a32\u0a48\u0a02\u0a1f \u0a26\u0a40 \u0a35\u0a30\u0a24\u0a4b\u0a02: \u0a24\u0a47\u0a32<br \/>\n\u0a2d\u0a3e\u0a30: 6.25 \u0a1f\u0a28<br \/>\n\u0a2e\u0a3e\u0a2a: (LxWxH) 3477x1860x1865 \u0a2e\u0a3f\u0a32\u0a40\u0a2e\u0a40\u0a1f\u0a30<\/p>\n<p>\u0a2e\u0a38\u0a3c\u0a40\u0a28 \u0a26\u0a40 \u0a2c\u0a3f\u0a1c\u0a32\u0a40 \u0a26\u0a47 \u0a05\u0a27\u0a40\u0a28 \u0a28\u0a3f\u0a2f\u0a41\u0a15\u0a24\u0a40 \u0a26\u0a41\u0a06\u0a30\u0a3e \u0a1c\u0a3e\u0a02\u0a1a \u0a15\u0a40\u0a24\u0a40 \u0a1c\u0a3e \u0a38\u0a15\u0a26\u0a40 \u0a39\u0a48\u0964<br \/>\n\u0a24\u0a15\u0a28\u0a40\u0a15\u0a40 \u0a21\u0a47\u0a1f\u0a3e \u0a05\u0a24\u0a47 \u0a1c\u0a3e\u0a23\u0a15\u0a3e\u0a30\u0a40 \u0a26\u0a47 \u0a28\u0a3e\u0a32-\u0a28\u0a3e\u0a32 \u0a2a\u0a39\u0a3f\u0a32\u0a3e\u0a02 \u0a26\u0a40 \u0a35\u0a3f\u0a15\u0a30\u0a40 \u0a35\u0a3f\u0a71\u0a1a \u0a24\u0a2c\u0a26\u0a40\u0a32\u0a40\u0a06\u0a02 \u0a05\u0a24\u0a47 \u0a17\u0a32\u0a24\u0a40\u0a06\u0a02 \u0a26\u0a47 \u0a05\u0a27\u0a40\u0a28!<\/p>\n<p>FANUC, high-performance computer series 31i-B5,<\/p>\n<p>Well maintained, approx. 9000 operating hours<\/p>\n<p>Main technical data<br \/>\n\u0a15\u0a70\u0a2e \u0a15\u0a30\u0a28 \u0a26\u0a40 \u0a30\u0a47\u0a02\u0a1c<br \/>\nMax. bar diameter: 38 mm<br \/>\nMax. machining length (with guide bush): approx. 320 mm<br \/>\nMachining without guide bush possible (for shorter workpieces)<br \/>\nMax. collet diameter counter spindle: 38 mm<\/p>\n<p>\u0a2e\u0a41\u0a71\u0a16 \u0a38\u0a2a\u0a3f\u0a70\u0a21\u0a32<br \/>\nSpindle power: approx. 11\u201315 kW<br \/>\nMax. speed: approx. 7,000 min\u207b\u00b9<br \/>\nIntegrated C-axis (0.001\u00b0 resolution)<br \/>\nHigh-precision spindle bearing for heavy-duty machining<\/p>\n<p>\u0a15\u0a3e\u0a0a\u0a02\u0a1f\u0a30 \u0a38\u0a2a\u0a3f\u0a70\u0a21\u0a32<br \/>\nPower: approx. 5.5\u20137.5 kW<br \/>\n\u0a35\u0a71\u0a27 \u0a24\u0a4b\u0a02 \u0a35\u0a71\u0a27 \u0a17\u0a24\u0a40: \u0a32\u0a17\u0a2d\u0a17 7,000 rpm<br \/>\nFull C-axis<br \/>\nPart transfer and rear machining in a single clamping<\/p>\n<p>Axis configuration<br \/>\nX1 \/ Z1 (main system)<br \/>\nX2 \/ Z2 (counter spindle system)<br \/>\nY-axis for off-centre milling operations<br \/>\nC-axis main and counter spindle<br \/>\nOptional B-axis-like swivel functions (depending on equipment)<br \/>\nMulti-channel control enables simultaneous machining on the main and counter spindles for a significant reduction in cycle time.<\/p>\n<p>Tooling<br \/>\n\u0a1f\u0a42\u0a32 \u0a39\u0a4b\u0a32\u0a21\u0a30 \u0a38\u0a48\u0a71\u0a1f, (\u0a17\u0a48\u0a30-\u0a1a\u0a3e\u0a32\u0a3f\u0a24)<br \/>\nGuide bush unit (pull system, JBS)<br \/>\n\u0a24\u0a47\u0a32 \u0a15\u0a42\u0a32\u0a30 \u0a2f\u0a42\u0a28\u0a3f\u0a1f<br \/>\nHigh-pressure conveyor (with integrated high-pressure unit) Type M\u00fcller combistream CS 3<br \/>\nCoolant used: oil<br \/>\nWeight: 6.25 tonnes<br \/>\n\u0a2e\u0a3e\u0a2a: (LxWxH) 3477x1860x1865 \u0a2e\u0a3f\u0a32\u0a40\u0a2e\u0a40\u0a1f\u0a30<\/p>\n<p>\u0a2e\u0a38\u0a3c\u0a40\u0a28 \u0a28\u0a42\u0a70 \u0a2a\u0a3e\u0a35\u0a30 \u0a05\u0a27\u0a40\u0a28 \u0a05\u0a2a\u0a3e\u0a07\u0a70\u0a1f\u0a2e\u0a48\u0a02\u0a1f \u0a26\u0a41\u0a06\u0a30\u0a3e \u0a26\u0a47\u0a16\u0a3f\u0a06 \u0a1c\u0a3e \u0a38\u0a15\u0a26\u0a3e \u0a39\u0a48\u0964<br \/>\n\u0a24\u0a15\u0a28\u0a40\u0a15\u0a40 \u0a21\u0a47\u0a1f\u0a3e \u0a05\u0a24\u0a47 \u0a35\u0a3f\u0a38\u0a3c\u0a47\u0a38\u0a3c\u0a24\u0a3e\u0a35\u0a3e\u0a02 \u0a35\u0a3f\u0a71\u0a1a \u0a2c\u0a26\u0a32\u0a3e\u0a05 \u0a05\u0a24\u0a47 \u0a17\u0a32\u0a24\u0a40\u0a06\u0a02 \u0a26\u0a47 \u0a05\u0a27\u0a40\u0a28, \u0a28\u0a3e\u0a32 \u0a39\u0a40 \u0a35\u0a3f\u0a15\u0a30\u0a40 \u0a24\u0a4b\u0a02 \u0a2a\u0a39\u0a3f\u0a32\u0a3e\u0a02!<\/p>","protected":false},"excerpt":{"rendered":"<p>Standort: Deutschland, Baden-W\u00fcrttemberg S\u00fcdwest Zustand: Gebraucht Hersteller: STAR Micronics Modell: STAR Micronics Baujahr: 2019 FANUC, Hochleistungs-Rechner Serie 31i-B5, Gepflegter Zustand, ca. 9000 Betriebsstunden Technische Hauptdaten Arbeitsbereich Max. Stangendurchmesser: 38 mm Max. Bearbeitungsl\u00e4nge (mit F\u00fchrungsbuchse): ca. 320 mm Bearbeitung ohne F\u00fchrungsbuchse m\u00f6glich (f\u00fcr k\u00fcrzere Werkst\u00fccke) Max. Spannzangendurchmesser Gegenspindel: 38 mm Hauptspindel Spindelleistung: ca. 11\u201315 kW Max. [&hellip;]<\/p>\n","protected":false},"featured_media":7406,"template":"","meta":[],"product_brand":[],"product_cat":[81],"product_tag":[],"class_list":{"0":"post-7412","1":"product","2":"type-product","3":"status-publish","4":"has-post-thumbnail","6":"product_cat-cnc-langdrehmaschinen","8":"first","9":"instock","10":"taxable","11":"shipping-taxable","12":"product-type-simple"},"aioseo_notices":[],"_links":{"self":[{"href":"https:\/\/www.horn-wzm.de\/pa\/wp-json\/wp\/v2\/product\/7412","targetHints":{"allow":["GET"]}}],"collection":[{"href":"https:\/\/www.horn-wzm.de\/pa\/wp-json\/wp\/v2\/product"}],"about":[{"href":"https:\/\/www.horn-wzm.de\/pa\/wp-json\/wp\/v2\/types\/product"}],"version-history":[{"count":1,"href":"https:\/\/www.horn-wzm.de\/pa\/wp-json\/wp\/v2\/product\/7412\/revisions"}],"predecessor-version":[{"id":7413,"href":"https:\/\/www.horn-wzm.de\/pa\/wp-json\/wp\/v2\/product\/7412\/revisions\/7413"}],"wp:featuredmedia":[{"embeddable":true,"href":"https:\/\/www.horn-wzm.de\/pa\/wp-json\/wp\/v2\/media\/7406"}],"wp:attachment":[{"href":"https:\/\/www.horn-wzm.de\/pa\/wp-json\/wp\/v2\/media?parent=7412"}],"wp:term":[{"taxonomy":"product_brand","embeddable":true,"href":"https:\/\/www.horn-wzm.de\/pa\/wp-json\/wp\/v2\/product_brand?post=7412"},{"taxonomy":"product_cat","embeddable":true,"href":"https:\/\/www.horn-wzm.de\/pa\/wp-json\/wp\/v2\/product_cat?post=7412"},{"taxonomy":"product_tag","embeddable":true,"href":"https:\/\/www.horn-wzm.de\/pa\/wp-json\/wp\/v2\/product_tag?post=7412"}],"curies":[{"name":"\u0a21\u0a2c\u0a32\u0a2f\u0a42\u0a2a\u0a40","href":"https:\/\/api.w.org\/{rel}","templated":true}]}}