{"id":7396,"date":"2026-02-18T16:54:52","date_gmt":"2026-02-18T15:54:52","guid":{"rendered":"https:\/\/www.horn-wzm.de\/shop\/unkategorisiert\/neu-star-er16-or1-61-werkzeughalter-str766100_-passend-fuer-star-sb-12-20rsd-26c-e-g-s-sl-7-10-sp-23sr-20jii-b-sr-20riv-sr-32jii-a-sr-32jii-b-jiii-bsr-38-type-a-bsv-20rsw-12rii_intnr231492\/"},"modified":"2026-02-18T16:54:52","modified_gmt":"2026-02-18T15:54:52","slug":"neu-star-er16-or1-61-werkzeughalter-str766100_-passend-fuer-star-sb-12-20rsd-26c-e-g-s-sl-7-10-sp-23sr-20jii-b-sr-20riv-sr-32jii-a-sr-32jii-b-jiii-bsr-38-type-a-bsv-20rsw-12rii_intnr231492","status":"publish","type":"product","link":"https:\/\/www.horn-wzm.de\/pa\/shop\/werkzeughalter\/neu-star-er16-or1-61-werkzeughalter-str766100_-passend-fuer-star-sb-12-20rsd-26c-e-g-s-sl-7-10-sp-23sr-20jii-b-sr-20riv-sr-32jii-a-sr-32jii-b-jiii-bsr-38-type-a-bsv-20rsw-12rii_intnr231492\/","title":{"rendered":"NEU STAR ER16 OR1-61 Werkzeughalter STR766100_ Passend f\u00fcr Star SB-12\/20R;SD-26C\/E\/G\/S ;SL-7\/10; SP-23;SR-20JII-B ;SR-20RIV; SR-32JII-A; SR-32JII-B\/JIII-B;SR-38 (Type A\/B);SV-20R;SW-12RII_IntNr231492"},"content":{"rendered":"<p><b>\u0a38\u0a25\u0a3e\u0a28:<\/b> \u0a1c\u0a30\u0a2e\u0a28\u0a40, \u0a2c\u0a3e\u0a21\u0a47\u0a28-\u0a35\u0a41\u0a30\u0a1f\u0a2e\u0a2c\u0a30\u0a17 \u0a26\u0a71\u0a16\u0a23-\u0a2a\u0a71\u0a1b\u0a2e<\/p>\n<p><b>\u0a39\u0a3e\u0a32\u0a24:<\/b> \u0a28\u0a35\u0a3e\u0a02<\/p>\n<p>Frontalbohr-\/Fr\u00e4sapparat ER16 f\u00fcr R\u00fcckseitenbearbeitung<br \/>\nPassend f\u00fcr Star Star<br \/>\nSB-12\/20R<br \/>\nStar SD-26C\/E\/G\/S<br \/>\nStar SL-7\/10<br \/>\nStar SP-23<br \/>\nStar SR-20JII-B<br \/>\nStar SR-20RIV<br \/>\nStar SR-32JII-A<br \/>\nStar SR-32JII-B\/JIII-B<br \/>\nStar SR-38 (Type A\/B)<br \/>\nStar SV-20R<br \/>\nStar SW-12RII<br \/>\nStar SW-20<br \/>\nVergleichbar mit Star Bestell-Nr.\t0R1-61<br \/>\nf\u00fcr\t12 Maschinen<br \/>\n\u00dcbersetzung\t1:1<br \/>\nEingangsdrehzahl\tmax. 12000 1\/min<br \/>\nAusgangsdrehzahl\tmax. 12000 1\/min<br \/>\nAusgangsdrehmoment\tmax. 13 Nm<\/p>\n<p>\u0a24\u0a15\u0a28\u0a40\u0a15\u0a40 \u0a21\u0a47\u0a1f\u0a3e \u0a05\u0a24\u0a47 \u0a1c\u0a3e\u0a23\u0a15\u0a3e\u0a30\u0a40 \u0a26\u0a47 \u0a28\u0a3e\u0a32-\u0a28\u0a3e\u0a32 \u0a2a\u0a39\u0a3f\u0a32\u0a3e\u0a02 \u0a26\u0a40 \u0a35\u0a3f\u0a15\u0a30\u0a40 \u0a35\u0a3f\u0a71\u0a1a \u0a24\u0a2c\u0a26\u0a40\u0a32\u0a40\u0a06\u0a02 \u0a05\u0a24\u0a47 \u0a17\u0a32\u0a24\u0a40\u0a06\u0a02 \u0a26\u0a47 \u0a05\u0a27\u0a40\u0a28!<\/p>\n<p>Front Drilling\/Milling Unit ER16 for Rear-Side Machining<br \/>\nCompatible with Star machines:<\/p>\n<p>Star SB-12\/20R<\/p>\n<p>Star SD-26C\/E\/G\/S<\/p>\n<p>Star SL-7\/10<\/p>\n<p>Star SP-23<\/p>\n<p>Star SR-20JII-B<\/p>\n<p>Star SR-20RIV<\/p>\n<p>Star SR-32JII-A<\/p>\n<p>Star SR-32JII-B\/JIII-B<\/p>\n<p>Star SR-38 (Type A\/B)<\/p>\n<p>Star SV-20R<\/p>\n<p>Star SW-12RII<\/p>\n<p>Star SW-20<\/p>\n<p>Comparable to Star part no.: 0R1-61<br \/>\nFor 12 machines<\/p>\n<p>Translation ratio: 1:1<br \/>\nInput speed: max. 12,000 rpm<br \/>\nOutput speed: max. 12,000 rpm<br \/>\nOutput torque: max. 13 Nm<\/p>\n<p>Changes and errors in the technical data and specifications, as well as prior sale, are reserved!<\/p>","protected":false},"excerpt":{"rendered":"<p>Standort: Deutschland, Baden-W\u00fcrttemberg S\u00fcdwest Zustand: Neu Frontalbohr-\/Fr\u00e4sapparat ER16 f\u00fcr R\u00fcckseitenbearbeitung Passend f\u00fcr Star Star SB-12\/20R Star SD-26C\/E\/G\/S Star SL-7\/10 Star SP-23 Star SR-20JII-B Star SR-20RIV Star SR-32JII-A Star SR-32JII-B\/JIII-B Star SR-38 (Type A\/B) Star SV-20R Star SW-12RII Star SW-20 Vergleichbar mit Star Bestell-Nr. 0R1-61 f\u00fcr 12 Maschinen \u00dcbersetzung 1:1 Eingangsdrehzahl max. 12000 1\/min Ausgangsdrehzahl max. [&hellip;]<\/p>\n","protected":false},"featured_media":7395,"template":"","meta":[],"product_brand":[],"product_cat":[84],"product_tag":[],"class_list":{"0":"post-7396","1":"product","2":"type-product","3":"status-publish","4":"has-post-thumbnail","6":"product_cat-werkzeughalter","8":"first","9":"instock","10":"taxable","11":"shipping-taxable","12":"product-type-simple"},"aioseo_notices":[],"_links":{"self":[{"href":"https:\/\/www.horn-wzm.de\/pa\/wp-json\/wp\/v2\/product\/7396","targetHints":{"allow":["GET"]}}],"collection":[{"href":"https:\/\/www.horn-wzm.de\/pa\/wp-json\/wp\/v2\/product"}],"about":[{"href":"https:\/\/www.horn-wzm.de\/pa\/wp-json\/wp\/v2\/types\/product"}],"version-history":[{"count":1,"href":"https:\/\/www.horn-wzm.de\/pa\/wp-json\/wp\/v2\/product\/7396\/revisions"}],"predecessor-version":[{"id":7397,"href":"https:\/\/www.horn-wzm.de\/pa\/wp-json\/wp\/v2\/product\/7396\/revisions\/7397"}],"wp:featuredmedia":[{"embeddable":true,"href":"https:\/\/www.horn-wzm.de\/pa\/wp-json\/wp\/v2\/media\/7395"}],"wp:attachment":[{"href":"https:\/\/www.horn-wzm.de\/pa\/wp-json\/wp\/v2\/media?parent=7396"}],"wp:term":[{"taxonomy":"product_brand","embeddable":true,"href":"https:\/\/www.horn-wzm.de\/pa\/wp-json\/wp\/v2\/product_brand?post=7396"},{"taxonomy":"product_cat","embeddable":true,"href":"https:\/\/www.horn-wzm.de\/pa\/wp-json\/wp\/v2\/product_cat?post=7396"},{"taxonomy":"product_tag","embeddable":true,"href":"https:\/\/www.horn-wzm.de\/pa\/wp-json\/wp\/v2\/product_tag?post=7396"}],"curies":[{"name":"\u0a21\u0a2c\u0a32\u0a2f\u0a42\u0a2a\u0a40","href":"https:\/\/api.w.org\/{rel}","templated":true}]}}