{"id":7229,"date":"2026-01-21T13:19:44","date_gmt":"2026-01-21T12:19:44","guid":{"rendered":"https:\/\/www.horn-wzm.de\/shop\/unkategorisiert\/messmaschine-keyence_im-8020_bj-13_2023-_intnr231475\/"},"modified":"2026-01-21T13:19:45","modified_gmt":"2026-01-21T12:19:45","slug":"messmaschine-keyence_im-8020_bj-13_2023-_intnr231475","status":"publish","type":"product","link":"https:\/\/www.horn-wzm.de\/pa\/shop\/messtechnik\/messmaschine-keyence_im-8020_bj-13_2023-_intnr231475\/","title":{"rendered":"Messmaschine Keyence_IM-8020_Bj.13_2023 _IntNr231475"},"content":{"rendered":"<p><b>\u0a38\u0a25\u0a3e\u0a28:<\/b> \u0a1c\u0a30\u0a2e\u0a28\u0a40, \u0a2c\u0a3e\u0a21\u0a47\u0a28-\u0a35\u0a41\u0a30\u0a1f\u0a2e\u0a2c\u0a30\u0a17 \u0a26\u0a71\u0a16\u0a23-\u0a2a\u0a71\u0a1b\u0a2e<\/p>\n<p><b>\u0a39\u0a3e\u0a32\u0a24:<\/b> \u0a32\u0a4b\u0a5c\u0a40\u0a02\u0a26\u0a3e<\/p>\n<p><b>\u0a2e\u0a3e\u0a21\u0a32:<\/b> \u0a1c\u0a3c\u0a40\u0a30\u0a4b<\/p>\n<p><b>\u0a09\u0a38\u0a3e\u0a30\u0a40 \u0a26\u0a3e \u0a38\u0a3e\u0a32:<\/b> 2023<\/p>\n<p><b>\u0a15\u0a70\u0a2e\u0a15\u0a3e\u0a1c\u0a40 \u0a18\u0a70\u0a1f\u0a47:<\/b> \u0a28\u0a39\u0a40\u0a02<\/p>\n<p>KEYENCE_Modellreihe IM-8020_Juli _Bj.2023<br \/>\nZum Verkauf steht eine optische Messmaschine KEYENCE IM-8020, in gutem, funktionsf\u00e4higem Zustand.<br \/>\nKEYENCE IM\u20118020 \u2013 Technische Kurzbeschreibung<br \/>\nBaujahr: 2023 (Juli)<br \/>\nDie KEYENCE IM\u20118020 ist ein hochpr\u00e4zises, ber\u00fchrungsloses Bildmesssystem aus der IM\u20118000 Serie, ideal f\u00fcr Fertigung und Qualit\u00e4tskontrolle. Sie erm\u00f6glicht schnelle 2D\/3D-Messungen von Einzel- und Serienbauteilen.<br \/>\nHauptmerkmale:<br \/>\nMessbereich: 200 \u00d7 200\u202fmm (Standard), 125 \u00d7 125\u202fmm (High-Precision)<br \/>\nSensor: 1\u2033 20-Megapixel CMOS<br \/>\nWiederholbarkeit: bis \u00b10,5\u202f\u00b5m<br \/>\nAnzeige &amp; Bedienung: 12,1\u2033 LCD-Monitor<br \/>\nBeleuchtung: Telezentrisch, Mehrwinkel-Ring- und Flachwinkelbeleuchtung<br \/>\nMechanik: XY-Tisch 100 \u00d7 100\u202fmm, Z-Verstellung 75\u202fmm<br \/>\nSpeicher: 500\u202fGB Festplatte f\u00fcr Messdaten<br \/>\nSchnittstellen: LAN, USB, DVI-D<br \/>\nAbmessungen: ca. 500 \u00d7 400 \u00d7 450\u202fmm (B\u00d7T\u00d7H)<br \/>\nGewicht: ca. 30\u202fkg<br \/>\nBetrieb: 100\u2013240\u202fV AC, 430\u202fVA, +10 bis +35\u202f\u00b0C<br \/>\nBesondere Vorteile:<br \/>\nBer\u00fchrungslose, schnelle Messungen<br \/>\nHohe Pr\u00e4zision und Wiederholbarkeit<br \/>\nFlexible Datenschnittstellen f\u00fcr Prozessintegration<\/p>\n<p>Die IM-Serie ist bekannt f\u00fcr schnelle, hochpr\u00e4zise und bedienerunabh\u00e4ngige Messungen und eignet sich ideal f\u00fcr den Einsatz in Qualit\u00e4tssicherung, Wareneingangskontrolle und Fertigungsbegleitung.<\/p>\n<p>\u0a2e\u0a38\u0a3c\u0a40\u0a28 \u0a26\u0a40 \u0a1c\u0a3e\u0a02\u0a1a \u0a2e\u0a41\u0a32\u0a3e\u0a15\u0a3e\u0a24 \u0a26\u0a41\u0a06\u0a30\u0a3e \u0a15\u0a40\u0a24\u0a40 \u0a1c\u0a3e \u0a38\u0a15\u0a26\u0a40 \u0a39\u0a48\u0964<br \/>\n\u0a24\u0a15\u0a28\u0a40\u0a15\u0a40 \u0a21\u0a47\u0a1f\u0a3e \u0a05\u0a24\u0a47 \u0a1c\u0a3e\u0a23\u0a15\u0a3e\u0a30\u0a40 \u0a26\u0a47 \u0a28\u0a3e\u0a32-\u0a28\u0a3e\u0a32 \u0a2a\u0a39\u0a3f\u0a32\u0a3e\u0a02 \u0a26\u0a40 \u0a35\u0a3f\u0a15\u0a30\u0a40 \u0a35\u0a3f\u0a71\u0a1a \u0a24\u0a2c\u0a26\u0a40\u0a32\u0a40\u0a06\u0a02 \u0a05\u0a24\u0a47 \u0a17\u0a32\u0a24\u0a40\u0a06\u0a02 \u0a26\u0a47 \u0a05\u0a27\u0a40\u0a28!<\/p>\n<p>KEYENCE IM\u20118020 Series \u2013 July 2023<\/p>\n<p>For sale: an optical measuring machine KEYENCE IM\u20118020, in good, fully functional condition.<\/p>\n<p>KEYENCE IM\u20118020 \u2013 Technical Summary<\/p>\n<p>Year of manufacture: 2023 (July)<\/p>\n<p>The KEYENCE IM\u20118020 is a high-precision, contactless image measuring system from the IM\u20118000 series, ideal for manufacturing and quality control. It enables fast 2D\/3D measurements of individual parts as well as serial components.<\/p>\n<p>\u0a1c\u0a30\u0a42\u0a30\u0a40 \u0a1a\u0a40\u0a1c\u0a3e:<\/p>\n<p>Measuring range: 200 \u00d7 200\u202fmm (Standard), 125 \u00d7 125\u202fmm (High-Precision)<\/p>\n<p>Sensor: 1\u2033 20-megapixel CMOS<\/p>\n<p>Repeatability: up to \u00b10.5\u202f\u00b5m<\/p>\n<p>Display &amp; operation: 12.1\u2033 LCD monitor<\/p>\n<p>Illumination: Telecentric, multi-angle ring, and flat-angle lighting<\/p>\n<p>Mechanics: XY stage 100 \u00d7 100\u202fmm, Z travel 75\u202fmm<\/p>\n<p>Storage: 500\u202fGB hard drive for measurement data<\/p>\n<p>Interfaces: LAN, USB, DVI-D<\/p>\n<p>Dimensions: approx. 500 \u00d7 400 \u00d7 450\u202fmm (W\u00d7D\u00d7H)<\/p>\n<p>Weight: approx. 30\u202fkg<\/p>\n<p>Operating conditions: 100\u2013240\u202fV AC, 430\u202fVA, +10 to +35\u202f\u00b0C<\/p>\n<p>Special Advantages:<\/p>\n<p>Contactless, fast measurements<\/p>\n<p>High precision and repeatability<\/p>\n<p>Flexible data interfaces for process integration<\/p>\n<p>The IM series is known for fast, highly accurate, operator-independent measurements, making it ideal for quality assurance, incoming goods inspection, and production support.<\/p>\n<p>The machine can be viewed under appointment with power connection.<\/p>\n<p>Technical specifications are subject to change, errors, and prior sale.<\/p>","protected":false},"excerpt":{"rendered":"<p>Standort: Deutschland, Baden-W\u00fcrttemberg S\u00fcdwest Zustand: Gebraucht Modell: null Baujahr: 2023 Betriebsstunden: keine KEYENCE_Modellreihe IM-8020_Juli _Bj.2023 Zum Verkauf steht eine optische Messmaschine KEYENCE IM-8020, in gutem, funktionsf\u00e4higem Zustand. KEYENCE IM\u20118020 \u2013 Technische Kurzbeschreibung Baujahr: 2023 (Juli) Die KEYENCE IM\u20118020 ist ein hochpr\u00e4zises, ber\u00fchrungsloses Bildmesssystem aus der IM\u20118000 Serie, ideal f\u00fcr Fertigung und Qualit\u00e4tskontrolle. Sie erm\u00f6glicht schnelle [&hellip;]<\/p>\n","protected":false},"featured_media":7222,"template":"","meta":[],"product_brand":[],"product_cat":[90],"product_tag":[],"class_list":{"0":"post-7229","1":"product","2":"type-product","3":"status-publish","4":"has-post-thumbnail","6":"product_cat-messtechnik","8":"first","9":"instock","10":"taxable","11":"shipping-taxable","12":"product-type-simple"},"aioseo_notices":[],"_links":{"self":[{"href":"https:\/\/www.horn-wzm.de\/pa\/wp-json\/wp\/v2\/product\/7229","targetHints":{"allow":["GET"]}}],"collection":[{"href":"https:\/\/www.horn-wzm.de\/pa\/wp-json\/wp\/v2\/product"}],"about":[{"href":"https:\/\/www.horn-wzm.de\/pa\/wp-json\/wp\/v2\/types\/product"}],"version-history":[{"count":1,"href":"https:\/\/www.horn-wzm.de\/pa\/wp-json\/wp\/v2\/product\/7229\/revisions"}],"predecessor-version":[{"id":7230,"href":"https:\/\/www.horn-wzm.de\/pa\/wp-json\/wp\/v2\/product\/7229\/revisions\/7230"}],"wp:featuredmedia":[{"embeddable":true,"href":"https:\/\/www.horn-wzm.de\/pa\/wp-json\/wp\/v2\/media\/7222"}],"wp:attachment":[{"href":"https:\/\/www.horn-wzm.de\/pa\/wp-json\/wp\/v2\/media?parent=7229"}],"wp:term":[{"taxonomy":"product_brand","embeddable":true,"href":"https:\/\/www.horn-wzm.de\/pa\/wp-json\/wp\/v2\/product_brand?post=7229"},{"taxonomy":"product_cat","embeddable":true,"href":"https:\/\/www.horn-wzm.de\/pa\/wp-json\/wp\/v2\/product_cat?post=7229"},{"taxonomy":"product_tag","embeddable":true,"href":"https:\/\/www.horn-wzm.de\/pa\/wp-json\/wp\/v2\/product_tag?post=7229"}],"curies":[{"name":"\u0a21\u0a2c\u0a32\u0a2f\u0a42\u0a2a\u0a40","href":"https:\/\/api.w.org\/{rel}","templated":true}]}}