{"id":7093,"date":"2026-01-09T14:41:21","date_gmt":"2026-01-09T13:41:21","guid":{"rendered":"https:\/\/www.horn-wzm.de\/shop\/unkategorisiert\/index-abc_fanuc_-cnc-drehmaschine-bj-2017-_intnr231463\/"},"modified":"2026-01-09T14:41:21","modified_gmt":"2026-01-09T13:41:21","slug":"%e0%a8%87%e0%a9%b0%e0%a8%a1%e0%a9%88%e0%a8%95%e0%a8%b8-abc_fanuc_-%e0%a8%b8%e0%a9%80%e0%a8%90%e0%a8%a8%e0%a8%b8%e0%a9%80-%e0%a8%96%e0%a8%b0%e0%a8%be%e0%a8%a6-%e0%a8%b8%e0%a8%be%e0%a8%b2-2017-_intnr231","status":"publish","type":"product","link":"https:\/\/www.horn-wzm.de\/pa\/shop\/cnc-drehmaschinen-0-199mm-drehd\/index-abc_fanuc_-cnc-drehmaschine-bj-2017-_intnr231463\/","title":{"rendered":"\u0a07\u0a70\u0a21\u0a48\u0a15\u0a38 ABC_Fanuc_ CNC \u0a16\u0a30\u0a3e\u0a26 \u0a28\u0a3f\u0a30\u0a2e\u0a3e\u0a23 \u0a26\u0a3e \u0a38\u0a3e\u0a32 2017 _IntNr231463"},"content":{"rendered":"<p><b>\u0a38\u0a25\u0a3e\u0a28:<\/b> \u0a1c\u0a30\u0a2e\u0a28\u0a40, \u0a2c\u0a3e\u0a21\u0a47\u0a28-\u0a35\u0a41\u0a30\u0a1f\u0a2e\u0a2c\u0a30\u0a17 \u0a26\u0a71\u0a16\u0a23-\u0a2a\u0a71\u0a1b\u0a2e<\/p>\n<p><b>\u0a39\u0a3e\u0a32\u0a24:<\/b> \u0a32\u0a4b\u0a5c\u0a40\u0a02\u0a26\u0a3e<\/p>\n<p><b>\u0a28\u0a3f\u0a30\u0a2e\u0a3e\u0a24\u0a3e:<\/b> \u0a39\u0a3e\u0a30\u0a21\u0a3f\u0a70\u0a17<\/p>\n<p><b>\u0a2e\u0a3e\u0a21\u0a32:<\/b> \u0a39\u0a3e\u0a30\u0a21\u0a3f\u0a70\u0a17<\/p>\n<p><b>\u0a09\u0a38\u0a3e\u0a30\u0a40 \u0a26\u0a3e \u0a38\u0a3e\u0a32:<\/b> 2017<\/p>\n<p><b>\u0a15\u0a70\u0a2e\u0a15\u0a3e\u0a1c\u0a40 \u0a18\u0a70\u0a1f\u0a47:<\/b> 15000<\/p>\n<p>\u0a2e\u0a38\u0a3c\u0a40\u0a28 \u0a26\u0a3e \u0a28\u0a3e\u0a2e: \u0a38\u0a40\u0a10\u0a28\u0a38\u0a40 \u0a38\u0a3c\u0a3e\u0a30\u0a1f-\u0a1f\u0a30\u0a28\u0a3f\u0a70\u0a17 \u0a32\u0a47\u0a25<br \/>\n\u0a28\u0a3f\u0a30\u0a2e\u0a3e\u0a24\u0a3e: \u0a07\u0a70\u0a21\u0a48\u0a15\u0a38<br \/>\n\u0a2e\u0a3e\u0a21\u0a32: \u0a0f.\u0a2c\u0a40.\u0a38\u0a40.<br \/>\n\u0a09\u0a38\u0a3e\u0a30\u0a40 \u0a26\u0a3e \u0a38\u0a3e\u0a32: 2017<br \/>\n\u0a15\u0a70\u0a1f\u0a30\u0a4b\u0a32 \u0a2f\u0a42\u0a28\u0a3f\u0a1f: \u0a2b\u0a48\u0a28\u0a15 32 \u0a06\u0a08- \u0a2c\u0a40<br \/>\n\u0a15\u0a3e\u0a30\u0a1c\u0a38\u0a3c\u0a40\u0a32\u0a24\u0a3e: \u0a2a\u0a42\u0a30\u0a40 \u0a24\u0a30\u0a4d\u0a39\u0a3e\u0a02 \u0a15\u0a3e\u0a30\u0a1c\u0a38\u0a3c\u0a40\u0a32<br \/>\n\u0a2a\u0a4d\u0a30\u0a15\u0a3f\u0a30\u0a3f\u0a06 \u0a26\u0a47 \u0a18\u0a70\u0a1f\u0a47: \u0a32\u0a17\u0a2d\u0a17 \u0a18\u0a70\u0a1f\u0a47<\/p>\n<p>\u0a24\u0a15\u0a28\u0a40\u0a15\u0a40 \u0a21\u0a47\u0a1f\u0a3e<br \/>\n\u0a38\u0a2a\u0a3f\u0a70\u0a21\u0a32 \u0a2c\u0a4b\u0a30: \u00d8 42 \u0a2e\u0a3f\u0a32\u0a40\u0a2e\u0a40\u0a1f\u0a30<br \/>\n\u0a1f\u0a4d\u0a30\u0a48\u0a1c\u0a48\u0a15\u0a1f\u0a30\u0a40 \u0a05\u0a24\u0a47 \u0a2b\u0a40\u0a21 \u0a21\u0a47\u0a1f\u0a3e<br \/>\nX-\u0a27\u0a41\u0a30\u0a40 \u0a2f\u0a3e\u0a24\u0a30\u0a3e: \u0a32\u0a17\u0a2d\u0a17 90 \u0a2e\u0a3f\u0a32\u0a40\u0a2e\u0a40\u0a1f\u0a30<br \/>\nZ-\u0a27\u0a41\u0a30\u0a40 \u0a2f\u0a3e\u0a24\u0a30\u0a3e: \u0a32\u0a17\u0a2d\u0a17 280 \u0a2e\u0a3f\u0a32\u0a40\u0a2e\u0a40\u0a1f\u0a30<br \/>\n\u0a24\u0a47\u0a1c\u0a3c \u0a1f\u0a4d\u0a30\u0a48\u0a35\u0a30\u0a38 X: \u0a32\u0a17\u0a2d\u0a17 27 \u0a2e\u0a40\u0a1f\u0a30\/\u0a2e\u0a3f\u0a70\u0a1f<br \/>\n\u0a24\u0a47\u0a1c\u0a3c \u0a1f\u0a4d\u0a30\u0a48\u0a35\u0a30\u0a38 Z: \u0a32\u0a17\u0a2d\u0a17 36 \u0a2e\u0a40\u0a1f\u0a30\/\u0a2e\u0a3f\u0a70\u0a1f<\/p>\n<p>\u0a09\u0a71\u0a2a\u0a30\u0a32\u0a3e \u0a2c\u0a41\u0a30\u0a1c (\u0a2e\u0a41\u0a71\u0a16 \u0a14\u0a1c\u0a3c\u0a3e\u0a30 \u0a15\u0a48\u0a30\u0a40\u0a05\u0a30):<br \/>\n\u0a38\u0a1f\u0a47\u0a38\u0a3c\u0a28\u0a3e\u0a02 \u0a26\u0a40 \u0a17\u0a3f\u0a23\u0a24\u0a40: 8 (\u0a1c\u0a3f\u0a28\u0a4d\u0a39\u0a3e\u0a02 \u0a35\u0a3f\u0a71\u0a1a\u0a4b\u0a02 1 \u0a07\u0a71\u0a15 \u0a38\u0a2e\u0a15\u0a3e\u0a32\u0a40 \u0a38\u0a25\u0a3f\u0a24\u0a40 \u0a39\u0a48)<br \/>\n\u0a1f\u0a42\u0a32 \u0a39\u0a4b\u0a32\u0a21\u0a30: VDI 25<br \/>\n\u0a2a\u0a3e\u0a35\u0a30\u0a21 \u0a1f\u0a42\u0a32\u0a38 \u0a26\u0a3e \u0a38\u0a2e\u0a30\u0a25\u0a28 \u0a15\u0a30\u0a26\u0a3e \u0a39\u0a48\u0964.<\/p>\n<p>\u0a39\u0a47\u0a20\u0a32\u0a3e \u0a30\u0a3f\u0a35\u0a3e\u0a32\u0a35\u0a30:<br \/>\n\u0a38\u0a1f\u0a47\u0a38\u0a3c\u0a28\u0a3e\u0a02 \u0a26\u0a40 \u0a17\u0a3f\u0a23\u0a24\u0a40: 6<br \/>\n\u0a2c\u0a3f\u0a28\u0a3e\u0a02 \u0a21\u0a30\u0a3e\u0a08\u0a35 \u0a26\u0a47<\/p>\n<p>\u0a2a\u0a3f\u0a71\u0a1b\u0a47:<br \/>\n\u0a30\u0a40\u0a05\u0a30 \u0a2a\u0a4d\u0a30\u0a4b\u0a38\u0a48\u0a38\u0a3f\u0a70\u0a17 \u0a32\u0a08 5 \u0a38\u0a1f\u0a47\u0a38\u0a3c\u0a28<\/p>\n<p>\u0a07\u0a71\u0a15\u0a4b \u0a38\u0a2e\u0a47\u0a02 3 \u0a1f\u0a42\u0a32\u0a38 \u0a28\u0a3e\u0a32 \u0a07\u0a71\u0a15\u0a4b \u0a38\u0a2e\u0a47\u0a02 \u0a38\u0a70\u0a2a\u0a3e\u0a26\u0a28<\/p>\n<p>\u0a15\u0a42\u0a32\u0a48\u0a02\u0a1f \u0a38\u0a3f\u0a38\u0a1f\u0a2e - \u0a1a\u0a3f\u0a71\u0a2a \u0a15\u0a28\u0a35\u0a47\u0a05\u0a30 <\/p>\n<p>\u0a2c\u0a3e\u0a30 \u0a32\u0a4b\u0a21\u0a3f\u0a70\u0a17 \u0a2e\u0a48\u0a17\u0a1c\u0a3c\u0a40\u0a28 IRCO ILS MUK 7012-II \u0a38\u0a3e\u0a32 2015<br \/>\n\u0a38\u0a39\u0a3e\u0a07\u0a15 \u0a09\u0a2a\u0a15\u0a30\u0a23 \/ \u0a14\u0a1c\u0a3c\u0a3e\u0a30 \/ \u0a2e\u0a48\u0a28\u0a42\u0a05\u0a32<\/p>\n<p>\u0a2e\u0a38\u0a3c\u0a40\u0a28 \u0a26\u0a3e \u0a2d\u0a3e\u0a30 \u0a05\u0a24\u0a47 \u0a2e\u0a3e\u0a2a<br \/>\n\u0a2e\u0a38\u0a3c\u0a40\u0a28 \u0a26\u0a47 \u0a2e\u0a3e\u0a2a: \u0a32\u0a17\u0a2d\u0a17 2830 \u00d7 1500 \u00d7 2200 \u0a2e\u0a3f\u0a32\u0a40\u0a2e\u0a40\u0a1f\u0a30<br \/>\n\u0a2e\u0a38\u0a3c\u0a40\u0a28 \u0a26\u0a3e \u0a2d\u0a3e\u0a30: \u0a32\u0a17\u0a2d\u0a17 3500 \u0a15\u0a3f\u0a32\u0a4b\u0a17\u0a4d\u0a30\u0a3e\u0a2e<\/p>\n<p>\u0a15\u0a42\u0a32\u0a48\u0a02\u0a1f \u0a38\u0a3f\u0a38\u0a1f\u0a2e \u0a05\u0a24\u0a47 \u0a1a\u0a3f\u0a71\u0a2a \u0a15\u0a28\u0a35\u0a47\u0a05\u0a30 \u0a26\u0a3e \u0a2d\u0a3e\u0a30 \u0a05\u0a24\u0a47 \u0a2e\u0a3e\u0a2a<br \/>\n\u0a2e\u0a38\u0a3c\u0a40\u0a28 \u0a26\u0a47 \u0a2e\u0a3e\u0a2a: \u0a32\u0a17\u0a2d\u0a17 1600 \u00d7 1250 \u00d7 1780 \u0a2e\u0a3f\u0a32\u0a40\u0a2e\u0a40\u0a1f\u0a30<br \/>\n\u0a2e\u0a38\u0a3c\u0a40\u0a28 \u0a26\u0a3e \u0a2d\u0a3e\u0a30: \u0a32\u0a17\u0a2d\u0a17 680 \u0a15\u0a3f\u0a32\u0a4b\u0a17\u0a4d\u0a30\u0a3e\u0a2e<\/p>\n<p>IRCO ILS MUK \u0a2c\u0a3e\u0a30 \u0a32\u0a4b\u0a21\u0a30 \u0a26\u0a3e \u0a2d\u0a3e\u0a30 \u0a05\u0a24\u0a47 \u0a2e\u0a3e\u0a2a<br \/>\n\u0a2e\u0a38\u0a3c\u0a40\u0a28 \u0a26\u0a47 \u0a2e\u0a3e\u0a2a: \u0a32\u0a17\u0a2d\u0a17 1800 \u00d7 1000 \u00d7 1280 \u0a2e\u0a3f\u0a32\u0a40\u0a2e\u0a40\u0a1f\u0a30<br \/>\n\u0a2e\u0a38\u0a3c\u0a40\u0a28 \u0a26\u0a3e \u0a2d\u0a3e\u0a30: \u0a32\u0a17\u0a2d\u0a17 650 \u0a15\u0a3f\u0a32\u0a4b\u0a17\u0a4d\u0a30\u0a3e\u0a2e<\/p>\n<p>\u0a07\u0a39 \u0a2e\u0a38\u0a3c\u0a40\u0a28 \u0a2a\u0a42\u0a30\u0a40 \u0a24\u0a30\u0a4d\u0a39\u0a3e\u0a02 \u0a15\u0a70\u0a2e \u0a15\u0a30 \u0a30\u0a39\u0a40 \u0a39\u0a48 \u0a05\u0a24\u0a47 \u0a1a\u0a70\u0a17\u0a40 \u0a39\u0a3e\u0a32\u0a24 \u0a35\u0a3f\u0a71\u0a1a \u0a39\u0a48\u0964<br \/>\n\u0a38\u0a3e\u0a28\u0a42\u0a70 \u0a39\u0a4b\u0a30 \u0a1c\u0a3e\u0a23\u0a15\u0a3e\u0a30\u0a40 \u0a2a\u0a4d\u0a30\u0a26\u0a3e\u0a28 \u0a15\u0a30\u0a28 \u0a1c\u0a3e\u0a02 \u0a2a\u0a3e\u0a35\u0a30 \u0a26\u0a47 \u0a39\u0a47\u0a20\u0a3e\u0a02 \u0a26\u0a47\u0a16\u0a23 \u0a26\u0a3e \u0a2a\u0a4d\u0a30\u0a2c\u0a70\u0a27 \u0a15\u0a30\u0a28 \u0a35\u0a3f\u0a71\u0a1a \u0a16\u0a41\u0a38\u0a3c\u0a40 \u0a39\u0a4b\u0a35\u0a47\u0a17\u0a40\u0964.<br \/>\n\u0a24\u0a15\u0a28\u0a40\u0a15\u0a40 \u0a21\u0a47\u0a1f\u0a3e \u0a05\u0a24\u0a47 \u0a1c\u0a3e\u0a23\u0a15\u0a3e\u0a30\u0a40 \u0a26\u0a47 \u0a28\u0a3e\u0a32-\u0a28\u0a3e\u0a32 \u0a2a\u0a39\u0a3f\u0a32\u0a3e\u0a02 \u0a26\u0a40 \u0a35\u0a3f\u0a15\u0a30\u0a40 \u0a35\u0a3f\u0a71\u0a1a \u0a24\u0a2c\u0a26\u0a40\u0a32\u0a40\u0a06\u0a02 \u0a05\u0a24\u0a47 \u0a17\u0a32\u0a24\u0a40\u0a06\u0a02 \u0a26\u0a47 \u0a05\u0a27\u0a40\u0a28!<\/p>\n<p>\u0a2e\u0a38\u0a3c\u0a40\u0a28 \u0a26\u0a3e \u0a05\u0a39\u0a41\u0a26\u0a3e: \u0a38\u0a40\u0a10\u0a28\u0a38\u0a40 \u0a38\u0a3c\u0a3e\u0a30\u0a1f-\u0a1f\u0a30\u0a28\u0a3f\u0a70\u0a17 \u0a32\u0a47\u0a25<br \/>\n\u0a28\u0a3f\u0a30\u0a2e\u0a3e\u0a24\u0a3e: \u0a07\u0a70\u0a21\u0a48\u0a15\u0a38<br \/>\n\u0a2e\u0a3e\u0a21\u0a32: \u0a0f.\u0a2c\u0a40.\u0a38\u0a40.<br \/>\n\u0a28\u0a3f\u0a30\u0a2e\u0a3e\u0a23 \u0a26\u0a3e \u0a38\u0a3e\u0a32: 2017<br \/>\n\u0a15\u0a70\u0a1f\u0a30\u0a4b\u0a32 \u0a38\u0a3f\u0a38\u0a1f\u0a2e: \u0a2b\u0a48\u0a28\u0a15 32i-B<br \/>\n\u0a15\u0a3e\u0a30\u0a1c\u0a38\u0a3c\u0a40\u0a32 \u0a38\u0a25\u0a3f\u0a24\u0a40: \u0a2a\u0a42\u0a30\u0a40 \u0a24\u0a30\u0a4d\u0a39\u0a3e\u0a02 \u0a15\u0a3e\u0a30\u0a1c\u0a38\u0a3c\u0a40\u0a32<br \/>\n\u0a15\u0a70\u0a2e \u0a15\u0a30\u0a28 \u0a26\u0a47 \u0a18\u0a70\u0a1f\u0a47: \u0a32\u0a17\u0a2d\u0a17 ___ \u0a18\u0a70\u0a1f\u0a47<\/p>\n<p>\u0a24\u0a15\u0a28\u0a40\u0a15\u0a40 \u0a21\u0a47\u0a1f\u0a3e<\/p>\n<p>\u0a38\u0a2a\u0a3f\u0a70\u0a21\u0a32 \u0a2c\u0a4b\u0a30: \u00d8 42 \u0a2e\u0a3f\u0a32\u0a40\u0a2e\u0a40\u0a1f\u0a30<\/p>\n<p>\u0a2f\u0a3e\u0a24\u0a30\u0a3e \u0a05\u0a24\u0a47 \u0a2b\u0a40\u0a21 \u0a21\u0a47\u0a1f\u0a3e:<\/p>\n<p>\u0a10\u0a15\u0a38-\u0a10\u0a15\u0a38\u0a3f\u0a38 \u0a2f\u0a3e\u0a24\u0a30\u0a3e: \u0a32\u0a17\u0a2d\u0a17 90 \u0a2e\u0a3f\u0a32\u0a40\u0a2e\u0a40\u0a1f\u0a30<\/p>\n<p>Z-\u0a10\u0a15\u0a38\u0a3f\u0a38 \u0a2f\u0a3e\u0a24\u0a30\u0a3e: \u0a32\u0a17\u0a2d\u0a17 280 \u0a2e\u0a3f\u0a32\u0a40\u0a2e\u0a40\u0a1f\u0a30<\/p>\n<p>\u0a24\u0a47\u0a1c\u0a3c \u0a2b\u0a40\u0a21 X: \u0a32\u0a17\u0a2d\u0a17 27 \u0a2e\u0a40\u0a1f\u0a30\/\u0a2e\u0a3f\u0a70\u0a1f<\/p>\n<p>\u0a30\u0a48\u0a2a\u0a3f\u0a21 \u0a2b\u0a40\u0a21 Z: \u0a32\u0a17\u0a2d\u0a17 36 \u0a2e\u0a40\u0a1f\u0a30\/\u0a2e\u0a3f\u0a70\u0a1f<\/p>\n<p>\u0a09\u0a71\u0a2a\u0a30\u0a32\u0a3e \u0a2c\u0a41\u0a30\u0a1c (\u0a2e\u0a41\u0a71\u0a16 \u0a14\u0a1c\u0a3c\u0a3e\u0a30 \u0a15\u0a48\u0a30\u0a40\u0a05\u0a30):<\/p>\n<p>\u0a38\u0a1f\u0a47\u0a38\u0a3c\u0a28\u0a3e\u0a02 \u0a26\u0a40 \u0a17\u0a3f\u0a23\u0a24\u0a40: 8 (1 \u0a38\u0a2e\u0a15\u0a3e\u0a32\u0a40)<\/p>\n<p>\u0a1f\u0a42\u0a32 \u0a39\u0a4b\u0a32\u0a21\u0a30: VDI 25<\/p>\n<p>\u0a38\u0a70\u0a1a\u0a3e\u0a32\u0a3f\u0a24 \u0a38\u0a70\u0a26\u0a3e\u0a02 \u0a26\u0a3e \u0a38\u0a2e\u0a30\u0a25\u0a28 \u0a15\u0a30\u0a26\u0a3e \u0a39\u0a48<\/p>\n<p>\u0a39\u0a47\u0a20\u0a32\u0a3e \u0a2c\u0a41\u0a30\u0a1c:<\/p>\n<p>\u0a38\u0a1f\u0a47\u0a38\u0a3c\u0a28\u0a3e\u0a02 \u0a26\u0a40 \u0a17\u0a3f\u0a23\u0a24\u0a40: 6<\/p>\n<p>\u0a17\u0a48\u0a30-\u0a1a\u0a3e\u0a32\u0a3f\u0a24<\/p>\n<p>\u0a2a\u0a3f\u0a1b\u0a32\u0a3e \u0a2a\u0a3e\u0a38\u0a3e:<\/p>\n<p>\u0a2a\u0a3f\u0a1b\u0a32\u0a47 \u0a2a\u0a3e\u0a38\u0a47 \u0a26\u0a47 \u0a15\u0a3e\u0a30\u0a1c\u0a3e\u0a02 \u0a32\u0a08 5 \u0a38\u0a1f\u0a47\u0a38\u0a3c\u0a28<\/p>\n<p>\u0a07\u0a71\u0a15\u0a4b \u0a38\u0a2e\u0a47\u0a02 \u0a2e\u0a38\u0a3c\u0a40\u0a28\u0a3f\u0a70\u0a17: \u0a07\u0a71\u0a15\u0a4b \u0a38\u0a2e\u0a47\u0a02 3 \u0a14\u0a1c\u0a3c\u0a3e\u0a30 \u0a24\u0a71\u0a15<\/p>\n<p>\u0a15\u0a42\u0a32\u0a48\u0a02\u0a1f \u0a38\u0a3f\u0a38\u0a1f\u0a2e \u0a05\u0a24\u0a47 \u0a1a\u0a3f\u0a71\u0a2a \u0a15\u0a28\u0a35\u0a47\u0a05\u0a30<\/p>\n<p>\u0a2c\u0a3e\u0a30 \u0a2b\u0a40\u0a21\u0a30: IRCO ILS MUK 7012-II, \u0a38\u0a3e\u0a32 2015<\/p>\n<p>\u0a38\u0a39\u0a3e\u0a07\u0a15 \u0a09\u0a2a\u0a15\u0a30\u0a23 \/ \u0a14\u0a1c\u0a3c\u0a3e\u0a30 \/ \u0a2e\u0a48\u0a28\u0a42\u0a05\u0a32<\/p>\n<p>\u0a2e\u0a38\u0a3c\u0a40\u0a28 \u0a26\u0a47 \u0a2e\u0a3e\u0a2a \u0a05\u0a24\u0a47 \u0a2d\u0a3e\u0a30<\/p>\n<p>\u0a2e\u0a38\u0a3c\u0a40\u0a28: \u0a32\u0a17\u0a2d\u0a17 2830 \u00d7 1500 \u00d7 2200 \u0a2e\u0a3f\u0a32\u0a40\u0a2e\u0a40\u0a1f\u0a30, \u0a2d\u0a3e\u0a30: \u0a32\u0a17\u0a2d\u0a17 3500 \u0a15\u0a3f\u0a32\u0a4b\u0a17\u0a4d\u0a30\u0a3e\u0a2e<\/p>\n<p>\u0a15\u0a42\u0a32\u0a48\u0a02\u0a1f \u0a38\u0a3f\u0a38\u0a1f\u0a2e \u0a05\u0a24\u0a47 \u0a1a\u0a3f\u0a71\u0a2a \u0a15\u0a28\u0a35\u0a47\u0a05\u0a30: \u0a32\u0a17\u0a2d\u0a17 1600 \u00d7 1250 \u00d7 1780 \u0a2e\u0a3f\u0a32\u0a40\u0a2e\u0a40\u0a1f\u0a30, \u0a2d\u0a3e\u0a30: \u0a32\u0a17\u0a2d\u0a17 680 \u0a15\u0a3f\u0a32\u0a4b\u0a17\u0a4d\u0a30\u0a3e\u0a2e<\/p>\n<p>\u0a2c\u0a3e\u0a30 \u0a2b\u0a40\u0a21\u0a30 IRCO ILS MUK: \u0a32\u0a17\u0a2d\u0a17 1800 \u00d7 1000 \u00d7 1280 \u0a2e\u0a3f\u0a32\u0a40\u0a2e\u0a40\u0a1f\u0a30, \u0a2d\u0a3e\u0a30: \u0a32\u0a17\u0a2d\u0a17 650 \u0a15\u0a3f\u0a32\u0a4b\u0a17\u0a4d\u0a30\u0a3e\u0a2e<\/p>\n<p>\u0a07\u0a39 \u0a2e\u0a38\u0a3c\u0a40\u0a28 \u0a2a\u0a42\u0a30\u0a40 \u0a24\u0a30\u0a4d\u0a39\u0a3e\u0a02 \u0a1a\u0a3e\u0a32\u0a42 \u0a39\u0a48 \u0a05\u0a24\u0a47 \u0a1a\u0a70\u0a17\u0a40 \u0a39\u0a3e\u0a32\u0a24 \u0a35\u0a3f\u0a71\u0a1a \u0a39\u0a48\u0964.<br \/>\n\u0a39\u0a4b\u0a30 \u0a1c\u0a3e\u0a23\u0a15\u0a3e\u0a30\u0a40 \u0a32\u0a08 \u0a1c\u0a3e\u0a02 \u0a2a\u0a3e\u0a35\u0a30 \u0a05\u0a27\u0a40\u0a28 \u0a32\u0a3e\u0a08\u0a35 \u0a2a\u0a4d\u0a30\u0a26\u0a30\u0a38\u0a3c\u0a28 \u0a32\u0a08, \u0a15\u0a3f\u0a30\u0a2a\u0a3e \u0a15\u0a30\u0a15\u0a47 \u0a38\u0a3e\u0a21\u0a47 \u0a28\u0a3e\u0a32 \u0a38\u0a70\u0a2a\u0a30\u0a15 \u0a15\u0a30\u0a28 \u0a32\u0a08 \u0a2c\u0a47\u0a1d\u0a3f\u0a1c\u0a15 \u0a2e\u0a39\u0a3f\u0a38\u0a42\u0a38 \u0a15\u0a30\u0a4b\u0964.<br \/>\n\u0a24\u0a15\u0a28\u0a40\u0a15\u0a40 \u0a21\u0a47\u0a1f\u0a3e \u0a05\u0a24\u0a47 \u0a1c\u0a3e\u0a23\u0a15\u0a3e\u0a30\u0a40 \u0a35\u0a3f\u0a71\u0a1a \u0a2c\u0a26\u0a32\u0a3e\u0a05 \u0a05\u0a24\u0a47 \u0a17\u0a32\u0a24\u0a40\u0a06\u0a02 \u0a39\u0a4b \u0a38\u0a15\u0a26\u0a40\u0a06\u0a02 \u0a39\u0a28\u0964 \u0a2a\u0a39\u0a3f\u0a32\u0a3e\u0a02 \u0a35\u0a3f\u0a15\u0a30\u0a40 \u0a30\u0a3e\u0a16\u0a35\u0a40\u0a02 \u0a39\u0a48\u0964.<\/p>","protected":false},"excerpt":{"rendered":"<p>Standort: Deutschland, Baden-W\u00fcrttemberg S\u00fcdwest Zustand: Gebraucht Hersteller: Hardinge Modell: Hardinge Baujahr: 2017 Betriebsstunden: 15000 Maschinenbezeichnung: CNC-Kurzdrehmaschine Hersteller: Index Modell: ABC Baujahr: 2017 Steuerung: Fanuc 32 i- B Funktionsf\u00e4higkeit: voll funktionsf\u00e4hig Bearbeitungsstunden: ca. Stunden Technische Daten Spindelbohrung: \u00d8 42 mm Verfahr- und Vorschubdaten X-Achse Verfahrweg: ca. 90 mm Z-Achse Verfahrweg: ca. 280 mm Eilgang X: ca. [&hellip;]<\/p>\n","protected":false},"featured_media":7087,"template":"","meta":[],"product_brand":[],"product_cat":[80],"product_tag":[],"class_list":{"0":"post-7093","1":"product","2":"type-product","3":"status-publish","4":"has-post-thumbnail","6":"product_cat-cnc-drehmaschinen-0-199mm-drehd","8":"first","9":"instock","10":"taxable","11":"shipping-taxable","12":"product-type-simple"},"aioseo_notices":[],"_links":{"self":[{"href":"https:\/\/www.horn-wzm.de\/pa\/wp-json\/wp\/v2\/product\/7093","targetHints":{"allow":["GET"]}}],"collection":[{"href":"https:\/\/www.horn-wzm.de\/pa\/wp-json\/wp\/v2\/product"}],"about":[{"href":"https:\/\/www.horn-wzm.de\/pa\/wp-json\/wp\/v2\/types\/product"}],"version-history":[{"count":1,"href":"https:\/\/www.horn-wzm.de\/pa\/wp-json\/wp\/v2\/product\/7093\/revisions"}],"predecessor-version":[{"id":7094,"href":"https:\/\/www.horn-wzm.de\/pa\/wp-json\/wp\/v2\/product\/7093\/revisions\/7094"}],"wp:featuredmedia":[{"embeddable":true,"href":"https:\/\/www.horn-wzm.de\/pa\/wp-json\/wp\/v2\/media\/7087"}],"wp:attachment":[{"href":"https:\/\/www.horn-wzm.de\/pa\/wp-json\/wp\/v2\/media?parent=7093"}],"wp:term":[{"taxonomy":"product_brand","embeddable":true,"href":"https:\/\/www.horn-wzm.de\/pa\/wp-json\/wp\/v2\/product_brand?post=7093"},{"taxonomy":"product_cat","embeddable":true,"href":"https:\/\/www.horn-wzm.de\/pa\/wp-json\/wp\/v2\/product_cat?post=7093"},{"taxonomy":"product_tag","embeddable":true,"href":"https:\/\/www.horn-wzm.de\/pa\/wp-json\/wp\/v2\/product_tag?post=7093"}],"curies":[{"name":"\u0a21\u0a2c\u0a32\u0a2f\u0a42\u0a2a\u0a40","href":"https:\/\/api.w.org\/{rel}","templated":true}]}}