{"id":6868,"date":"2025-10-31T17:40:10","date_gmt":"2025-10-31T16:40:10","guid":{"rendered":"https:\/\/www.horn-wzm.de\/shop\/unkategorisiert\/teilereinigungsanlage-pero-r1-414-ex_bj-2079_intnr231417\/"},"modified":"2025-10-31T17:40:10","modified_gmt":"2025-10-31T16:40:10","slug":"%e0%a8%aa%e0%a9%81%e0%a8%b0%e0%a8%9c%e0%a8%bc%e0%a8%bf%e0%a8%86%e0%a8%82-%e0%a8%a6%e0%a9%80-%e0%a8%b8%e0%a8%ab%e0%a8%be%e0%a8%88-%e0%a8%aa%e0%a9%8d%e0%a8%b0%e0%a8%a3%e0%a8%be%e0%a8%b2%e0%a9%80","status":"publish","type":"product","link":"https:\/\/www.horn-wzm.de\/pa\/shop\/industrielle-reinigungsanlagen\/teilereinigungsanlage-pero-r1-414-ex_bj-2079_intnr231417\/","title":{"rendered":"\u0a2a\u0a41\u0a30\u0a1c\u0a3c\u0a3f\u0a06\u0a02 \u0a26\u0a40 \u0a38\u0a2b\u0a3e\u0a08 \u0a2a\u0a4d\u0a30\u0a23\u0a3e\u0a32\u0a40 PERO R1 \/ 414 EX_\u0a28\u0a3f\u0a30\u0a2e\u0a3e\u0a23 \u0a26\u0a3e \u0a38\u0a3e\u0a32 2079_IntNr231417"},"content":{"rendered":"<p><b>\u0a38\u0a25\u0a3e\u0a28:<\/b> \u0a1c\u0a30\u0a2e\u0a28\u0a40, \u0a2c\u0a3e\u0a21\u0a47\u0a28-\u0a35\u0a41\u0a30\u0a1f\u0a2e\u0a2c\u0a30\u0a17 \u0a26\u0a71\u0a16\u0a23-\u0a2a\u0a71\u0a1b\u0a2e<\/p>\n<p><b>\u0a39\u0a3e\u0a32\u0a24:<\/b> \u0a32\u0a4b\u0a5c\u0a40\u0a02\u0a26\u0a3e<\/p>\n<p><b>\u0a28\u0a3f\u0a30\u0a2e\u0a3e\u0a24\u0a3e:<\/b> \u0a2a\u0a47\u0a30\u0a4b<\/p>\n<p><b>\u0a2e\u0a3e\u0a21\u0a32:<\/b> \u0a2a\u0a47\u0a30\u0a4b<\/p>\n<p><b>\u0a09\u0a38\u0a3e\u0a30\u0a40 \u0a26\u0a3e \u0a38\u0a3e\u0a32:<\/b> 2017<\/p>\n<p>\u0a24\u0a15\u0a28\u0a40\u0a15\u0a40 \u0a35\u0a47\u0a30\u0a35\u0a3e - \u0a2a\u0a47\u0a30\u0a4b \u0a06\u0a30\u0a13<br \/>\n\u0a28\u0a3f\u0a30\u0a2e\u0a3e\u0a24\u0a3e: \u0a2a\u0a47\u0a30\u0a4b \u0a0f\u0a1c\u0a40<br \/>\n\u0a2e\u0a3e\u0a21\u0a32: RO R1 \/ 414-EX<br \/>\n\u0a28\u0a3f\u0a30\u0a2e\u0a3e\u0a23 \u0a26\u0a3e \u0a38\u0a3e\u0a32 2017\/10<\/p>\n<p>\u0a2e\u0a38\u0a3c\u0a40\u0a28 \u0a26\u0a40 \u0a15\u0a3f\u0a38\u0a2e: \u0a38\u0a2b\u0a3e\u0a08 \u0a2a\u0a4d\u0a30\u0a23\u0a3e\u0a32\u0a40 \/ \u0a21\u0a40\u0a17\u0a30\u0a40\u0a38\u0a3f\u0a70\u0a17 \u0a2a\u0a4d\u0a30\u0a23\u0a3e\u0a32\u0a40<br \/>\n\u0a22\u0a70\u0a17: \u0a18\u0a4b\u0a32\u0a15 \u0a38\u0a2b\u0a3e\u0a08 (\u0a1c\u0a3f\u0a35\u0a47\u0a02 \u0a15\u0a3f, \u0a38\u0a4b\u0a27\u0a47 \u0a39\u0a4b\u0a0f \u0a05\u0a32\u0a15\u0a4b\u0a39\u0a32 \u0a1c\u0a3e\u0a02 \u0a39\u0a3e\u0a08\u0a21\u0a30\u0a4b\u0a15\u0a3e\u0a30\u0a2c\u0a28)<\/p>\n<p>\u0a24\u0a15\u0a28\u0a40\u0a15\u0a40 \u0a35\u0a3f\u0a38\u0a3c\u0a47\u0a38\u0a3c\u0a24\u0a3e\u0a35\u0a3e\u0a02 (\u0a07\u0a38 \u0a32\u0a5c\u0a40 \u0a32\u0a08 \u0a16\u0a3e\u0a38):<\/p>\n<p>\u0a38\u0a2b\u0a3e\u0a08 \u0a2a\u0a4d\u0a30\u0a23\u0a3e\u0a32\u0a40: \u0a2c\u0a70\u0a26 \u0a38\u0a30\u0a15\u0a1f, \u0a2a\u0a42\u0a30\u0a40 \u0a24\u0a30\u0a4d\u0a39\u0a3e\u0a02 \u0a06\u0a1f\u0a4b\u0a2e\u0a48\u0a1f\u0a3f\u0a15<\/p>\n<p>\u0a35\u0a30\u0a15\u0a3f\u0a70\u0a17 \u0a1a\u0a48\u0a02\u0a2c\u0a30 \u0a26\u0a3e \u0a06\u0a15\u0a3e\u0a30: \u0a32\u0a17\u0a2d\u0a17 530 \u00d7 320 \u00d7 200 \u0a2e\u0a3f\u0a32\u0a40\u0a2e\u0a40\u0a1f\u0a30<\/p>\n<p>\u0a35\u0a71\u0a27 \u0a24\u0a4b\u0a02 \u0a35\u0a71\u0a27 \u0a2c\u0a48\u0a1a \u0a2d\u0a3e\u0a30: \u0a32\u0a17\u0a2d\u0a17 50 - 80 \u0a15\u0a3f\u0a32\u0a4b\u0a17\u0a4d\u0a30\u0a3e\u0a2e<\/p>\n<p>\u0a18\u0a4b\u0a32\u0a15: \u0a38\u0a4b\u0a27\u0a3f\u0a06 \u0a39\u0a4b\u0a07\u0a06 \u0a05\u0a32\u0a15\u0a4b\u0a39\u0a32 (\u0a39\u0a3e\u0a08\u0a21\u0a4d\u0a30\u0a4b\u0a15\u0a3e\u0a30\u0a2c\u0a28-\u0a05\u0a27\u0a3e\u0a30\u0a24)<\/p>\n<p>\u0a38\u0a41\u0a15\u0a3e\u0a09\u0a23\u0a3e: \u0a35\u0a48\u0a15\u0a3f\u0a0a\u0a2e \u0a38\u0a41\u0a15\u0a3e\u0a09\u0a23\u0a3e<\/p>\n<p>\u0a15\u0a70\u0a1f\u0a30\u0a4b\u0a32: \u0a1f\u0a71\u0a1a \u0a2a\u0a48\u0a28\u0a32 \u0a26\u0a47 \u0a28\u0a3e\u0a32 PLC \u0a15\u0a70\u0a1f\u0a30\u0a4b\u0a32<\/p>\n<p>\u0a35\u0a3f\u0a38\u0a3c\u0a47\u0a38\u0a3c\u0a24\u0a3e\u0a35\u0a3e\u0a02: \u0a0f\u0a15\u0a40\u0a15\u0a4d\u0a30\u0a3f\u0a24 \u0a21\u0a3f\u0a38\u0a1f\u0a3f\u0a32\u0a47\u0a38\u0a3c\u0a28 \u0a2f\u0a42\u0a28\u0a3f\u0a1f, \u0a2b\u0a3f\u0a32\u0a1f\u0a30 \u0a38\u0a3f\u0a38\u0a1f\u0a2e, \u0a24\u0a47\u0a32 \u0a35\u0a71\u0a16 \u0a15\u0a30\u0a28\u0a3e<\/p>\n<p>\u0a2c\u0a3f\u0a1c\u0a32\u0a40 \u0a26\u0a40 \u0a16\u0a2a\u0a24: \u0a32\u0a17\u0a2d\u0a17 10 - 15 \u0a15\u0a3f\u0a32\u0a4b\u0a35\u0a3e\u0a1f<\/p>\n<p>\u0a35\u0a48\u0a15\u0a3f\u0a0a\u0a2e \u0a2a\u0a70\u0a2a: \u0a0f\u0a15\u0a40\u0a15\u0a4d\u0a30\u0a3f\u0a24<\/p>\n<p>\u0a39\u0a3e\u0a32\u0a24: \u0a2c\u0a39\u0a41\u0a24 \u0a35\u0a27\u0a40\u0a06, \u0a1a\u0a70\u0a17\u0a40 \u0a24\u0a30\u0a4d\u0a39\u0a3e\u0a02 \u0a38\u0a70\u0a2d\u0a3e\u0a32\u0a40 \u0a39\u0a4b\u0a08 \u0a39\u0a3e\u0a32\u0a24 - \u0a2e\u0a4c\u0a1c\u0a42\u0a26\u0a3e \u0a09\u0a24\u0a2a\u0a3e\u0a26\u0a28 \u0a24\u0a4b\u0a02<\/p>\n<p>\u0a16\u0a3e\u0a38 \u0a1a\u0a40\u0a1c\u0a3e\u0a02:<\/p>\n<p>\u0a2c\u0a70\u0a26 \u0a18\u0a4b\u0a32\u0a28 \u0a35\u0a3e\u0a32\u0a47 \u0a38\u0a30\u0a15\u0a1f \u0a26\u0a47 \u0a28\u0a3e\u0a32 \u0a0a\u0a30\u0a1c\u0a3e \u0a2c\u0a1a\u0a3e\u0a09\u0a23 \u0a35\u0a3e\u0a32\u0a40 \u0a38\u0a2b\u0a3e\u0a08 \u0a2a\u0a4d\u0a30\u0a23\u0a3e\u0a32\u0a40<\/p>\n<p>\u0a18\u0a71\u0a1f \u0a24\u0a4b\u0a02 \u0a18\u0a71\u0a1f \u0a18\u0a4b\u0a32\u0a15 \u0a26\u0a40 \u0a16\u0a2a\u0a24 \u0a26\u0a47 \u0a28\u0a3e\u0a32 \u0a09\u0a71\u0a1a \u0a38\u0a2b\u0a3e\u0a08 \u0a17\u0a41\u0a23\u0a35\u0a71\u0a24\u0a3e<\/p>\n<p>\u0a38\u0a3c\u0a41\u0a71\u0a27\u0a24\u0a3e \u0a07\u0a70\u0a1c\u0a40\u0a28\u0a40\u0a05\u0a30\u0a3f\u0a70\u0a17 \u0a05\u0a24\u0a47 \u0a2e\u0a38\u0a3c\u0a40\u0a28\u0a3f\u0a70\u0a17 \u0a15\u0a70\u0a2a\u0a28\u0a40\u0a06\u0a02 \u0a32\u0a08 \u0a06\u0a26\u0a30\u0a38\u0a3c<\/p>\n<p>\u0a2e\u0a38\u0a3c\u0a40\u0a28 \u0a26\u0a40 \u0a1c\u0a3e\u0a02\u0a1a \u0a2e\u0a41\u0a32\u0a3e\u0a15\u0a3e\u0a24 \u0a26\u0a41\u0a06\u0a30\u0a3e \u0a15\u0a40\u0a24\u0a40 \u0a1c\u0a3e \u0a38\u0a15\u0a26\u0a40 \u0a39\u0a48\u0964<br \/>\n\u0a24\u0a15\u0a28\u0a40\u0a15\u0a40 \u0a21\u0a47\u0a1f\u0a3e \u0a05\u0a24\u0a47 \u0a1c\u0a3e\u0a23\u0a15\u0a3e\u0a30\u0a40 \u0a26\u0a47 \u0a28\u0a3e\u0a32-\u0a28\u0a3e\u0a32 \u0a2a\u0a39\u0a3f\u0a32\u0a3e\u0a02 \u0a26\u0a40 \u0a35\u0a3f\u0a15\u0a30\u0a40 \u0a35\u0a3f\u0a71\u0a1a \u0a24\u0a2c\u0a26\u0a40\u0a32\u0a40\u0a06\u0a02 \u0a05\u0a24\u0a47 \u0a17\u0a32\u0a24\u0a40\u0a06\u0a02 \u0a26\u0a47 \u0a05\u0a27\u0a40\u0a28!<\/p>\n<p>\u0a28\u0a3f\u0a30\u0a2e\u0a3e\u0a24\u0a3e: \u0a2a\u0a47\u0a30\u0a4b \u0a0f\u0a1c\u0a40<br \/>\n\u0a2e\u0a3e\u0a21\u0a32: RO R1 \/ 414-EX<br \/>\n\u0a28\u0a3f\u0a30\u0a2e\u0a3e\u0a23 \u0a26\u0a3e \u0a38\u0a3e\u0a32: 10 \/ 2017<\/p>\n<p>\u0a2e\u0a38\u0a3c\u0a40\u0a28 \u0a26\u0a40 \u0a15\u0a3f\u0a38\u0a2e: \u0a38\u0a2b\u0a3e\u0a08 \u0a2a\u0a4d\u0a30\u0a23\u0a3e\u0a32\u0a40 \/ \u0a21\u0a40\u0a17\u0a30\u0a40\u0a38\u0a3f\u0a70\u0a17 \u0a2f\u0a42\u0a28\u0a3f\u0a1f<br \/>\n\u0a2a\u0a4d\u0a30\u0a15\u0a3f\u0a30\u0a3f\u0a06: \u0a18\u0a4b\u0a32\u0a15 \u0a38\u0a2b\u0a3e\u0a08 (EG \u0a38\u0a4b\u0a27\u0a47 \u0a39\u0a4b\u0a0f \u0a05\u0a32\u0a15\u0a4b\u0a39\u0a32 \u0a1c\u0a3e\u0a02 \u0a39\u0a3e\u0a08\u0a21\u0a30\u0a4b\u0a15\u0a3e\u0a30\u0a2c\u0a28)<\/p>\n<p>\u0a24\u0a15\u0a28\u0a40\u0a15\u0a40 \u0a21\u0a47\u0a1f\u0a3e (\u0a07\u0a38 \u0a32\u0a5c\u0a40 \u0a32\u0a08 \u0a06\u0a2e):<\/p>\n<p>\u0a38\u0a2b\u0a3e\u0a08 \u0a2a\u0a4d\u0a30\u0a23\u0a3e\u0a32\u0a40: \u0a2c\u0a70\u0a26-\u0a32\u0a42\u0a2a \u0a2a\u0a4d\u0a30\u0a23\u0a3e\u0a32\u0a40, \u0a2a\u0a42\u0a30\u0a40 \u0a24\u0a30\u0a4d\u0a39\u0a3e\u0a02 \u0a06\u0a1f\u0a4b\u0a2e\u0a48\u0a1f\u0a3f\u0a15<\/p>\n<p>\u0a35\u0a30\u0a15\u0a3f\u0a70\u0a17 \u0a1a\u0a48\u0a02\u0a2c\u0a30 \u0a26\u0a47 \u0a2e\u0a3e\u0a2a: \u0a32\u0a17\u0a2d\u0a17 530 \u00d7 320 \u00d7 200mm<\/p>\n<p>\u0a35\u0a71\u0a27 \u0a24\u0a4b\u0a02 \u0a35\u0a71\u0a27 \u0a2c\u0a48\u0a1a \u0a2d\u0a3e\u0a30: \u0a32\u0a17\u0a2d\u0a17 50-80 \u0a15\u0a3f\u0a32\u0a4b\u0a17\u0a4d\u0a30\u0a3e\u0a2e<\/p>\n<p>\u0a18\u0a4b\u0a32\u0a15: \u0a38\u0a4b\u0a27\u0a3f\u0a06 \u0a39\u0a4b\u0a07\u0a06 \u0a05\u0a32\u0a15\u0a4b\u0a39\u0a32 (\u0a39\u0a3e\u0a08\u0a21\u0a4d\u0a30\u0a4b\u0a15\u0a3e\u0a30\u0a2c\u0a28-\u0a05\u0a27\u0a3e\u0a30\u0a24)<\/p>\n<p>\u0a38\u0a41\u0a15\u0a3e\u0a09\u0a23\u0a3e: \u0a35\u0a48\u0a15\u0a3f\u0a0a\u0a2e \u0a38\u0a41\u0a15\u0a3e\u0a09\u0a23\u0a3e<\/p>\n<p>\u0a15\u0a70\u0a1f\u0a30\u0a4b\u0a32 \u0a38\u0a3f\u0a38\u0a1f\u0a2e: \u0a1f\u0a71\u0a1a \u0a2a\u0a48\u0a28\u0a32 \u0a26\u0a47 \u0a28\u0a3e\u0a32 \u0a2a\u0a40\u0a10\u0a32\u0a38\u0a40 \u0a15\u0a70\u0a1f\u0a30\u0a4b\u0a32<\/p>\n<p>\u0a09\u0a2a\u0a15\u0a30\u0a23: \u0a0f\u0a15\u0a40\u0a15\u0a4d\u0a30\u0a3f\u0a24 \u0a21\u0a3f\u0a38\u0a1f\u0a3f\u0a32\u0a47\u0a38\u0a3c\u0a28 \u0a2f\u0a42\u0a28\u0a3f\u0a1f, \u0a2b\u0a3f\u0a32\u0a1f\u0a30\u0a47\u0a38\u0a3c\u0a28 \u0a38\u0a3f\u0a38\u0a1f\u0a2e, \u0a24\u0a47\u0a32 \u0a35\u0a71\u0a16\u0a30\u0a3e \u0a15\u0a30\u0a28 \u0a35\u0a3e\u0a32\u0a3e<\/p>\n<p>\u0a2c\u0a3f\u0a1c\u0a32\u0a40 \u0a26\u0a40 \u0a16\u0a2a\u0a24: \u0a32\u0a17\u0a2d\u0a17 10 - 15 \u0a15\u0a3f\u0a32\u0a4b\u0a35\u0a3e\u0a1f<\/p>\n<p>\u0a35\u0a48\u0a15\u0a3f\u0a0a\u0a2e \u0a2a\u0a70\u0a2a: \u0a0f\u0a15\u0a40\u0a15\u0a4d\u0a30\u0a3f\u0a24<\/p>\n<p>\u0a39\u0a3e\u0a32\u0a24: \u0a2c\u0a39\u0a41\u0a24 \u0a35\u0a27\u0a40\u0a06, \u0a1a\u0a70\u0a17\u0a40 \u0a24\u0a30\u0a4d\u0a39\u0a3e\u0a02 \u0a38\u0a70\u0a2d\u0a3e\u0a32\u0a40 \u0a39\u0a4b\u0a08 \u0a39\u0a3e\u0a32\u0a24 - \u0a1a\u0a71\u0a32 \u0a30\u0a39\u0a47 \u0a09\u0a24\u0a2a\u0a3e\u0a26\u0a28 \u0a24\u0a4b\u0a02\u0964<\/p>\n<p>\u0a16\u0a3e\u0a38 \u0a1a\u0a40\u0a1c\u0a3e\u0a02:<\/p>\n<p>\u0a2c\u0a70\u0a26 \u0a18\u0a4b\u0a32\u0a28 \u0a35\u0a3e\u0a32\u0a47 \u0a38\u0a30\u0a15\u0a1f \u0a26\u0a47 \u0a28\u0a3e\u0a32 \u0a0a\u0a30\u0a1c\u0a3e-\u0a15\u0a41\u0a38\u0a3c\u0a32 \u0a38\u0a2b\u0a3e\u0a08 \u0a2a\u0a4d\u0a30\u0a23\u0a3e\u0a32\u0a40<\/p>\n<p>\u0a18\u0a71\u0a1f\u0a4b-\u0a18\u0a71\u0a1f \u0a18\u0a4b\u0a32\u0a15 \u0a26\u0a40 \u0a16\u0a2a\u0a24 \u0a26\u0a47 \u0a28\u0a3e\u0a32 \u0a38\u0a3c\u0a3e\u0a28\u0a26\u0a3e\u0a30 \u0a38\u0a2b\u0a3e\u0a08 \u0a17\u0a41\u0a23\u0a35\u0a71\u0a24\u0a3e<\/p>\n<p>\u0a38\u0a3c\u0a41\u0a71\u0a27\u0a24\u0a3e \u0a07\u0a70\u0a1c\u0a40\u0a28\u0a40\u0a05\u0a30\u0a3f\u0a70\u0a17 \u0a05\u0a24\u0a47 \u0a27\u0a3e\u0a24 \u0a15\u0a71\u0a1f\u0a23 \u0a35\u0a3e\u0a32\u0a47 \u0a09\u0a26\u0a2f\u0a4b\u0a17\u0a3e\u0a02 \u0a32\u0a08 \u0a06\u0a26\u0a30\u0a38\u0a3c<\/p>\n<p>\u0a2e\u0a38\u0a3c\u0a40\u0a28 \u0a26\u0a40 \u0a2c\u0a3f\u0a1c\u0a32\u0a40 \u0a26\u0a47 \u0a39\u0a47\u0a20\u0a3e\u0a02 \u0a2a\u0a39\u0a3f\u0a32\u0a3e\u0a02 \u0a24\u0a4b\u0a02 \u0a2e\u0a41\u0a32\u0a3e\u0a15\u0a3e\u0a24 \u0a15\u0a30\u0a15\u0a47 \u0a1c\u0a3e\u0a02\u0a1a \u0a15\u0a40\u0a24\u0a40 \u0a1c\u0a3e \u0a38\u0a15\u0a26\u0a40 \u0a39\u0a48\u0964.<br \/>\n\u0a24\u0a15\u0a28\u0a40\u0a15\u0a40 \u0a21\u0a47\u0a1f\u0a3e \u0a05\u0a24\u0a47 \u0a35\u0a3f\u0a38\u0a3c\u0a47\u0a38\u0a3c\u0a24\u0a3e\u0a35\u0a3e\u0a02 \u0a35\u0a3f\u0a71\u0a1a \u0a2c\u0a26\u0a32\u0a3e\u0a05 \u0a05\u0a24\u0a47 \u0a17\u0a32\u0a24\u0a40\u0a06\u0a02 \u0a39\u0a4b \u0a38\u0a15\u0a26\u0a40\u0a06\u0a02 \u0a39\u0a28\u0964 \u0a2a\u0a39\u0a3f\u0a32\u0a3e\u0a02 \u0a35\u0a3f\u0a15\u0a30\u0a40 \u0a30\u0a3e\u0a16\u0a35\u0a40\u0a02 \u0a39\u0a48\u0964.<\/p>","protected":false},"excerpt":{"rendered":"<p>Standort: Deutschland, Baden-W\u00fcrttemberg S\u00fcdwest Zustand: Gebraucht Hersteller: Pero Modell: Pero Baujahr: 2017 Technische Beschreibung \u2013 PERO RO Hersteller: PERO AG Modell: RO R1 \/ 414-EX Bj. 2017 \/ 10 Maschinentyp: Reinigungsanlage \/ Entfettungsanlage Verfahren: L\u00f6semittelreinigung (z. B. modifizierte Alkohole oder Kohlenwasserstoffe) Technische Daten (typisch f\u00fcr diese Baureihe): Reinigungssystem: geschlossener Kreislauf, vollautomatisch Arbeitskammergr\u00f6\u00dfe: ca. 530 \u00d7 [&hellip;]<\/p>\n","protected":false},"featured_media":6864,"template":"","meta":[],"product_brand":[],"product_cat":[97],"product_tag":[],"class_list":{"0":"post-6868","1":"product","2":"type-product","3":"status-publish","4":"has-post-thumbnail","6":"product_cat-industrielle-reinigungsanlagen","8":"first","9":"instock","10":"taxable","11":"shipping-taxable","12":"product-type-simple"},"aioseo_notices":[],"_links":{"self":[{"href":"https:\/\/www.horn-wzm.de\/pa\/wp-json\/wp\/v2\/product\/6868","targetHints":{"allow":["GET"]}}],"collection":[{"href":"https:\/\/www.horn-wzm.de\/pa\/wp-json\/wp\/v2\/product"}],"about":[{"href":"https:\/\/www.horn-wzm.de\/pa\/wp-json\/wp\/v2\/types\/product"}],"version-history":[{"count":1,"href":"https:\/\/www.horn-wzm.de\/pa\/wp-json\/wp\/v2\/product\/6868\/revisions"}],"predecessor-version":[{"id":6869,"href":"https:\/\/www.horn-wzm.de\/pa\/wp-json\/wp\/v2\/product\/6868\/revisions\/6869"}],"wp:featuredmedia":[{"embeddable":true,"href":"https:\/\/www.horn-wzm.de\/pa\/wp-json\/wp\/v2\/media\/6864"}],"wp:attachment":[{"href":"https:\/\/www.horn-wzm.de\/pa\/wp-json\/wp\/v2\/media?parent=6868"}],"wp:term":[{"taxonomy":"product_brand","embeddable":true,"href":"https:\/\/www.horn-wzm.de\/pa\/wp-json\/wp\/v2\/product_brand?post=6868"},{"taxonomy":"product_cat","embeddable":true,"href":"https:\/\/www.horn-wzm.de\/pa\/wp-json\/wp\/v2\/product_cat?post=6868"},{"taxonomy":"product_tag","embeddable":true,"href":"https:\/\/www.horn-wzm.de\/pa\/wp-json\/wp\/v2\/product_tag?post=6868"}],"curies":[{"name":"\u0a21\u0a2c\u0a32\u0a2f\u0a42\u0a2a\u0a40","href":"https:\/\/api.w.org\/{rel}","templated":true}]}}