{"id":6400,"date":"2025-09-22T14:10:34","date_gmt":"2025-09-22T12:10:34","guid":{"rendered":"https:\/\/www.horn-wzm.de\/shop\/unkategorisiert\/gebr-weiler-ergodor_bj-1998-intnr231387\/"},"modified":"2025-09-22T14:10:34","modified_gmt":"2025-09-22T12:10:34","slug":"gebr-weiler-ergodor_bj-1998-intnr231387","status":"publish","type":"product","link":"https:\/\/www.horn-wzm.de\/pa\/shop\/drehmaschinen\/gebr-weiler-ergodor_bj-1998-intnr231387\/","title":{"rendered":"\u0a35\u0a30\u0a24\u0a3f\u0a06 \u0a17\u0a3f\u0a06 \u0a39\u0a48\u0a2e\u0a32\u0a47\u0a1f ERGODOR_Bj. 1998, IntNr231387"},"content":{"rendered":"<p><b>\u0a38\u0a25\u0a3e\u0a28:<\/b> \u0a1c\u0a30\u0a2e\u0a28\u0a40, \u0a2c\u0a3e\u0a21\u0a47\u0a28-\u0a35\u0a41\u0a30\u0a1f\u0a2e\u0a2c\u0a30\u0a17 \u0a26\u0a71\u0a16\u0a23-\u0a2a\u0a71\u0a1b\u0a2e<\/p>\n<p><b>\u0a39\u0a3e\u0a32\u0a24:<\/b> \u0a32\u0a4b\u0a5c\u0a40\u0a02\u0a26\u0a3e<\/p>\n<p><b>\u0a2e\u0a3e\u0a21\u0a32:<\/b> \u0a1c\u0a3c\u0a40\u0a30\u0a4b<\/p>\n<p><b>\u0a09\u0a38\u0a3e\u0a30\u0a40 \u0a26\u0a3e \u0a38\u0a3e\u0a32:<\/b> 1998<\/p>\n<p>\u0a35\u0a47\u0a32\u0a30 \u0a10\u0a30\u0a17\u0a4b\u0a21\u0a4b\u0a30 \u0a2e\u0a15\u0a48\u0a28\u0a3f\u0a15 \u0a26\u0a3e \u0a16\u0a30\u0a3e\u0a26, 1998 \u0a35\u0a3f\u0a71\u0a1a \u0a2c\u0a23\u0a3e\u0a07\u0a06 \u0a17\u0a3f\u0a06<br \/>\n\u0a10\u0a30\u0a17\u0a4b\u0a28\u0a4b\u0a2e\u0a3f\u0a15 \u0a21\u0a3f\u0a1c\u0a3c\u0a3e\u0a08\u0a28 \u0a35\u0a3f\u0a71\u0a1a \u0a38\u0a3c\u0a41\u0a71\u0a27\u0a24\u0a3e \u0a15\u0a47\u0a02\u0a26\u0a30 \u0a16\u0a30\u0a3e\u0a26<\/p>\n<p>\u0a24\u0a15\u0a28\u0a40\u0a15\u0a40 \u0a21\u0a47\u0a1f\u0a3e<br \/>\n\u0a2c\u0a48\u0a71\u0a21 \u0a09\u0a71\u0a24\u0a47 \u0a35\u0a71\u0a27 \u0a24\u0a4b\u0a02 \u0a35\u0a71\u0a27 \u0a2e\u0a4b\u0a5c\u0a28 \u0a26\u0a3e \u0a35\u0a3f\u0a06\u0a38: \u0a32\u0a17\u0a2d\u0a17 320 \u0a2e\u0a3f\u0a32\u0a40\u0a2e\u0a40\u0a1f\u0a30<br \/>\n\u0a38\u0a2a\u0a4b\u0a30\u0a1f \u0a09\u0a71\u0a24\u0a47 \u0a35\u0a71\u0a27 \u0a24\u0a4b\u0a02 \u0a35\u0a71\u0a27 \u0a2e\u0a4b\u0a5c\u0a28 \u0a26\u0a3e \u0a35\u0a3f\u0a06\u0a38: \u0a32\u0a17\u0a2d\u0a17 160 \u0a2e\u0a3f\u0a32\u0a40\u0a2e\u0a40\u0a1f\u0a30<br \/>\n\u0a35\u0a71\u0a27 \u0a24\u0a4b\u0a02 \u0a35\u0a71\u0a27 \u0a2e\u0a4b\u0a5c\u0a28 \u0a26\u0a40 \u0a32\u0a70\u0a2c\u0a3e\u0a08: \u0a32\u0a17\u0a2d\u0a17 470 \u0a2e\u0a3f\u0a32\u0a40\u0a2e\u0a40\u0a1f\u0a30<br \/>\n\u0a30\u0a3e\u0a21 \u0a30\u0a38\u0a24\u0a3e: \u0a32\u0a17\u0a2d\u0a17 36 \u0a2e\u0a3f\u0a32\u0a40\u0a2e\u0a40\u0a1f\u0a30<br \/>\n\u0a38\u0a2a\u0a3f\u0a70\u0a21\u0a32: \u0a38\u0a2a\u0a40\u0a21 \u0a30\u0a47\u0a02\u0a1c: \u0a32\u0a17\u0a2d\u0a17 30 - 3550 rpm<br \/>\n\u0a38\u0a2a\u0a3f\u0a70\u0a21\u0a32 \u0a28\u0a4b\u0a1c\u0a3c: A 2 - 5<br \/>\n\u0a21\u0a30\u0a3e\u0a08\u0a35 \u0a2a\u0a3e\u0a35\u0a30: \u0a32\u0a17\u0a2d\u0a17 3.0 \u0a15\u0a3f\u0a32\u0a4b\u0a35\u0a3e\u0a1f<br \/>\n\u0a06\u0a1f\u0a4b\u0a2e\u0a48\u0a1f\u0a3f\u0a15 \u0a32\u0a70\u0a2c\u0a15\u0a3e\u0a30\u0a40 \u0a05\u0a24\u0a47 \u0a15\u0a30\u0a3e\u0a38 \u0a2b\u0a40\u0a21:<br \/>\n\u0a2b\u0a40\u0a21 \u0a30\u0a47\u0a02\u0a1c: \u0a32\u0a17\u0a2d\u0a17 0.020 - 2.0 \u0a2e\u0a3f\u0a32\u0a40\u0a2e\u0a40\u0a1f\u0a30\/\u0a30\u0a47\u0a35<\/p>\n<p>\u0a2e\u0a38\u0a3c\u0a40\u0a28 \u0a26\u0a40 \u0a1c\u0a3e\u0a02\u0a1a \u0a2e\u0a41\u0a32\u0a3e\u0a15\u0a3e\u0a24 \u0a26\u0a41\u0a06\u0a30\u0a3e \u0a15\u0a40\u0a24\u0a40 \u0a1c\u0a3e \u0a38\u0a15\u0a26\u0a40 \u0a39\u0a48\u0964<br \/>\n\u0a24\u0a15\u0a28\u0a40\u0a15\u0a40 \u0a21\u0a47\u0a1f\u0a3e \u0a05\u0a24\u0a47 \u0a1c\u0a3e\u0a23\u0a15\u0a3e\u0a30\u0a40 \u0a26\u0a47 \u0a28\u0a3e\u0a32-\u0a28\u0a3e\u0a32 \u0a2a\u0a39\u0a3f\u0a32\u0a3e\u0a02 \u0a26\u0a40 \u0a35\u0a3f\u0a15\u0a30\u0a40 \u0a35\u0a3f\u0a71\u0a1a \u0a24\u0a2c\u0a26\u0a40\u0a32\u0a40\u0a06\u0a02 \u0a05\u0a24\u0a47 \u0a17\u0a32\u0a24\u0a40\u0a06\u0a02 \u0a26\u0a47 \u0a05\u0a27\u0a40\u0a28!<\/p>\n<p>\u0a35\u0a47\u0a32\u0a30 \u0a05\u0a30\u0a17\u0a4b\u0a21\u0a4b\u0a30 \u0a2e\u0a15\u0a48\u0a28\u0a40\u0a15\u0a32 \u0a16\u0a30\u0a3e\u0a26, 1998 \u0a35\u0a3f\u0a71\u0a1a \u0a2c\u0a23\u0a3e\u0a07\u0a06 \u0a17\u0a3f\u0a06<br \/>\n\u0a10\u0a30\u0a17\u0a4b\u0a28\u0a4b\u0a2e\u0a3f\u0a15 \u0a21\u0a3f\u0a1c\u0a3c\u0a3e\u0a08\u0a28 \u0a26\u0a47 \u0a28\u0a3e\u0a32 \u0a09\u0a71\u0a1a-\u0a38\u0a3c\u0a41\u0a71\u0a27\u0a24\u0a3e \u0a35\u0a3e\u0a32\u0a3e \u0a38\u0a48\u0a02\u0a1f\u0a30 \u0a32\u0a47\u0a25<\/p>\n<p>\u0a24\u0a15\u0a28\u0a40\u0a15\u0a40 \u0a21\u0a47\u0a1f\u0a3e<br \/>\n\u0a2c\u0a48\u0a71\u0a21 \u0a09\u0a71\u0a24\u0a47 \u0a35\u0a71\u0a27 \u0a24\u0a4b\u0a02 \u0a35\u0a71\u0a27 \u0a2e\u0a4b\u0a5c\u0a28 \u0a26\u0a3e \u0a35\u0a3f\u0a06\u0a38: \u0a32\u0a17\u0a2d\u0a17 320mm<br \/>\n\u0a38\u0a2a\u0a4b\u0a30\u0a1f \u0a09\u0a71\u0a24\u0a47 \u0a35\u0a71\u0a27 \u0a24\u0a4b\u0a02 \u0a35\u0a71\u0a27 \u0a2e\u0a4b\u0a5c\u0a28 \u0a26\u0a3e \u0a35\u0a3f\u0a06\u0a38: \u0a32\u0a17\u0a2d\u0a17 160mm<br \/>\n\u0a35\u0a71\u0a27 \u0a24\u0a4b\u0a02 \u0a35\u0a71\u0a27 \u0a2e\u0a4b\u0a5c\u0a28 \u0a26\u0a40 \u0a32\u0a70\u0a2c\u0a3e\u0a08: \u0a32\u0a17\u0a2d\u0a17 470mm<br \/>\n\u0a2c\u0a3e\u0a30 \u0a30\u0a38\u0a24\u0a3e: \u0a32\u0a17\u0a2d\u0a17 36 \u0a2e\u0a3f\u0a32\u0a40\u0a2e\u0a40\u0a1f\u0a30<br \/>\n\u0a38\u0a2a\u0a3f\u0a70\u0a21\u0a32: \u0a38\u0a2a\u0a40\u0a21 \u0a30\u0a47\u0a02\u0a1c: \u0a32\u0a17\u0a2d\u0a17 30 - 3550 rpm<br \/>\n\u0a38\u0a2a\u0a3f\u0a70\u0a21\u0a32 \u0a28\u0a4b\u0a1c\u0a3c: A 2 - 5<br \/>\n\u0a21\u0a30\u0a3e\u0a08\u0a35 \u0a2a\u0a3e\u0a35\u0a30: \u0a32\u0a17\u0a2d\u0a17 3.0 \u0a15\u0a3f\u0a32\u0a4b\u0a35\u0a3e\u0a1f<br \/>\n\u0a06\u0a1f\u0a4b\u0a2e\u0a48\u0a1f\u0a3f\u0a15 \u0a32\u0a70\u0a2c\u0a15\u0a3e\u0a30\u0a40 \u0a05\u0a24\u0a47 \u0a15\u0a30\u0a3e\u0a38 \u0a2b\u0a40\u0a21:<br \/>\n\u0a2b\u0a40\u0a21 \u0a30\u0a47\u0a02\u0a1c: \u0a32\u0a17\u0a2d\u0a17 0.020 - 2.0 \u0a2e\u0a3f\u0a32\u0a40\u0a2e\u0a40\u0a1f\u0a30\/\u0a30\u0a47\u0a35<\/p>\n<p>\u0a2e\u0a38\u0a3c\u0a40\u0a28 \u0a28\u0a42\u0a70 \u0a05\u0a2a\u0a3e\u0a07\u0a70\u0a1f\u0a2e\u0a48\u0a02\u0a1f \u0a32\u0a48 \u0a15\u0a47 \u0a26\u0a47\u0a16\u0a3f\u0a06 \u0a1c\u0a3e \u0a38\u0a15\u0a26\u0a3e \u0a39\u0a48\u0964<br \/>\n\u0a24\u0a15\u0a28\u0a40\u0a15\u0a40 \u0a21\u0a47\u0a1f\u0a3e \u0a05\u0a24\u0a47 \u0a35\u0a3f\u0a38\u0a3c\u0a47\u0a38\u0a3c\u0a24\u0a3e\u0a35\u0a3e\u0a02 \u0a35\u0a3f\u0a71\u0a1a \u0a2c\u0a26\u0a32\u0a3e\u0a05 \u0a05\u0a24\u0a47 \u0a17\u0a32\u0a24\u0a40\u0a06\u0a02 \u0a26\u0a47 \u0a05\u0a27\u0a40\u0a28, \u0a28\u0a3e\u0a32 \u0a39\u0a40 \u0a35\u0a3f\u0a15\u0a30\u0a40 \u0a24\u0a4b\u0a02 \u0a2a\u0a39\u0a3f\u0a32\u0a3e\u0a02!<\/p>","protected":false},"excerpt":{"rendered":"<p>Standort: Deutschland, Baden-W\u00fcrttemberg S\u00fcdwest Zustand: Gebraucht Modell: null Baujahr: 1998 Mechanikerdrehmaschine WEILER, ERGODOR, Bj. 1998 Genauigkeits-Spitzendrehmaschine in ergonomischer Bauart Technische Daten Max. Drehdurchmesser \u00fcber Bett: ca. 320 mm Max. Drehdurchmesser \u00fcber Support: ca. 160 mm Max. Drehl\u00e4nge: ca. 470 mm Stangendurchlass: ca. 36 mm Spindel: Drehzahlbereich: ca. 30 &#8211; 3550 U\/min Spindelnase: A 2 &#8211; [&hellip;]<\/p>\n","protected":false},"featured_media":6395,"template":"","meta":[],"product_brand":[],"product_cat":[95],"product_tag":[],"class_list":{"0":"post-6400","1":"product","2":"type-product","3":"status-publish","4":"has-post-thumbnail","6":"product_cat-drehmaschinen","8":"first","9":"instock","10":"taxable","11":"shipping-taxable","12":"product-type-simple"},"aioseo_notices":[],"_links":{"self":[{"href":"https:\/\/www.horn-wzm.de\/pa\/wp-json\/wp\/v2\/product\/6400","targetHints":{"allow":["GET"]}}],"collection":[{"href":"https:\/\/www.horn-wzm.de\/pa\/wp-json\/wp\/v2\/product"}],"about":[{"href":"https:\/\/www.horn-wzm.de\/pa\/wp-json\/wp\/v2\/types\/product"}],"version-history":[{"count":1,"href":"https:\/\/www.horn-wzm.de\/pa\/wp-json\/wp\/v2\/product\/6400\/revisions"}],"predecessor-version":[{"id":6401,"href":"https:\/\/www.horn-wzm.de\/pa\/wp-json\/wp\/v2\/product\/6400\/revisions\/6401"}],"wp:featuredmedia":[{"embeddable":true,"href":"https:\/\/www.horn-wzm.de\/pa\/wp-json\/wp\/v2\/media\/6395"}],"wp:attachment":[{"href":"https:\/\/www.horn-wzm.de\/pa\/wp-json\/wp\/v2\/media?parent=6400"}],"wp:term":[{"taxonomy":"product_brand","embeddable":true,"href":"https:\/\/www.horn-wzm.de\/pa\/wp-json\/wp\/v2\/product_brand?post=6400"},{"taxonomy":"product_cat","embeddable":true,"href":"https:\/\/www.horn-wzm.de\/pa\/wp-json\/wp\/v2\/product_cat?post=6400"},{"taxonomy":"product_tag","embeddable":true,"href":"https:\/\/www.horn-wzm.de\/pa\/wp-json\/wp\/v2\/product_tag?post=6400"}],"curies":[{"name":"\u0a21\u0a2c\u0a32\u0a2f\u0a42\u0a2a\u0a40","href":"https:\/\/api.w.org\/{rel}","templated":true}]}}