{"id":5748,"date":"2025-03-19T15:33:55","date_gmt":"2025-03-19T14:33:55","guid":{"rendered":"https:\/\/www.horn-wzm.de\/shop\/unkategorisiert\/lang-lader_bevorratung-und-zufuehrsystem-inkl-20-schraubstoecke-intnr231262\/"},"modified":"2025-03-19T15:33:56","modified_gmt":"2025-03-19T14:33:56","slug":"%e0%a8%b2%e0%a9%b0%e0%a8%ac%e0%a8%be-%e0%a8%b2%e0%a9%8b%e0%a8%a1%e0%a8%b0_%e0%a8%b8%e0%a8%9f%e0%a9%8b%e0%a8%b0%e0%a9%87%e0%a8%9c-%e0%a8%85%e0%a8%a4%e0%a9%87-%e0%a8%ab%e0%a9%80%e0%a8%a1%e0%a8%bf","status":"publish","type":"product","link":"https:\/\/www.horn-wzm.de\/pa\/shop\/zubehoer-sonstiges\/lang-lader_bevorratung-und-zufuehrsystem-inkl-20-schraubstoecke-intnr231262\/","title":{"rendered":"LANG \u0a32\u0a4b\u0a21\u0a30_\u0a38\u0a1f\u0a4b\u0a30\u0a47\u0a1c \u0a05\u0a24\u0a47 \u0a2b\u0a40\u0a21\u0a3f\u0a70\u0a17 \u0a38\u0a3f\u0a38\u0a1f\u0a2e, 20 \u0a35\u0a3f\u0a38\u0a3e\u0a02 \u0a38\u0a2e\u0a47\u0a24, IntNo231262"},"content":{"rendered":"<p><b>\u0a38\u0a25\u0a3e\u0a28:<\/b> \u0a1c\u0a30\u0a2e\u0a28\u0a40, \u0a2c\u0a3e\u0a21\u0a47\u0a28-\u0a35\u0a41\u0a30\u0a1f\u0a2e\u0a2c\u0a30\u0a17 \u0a26\u0a71\u0a16\u0a23-\u0a2a\u0a71\u0a1b\u0a2e<\/p>\n<p><b>\u0a39\u0a3e\u0a32\u0a24:<\/b> \u0a32\u0a4b\u0a5c\u0a40\u0a02\u0a26\u0a3e<\/p>\n<p><b>\u0a28\u0a3f\u0a30\u0a2e\u0a3e\u0a24\u0a3e:<\/b> \u0a32\u0a70\u0a2e\u0a3e<\/p>\n<p><b>\u0a2e\u0a3e\u0a21\u0a32:<\/b> \u0a32\u0a70\u0a2e\u0a3e<\/p>\n<p><b>\u0a09\u0a38\u0a3e\u0a30\u0a40 \u0a26\u0a3e \u0a38\u0a3e\u0a32:<\/b> 2005<\/p>\n<p>LANG \u0a1f\u0a48\u0a15\u0a28\u0a3f\u0a15 \u0a38\u0a1f\u0a4b\u0a30\u0a47\u0a1c \u0a05\u0a24\u0a47 \u0a2b\u0a40\u0a21\u0a3f\u0a70\u0a17 \u0a38\u0a3f\u0a38\u0a1f\u0a2e 2005 \u0a35\u0a3f\u0a71\u0a1a \u0a2c\u0a23\u0a3e\u0a07\u0a06 \u0a17\u0a3f\u0a06 \u0a38\u0a40, \u0a1c\u0a3f\u0a38 \u0a35\u0a3f\u0a71\u0a1a 20 \u0a35\u0a3e\u0a08\u0a38 \u0a38\u0a3c\u0a3e\u0a2e\u0a32 \u0a39\u0a28\u0964<\/p>\n<p>\u0a1a\u0a3f\u0a0a\u0a1f \u0a2a\u0a4d\u0a30\u0a2c\u0a70\u0a27 \u0a26\u0a47 \u0a28\u0a3e\u0a32 \u0a06\u0a1f\u0a4b\u0a2e\u0a47\u0a38\u0a3c\u0a28 \u0a38\u0a3f\u0a38\u0a1f\u0a2e, \u0a32\u0a17\u0a2d\u0a17 50-60 \u0a15\u0a32\u0a48\u0a02\u0a2a\u0a3f\u0a70\u0a17 \u0a35\u0a3e\u0a08\u0a38 \u0a26\u0a40 \u0a38\u0a1f\u0a4b\u0a30\u0a47\u0a1c \u0a38\u0a2e\u0a30\u0a71\u0a25\u0a3e\u0964<\/p>\n<p>\u0a24\u0a15\u0a28\u0a40\u0a15\u0a40 \u0a35\u0a47\u0a30\u0a35\u0a3e:<br \/>\nLANG \u0a1f\u0a48\u0a15\u0a28\u0a40\u0a15\u0a32 \u0a38\u0a1f\u0a4b\u0a30\u0a47\u0a1c \u0a05\u0a24\u0a47 \u0a2b\u0a40\u0a21\u0a3f\u0a70\u0a17 \u0a38\u0a3f\u0a38\u0a1f\u0a2e<br \/>\nLANG \u0a1f\u0a48\u0a15\u0a28\u0a3f\u0a15 \u0a1a\u0a42\u0a1f-\u0a05\u0a27\u0a3e\u0a30\u0a24 \u0a06\u0a1f\u0a4b\u0a2e\u0a47\u0a38\u0a3c\u0a28 \u0a38\u0a3f\u0a38\u0a1f\u0a2e \u0a35\u0a30\u0a15\u0a2a\u0a40\u0a38 \u0a28\u0a42\u0a70 \u0a39\u0a48\u0a02\u0a21\u0a32\u0a3f\u0a70\u0a17 \u0a05\u0a24\u0a47 \u0a2e\u0a38\u0a3c\u0a40\u0a28\u0a3f\u0a70\u0a17 \u0a32\u0a08 \u0a07\u0a71\u0a15 \u0a38\u0a42\u0a1d\u0a35\u0a3e\u0a28 \u0a06\u0a1f\u0a4b\u0a2e\u0a47\u0a1f\u0a3f\u0a21 \u0a39\u0a71\u0a32 \u0a39\u0a48, \u0a16\u0a3e\u0a38 \u0a24\u0a4c\u0a30 &#039;\u0a24\u0a47 \u0a15\u0a32\u0a48\u0a02\u0a2a\u0a3f\u0a70\u0a17 \u0a35\u0a3e\u0a08\u0a1c\u0a3c \u0a26\u0a47 \u0a15\u0a41\u0a38\u0a3c\u0a32 \u0a05\u0a24\u0a47 \u0a38\u0a1f\u0a40\u0a15 \u0a2a\u0a4d\u0a30\u0a2c\u0a70\u0a27\u0a28 \u0a32\u0a08 \u0a24\u0a3f\u0a06\u0a30 \u0a15\u0a40\u0a24\u0a3e \u0a17\u0a3f\u0a06 \u0a39\u0a48\u0964 2005 \u0a35\u0a3f\u0a71\u0a1a \u0a2c\u0a23\u0a3e\u0a07\u0a06 \u0a17\u0a3f\u0a06, \u0a07\u0a39 \u0a38\u0a3f\u0a38\u0a1f\u0a2e \u0a09\u0a24\u0a2a\u0a3e\u0a26\u0a28 \u0a2a\u0a4d\u0a30\u0a15\u0a3f\u0a30\u0a3f\u0a06\u0a35\u0a3e\u0a02 \u0a28\u0a42\u0a70 \u0a38\u0a35\u0a48\u0a1a\u0a3e\u0a32\u0a24 \u0a15\u0a30\u0a28 \u0a05\u0a24\u0a47 \u0a35\u0a30\u0a15\u0a2a\u0a40\u0a38 \u0a39\u0a48\u0a02\u0a21\u0a32\u0a3f\u0a70\u0a17 \u0a28\u0a42\u0a70 \u0a05\u0a28\u0a41\u0a15\u0a42\u0a32 \u0a2c\u0a23\u0a3e \u0a15\u0a47 \u0a05\u0a24\u0a47 \u0a26\u0a38\u0a24\u0a40 \u0a26\u0a16\u0a32\u0a05\u0a70\u0a26\u0a3e\u0a1c\u0a3c\u0a40 \u0a28\u0a42\u0a70 \u0a18\u0a1f\u0a3e \u0a15\u0a47 \u0a15\u0a41\u0a38\u0a3c\u0a32\u0a24\u0a3e \u0a35\u0a27\u0a3e\u0a09\u0a23 \u0a32\u0a08 \u0a24\u0a3f\u0a06\u0a30 \u0a15\u0a40\u0a24\u0a3e \u0a17\u0a3f\u0a06 \u0a39\u0a48\u0964<\/p>\n<p>\u0a38\u0a32\u0a3e\u0a08\u0a21 \u0a2a\u0a4d\u0a30\u0a2c\u0a70\u0a27:<br \/>\n\u0a06\u0a1f\u0a4b\u0a2e\u0a47\u0a38\u0a3c\u0a28 \u0a38\u0a3f\u0a38\u0a1f\u0a2e \u0a07\u0a71\u0a15 \u0a1a\u0a41\u0a1f \u0a2a\u0a4d\u0a30\u0a2c\u0a70\u0a27 \u0a28\u0a3e\u0a32 \u0a32\u0a48\u0a38 \u0a39\u0a48 \u0a1c\u0a4b \u0a35\u0a30\u0a15\u0a2a\u0a40\u0a38 \u0a28\u0a42\u0a70 \u0a28\u0a3f\u0a30\u0a70\u0a24\u0a30, \u0a38\u0a41\u0a30\u0a71\u0a16\u0a3f\u0a05\u0a24 \u0a05\u0a24\u0a47 \u0a24\u0a47\u0a1c\u0a3c\u0a40 \u0a28\u0a3e\u0a32 \u0a05\u0a28\u0a32\u0a4b\u0a21 \u0a15\u0a30\u0a28 \u0a05\u0a24\u0a47 \u0a1f\u0a4d\u0a30\u0a3e\u0a02\u0a38\u0a2a\u0a4b\u0a30\u0a1f \u0a15\u0a30\u0a28 \u0a26\u0a47 \u0a2f\u0a4b\u0a17 \u0a2c\u0a23\u0a3e\u0a09\u0a02\u0a26\u0a3e \u0a39\u0a48\u0964 \u0a1a\u0a41\u0a1f \u0a35\u0a71\u0a16-\u0a35\u0a71\u0a16 \u0a2a\u0a4d\u0a30\u0a4b\u0a38\u0a48\u0a38\u0a3f\u0a70\u0a17 \u0a38\u0a1f\u0a47\u0a38\u0a3c\u0a28\u0a3e\u0a02 \u0a35\u0a3f\u0a1a\u0a15\u0a3e\u0a30 \u0a07\u0a71\u0a15 \u0a1c\u0a4b\u0a5c\u0a28 \u0a35\u0a3e\u0a32\u0a47 \u0a24\u0a71\u0a24 \u0a35\u0a1c\u0a4b\u0a02 \u0a15\u0a70\u0a2e \u0a15\u0a30\u0a26\u0a47 \u0a39\u0a28 \u0a05\u0a24\u0a47 \u0a16\u0a3e\u0a38 \u0a24\u0a4c\u0a30 &#039;\u0a24\u0a47 \u0a2a\u0a42\u0a30\u0a40 \u0a28\u0a3f\u0a30\u0a2e\u0a3e\u0a23 \u0a2a\u0a4d\u0a30\u0a15\u0a3f\u0a30\u0a3f\u0a06 \u0a26\u0a4c\u0a30\u0a3e\u0a28 \u0a35\u0a30\u0a15\u0a2a\u0a40\u0a38 \u0a26\u0a40 \u0a38\u0a25\u0a3f\u0a30 \u0a05\u0a24\u0a47 \u0a38\u0a1f\u0a40\u0a15 \u0a17\u0a24\u0a40 \u0a28\u0a42\u0a70 \u0a2f\u0a15\u0a40\u0a28\u0a40 \u0a2c\u0a23\u0a3e\u0a09\u0a23 \u0a32\u0a08 \u0a24\u0a3f\u0a06\u0a30 \u0a15\u0a40\u0a24\u0a47 \u0a17\u0a0f \u0a39\u0a28\u0964<\/p>\n<p>\u0a28\u0a3f\u0a2f\u0a70\u0a24\u0a30\u0a23: \u0a38\u0a32\u0a3e\u0a08\u0a21 \u0a2a\u0a4d\u0a30\u0a2c\u0a70\u0a27 \u0a38\u0a3f\u0a38\u0a1f\u0a2e \u0a26\u0a47 \u0a15\u0a47\u0a02\u0a26\u0a30\u0a40 \u0a28\u0a3f\u0a2f\u0a70\u0a24\u0a30\u0a23 \u0a2f\u0a42\u0a28\u0a3f\u0a1f \u0a26\u0a41\u0a06\u0a30\u0a3e \u0a24\u0a3e\u0a32\u0a2e\u0a47\u0a32 \u0a15\u0a40\u0a24\u0a3e \u0a1c\u0a3e\u0a02\u0a26\u0a3e \u0a39\u0a48, \u0a1c\u0a4b \u0a2a\u0a42\u0a30\u0a40 \u0a24\u0a30\u0a4d\u0a39\u0a3e\u0a02 \u0a38\u0a35\u0a48\u0a1a\u0a3e\u0a32\u0a3f\u0a24 \u0a05\u0a24\u0a47 \u0a15\u0a41\u0a38\u0a3c\u0a32 \u0a38\u0a70\u0a1a\u0a3e\u0a32\u0a28 \u0a28\u0a42\u0a70 \u0a2f\u0a15\u0a40\u0a28\u0a40 \u0a2c\u0a23\u0a3e\u0a09\u0a02\u0a26\u0a3e \u0a39\u0a48\u0964<\/p>\n<p>\u2022 \u0a38\u0a1f\u0a4b\u0a30\u0a47\u0a1c \u0a38\u0a2e\u0a30\u0a71\u0a25\u0a3e: \u0a32\u0a17\u0a2d\u0a17 50-60 \u0a15\u0a32\u0a48\u0a02\u0a2a\u0a3f\u0a70\u0a17 \u0a35\u0a3e\u0a08\u0a38<br \/>\n\u2022 \u0a38\u0a32\u0a3e\u0a08\u0a21 \u0a38\u0a2e\u0a71\u0a17\u0a30\u0a40: \u0a38\u0a1f\u0a40\u0a32 \u0a1c\u0a3e\u0a02 \u0a10\u0a32\u0a42\u0a2e\u0a40\u0a28\u0a40\u0a05\u0a2e, \u0a10\u0a2a\u0a32\u0a40\u0a15\u0a47\u0a38\u0a3c\u0a28 &#039;\u0a24\u0a47 \u0a28\u0a3f\u0a30\u0a2d\u0a30 \u0a15\u0a30\u0a26\u0a3e \u0a39\u0a48\u0964<br \/>\n\u2022 \u0a06\u0a1f\u0a4b\u0a2e\u0a47\u0a38\u0a3c\u0a28: \u0a15\u0a47\u0a02\u0a26\u0a30\u0a40 \u0a15\u0a70\u0a1f\u0a30\u0a4b\u0a32 \u0a2f\u0a42\u0a28\u0a3f\u0a1f \u0a26\u0a47 \u0a28\u0a3e\u0a32 \u0a2a\u0a42\u0a30\u0a40 \u0a24\u0a30\u0a4d\u0a39\u0a3e\u0a02 \u0a38\u0a35\u0a48\u0a1a\u0a3e\u0a32\u0a3f\u0a24\u0964<br \/>\n\u2022 \u0a10\u0a2a\u0a32\u0a40\u0a15\u0a47\u0a38\u0a3c\u0a28 \u0a26\u0a3e \u0a16\u0a47\u0a24\u0a30: \u0a35\u0a71\u0a16-\u0a35\u0a71\u0a16 \u0a06\u0a15\u0a3e\u0a30\u0a3e\u0a02 \u0a05\u0a24\u0a47 \u0a06\u0a15\u0a3e\u0a30\u0a3e\u0a02 \u0a26\u0a47 \u0a35\u0a30\u0a15\u0a2a\u0a40\u0a38\u0a3e\u0a02 \u0a26\u0a40 \u0a2e\u0a38\u0a3c\u0a40\u0a28\u0a3f\u0a70\u0a17 \u0a32\u0a08<br \/>\n\u2022 \u0a35\u0a30\u0a24\u0a4b\u0a02: \u0a16\u0a3e\u0a38 \u0a24\u0a4c\u0a30 &#039;\u0a24\u0a47 \u0a27\u0a3e\u0a24\u0a42 \u0a26\u0a47 \u0a15\u0a70\u0a2e \u0a05\u0a24\u0a47 \u0a09\u0a26\u0a2f\u0a4b\u0a17\u0a3f\u0a15 \u0a28\u0a3f\u0a30\u0a2e\u0a3e\u0a23 \u0a32\u0a08 \u0a22\u0a41\u0a15\u0a35\u0a3e\u0a02\u0964<br \/>\n\u2022 \u0a0f\u0a15\u0a40\u0a15\u0a30\u0a28: \u0a2e\u0a4c\u0a1c\u0a42\u0a26\u0a3e \u0a28\u0a3f\u0a30\u0a2e\u0a3e\u0a23 \u0a2a\u0a4d\u0a30\u0a15\u0a3f\u0a30\u0a3f\u0a06\u0a35\u0a3e\u0a02 \u0a35\u0a3f\u0a71\u0a1a \u0a0f\u0a15\u0a40\u0a15\u0a30\u0a28 \u0a15\u0a30\u0a28\u0a3e \u0a06\u0a38\u0a3e\u0a28\u0964<\/p>\n<p>\u0a2e\u0a38\u0a3c\u0a40\u0a28 \u0a26\u0a40 \u0a2c\u0a3f\u0a1c\u0a32\u0a40 \u0a26\u0a47 \u0a05\u0a27\u0a40\u0a28 \u0a28\u0a3f\u0a2f\u0a41\u0a15\u0a24\u0a40 \u0a26\u0a41\u0a06\u0a30\u0a3e \u0a1c\u0a3e\u0a02\u0a1a \u0a15\u0a40\u0a24\u0a40 \u0a1c\u0a3e \u0a38\u0a15\u0a26\u0a40 \u0a39\u0a48\u0964<br \/>\n\u0a24\u0a15\u0a28\u0a40\u0a15\u0a40 \u0a21\u0a47\u0a1f\u0a3e \u0a05\u0a24\u0a47 \u0a1c\u0a3e\u0a23\u0a15\u0a3e\u0a30\u0a40 \u0a26\u0a47 \u0a28\u0a3e\u0a32-\u0a28\u0a3e\u0a32 \u0a2a\u0a39\u0a3f\u0a32\u0a3e\u0a02 \u0a26\u0a40 \u0a35\u0a3f\u0a15\u0a30\u0a40 \u0a35\u0a3f\u0a71\u0a1a \u0a24\u0a2c\u0a26\u0a40\u0a32\u0a40\u0a06\u0a02 \u0a05\u0a24\u0a47 \u0a17\u0a32\u0a24\u0a40\u0a06\u0a02 \u0a26\u0a47 \u0a05\u0a27\u0a40\u0a28!<\/p>\n<p>LANG \u0a1f\u0a48\u0a15\u0a28\u0a3f\u0a15 \u0a38\u0a1f\u0a4b\u0a30\u0a47\u0a1c \u0a05\u0a24\u0a47 \u0a2b\u0a40\u0a21\u0a3f\u0a70\u0a17 \u0a38\u0a3f\u0a38\u0a1f\u0a2e 2005 \u0a35\u0a3f\u0a71\u0a1a \u0a2c\u0a23\u0a3e\u0a07\u0a06 \u0a17\u0a3f\u0a06 \u0a38\u0a40, \u0a1c\u0a3f\u0a38 \u0a35\u0a3f\u0a71\u0a1a 20 \u0a35\u0a3e\u0a08\u0a38 \u0a38\u0a3c\u0a3e\u0a2e\u0a32 \u0a39\u0a28\u0964<\/p>\n<p>\u0a1a\u0a3f\u0a0a\u0a1f \u0a2a\u0a4d\u0a30\u0a2c\u0a70\u0a27 \u0a26\u0a47 \u0a28\u0a3e\u0a32 \u0a06\u0a1f\u0a4b\u0a2e\u0a47\u0a38\u0a3c\u0a28 \u0a38\u0a3f\u0a38\u0a1f\u0a2e \u0a32\u0a17\u0a2d\u0a17 50-60 \u0a15\u0a32\u0a48\u0a02\u0a2a\u0a3f\u0a70\u0a17 \u0a35\u0a3e\u0a08\u0a38 \u0a26\u0a40 \u0a38\u0a1f\u0a4b\u0a30\u0a47\u0a1c \u0a38\u0a2e\u0a30\u0a71\u0a25\u0a3e\u0964<\/p>\n<p>\u0a24\u0a15\u0a28\u0a40\u0a15\u0a40 \u0a35\u0a47\u0a30\u0a35\u0a3e:<br \/>\nLANG \u0a24\u0a15\u0a28\u0a3e\u0a32\u0a4b\u0a1c\u0a40 \u0a38\u0a1f\u0a4b\u0a30\u0a47\u0a1c \u0a05\u0a24\u0a47 \u0a2b\u0a40\u0a21\u0a3f\u0a70\u0a17 \u0a38\u0a3f\u0a38\u0a1f\u0a2e<br \/>\nLANG \u0a1f\u0a48\u0a15\u0a28\u0a3f\u0a15 \u0a06\u0a1f\u0a4b\u0a2e\u0a47\u0a38\u0a3c\u0a28 \u0a38\u0a3f\u0a38\u0a1f\u0a2e, \u0a1c\u0a3f\u0a38 \u0a35\u0a3f\u0a71\u0a1a \u0a1a\u0a3f\u0a0a\u0a1f \u0a2a\u0a4d\u0a30\u0a2c\u0a70\u0a27 \u0a39\u0a48, \u0a07\u0a71\u0a15 \u0a09\u0a71\u0a28\u0a24 \u0a06\u0a1f\u0a4b\u0a2e\u0a47\u0a1f\u0a3f\u0a21 \u0a35\u0a30\u0a15\u0a2a\u0a40\u0a38 \u0a39\u0a48\u0a02\u0a21\u0a32\u0a3f\u0a70\u0a17 \u0a05\u0a24\u0a47 \u0a2a\u0a4d\u0a30\u0a4b\u0a38\u0a48\u0a38\u0a3f\u0a70\u0a17 \u0a39\u0a71\u0a32 \u0a39\u0a48 \u0a1c\u0a4b \u0a16\u0a3e\u0a38 \u0a24\u0a4c\u0a30 &#039;\u0a24\u0a47 \u0a35\u0a3f\u0a15\u0a3e\u0a30\u0a3e\u0a02 \u0a26\u0a47 \u0a15\u0a41\u0a38\u0a3c\u0a32 \u0a05\u0a24\u0a47 \u0a38\u0a1f\u0a40\u0a15 \u0a2a\u0a4d\u0a30\u0a2c\u0a70\u0a27\u0a28 \u0a32\u0a08 \u0a24\u0a3f\u0a06\u0a30 \u0a15\u0a40\u0a24\u0a3e \u0a17\u0a3f\u0a06 \u0a39\u0a48\u0964 2005 \u0a35\u0a3f\u0a71\u0a1a \u0a2c\u0a23\u0a3e\u0a07\u0a06 \u0a17\u0a3f\u0a06, \u0a07\u0a39 \u0a38\u0a3f\u0a38\u0a1f\u0a2e \u0a09\u0a24\u0a2a\u0a3e\u0a26\u0a28 \u0a2a\u0a4d\u0a30\u0a15\u0a3f\u0a30\u0a3f\u0a06\u0a35\u0a3e\u0a02 \u0a28\u0a42\u0a70 \u0a38\u0a35\u0a48\u0a1a\u0a3e\u0a32\u0a3f\u0a24 \u0a15\u0a30\u0a28 \u0a05\u0a24\u0a47 \u0a35\u0a30\u0a15\u0a2a\u0a40\u0a38 \u0a39\u0a48\u0a02\u0a21\u0a32\u0a3f\u0a70\u0a17 \u0a28\u0a42\u0a70 \u0a05\u0a28\u0a41\u0a15\u0a42\u0a32 \u0a2c\u0a23\u0a3e \u0a15\u0a47 \u0a05\u0a24\u0a47 \u0a39\u0a71\u0a25\u0a40\u0a02 \u0a26\u0a16\u0a32\u0a05\u0a70\u0a26\u0a3e\u0a1c\u0a3c\u0a40 \u0a28\u0a42\u0a70 \u0a18\u0a1f\u0a3e \u0a15\u0a47 \u0a15\u0a41\u0a38\u0a3c\u0a32\u0a24\u0a3e \u0a35\u0a27\u0a3e\u0a09\u0a23 \u0a32\u0a08 \u0a24\u0a3f\u0a06\u0a30 \u0a15\u0a40\u0a24\u0a3e \u0a17\u0a3f\u0a06 \u0a39\u0a48\u0964<\/p>\n<p>\u0a1a\u0a42\u0a24 \u0a2a\u0a4d\u0a30\u0a2c\u0a70\u0a27:<br \/>\n\u0a06\u0a1f\u0a4b\u0a2e\u0a47\u0a38\u0a3c\u0a28 \u0a38\u0a3f\u0a38\u0a1f\u0a2e \u0a07\u0a71\u0a15 \u0a1a\u0a41\u0a1f \u0a2a\u0a4d\u0a30\u0a2c\u0a70\u0a27 \u0a28\u0a3e\u0a32 \u0a32\u0a48\u0a38 \u0a39\u0a48 \u0a1c\u0a4b \u0a35\u0a30\u0a15\u0a2a\u0a40\u0a38\u0a3e\u0a02 \u0a28\u0a42\u0a70 \u0a28\u0a3f\u0a30\u0a70\u0a24\u0a30, \u0a38\u0a41\u0a30\u0a71\u0a16\u0a3f\u0a05\u0a24 \u0a05\u0a24\u0a47 \u0a24\u0a47\u0a1c\u0a3c \u0a05\u0a28\u0a32\u0a4b\u0a21\u0a3f\u0a70\u0a17 \u0a05\u0a24\u0a47 \u0a1f\u0a4d\u0a30\u0a3e\u0a02\u0a38\u0a2a\u0a4b\u0a30\u0a1f \u0a28\u0a42\u0a70 \u0a38\u0a2e\u0a30\u0a71\u0a25 \u0a2c\u0a23\u0a3e\u0a09\u0a02\u0a26\u0a3e \u0a39\u0a48\u0964 \u0a1a\u0a41\u0a1f \u0a35\u0a71\u0a16-\u0a35\u0a71\u0a16 \u0a2a\u0a4d\u0a30\u0a4b\u0a38\u0a48\u0a38\u0a3f\u0a70\u0a17 \u0a38\u0a1f\u0a47\u0a38\u0a3c\u0a28\u0a3e\u0a02 \u0a35\u0a3f\u0a1a\u0a15\u0a3e\u0a30 \u0a07\u0a71\u0a15 \u0a1c\u0a4b\u0a5c\u0a28 \u0a35\u0a3e\u0a32\u0a47 \u0a24\u0a71\u0a24 \u0a35\u0a1c\u0a4b\u0a02 \u0a15\u0a70\u0a2e \u0a15\u0a30\u0a26\u0a47 \u0a39\u0a28 \u0a05\u0a24\u0a47 \u0a2a\u0a42\u0a30\u0a40 \u0a09\u0a24\u0a2a\u0a3e\u0a26\u0a28 \u0a2a\u0a4d\u0a30\u0a15\u0a3f\u0a30\u0a3f\u0a06 \u0a26\u0a4c\u0a30\u0a3e\u0a28 \u0a35\u0a30\u0a15\u0a2a\u0a40\u0a38\u0a3e\u0a02 \u0a26\u0a40 \u0a38\u0a25\u0a3f\u0a30 \u0a05\u0a24\u0a47 \u0a38\u0a1f\u0a40\u0a15 \u0a17\u0a24\u0a40 \u0a28\u0a42\u0a70 \u0a2f\u0a15\u0a40\u0a28\u0a40 \u0a2c\u0a23\u0a3e\u0a09\u0a23 \u0a32\u0a08 \u0a35\u0a3f\u0a38\u0a3c\u0a47\u0a38\u0a3c \u0a24\u0a4c\u0a30 &#039;\u0a24\u0a47 \u0a24\u0a3f\u0a06\u0a30 \u0a15\u0a40\u0a24\u0a47 \u0a17\u0a0f \u0a39\u0a28\u0964<\/p>\n<p>\u0a28\u0a3f\u0a2f\u0a70\u0a24\u0a30\u0a23: \u0a22\u0a32\u0a3e\u0a23 \u0a26\u0a40 \u0a35\u0a3f\u0a35\u0a38\u0a25\u0a3e \u0a38\u0a3f\u0a38\u0a1f\u0a2e \u0a26\u0a47 \u0a15\u0a47\u0a02\u0a26\u0a30\u0a40 \u0a28\u0a3f\u0a2f\u0a70\u0a24\u0a30\u0a23 \u0a2f\u0a42\u0a28\u0a3f\u0a1f \u0a26\u0a41\u0a06\u0a30\u0a3e \u0a24\u0a3e\u0a32\u0a2e\u0a47\u0a32 \u0a15\u0a40\u0a24\u0a40 \u0a1c\u0a3e\u0a02\u0a26\u0a40 \u0a39\u0a48 \u0a24\u0a3e\u0a02 \u0a1c\u0a4b \u0a15\u0a3e\u0a30\u0a1c \u0a2a\u0a42\u0a30\u0a40 \u0a24\u0a30\u0a4d\u0a39\u0a3e\u0a02 \u0a06\u0a1f\u0a4b\u0a2e\u0a48\u0a1f\u0a3f\u0a15 \u0a05\u0a24\u0a47 \u0a15\u0a41\u0a38\u0a3c\u0a32 \u0a39\u0a4b\u0a35\u0a47\u0964<\/p>\n<p>- \u0a38\u0a1f\u0a4b\u0a30\u0a47\u0a1c \u0a38\u0a2e\u0a30\u0a71\u0a25\u0a3e: \u0a32\u0a17\u0a2d\u0a17 50-60 \u0a15\u0a32\u0a48\u0a02\u0a2a\u0a3f\u0a70\u0a17 \u0a35\u0a3e\u0a08\u0a38<br \/>\n- \u0a38\u0a32\u0a3e\u0a08\u0a21 \u0a38\u0a2e\u0a71\u0a17\u0a30\u0a40: \u0a38\u0a1f\u0a40\u0a32 \u0a1c\u0a3e\u0a02 \u0a10\u0a32\u0a42\u0a2e\u0a40\u0a28\u0a40\u0a05\u0a2e, \u0a10\u0a2a\u0a32\u0a40\u0a15\u0a47\u0a38\u0a3c\u0a28 &#039;\u0a24\u0a47 \u0a28\u0a3f\u0a30\u0a2d\u0a30 \u0a15\u0a30\u0a26\u0a3e \u0a39\u0a48\u0964<br \/>\n- \u0a06\u0a1f\u0a4b\u0a2e\u0a47\u0a38\u0a3c\u0a28: \u0a15\u0a47\u0a02\u0a26\u0a30\u0a40 \u0a15\u0a70\u0a1f\u0a30\u0a4b\u0a32 \u0a2f\u0a42\u0a28\u0a3f\u0a1f \u0a26\u0a47 \u0a28\u0a3e\u0a32 \u0a2a\u0a42\u0a30\u0a40 \u0a24\u0a30\u0a4d\u0a39\u0a3e\u0a02 \u0a38\u0a35\u0a48\u0a1a\u0a3e\u0a32\u0a3f\u0a24<br \/>\n- \u0a10\u0a2a\u0a32\u0a40\u0a15\u0a47\u0a38\u0a3c\u0a28 \u0a26\u0a3e \u0a16\u0a47\u0a24\u0a30: \u0a35\u0a71\u0a16-\u0a35\u0a71\u0a16 \u0a06\u0a15\u0a3e\u0a30\u0a3e\u0a02 \u0a05\u0a24\u0a47 \u0a06\u0a15\u0a3e\u0a30\u0a3e\u0a02 \u0a26\u0a47 \u0a35\u0a30\u0a15\u0a2a\u0a40\u0a38 \u0a26\u0a40 \u0a2a\u0a4d\u0a30\u0a15\u0a3f\u0a30\u0a3f\u0a06 \u0a32\u0a08<br \/>\n- \u0a10\u0a2a\u0a32\u0a40\u0a15\u0a47\u0a38\u0a3c\u0a28: \u0a16\u0a3e\u0a38 \u0a24\u0a4c\u0a30 &#039;\u0a24\u0a47 \u0a27\u0a3e\u0a24\u0a42 \u0a26\u0a47 \u0a15\u0a70\u0a2e \u0a05\u0a24\u0a47 \u0a09\u0a26\u0a2f\u0a4b\u0a17\u0a3f\u0a15 \u0a09\u0a24\u0a2a\u0a3e\u0a26\u0a28 \u0a32\u0a08 \u0a22\u0a41\u0a15\u0a35\u0a3e\u0a02<br \/>\n- \u0a0f\u0a15\u0a40\u0a15\u0a30\u0a28: \u0a2e\u0a4c\u0a1c\u0a42\u0a26\u0a3e \u0a09\u0a24\u0a2a\u0a3e\u0a26\u0a28 \u0a2a\u0a4d\u0a30\u0a15\u0a3f\u0a30\u0a3f\u0a06\u0a35\u0a3e\u0a02 \u0a35\u0a3f\u0a71\u0a1a \u0a0f\u0a15\u0a40\u0a15\u0a30\u0a28 \u0a15\u0a30\u0a28\u0a3e \u0a06\u0a38\u0a3e\u0a28<\/p>\n<p>\u0a2e\u0a38\u0a3c\u0a40\u0a28 \u0a26\u0a40 \u0a2c\u0a3f\u0a1c\u0a32\u0a40 \u0a26\u0a47 \u0a05\u0a27\u0a40\u0a28 \u0a28\u0a3f\u0a2f\u0a41\u0a15\u0a24\u0a40 \u0a26\u0a41\u0a06\u0a30\u0a3e \u0a1c\u0a3e\u0a02\u0a1a \u0a15\u0a40\u0a24\u0a40 \u0a1c\u0a3e \u0a38\u0a15\u0a26\u0a40 \u0a39\u0a48\u0964<br \/>\n\u0a24\u0a15\u0a28\u0a40\u0a15\u0a40 \u0a21\u0a47\u0a1f\u0a3e \u0a05\u0a24\u0a47 \u0a1c\u0a3e\u0a23\u0a15\u0a3e\u0a30\u0a40 \u0a26\u0a47 \u0a28\u0a3e\u0a32-\u0a28\u0a3e\u0a32 \u0a35\u0a3f\u0a15\u0a30\u0a40 \u0a24\u0a4b\u0a02 \u0a2a\u0a39\u0a3f\u0a32\u0a3e\u0a02 \u0a24\u0a2c\u0a26\u0a40\u0a32\u0a40\u0a06\u0a02 \u0a05\u0a24\u0a47 \u0a17\u0a32\u0a24\u0a40\u0a06\u0a02 \u0a26\u0a47 \u0a05\u0a27\u0a40\u0a28!<\/p>","protected":false},"excerpt":{"rendered":"<p>Standort: Deutschland, Baden-W\u00fcrttemberg S\u00fcdwest Zustand: Gebraucht Hersteller: LANG Modell: LANG Baujahr: 2005 LANG Technik Bevorratung und Zuf\u00fchrsystem Baujahr 2005, inkl. 20 Schraubst\u00f6cke Automationssystem mit Rutschen-Anordnung Speicherkapazit\u00e4t von ca. 50-60 Spannschraubstocken. Technische Beschreibung: LANG Technik Bevorratung und Zuf\u00fchrsystem LANG Technik Automationssystem mit Rutschenanordnung ist eine hochentwickelte, automatisierte L\u00f6sung zur Handhabung und Bearbeitung von Werkst\u00fccken, die speziell [&hellip;]<\/p>\n","protected":false},"featured_media":5738,"template":"","meta":[],"product_brand":[],"product_cat":[94],"product_tag":[],"class_list":{"0":"post-5748","1":"product","2":"type-product","3":"status-publish","4":"has-post-thumbnail","6":"product_cat-zubehoer-sonstiges","8":"first","9":"instock","10":"taxable","11":"shipping-taxable","12":"product-type-simple"},"aioseo_notices":[],"_links":{"self":[{"href":"https:\/\/www.horn-wzm.de\/pa\/wp-json\/wp\/v2\/product\/5748","targetHints":{"allow":["GET"]}}],"collection":[{"href":"https:\/\/www.horn-wzm.de\/pa\/wp-json\/wp\/v2\/product"}],"about":[{"href":"https:\/\/www.horn-wzm.de\/pa\/wp-json\/wp\/v2\/types\/product"}],"version-history":[{"count":1,"href":"https:\/\/www.horn-wzm.de\/pa\/wp-json\/wp\/v2\/product\/5748\/revisions"}],"predecessor-version":[{"id":5749,"href":"https:\/\/www.horn-wzm.de\/pa\/wp-json\/wp\/v2\/product\/5748\/revisions\/5749"}],"wp:featuredmedia":[{"embeddable":true,"href":"https:\/\/www.horn-wzm.de\/pa\/wp-json\/wp\/v2\/media\/5738"}],"wp:attachment":[{"href":"https:\/\/www.horn-wzm.de\/pa\/wp-json\/wp\/v2\/media?parent=5748"}],"wp:term":[{"taxonomy":"product_brand","embeddable":true,"href":"https:\/\/www.horn-wzm.de\/pa\/wp-json\/wp\/v2\/product_brand?post=5748"},{"taxonomy":"product_cat","embeddable":true,"href":"https:\/\/www.horn-wzm.de\/pa\/wp-json\/wp\/v2\/product_cat?post=5748"},{"taxonomy":"product_tag","embeddable":true,"href":"https:\/\/www.horn-wzm.de\/pa\/wp-json\/wp\/v2\/product_tag?post=5748"}],"curies":[{"name":"\u0a21\u0a2c\u0a32\u0a2f\u0a42\u0a2a\u0a40","href":"https:\/\/api.w.org\/{rel}","templated":true}]}}