{"id":5255,"date":"2025-01-23T12:41:49","date_gmt":"2025-01-23T11:41:49","guid":{"rendered":"https:\/\/www.horn-wzm.de\/shop\/unkategorisiert\/gebr-biglia-wkz-halter-fest-used-toolholder-fixed-oesterle-mit-ikz_intnr231227\/"},"modified":"2025-01-23T12:41:49","modified_gmt":"2025-01-23T11:41:49","slug":"ikz_intnr231227-%e0%a8%a6%e0%a9%87-%e0%a8%a8%e0%a8%be%e0%a8%b2-%e0%a8%b5%e0%a8%b0%e0%a8%a4%e0%a8%bf%e0%a8%86-%e0%a8%97%e0%a8%bf%e0%a8%86-%e0%a8%ac%e0%a8%bf%e0%a8%97%e0%a8%b2%e0%a9%80%e0%a8%86","status":"publish","type":"product","link":"https:\/\/www.horn-wzm.de\/pa\/shop\/werkzeughalter\/gebr-biglia-wkz-halter-fest-used-toolholder-fixed-oesterle-mit-ikz_intnr231227\/","title":{"rendered":"\u0a35\u0a30\u0a24\u0a3f\u0a06 \u0a39\u0a4b\u0a07\u0a06 \u0a2c\u0a3f\u0a17\u0a32\u0a40\u0a06 \u0a1f\u0a42\u0a32 \u0a39\u0a4b\u0a32\u0a21\u0a30 \u0a2b\u0a3f\u0a15\u0a38\u0a21\/\u0a35\u0a30\u0a24\u0a3f\u0a06 \u0a39\u0a4b\u0a07\u0a06 \u0a1f\u0a42\u0a32 \u0a39\u0a4b\u0a32\u0a21\u0a30 \u0a2b\u0a3f\u0a15\u0a38\u0a21 \u0a13\u0a0f\u0a38\u0a1f\u0a30\u0a32 \u0a05\u0a70\u0a26\u0a30\u0a42\u0a28\u0a40 \u0a15\u0a42\u0a32\u0a3f\u0a70\u0a17 \u0a26\u0a47 \u0a28\u0a3e\u0a32_IntNr231227"},"content":{"rendered":"<p><b>\u0a38\u0a25\u0a3e\u0a28:<\/b> \u0a1c\u0a30\u0a2e\u0a28\u0a40, \u0a2c\u0a3e\u0a21\u0a47\u0a28-\u0a35\u0a41\u0a30\u0a1f\u0a2e\u0a2c\u0a30\u0a17 \u0a26\u0a71\u0a16\u0a23-\u0a2a\u0a71\u0a1b\u0a2e<\/p>\n<p><b>\u0a39\u0a3e\u0a32\u0a24:<\/b> \u0a28\u0a35\u0a47\u0a02 \u0a1c\u0a3f\u0a70\u0a28\u0a3e \u0a35\u0a27\u0a40\u0a06<\/p>\n<p><b>\u0a28\u0a3f\u0a30\u0a2e\u0a3e\u0a24\u0a3e:<\/b> \u0a13\u0a0f\u0a38\u0a1f\u0a30\u0a32<\/p>\n<p><b>\u0a2e\u0a3e\u0a21\u0a32:<\/b> 350 5421 \u0a21\u0a4025 \u0a2c\u0a40109 \u0a10\u0a15\u0a38\u0a15\u0a47\u0a0f<\/p>\n<p><b>\u0a09\u0a38\u0a3e\u0a30\u0a40 \u0a26\u0a3e \u0a38\u0a3e\u0a32:<\/b> 2015<\/p>\n<p>\u0a35\u0a30\u0a24\u0a3f\u0a06 \u0a39\u0a4b\u0a07\u0a06 \u0a21\u0a4d\u0a30\u0a3f\u0a32 \u0a39\u0a4b\u0a32\u0a21\u0a30<br \/>\n\u0a05\u0a28\u0a41\u0a15\u0a42\u0a32 \u0a2e\u0a38\u0a3c\u0a40\u0a28\u0a3e\u0a02<br \/>\n\u0a2c\u0a3f\u0a17\u0a32\u0a40\u0a06 - \u0a2c\u0a40436<br \/>\n\u0a2c\u0a3f\u0a17\u0a32\u0a40\u0a06 - \u0a2c\u0a40438<br \/>\n\u0a2c\u0a3f\u0a17\u0a32\u0a40\u0a06 - BMX 45Y2<br \/>\nBI-WZ16BO25i<br \/>\n\u0a09\u0a71\u0a1a-\u0a38\u0a3c\u0a41\u0a71\u0a27\u0a24\u0a3e \u0a35\u0a3e\u0a32\u0a3e \u0a2c\u0a4b\u0a30\u0a3f\u0a70\u0a17 \u0a2c\u0a3e\u0a30 \u0a39\u0a4b\u0a32\u0a21\u0a30 \u00d8 25 \u0a2e\u0a3f\u0a32\u0a40\u0a2e\u0a40\u0a1f\u0a30<br \/>\nIKZ (Oesterle) \u0a28\u0a3e\u0a32<br \/>\n350 5421 \u0a21\u0a4025 \u0a2c\u0a40\u0a06\u0a0809 \u0a10\u0a15\u0a38\u0a15\u0a47\u0a0f<br \/>\n\u0a15\u0a32\u0a48\u0a02\u0a2a\u0a3f\u0a70\u0a17 \u0a35\u0a3f\u0a06\u0a38 \u00d8 25 \u0a2e\u0a3f\u0a32\u0a40\u0a2e\u0a40\u0a1f\u0a30 H6<br \/>\n\u0a15\u0a42\u0a32\u0a48\u0a02\u0a1f<br \/>\n\u0a2c\u0a3e\u0a39\u0a30\u0a40 + \u0a05\u0a70\u0a26\u0a30\u0a42\u0a28\u0a40 \u0a15\u0a42\u0a32\u0a3f\u0a70\u0a17 180 \u0a2c\u0a3e\u0a30<br \/>\n\u0a2d\u0a3e\u0a30 2.5 \u0a15\u0a3f\u0a32\u0a4b\u0a17\u0a4d\u0a30\u0a3e\u0a2e<\/p>\n<p>\u0a21\u0a4d\u0a30\u0a3f\u0a32 \u0a39\u0a4b\u0a32\u0a21\u0a30<br \/>\nBI-WZ16BO25i<br \/>\n\u0a05\u0a28\u0a41\u0a15\u0a42\u0a32 \u0a2e\u0a38\u0a3c\u0a40\u0a28\u0a3e\u0a02<br \/>\n\u0a2c\u0a3f\u0a17\u0a32\u0a40\u0a06 - \u0a2c\u0a40436<br \/>\n\u0a2c\u0a3f\u0a17\u0a32\u0a40\u0a06 - \u0a2c\u0a40438<br \/>\n\u0a2c\u0a3f\u0a17\u0a32\u0a40\u0a06 - BMX 45Y2<br \/>\n\u0a09\u0a71\u0a1a-\u0a38\u0a3c\u0a41\u0a71\u0a27\u0a24\u0a3e \u0a35\u0a3e\u0a32\u0a3e \u0a2c\u0a4b\u0a30\u0a3f\u0a70\u0a17 \u0a2c\u0a3e\u0a30 \u0a39\u0a4b\u0a32\u0a21\u0a30 \u00d8 25 \u0a2e\u0a3f\u0a32\u0a40\u0a2e\u0a40\u0a1f\u0a30<br \/>\nIKZ (Oesterle) \u0a28\u0a3e\u0a32<br \/>\n350 5421 \u0a21\u0a4025 \u0a2c\u0a40\u0a06\u0a0809 \u0a10\u0a15\u0a38\u0a15\u0a47\u0a0f<br \/>\n\u0a15\u0a32\u0a48\u0a02\u0a2a\u0a3f\u0a70\u0a17 \u0a35\u0a3f\u0a06\u0a38 \u00d8 25 \u0a2e\u0a3f\u0a32\u0a40\u0a2e\u0a40\u0a1f\u0a30 H6<br \/>\n\u0a15\u0a42\u0a32\u0a48\u0a02\u0a1f<br \/>\n\u0a2c\u0a3e\u0a39\u0a30\u0a40 + \u0a05\u0a70\u0a26\u0a30\u0a42\u0a28\u0a40 \u0a15\u0a42\u0a32\u0a3f\u0a70\u0a17 180 \u0a2c\u0a3e\u0a30<br \/>\n\u0a2d\u0a3e\u0a30 2.5 \u0a15\u0a3f\u0a32\u0a4b\u0a17\u0a4d\u0a30\u0a3e\u0a2e<\/p>","protected":false},"excerpt":{"rendered":"<p>Standort: Deutschland, Baden-W\u00fcrttemberg S\u00fcdwest Zustand: Neuwertig Hersteller: Oesterle Modell: 350 5421 D25 B109 XKA Baujahr: 2015 gebr. Bohrhalter Kompatible Maschinen BIGLIA &#8211; B436 BIGLIA &#8211; B438 BIGLIA &#8211; BMX 45Y2 BI-WZ16BO25i Hochpr\u00e4zision-Bohrstangenhalter \u00d8 25 mm mit IKZ (Oesterle) 350 5421 D25 BI09 XKA Spanndurchmesser \u00d8 25 mm H6 K\u00fchlmittel extern + IKZ 180 bar Gewicht [&hellip;]<\/p>\n","protected":false},"featured_media":5247,"template":"","meta":[],"product_brand":[],"product_cat":[84],"product_tag":[],"class_list":{"0":"post-5255","1":"product","2":"type-product","3":"status-publish","4":"has-post-thumbnail","6":"product_cat-werkzeughalter","8":"first","9":"instock","10":"taxable","11":"shipping-taxable","12":"product-type-simple"},"aioseo_notices":[],"_links":{"self":[{"href":"https:\/\/www.horn-wzm.de\/pa\/wp-json\/wp\/v2\/product\/5255","targetHints":{"allow":["GET"]}}],"collection":[{"href":"https:\/\/www.horn-wzm.de\/pa\/wp-json\/wp\/v2\/product"}],"about":[{"href":"https:\/\/www.horn-wzm.de\/pa\/wp-json\/wp\/v2\/types\/product"}],"version-history":[{"count":1,"href":"https:\/\/www.horn-wzm.de\/pa\/wp-json\/wp\/v2\/product\/5255\/revisions"}],"predecessor-version":[{"id":5256,"href":"https:\/\/www.horn-wzm.de\/pa\/wp-json\/wp\/v2\/product\/5255\/revisions\/5256"}],"wp:featuredmedia":[{"embeddable":true,"href":"https:\/\/www.horn-wzm.de\/pa\/wp-json\/wp\/v2\/media\/5247"}],"wp:attachment":[{"href":"https:\/\/www.horn-wzm.de\/pa\/wp-json\/wp\/v2\/media?parent=5255"}],"wp:term":[{"taxonomy":"product_brand","embeddable":true,"href":"https:\/\/www.horn-wzm.de\/pa\/wp-json\/wp\/v2\/product_brand?post=5255"},{"taxonomy":"product_cat","embeddable":true,"href":"https:\/\/www.horn-wzm.de\/pa\/wp-json\/wp\/v2\/product_cat?post=5255"},{"taxonomy":"product_tag","embeddable":true,"href":"https:\/\/www.horn-wzm.de\/pa\/wp-json\/wp\/v2\/product_tag?post=5255"}],"curies":[{"name":"\u0a21\u0a2c\u0a32\u0a2f\u0a42\u0a2a\u0a40","href":"https:\/\/api.w.org\/{rel}","templated":true}]}}