{"id":5234,"date":"2025-01-23T12:40:38","date_gmt":"2025-01-23T11:40:38","guid":{"rendered":"https:\/\/www.horn-wzm.de\/shop\/unkategorisiert\/gebr-biglia-wkz-halter-fest-used-toolholder-fixed-oesterle-mit-ikz_intnr231226\/"},"modified":"2025-01-23T12:40:38","modified_gmt":"2025-01-23T11:40:38","slug":"ikz_intnr231226-%e0%a8%a6%e0%a9%87-%e0%a8%a8%e0%a8%be%e0%a8%b2-%e0%a8%b5%e0%a8%b0%e0%a8%a4%e0%a8%bf%e0%a8%86-%e0%a8%97%e0%a8%bf%e0%a8%86-%e0%a8%ac%e0%a8%bf%e0%a8%97%e0%a8%b2%e0%a9%80%e0%a8%86","status":"publish","type":"product","link":"https:\/\/www.horn-wzm.de\/pa\/shop\/werkzeughalter\/gebr-biglia-wkz-halter-fest-used-toolholder-fixed-oesterle-mit-ikz_intnr231226\/","title":{"rendered":"\u0a35\u0a30\u0a24\u0a3f\u0a06 \u0a39\u0a4b\u0a07\u0a06 \u0a2c\u0a3f\u0a17\u0a32\u0a40\u0a06 \u0a1f\u0a42\u0a32 \u0a39\u0a4b\u0a32\u0a21\u0a30 \u0a2b\u0a3f\u0a15\u0a38\u0a21\/\u0a35\u0a30\u0a24\u0a3f\u0a06 \u0a39\u0a4b\u0a07\u0a06 \u0a1f\u0a42\u0a32 \u0a39\u0a4b\u0a32\u0a21\u0a30 \u0a2b\u0a3f\u0a15\u0a38\u0a21 \u0a13\u0a0f\u0a38\u0a1f\u0a30\u0a32 \u0a05\u0a70\u0a26\u0a30\u0a42\u0a28\u0a40 \u0a15\u0a42\u0a32\u0a3f\u0a70\u0a17 \u0a26\u0a47 \u0a28\u0a3e\u0a32_IntNr231226"},"content":{"rendered":"<p><b>\u0a38\u0a25\u0a3e\u0a28:<\/b> \u0a1c\u0a30\u0a2e\u0a28\u0a40, \u0a2c\u0a3e\u0a21\u0a47\u0a28-\u0a35\u0a41\u0a30\u0a1f\u0a2e\u0a2c\u0a30\u0a17 \u0a26\u0a71\u0a16\u0a23-\u0a2a\u0a71\u0a1b\u0a2e<\/p>\n<p><b>\u0a39\u0a3e\u0a32\u0a24:<\/b> \u0a28\u0a35\u0a47\u0a02 \u0a1c\u0a3f\u0a70\u0a28\u0a3e \u0a35\u0a27\u0a40\u0a06<\/p>\n<p><b>\u0a28\u0a3f\u0a30\u0a2e\u0a3e\u0a24\u0a3e:<\/b> \u0a13\u0a0f\u0a38\u0a1f\u0a30\u0a32<\/p>\n<p><b>\u0a2e\u0a3e\u0a21\u0a32:<\/b> 357 5403 SL26 B109<\/p>\n<p><b>\u0a09\u0a38\u0a3e\u0a30\u0a40 \u0a26\u0a3e \u0a38\u0a3e\u0a32:<\/b> 2015<\/p>\n<p>\u0a35\u0a30\u0a24\u0a3f\u0a06 \u0a17\u0a3f\u0a06 \u0a38\u0a3c\u0a41\u0a71\u0a27\u0a24\u0a3e \u0a35\u0a3f\u0a2d\u0a3e\u0a1c\u0a28-\u0a06\u0a2b \u0a39\u0a4b\u0a32\u0a21\u0a30<br \/>\nBI-WZ16ABL3 \u0a32\u0a08 \u0a16\u0a30\u0a40\u0a26\u0a26\u0a3e\u0a30\u0a40<br \/>\n\u0a05\u0a28\u0a41\u0a15\u0a42\u0a32 \u0a2e\u0a38\u0a3c\u0a40\u0a28\u0a3e\u0a02<br \/>\n\u0a2c\u0a3f\u0a17\u0a32\u0a40\u0a06 - \u0a2c\u0a40436<br \/>\n\u0a2c\u0a3f\u0a17\u0a32\u0a40\u0a06 - \u0a2c\u0a40438<br \/>\n\u0a2c\u0a3f\u0a17\u0a32\u0a40\u0a06 - BMX 45Y2<br \/>\n\u0a2a\u0a3e\u0a30\u0a1f\u0a3f\u0a70\u0a17-\u0a06\u0a2b \u0a2c\u0a32\u0a47\u0a21 SH 26 \u0a2e\u0a3f\u0a32\u0a40\u0a2e\u0a40\u0a1f\u0a30 \u0a32\u0a08 \u0a38\u0a3c\u0a41\u0a71\u0a27\u0a24\u0a3e \u0a2a\u0a3e\u0a30\u0a1f\u0a3f\u0a70\u0a17-\u0a06\u0a2b \u0a39\u0a4b\u0a32\u0a21\u0a30<br \/>\n\u0a16\u0a71\u0a2c\u0a3e \u0a38\u0a70\u0a38\u0a15\u0a30\u0a23, \u0a09\u0a1a\u0a3e\u0a08 70 \u0a2e\u0a3f\u0a32\u0a40\u0a2e\u0a40\u0a1f\u0a30 (\u0a13\u0a38\u0a1f\u0a30\u0a32)<br \/>\n\u0a24\u0a32\u0a35\u0a3e\u0a30 \u0a26\u0a40 \u0a09\u0a1a\u0a3e\u0a08 SH 26 \u0a2e\u0a3f\u0a32\u0a40\u0a2e\u0a40\u0a1f\u0a30<br \/>\n\u0a24\u0a32\u0a35\u0a3e\u0a30 \u0a26\u0a40 \u0a1a\u0a4c\u0a5c\u0a3e\u0a08 3 \u0a2e\u0a3f\u0a32\u0a40\u0a2e\u0a40\u0a1f\u0a30<br \/>\n\u0a2d\u0a3e\u0a30 4.6 \u0a15\u0a3f\u0a32\u0a4b\u0a17\u0a4d\u0a30\u0a3e\u0a2e<br \/>\n \u0a15\u0a42\u0a32\u0a48\u0a02\u0a1f<br \/>\n \u0a2c\u0a3e\u0a39\u0a30\u0a40 + IKZ<br \/>\n85 \u0a2c\u0a3e\u0a30<\/p>\n<p>\u0a38\u0a3c\u0a41\u0a71\u0a27\u0a24\u0a3e \u0a15\u0a71\u0a1f-\u0a06\u0a2b \u0a39\u0a4b\u0a32\u0a21\u0a30<br \/>\nBI-WZ16ABL3 \u0a32\u0a08 \u0a16\u0a30\u0a40\u0a26\u0a26\u0a3e\u0a30\u0a40<br \/>\n\u0a05\u0a28\u0a41\u0a15\u0a42\u0a32 \u0a2e\u0a38\u0a3c\u0a40\u0a28\u0a3e\u0a02<br \/>\n\u0a2c\u0a3f\u0a17\u0a32\u0a40\u0a06 - \u0a2c\u0a40436<br \/>\n\u0a2c\u0a3f\u0a17\u0a32\u0a40\u0a06 - \u0a2c\u0a40438<br \/>\n\u0a2c\u0a3f\u0a17\u0a32\u0a40\u0a06 - BMX 45Y2<br \/>\n\u0a2a\u0a3e\u0a30\u0a1f\u0a3f\u0a70\u0a17-\u0a06\u0a2b \u0a2c\u0a32\u0a47\u0a21 SH 26 \u0a2e\u0a3f\u0a32\u0a40\u0a2e\u0a40\u0a1f\u0a30 \u0a32\u0a08 \u0a38\u0a3c\u0a41\u0a71\u0a27\u0a24\u0a3e \u0a2a\u0a3e\u0a30\u0a1f\u0a3f\u0a70\u0a17-\u0a06\u0a2b \u0a39\u0a4b\u0a32\u0a21\u0a30<br \/>\n\u0a16\u0a71\u0a2c\u0a47-\u0a39\u0a71\u0a25 \u0a35\u0a3e\u0a32\u0a3e \u0a38\u0a70\u0a38\u0a15\u0a30\u0a23, \u0a09\u0a1a\u0a3e\u0a08 70 \u0a2e\u0a3f\u0a32\u0a40\u0a2e\u0a40\u0a1f\u0a30 (\u0a13\u0a38\u0a1f\u0a30\u0a32)<br \/>\n\u0a2c\u0a32\u0a47\u0a21 \u0a26\u0a40 \u0a09\u0a1a\u0a3e\u0a08 SH 26 \u0a2e\u0a3f\u0a32\u0a40\u0a2e\u0a40\u0a1f\u0a30<br \/>\n\u0a2c\u0a32\u0a47\u0a21 \u0a1a\u0a4c\u0a5c\u0a3e\u0a08 3 \u0a2e\u0a3f\u0a32\u0a40\u0a2e\u0a40\u0a1f\u0a30<br \/>\n\u0a2d\u0a3e\u0a30 4.6 \u0a15\u0a3f\u0a32\u0a4b\u0a17\u0a4d\u0a30\u0a3e\u0a2e<br \/>\n \u0a15\u0a42\u0a32\u0a48\u0a02\u0a1f<br \/>\n \u0a2c\u0a3e\u0a39\u0a30\u0a40 + IKZ<br \/>\n85 \u0a2c\u0a3e\u0a30<\/p>","protected":false},"excerpt":{"rendered":"<p>Standort: Deutschland, Baden-W\u00fcrttemberg S\u00fcdwest Zustand: Neuwertig Hersteller: Oesterle Modell: 357 5403 SL26 B109 Baujahr: 2015 gebr. Praezisionsabstechhalter BI-WZ16ABL3 Kompatible Maschinen BIGLIA &#8211; B436 BIGLIA &#8211; B438 BIGLIA &#8211; BMX 45Y2 Pr\u00e4zisionsabstechhalter f\u00fcr Abstechschwert SH 26 mm linke Ausf\u00fchrung, H\u00f6he 70 mm (Oesterle) Schwerth\u00f6he SH 26 mm Schwertbreite 3 mm Gewicht 4,6 kg K\u00fchlmittel Externe + [&hellip;]<\/p>\n","protected":false},"featured_media":5227,"template":"","meta":[],"product_brand":[],"product_cat":[84],"product_tag":[],"class_list":{"0":"post-5234","1":"product","2":"type-product","3":"status-publish","4":"has-post-thumbnail","6":"product_cat-werkzeughalter","8":"first","9":"instock","10":"taxable","11":"shipping-taxable","12":"product-type-simple"},"aioseo_notices":[],"_links":{"self":[{"href":"https:\/\/www.horn-wzm.de\/pa\/wp-json\/wp\/v2\/product\/5234","targetHints":{"allow":["GET"]}}],"collection":[{"href":"https:\/\/www.horn-wzm.de\/pa\/wp-json\/wp\/v2\/product"}],"about":[{"href":"https:\/\/www.horn-wzm.de\/pa\/wp-json\/wp\/v2\/types\/product"}],"version-history":[{"count":1,"href":"https:\/\/www.horn-wzm.de\/pa\/wp-json\/wp\/v2\/product\/5234\/revisions"}],"predecessor-version":[{"id":5235,"href":"https:\/\/www.horn-wzm.de\/pa\/wp-json\/wp\/v2\/product\/5234\/revisions\/5235"}],"wp:featuredmedia":[{"embeddable":true,"href":"https:\/\/www.horn-wzm.de\/pa\/wp-json\/wp\/v2\/media\/5227"}],"wp:attachment":[{"href":"https:\/\/www.horn-wzm.de\/pa\/wp-json\/wp\/v2\/media?parent=5234"}],"wp:term":[{"taxonomy":"product_brand","embeddable":true,"href":"https:\/\/www.horn-wzm.de\/pa\/wp-json\/wp\/v2\/product_brand?post=5234"},{"taxonomy":"product_cat","embeddable":true,"href":"https:\/\/www.horn-wzm.de\/pa\/wp-json\/wp\/v2\/product_cat?post=5234"},{"taxonomy":"product_tag","embeddable":true,"href":"https:\/\/www.horn-wzm.de\/pa\/wp-json\/wp\/v2\/product_tag?post=5234"}],"curies":[{"name":"\u0a21\u0a2c\u0a32\u0a2f\u0a42\u0a2a\u0a40","href":"https:\/\/api.w.org\/{rel}","templated":true}]}}