{"id":4588,"date":"2024-11-12T14:21:22","date_gmt":"2024-11-12T13:21:22","guid":{"rendered":"https:\/\/www.horn-wzm.de\/shop\/unkategorisiert\/gebr-werkzeughalter-star-221-72-00-intnr231128\/"},"modified":"2024-11-12T14:21:22","modified_gmt":"2024-11-12T13:21:22","slug":"%e0%a8%b5%e0%a8%b0%e0%a8%a4%e0%a8%bf%e0%a8%86-%e0%a8%b9%e0%a9%8b%e0%a8%87%e0%a8%86-%e0%a8%9f%e0%a9%82%e0%a8%b2-%e0%a8%b9%e0%a9%8b%e0%a8%b2%e0%a8%a1%e0%a8%b0-%e0%a8%b8%e0%a8%9f%e0%a8%be%e0%a8%b0-221-72","status":"publish","type":"product","link":"https:\/\/www.horn-wzm.de\/pa\/shop\/werkzeughalter\/gebr-werkzeughalter-star-221-72-00-intnr231128\/","title":{"rendered":"\u0a35\u0a30\u0a24\u0a3f\u0a06 \u0a39\u0a4b\u0a07\u0a06 \u0a1f\u0a42\u0a32 \u0a39\u0a4b\u0a32\u0a21\u0a30 STAR 221-72-00 (\u0a07\u0a70\u0a1f\u0a30\u0a28\u0a48\u0a38\u0a3c\u0a28\u0a32 \u0a28\u0a70\u0a2c\u0a30 231128)"},"content":{"rendered":"<p><b>\u0a38\u0a25\u0a3e\u0a28:<\/b> \u0a1c\u0a30\u0a2e\u0a28\u0a40, \u0a2c\u0a3e\u0a21\u0a47\u0a28-\u0a35\u0a41\u0a30\u0a1f\u0a2e\u0a2c\u0a30\u0a17 \u0a26\u0a71\u0a16\u0a23-\u0a2a\u0a71\u0a1b\u0a2e<\/p>\n<p><b>\u0a39\u0a3e\u0a32\u0a24:<\/b> \u0a28\u0a35\u0a47\u0a02 \u0a1c\u0a3f\u0a70\u0a28\u0a3e \u0a35\u0a27\u0a40\u0a06<\/p>\n<p><b>\u0a28\u0a3f\u0a30\u0a2e\u0a3e\u0a24\u0a3e:<\/b> \u0a38\u0a1f\u0a3e\u0a30 \u0a2e\u0a3e\u0a08\u0a15\u0a4d\u0a30\u0a4b\u0a28\u0a3f\u0a15\u0a38<\/p>\n<p><b>\u0a09\u0a38\u0a3e\u0a30\u0a40 \u0a26\u0a3e \u0a38\u0a3e\u0a32:<\/b> 2018<\/p>\n<p>\u0a2a\u0a3f\u0a1b\u0a32\u0a47 \u0a2a\u0a3e\u0a38\u0a47 \u0a32\u0a08 1-\u0a35\u0a47\u0a05 \u0a1f\u0a42\u0a32 \u0a39\u0a4b\u0a32\u0a21\u0a30 16 x 16mm \u0a38\u0a3c\u0a3e\u0a2b\u0a1f<br \/>\n \u0a38\u0a2a\u0a3f\u0a70\u0a21\u0a32 \u0a26\u0a47 \u0a09\u0a32\u0a1f \u0a09\u0a1a\u0a3e\u0a08 \u0a05\u0a28\u0a41\u0a15\u0a42\u0a32\u0964<br \/>\n221-72-00<br \/>\n\u0a39\u0a47\u0a20 \u0a32\u0a3f\u0a16\u0a40\u0a06\u0a02 STAR \u0a2e\u0a38\u0a3c\u0a40\u0a28 \u0a15\u0a3f\u0a38\u0a2e\u0a3e\u0a02 \u0a32\u0a08 \u0a22\u0a41\u0a15\u0a35\u0a3e\u0a02:<br \/>\nST-20-32-38 SV-12-20-32 \/ ECAS<br \/>\n\u0a24\u0a15\u0a28\u0a40\u0a15\u0a40 \u0a21\u0a47\u0a1f\u0a3e \u0a05\u0a24\u0a47 \u0a1c\u0a3e\u0a23\u0a15\u0a3e\u0a30\u0a40 \u0a26\u0a47 \u0a28\u0a3e\u0a32-\u0a28\u0a3e\u0a32 \u0a2a\u0a39\u0a3f\u0a32\u0a3e\u0a02 \u0a26\u0a40 \u0a35\u0a3f\u0a15\u0a30\u0a40 \u0a35\u0a3f\u0a71\u0a1a \u0a24\u0a2c\u0a26\u0a40\u0a32\u0a40\u0a06\u0a02 \u0a05\u0a24\u0a47 \u0a17\u0a32\u0a24\u0a40\u0a06\u0a02 \u0a26\u0a47 \u0a05\u0a27\u0a40\u0a28!<\/p>\n<p>\u0a2a\u0a3f\u0a1b\u0a32\u0a47 \u0a2a\u0a3e\u0a38\u0a47 \u0a32\u0a08 1-\u0a2b\u0a4b\u0a32\u0a21 \u0a1f\u0a42\u0a32 \u0a39\u0a4b\u0a32\u0a21\u0a30 16 x 16 \u0a2e\u0a3f\u0a32\u0a40\u0a2e\u0a40\u0a1f\u0a30 \u0a38\u0a3c\u0a48\u0a02\u0a15<br \/>\n \u0a15\u0a3e\u0a0a\u0a02\u0a1f\u0a30 \u0a38\u0a2a\u0a3f\u0a70\u0a21\u0a32 \u0a26\u0a40 \u0a09\u0a1a\u0a3e\u0a08 \u0a10\u0a21\u0a1c\u0a38\u0a1f\u0a47\u0a2c\u0a32 \u0a15\u0a30\u0a28 \u0a32\u0a08<br \/>\n221-72-00<br \/>\n\u0a39\u0a47\u0a20 \u0a32\u0a3f\u0a16\u0a40\u0a06\u0a02 STAR \u0a2e\u0a38\u0a3c\u0a40\u0a28 \u0a15\u0a3f\u0a38\u0a2e\u0a3e\u0a02 \u0a32\u0a08 \u0a22\u0a41\u0a15\u0a35\u0a3e\u0a02:<br \/>\nST-20-32-38 SV-12-20-32 \/ ECAS<br \/>\n\u0a24\u0a15\u0a28\u0a40\u0a15\u0a40 \u0a21\u0a47\u0a1f\u0a3e \u0a05\u0a24\u0a47 \u0a1c\u0a3e\u0a23\u0a15\u0a3e\u0a30\u0a40 \u0a26\u0a47 \u0a28\u0a3e\u0a32-\u0a28\u0a3e\u0a32 \u0a35\u0a3f\u0a15\u0a30\u0a40 \u0a24\u0a4b\u0a02 \u0a2a\u0a39\u0a3f\u0a32\u0a3e\u0a02 \u0a24\u0a2c\u0a26\u0a40\u0a32\u0a40\u0a06\u0a02 \u0a05\u0a24\u0a47 \u0a17\u0a32\u0a24\u0a40\u0a06\u0a02 \u0a26\u0a47 \u0a05\u0a27\u0a40\u0a28!<\/p>","protected":false},"excerpt":{"rendered":"<p>Standort: Deutschland, Baden-W\u00fcrttemberg S\u00fcdwest Zustand: Neuwertig Hersteller: STAR Micronics Baujahr: 2018 1-fach Werkzeughalter 16 x 16mm Schaft f\u00fcr die R\u00fcckseite zu Gegenspindel H\u00f6henverstellbar 221-72-00 Passend f\u00fcr folgende STAR-Maschinentypen: ST-20-32-38 SV-12-20-32 \/ ECAS Aenderungen und Irrtuemer in den technischen Daten und Angaben sowie Zwischenverkauf vorbehalten! 1-fold tool holder 16 x 16 mm shank for the rear [&hellip;]<\/p>\n","protected":false},"featured_media":4586,"template":"","meta":[],"product_brand":[],"product_cat":[84],"product_tag":[],"class_list":{"0":"post-4588","1":"product","2":"type-product","3":"status-publish","4":"has-post-thumbnail","6":"product_cat-werkzeughalter","8":"first","9":"instock","10":"taxable","11":"shipping-taxable","12":"product-type-simple"},"aioseo_notices":[],"_links":{"self":[{"href":"https:\/\/www.horn-wzm.de\/pa\/wp-json\/wp\/v2\/product\/4588","targetHints":{"allow":["GET"]}}],"collection":[{"href":"https:\/\/www.horn-wzm.de\/pa\/wp-json\/wp\/v2\/product"}],"about":[{"href":"https:\/\/www.horn-wzm.de\/pa\/wp-json\/wp\/v2\/types\/product"}],"version-history":[{"count":1,"href":"https:\/\/www.horn-wzm.de\/pa\/wp-json\/wp\/v2\/product\/4588\/revisions"}],"predecessor-version":[{"id":4589,"href":"https:\/\/www.horn-wzm.de\/pa\/wp-json\/wp\/v2\/product\/4588\/revisions\/4589"}],"wp:featuredmedia":[{"embeddable":true,"href":"https:\/\/www.horn-wzm.de\/pa\/wp-json\/wp\/v2\/media\/4586"}],"wp:attachment":[{"href":"https:\/\/www.horn-wzm.de\/pa\/wp-json\/wp\/v2\/media?parent=4588"}],"wp:term":[{"taxonomy":"product_brand","embeddable":true,"href":"https:\/\/www.horn-wzm.de\/pa\/wp-json\/wp\/v2\/product_brand?post=4588"},{"taxonomy":"product_cat","embeddable":true,"href":"https:\/\/www.horn-wzm.de\/pa\/wp-json\/wp\/v2\/product_cat?post=4588"},{"taxonomy":"product_tag","embeddable":true,"href":"https:\/\/www.horn-wzm.de\/pa\/wp-json\/wp\/v2\/product_tag?post=4588"}],"curies":[{"name":"\u0a21\u0a2c\u0a32\u0a2f\u0a42\u0a2a\u0a40","href":"https:\/\/api.w.org\/{rel}","templated":true}]}}