{"id":6868,"date":"2025-10-31T17:40:10","date_gmt":"2025-10-31T16:40:10","guid":{"rendered":"https:\/\/www.horn-wzm.de\/shop\/unkategorisiert\/teilereinigungsanlage-pero-r1-414-ex_bj-2079_intnr231417\/"},"modified":"2025-10-31T17:40:10","modified_gmt":"2025-10-31T16:40:10","slug":"onderdelenreinigingssysteem-pero-r1-414-ex_bj-2079_intnr231417","status":"publish","type":"product","link":"https:\/\/www.horn-wzm.de\/nl\/shop\/industrielle-reinigungsanlagen\/teilereinigungsanlage-pero-r1-414-ex_bj-2079_intnr231417\/","title":{"rendered":"Onderdelenreinigingssysteem PERO R1 \/ 414 EX_Bj. 2079_IntNr231417"},"content":{"rendered":"<p><b>Locatie:<\/b> Duitsland, Baden-W\u00fcrttemberg Zuidwesten<\/p>\n<p><b>Zustand:<\/b> Gebruikt<\/p>\n<p><b>Hersteller:<\/b> Pero<\/p>\n<p><b>Modell:<\/b> Pero<\/p>\n<p><b>Bouwjaar:<\/b> 2017<\/p>\n<p>Technische beschrijving - PERO RO<br \/>\nFabrikant: PERO AG<br \/>\nModel: RO R1 \/ 414-EX<br \/>\nJaar 2017 \/ 10<\/p>\n<p>Machinetype: Reinigingssysteem \/ Ontvettingssysteem<br \/>\nProces: Reinigen met oplosmiddelen (bijv. gemodificeerde alcoholen of koolwaterstoffen)<\/p>\n<p>Technische gegevens (typisch voor deze serie):<\/p>\n<p>Reinigingssysteem: gesloten circuit, volledig automatisch<\/p>\n<p>Afmetingen werkruimte: ca. 530 \u00d7 320 \u00d7 200 mm<\/p>\n<p>Max. Gewicht partij: ca. 50 - 80 kg<\/p>\n<p>Oplosmiddel: gemodificeerde alcohol (op basis van koolwaterstof)<\/p>\n<p>Drogen: Vacu\u00fcm drogen<\/p>\n<p>Besturing: PLC-besturing met aanraakscherm<\/p>\n<p>Uitrusting: ge\u00efntegreerde destillatie-eenheid, filtersysteem, olieafscheiding<\/p>\n<p>Opgenomen vermogen: ongeveer 10 - 15 kW<\/p>\n<p>Vacu\u00fcmpomp: ge\u00efntegreerd<\/p>\n<p>Staat: zeer goede, verzorgde staat - uit de huidige productie<\/p>\n<p>Speciale functies:<\/p>\n<p>Energiebesparend reinigingssysteem met gesloten oplosmiddelcircuit<\/p>\n<p>Hoge reinigingskwaliteit met minimaal oplosmiddelverbruik<\/p>\n<p>Ideaal voor precisiemachinebouw en -bewerking<\/p>\n<p>Die Maschine kann nach Terminvereinbarung Strom besichtigt werden.<br \/>\nWijzigingen en fouten in de technische gegevens en informatie alsmede voorafgaande verkoop voorbehouden!<\/p>\n<p>Fabrikant: PERO AG<br \/>\nModel: RO R1 \/ 414-EX<br \/>\nProductiejaar: 10 \/ 2017<\/p>\n<p>Type machine: Reinigingssysteem \/ Ontvettingseenheid<br \/>\nProces: reinigen met oplosmiddelen (bijv. gemodificeerde alcoholen of koolwaterstoffen)<\/p>\n<p>Technische gegevens (typisch voor deze serie):<\/p>\n<p>Reinigingssysteem: gesloten lussysteem, volledig automatisch<\/p>\n<p>Afmetingen werkruimte: ca. 530 \u00d7 320 \u00d7 200 mm<\/p>\n<p>Maximaal partijgewicht: ca. 50 - 80 kg<\/p>\n<p>Oplosmiddel: Gemodificeerde alcohol (op basis van koolwaterstof)<\/p>\n<p>Drogen: Vacu\u00fcm drogen<\/p>\n<p>Besturingssysteem: PLC-besturing met aanraakscherm<\/p>\n<p>Uitrusting: ge\u00efntegreerde destillatie-eenheid, filtratiesysteem, olieafscheider<\/p>\n<p>Opgenomen vermogen: ongeveer 10 - 15 kW<\/p>\n<p>Vacu\u00fcmpomp: Ge\u00efntegreerd<\/p>\n<p>Staat: Zeer goede, goed onderhouden staat - uit lopende productie<\/p>\n<p>Speciale functies:<\/p>\n<p>Energiezuinig reinigingssysteem met gesloten oplosmiddelcircuit<\/p>\n<p>Uitstekende reinigingskwaliteit met minimaal verbruik van oplosmiddelen<\/p>\n<p>Ideaal voor precisietechniek en de metaalverspanende industrie<\/p>\n<p>De machine kan op afspraak onder stroom worden ge\u00efnspecteerd.<br \/>\nTechnische gegevens en specificaties zijn onder voorbehoud van wijzigingen en fouten. Voorverkoop voorbehouden.<\/p>","protected":false},"excerpt":{"rendered":"<p>Standort: Deutschland, Baden-W\u00fcrttemberg S\u00fcdwest Zustand: Gebraucht Hersteller: Pero Modell: Pero Baujahr: 2017 Technische Beschreibung \u2013 PERO RO Hersteller: PERO AG Modell: RO R1 \/ 414-EX Bj. 2017 \/ 10 Maschinentyp: Reinigungsanlage \/ Entfettungsanlage Verfahren: L\u00f6semittelreinigung (z. B. modifizierte Alkohole oder Kohlenwasserstoffe) Technische Daten (typisch f\u00fcr diese Baureihe): Reinigungssystem: geschlossener Kreislauf, vollautomatisch Arbeitskammergr\u00f6\u00dfe: ca. 530 \u00d7 [&hellip;]<\/p>\n","protected":false},"featured_media":6864,"template":"","meta":[],"product_brand":[],"product_cat":[97],"product_tag":[],"class_list":{"0":"post-6868","1":"product","2":"type-product","3":"status-publish","4":"has-post-thumbnail","6":"product_cat-industrielle-reinigungsanlagen","8":"first","9":"instock","10":"taxable","11":"shipping-taxable","12":"product-type-simple"},"aioseo_notices":[],"_links":{"self":[{"href":"https:\/\/www.horn-wzm.de\/nl\/wp-json\/wp\/v2\/product\/6868","targetHints":{"allow":["GET"]}}],"collection":[{"href":"https:\/\/www.horn-wzm.de\/nl\/wp-json\/wp\/v2\/product"}],"about":[{"href":"https:\/\/www.horn-wzm.de\/nl\/wp-json\/wp\/v2\/types\/product"}],"version-history":[{"count":1,"href":"https:\/\/www.horn-wzm.de\/nl\/wp-json\/wp\/v2\/product\/6868\/revisions"}],"predecessor-version":[{"id":6869,"href":"https:\/\/www.horn-wzm.de\/nl\/wp-json\/wp\/v2\/product\/6868\/revisions\/6869"}],"wp:featuredmedia":[{"embeddable":true,"href":"https:\/\/www.horn-wzm.de\/nl\/wp-json\/wp\/v2\/media\/6864"}],"wp:attachment":[{"href":"https:\/\/www.horn-wzm.de\/nl\/wp-json\/wp\/v2\/media?parent=6868"}],"wp:term":[{"taxonomy":"product_brand","embeddable":true,"href":"https:\/\/www.horn-wzm.de\/nl\/wp-json\/wp\/v2\/product_brand?post=6868"},{"taxonomy":"product_cat","embeddable":true,"href":"https:\/\/www.horn-wzm.de\/nl\/wp-json\/wp\/v2\/product_cat?post=6868"},{"taxonomy":"product_tag","embeddable":true,"href":"https:\/\/www.horn-wzm.de\/nl\/wp-json\/wp\/v2\/product_tag?post=6868"}],"curies":[{"name":"wp","href":"https:\/\/api.w.org\/{rel}","templated":true}]}}