{"id":5234,"date":"2025-01-23T12:40:38","date_gmt":"2025-01-23T11:40:38","guid":{"rendered":"https:\/\/www.horn-wzm.de\/shop\/unkategorisiert\/gebr-biglia-wkz-halter-fest-used-toolholder-fixed-oesterle-mit-ikz_intnr231226\/"},"modified":"2025-01-23T12:40:38","modified_gmt":"2025-01-23T11:40:38","slug":"gebr-biglia-wkz-houder-vast-gebruikt-gereedschaphouder-vast-oesterle-met-ikz_intnr231226","status":"publish","type":"product","link":"https:\/\/www.horn-wzm.de\/nl\/shop\/werkzeughalter\/gebr-biglia-wkz-halter-fest-used-toolholder-fixed-oesterle-mit-ikz_intnr231226\/","title":{"rendered":"Gebr. Biglia WKZ-Halter fest\/gebruikte gereedschapshouder vast Oesterle met IKZ_IntNr231226"},"content":{"rendered":"<p><b>Locatie:<\/b> Duitsland, Baden-W\u00fcrttemberg Zuidwesten<\/p>\n<p><b>Zustand:<\/b> Zo goed als nieuw<\/p>\n<p><b>Hersteller:<\/b> Oesterle<\/p>\n<p><b>Modell:<\/b> 357 5403 SL26 B109<\/p>\n<p><b>Bouwjaar:<\/b> 2015<\/p>\n<p>Doorslijphouder met merkprecisie<br \/>\nBI-WZ16ABL3<br \/>\nCompatibele machines<br \/>\nBIGLIA - B436<br \/>\nBIGLIA - B438<br \/>\nBIGLIA - BMX 45Y2<br \/>\nPrecisie-afsteekhouder voor afsteekmes SH 26 mm<br \/>\nLinkse versie, hoogte 70 mm (Oesterle)<br \/>\nHoogte midzwaard SH 26 mm<br \/>\nBreedte midzwaard 3 mm<br \/>\nGewicht 4,6 kg<br \/>\n Koelvloeistof<br \/>\n Extern + IKZ<br \/>\n85 bar<\/p>\n<p>precisie doorslijphouder<br \/>\nBI-WZ16ABL3<br \/>\nCompatibele machines<br \/>\nBIGLIA - B436<br \/>\nBIGLIA - B438<br \/>\nBIGLIA - BMX 45Y2<br \/>\nPrecisie-afsteekhouder voor afsteekmes SH 26 mm<br \/>\nlinkse versie, hoogte 70 mm (Oesterle)<br \/>\nbladhoogte SH 26 mm<br \/>\nbladbreedte 3 mm<br \/>\nGewicht 4,6 kg<br \/>\n Koelvloeistof<br \/>\n Extern + IKZ<br \/>\n85 bar<\/p>","protected":false},"excerpt":{"rendered":"<p>Standort: Deutschland, Baden-W\u00fcrttemberg S\u00fcdwest Zustand: Neuwertig Hersteller: Oesterle Modell: 357 5403 SL26 B109 Baujahr: 2015 gebr. Praezisionsabstechhalter BI-WZ16ABL3 Kompatible Maschinen BIGLIA &#8211; B436 BIGLIA &#8211; B438 BIGLIA &#8211; BMX 45Y2 Pr\u00e4zisionsabstechhalter f\u00fcr Abstechschwert SH 26 mm linke Ausf\u00fchrung, H\u00f6he 70 mm (Oesterle) Schwerth\u00f6he SH 26 mm Schwertbreite 3 mm Gewicht 4,6 kg K\u00fchlmittel Externe + [&hellip;]<\/p>\n","protected":false},"featured_media":5227,"template":"","meta":[],"product_brand":[],"product_cat":[84],"product_tag":[],"class_list":{"0":"post-5234","1":"product","2":"type-product","3":"status-publish","4":"has-post-thumbnail","6":"product_cat-werkzeughalter","8":"first","9":"instock","10":"taxable","11":"shipping-taxable","12":"product-type-simple"},"aioseo_notices":[],"_links":{"self":[{"href":"https:\/\/www.horn-wzm.de\/nl\/wp-json\/wp\/v2\/product\/5234","targetHints":{"allow":["GET"]}}],"collection":[{"href":"https:\/\/www.horn-wzm.de\/nl\/wp-json\/wp\/v2\/product"}],"about":[{"href":"https:\/\/www.horn-wzm.de\/nl\/wp-json\/wp\/v2\/types\/product"}],"version-history":[{"count":1,"href":"https:\/\/www.horn-wzm.de\/nl\/wp-json\/wp\/v2\/product\/5234\/revisions"}],"predecessor-version":[{"id":5235,"href":"https:\/\/www.horn-wzm.de\/nl\/wp-json\/wp\/v2\/product\/5234\/revisions\/5235"}],"wp:featuredmedia":[{"embeddable":true,"href":"https:\/\/www.horn-wzm.de\/nl\/wp-json\/wp\/v2\/media\/5227"}],"wp:attachment":[{"href":"https:\/\/www.horn-wzm.de\/nl\/wp-json\/wp\/v2\/media?parent=5234"}],"wp:term":[{"taxonomy":"product_brand","embeddable":true,"href":"https:\/\/www.horn-wzm.de\/nl\/wp-json\/wp\/v2\/product_brand?post=5234"},{"taxonomy":"product_cat","embeddable":true,"href":"https:\/\/www.horn-wzm.de\/nl\/wp-json\/wp\/v2\/product_cat?post=5234"},{"taxonomy":"product_tag","embeddable":true,"href":"https:\/\/www.horn-wzm.de\/nl\/wp-json\/wp\/v2\/product_tag?post=5234"}],"curies":[{"name":"wp","href":"https:\/\/api.w.org\/{rel}","templated":true}]}}