{"id":4645,"date":"2024-11-12T15:13:39","date_gmt":"2024-11-12T14:13:39","guid":{"rendered":"https:\/\/www.horn-wzm.de\/shop\/unkategorisiert\/gebr-werkzeughalter-star-451-59-00_star-sv-20-intnr231152\/"},"modified":"2024-11-12T15:13:39","modified_gmt":"2024-11-12T14:13:39","slug":"gebr-gereedschapshouder-ster-451-59-00_star-sv-20-intnr231152","status":"publish","type":"product","link":"https:\/\/www.horn-wzm.de\/nl\/shop\/werkzeughalter\/gebr-werkzeughalter-star-451-59-00_star-sv-20-intnr231152\/","title":{"rendered":"STAR 451-59-00_Star SV-20 gereedschapshouder (IntNo231152)"},"content":{"rendered":"<p><b>Locatie:<\/b> Duitsland, Baden-W\u00fcrttemberg Zuidwesten<\/p>\n<p><b>Zustand:<\/b> Zo goed als nieuw<\/p>\n<p><b>Hersteller:<\/b> STAR Micronics<\/p>\n<p>2-spindel dubbel-front boor\/freesunit ER11 voor voor- en achterboren<br \/>\nAchterbewerking; hoge snelheid 12000 1\/min met<br \/>\nKoelmiddeltoevoer (extern)<br \/>\nvoor hoofdspil en tegenspil<br \/>\n451-59-00<br \/>\nGeschikt voor de volgende STAR-machinetypes:<br \/>\nST-20-32-38 SV-12-20-32 \/ ECAS<br \/>\nOverbrengingsverhouding 1:2.115<br \/>\nInvoersnelheid max. 6000 1\/min<br \/>\nUitvoersnelheid max. 12000 1\/min<br \/>\nUitgaand koppel max. 12 Nm<br \/>\nWijzigingen en fouten in de technische gegevens en informatie alsmede voorafgaande verkoop voorbehouden!<\/p>\n<p>In hoek verstelbare ER11 boor-\/freeshulp (0-90\u00b0); werkt op hoge snelheid<br \/>\n12000 1\/min<br \/>\nvoor hoofdspil<br \/>\n451-55-00<br \/>\nGeschikt voor de volgende STAR-machinetypes:<br \/>\nST-20-32-38 SV-12-20-32 \/ ECAS<br \/>\nUitvoersnelheid max. 12000 1\/min<br \/>\nSubject to changes and errors in the technical data and information as well as prior sale!<\/p>","protected":false},"excerpt":{"rendered":"<p>Standort: Deutschland, Baden-W\u00fcrttemberg S\u00fcdwest Zustand: Neuwertig Hersteller: STAR Micronics 2-Spindel-Doppelfrontalbohr-\/Fr\u00e4sapparat ER11 f\u00fcr Front- und R\u00fcckseitenbearbeitung; Schnelllauf 12000 1\/min mit K\u00fchlmittelzuf\u00fchrung (extern) zu Hauptspindel und Gegenspindel 451-59-00 Passend f\u00fcr folgende STAR-Maschinentypen: ST-20-32-38 SV-12-20-32 \/ ECAS \u00dcbersetzung 1:2,115 Eingangsdrehzahl max. 6000 1\/min Ausgangsdrehzahl max. 12000 1\/min Ausgangsdrehmoment max. 12 Nm Aenderungen und Irrtuemer in den technischen Daten [&hellip;]<\/p>\n","protected":false},"featured_media":4643,"template":"","meta":[],"product_brand":[],"product_cat":[84],"product_tag":[],"class_list":{"0":"post-4645","1":"product","2":"type-product","3":"status-publish","4":"has-post-thumbnail","6":"product_cat-werkzeughalter","8":"first","9":"instock","10":"taxable","11":"shipping-taxable","12":"product-type-simple"},"aioseo_notices":[],"_links":{"self":[{"href":"https:\/\/www.horn-wzm.de\/nl\/wp-json\/wp\/v2\/product\/4645","targetHints":{"allow":["GET"]}}],"collection":[{"href":"https:\/\/www.horn-wzm.de\/nl\/wp-json\/wp\/v2\/product"}],"about":[{"href":"https:\/\/www.horn-wzm.de\/nl\/wp-json\/wp\/v2\/types\/product"}],"version-history":[{"count":1,"href":"https:\/\/www.horn-wzm.de\/nl\/wp-json\/wp\/v2\/product\/4645\/revisions"}],"predecessor-version":[{"id":4646,"href":"https:\/\/www.horn-wzm.de\/nl\/wp-json\/wp\/v2\/product\/4645\/revisions\/4646"}],"wp:featuredmedia":[{"embeddable":true,"href":"https:\/\/www.horn-wzm.de\/nl\/wp-json\/wp\/v2\/media\/4643"}],"wp:attachment":[{"href":"https:\/\/www.horn-wzm.de\/nl\/wp-json\/wp\/v2\/media?parent=4645"}],"wp:term":[{"taxonomy":"product_brand","embeddable":true,"href":"https:\/\/www.horn-wzm.de\/nl\/wp-json\/wp\/v2\/product_brand?post=4645"},{"taxonomy":"product_cat","embeddable":true,"href":"https:\/\/www.horn-wzm.de\/nl\/wp-json\/wp\/v2\/product_cat?post=4645"},{"taxonomy":"product_tag","embeddable":true,"href":"https:\/\/www.horn-wzm.de\/nl\/wp-json\/wp\/v2\/product_tag?post=4645"}],"curies":[{"name":"wp","href":"https:\/\/api.w.org\/{rel}","templated":true}]}}