{"id":4625,"date":"2024-11-12T15:01:54","date_gmt":"2024-11-12T14:01:54","guid":{"rendered":"https:\/\/www.horn-wzm.de\/shop\/unkategorisiert\/gebr-werkzeughalter-star-451-14-00_star-sv-12-intnr231137\/"},"modified":"2024-11-12T15:01:54","modified_gmt":"2024-11-12T14:01:54","slug":"gebr-gereedschapshouder-star-451-14-00_star-sv-12-intnr231137","status":"publish","type":"product","link":"https:\/\/www.horn-wzm.de\/nl\/shop\/werkzeughalter\/gebr-werkzeughalter-star-451-14-00_star-sv-12-intnr231137\/","title":{"rendered":"STAR 451-14-00_Star SV-12 gereedschapshouder (IntNo231137)"},"content":{"rendered":"<p><b>Locatie:<\/b> Duitsland, Baden-W\u00fcrttemberg Zuidwesten<\/p>\n<p><b>Zustand:<\/b> Zo goed als nieuw<\/p>\n<p><b>Hersteller:<\/b> STAR Micronics<\/p>\n<p>1-voudige diepgatboorhouder \u00d822mm met koelmiddeltoevoer<br \/>\nvoor hoofdspil en tegenspil<br \/>\n451-14-00<br \/>\nGeschikt voor de volgende STAR-machinetypes:<br \/>\nST-20-32-38 SV-12-20-32 \/ ECAS<br \/>\n147 mm<br \/>\nWijzigingen en fouten in de technische gegevens en informatie alsmede voorafgaande verkoop voorbehouden!<\/p>\n<p>1-voudige diepgatboorhouder \u00d822mm met koelmiddeltoevoer<br \/>\nvoor hoofdspil en tegenspil<br \/>\n451-14-00<br \/>\nGeschikt voor de volgende STAR-machinetypes:<br \/>\nST-20-32-38 SV-12-20-32 \/ ECAS<br \/>\n147 mm<br \/>\nSubject to changes and errors in the technical data and information as well as prior sale!<\/p>","protected":false},"excerpt":{"rendered":"<p>Standort: Deutschland, Baden-W\u00fcrttemberg S\u00fcdwest Zustand: Neuwertig Hersteller: STAR Micronics 1-fach Tieflochbohrhalter \u00d822mm mit K\u00fchlmittelzuf\u00fchrung zu Hauptspindel und Gegenspindel 451-14-00 Passend f\u00fcr folgende STAR-Maschinentypen: ST-20-32-38 SV-12-20-32 \/ ECAS 147 mm Aenderungen und Irrtuemer in den technischen Daten und Angaben sowie Zwischenverkauf vorbehalten! 1-fold deep hole drill holder \u00d822mm with coolant supply for main spindle and counter [&hellip;]<\/p>\n","protected":false},"featured_media":4623,"template":"","meta":[],"product_brand":[],"product_cat":[84],"product_tag":[],"class_list":{"0":"post-4625","1":"product","2":"type-product","3":"status-publish","4":"has-post-thumbnail","6":"product_cat-werkzeughalter","8":"first","9":"instock","10":"taxable","11":"shipping-taxable","12":"product-type-simple"},"aioseo_notices":[],"_links":{"self":[{"href":"https:\/\/www.horn-wzm.de\/nl\/wp-json\/wp\/v2\/product\/4625","targetHints":{"allow":["GET"]}}],"collection":[{"href":"https:\/\/www.horn-wzm.de\/nl\/wp-json\/wp\/v2\/product"}],"about":[{"href":"https:\/\/www.horn-wzm.de\/nl\/wp-json\/wp\/v2\/types\/product"}],"version-history":[{"count":1,"href":"https:\/\/www.horn-wzm.de\/nl\/wp-json\/wp\/v2\/product\/4625\/revisions"}],"predecessor-version":[{"id":4626,"href":"https:\/\/www.horn-wzm.de\/nl\/wp-json\/wp\/v2\/product\/4625\/revisions\/4626"}],"wp:featuredmedia":[{"embeddable":true,"href":"https:\/\/www.horn-wzm.de\/nl\/wp-json\/wp\/v2\/media\/4623"}],"wp:attachment":[{"href":"https:\/\/www.horn-wzm.de\/nl\/wp-json\/wp\/v2\/media?parent=4625"}],"wp:term":[{"taxonomy":"product_brand","embeddable":true,"href":"https:\/\/www.horn-wzm.de\/nl\/wp-json\/wp\/v2\/product_brand?post=4625"},{"taxonomy":"product_cat","embeddable":true,"href":"https:\/\/www.horn-wzm.de\/nl\/wp-json\/wp\/v2\/product_cat?post=4625"},{"taxonomy":"product_tag","embeddable":true,"href":"https:\/\/www.horn-wzm.de\/nl\/wp-json\/wp\/v2\/product_tag?post=4625"}],"curies":[{"name":"wp","href":"https:\/\/api.w.org\/{rel}","templated":true}]}}