{"id":7480,"date":"2026-03-07T12:31:54","date_gmt":"2026-03-07T11:31:54","guid":{"rendered":"https:\/\/www.horn-wzm.de\/shop\/unkategorisiert\/gebr-lns-express-220_bj-2027-intnr231503\/"},"modified":"2026-03-07T12:31:55","modified_gmt":"2026-03-07T11:31:55","slug":"gebr-lns-express-220_bj-2027-intnr231503","status":"publish","type":"product","link":"https:\/\/www.horn-wzm.de\/it\/shop\/stangenzufuehrungen\/gebr-lns-express-220_bj-2027-intnr231503\/","title":{"rendered":"gebr. LNS Express 220_Bj. 2027 IntNr231503"},"content":{"rendered":"<p><b>Posizione:<\/b> Germania, Baden-W\u00fcrttemberg Sud-Ovest<\/p>\n<p><b>Zustand:<\/b> Usato<\/p>\n<p><b>Hersteller:<\/b> LNS<\/p>\n<p><b>Modell:<\/b> LNS<\/p>\n<p><b>Anno di costruzione:<\/b> 2007<\/p>\n<p>CNC-Lademagazin LNS Express 220<br \/>\nAnno di costruzione: 2007<br \/>\nTipo: Alimentatore di barre<\/p>\n<p>Facile conversione del canale guida in meno di 2 minuti circa.<br \/>\nLa sostituzione completa degli elementi di guida \u00e8 possibile in meno di 8 minuti circa.<\/p>\n<p>Dettagli tecnici:<br \/>\nGamma di diametri: da 2 mm a 20 mm<br \/>\nCanale \u00d8 22 mm<br \/>\nLunghezza massima della barra: 3.000 mm<br \/>\nDimensioni di installazione \/ dimensioni (L x P x A): 3.970 x 480 x 1.250 mm<br \/>\nPeso: circa 850 kg<br \/>\nZustand: voll funktionsf\u00e4hig<\/p>\n<p>Die Maschine kann nach Terminvereinbarung Strom besichtigt werden.<br \/>\nCon riserva di modifiche ed errori nei dati tecnici e nelle informazioni, nonch\u00e9 di vendita anticipata!<\/p>\n<p>I<br \/>\nCNC loading magazine LNS Express 220<br \/>\nAnno di produzione: 2007<br \/>\nType: Bar loading magazine<\/p>\n<p>Easy changeover of the guide channel in less than approx. 2 minutes.<br \/>\nComplete changeover of the guide elements possible in less than approx. 8 minutes.<\/p>\n<p>Technical details:<br \/>\nDiameter range: 2 mm to 20 mm<br \/>\nChannel \u00d8 22 mm<br \/>\nMaximum bar length: 3,000 mm<br \/>\nInstallation dimensions \/ dimensions (L x W x H): 3,970 x 480 x 1,250 mm<br \/>\nWeight: approx. 850 kg<br \/>\nCondition: fully functional<\/p>\n<p>The machine can be viewed in operation by appointment.<br \/>\nCon riserva di modifiche ed errori nei dati tecnici e nelle specifiche, nonch\u00e9 di vendita anticipata!<\/p>\n<p>Tradotto con DeepL.com (versione gratuita)<\/p>","protected":false},"excerpt":{"rendered":"<p>Standort: Deutschland, Baden-W\u00fcrttemberg S\u00fcdwest Zustand: Gebraucht Hersteller: LNS Modell: LNS Baujahr: 2007 CNC-Lademagazin LNS Express 220 Baujahr: 2007 Typ: Stangenlademagazin Einfaches Umr\u00fcsten des F\u00fchrungskanals in weniger als ca. 2 Minuten. Komplettwechsel der F\u00fchrungselemente in unter ca. 8 Minuten m\u00f6glich. Technische Details: Durchmesserbereich: 2 mm bis 20 mm Kanal \u00d8 22mm Maximale Stangenl\u00e4nge: 3.000 mm Aufstellma\u00df [&hellip;]<\/p>\n","protected":false},"featured_media":7475,"template":"","meta":[],"product_brand":[],"product_cat":[85],"product_tag":[],"class_list":{"0":"post-7480","1":"product","2":"type-product","3":"status-publish","4":"has-post-thumbnail","6":"product_cat-stangenzufuehrungen","8":"first","9":"instock","10":"taxable","11":"shipping-taxable","12":"product-type-simple"},"aioseo_notices":[],"_links":{"self":[{"href":"https:\/\/www.horn-wzm.de\/it\/wp-json\/wp\/v2\/product\/7480","targetHints":{"allow":["GET"]}}],"collection":[{"href":"https:\/\/www.horn-wzm.de\/it\/wp-json\/wp\/v2\/product"}],"about":[{"href":"https:\/\/www.horn-wzm.de\/it\/wp-json\/wp\/v2\/types\/product"}],"version-history":[{"count":1,"href":"https:\/\/www.horn-wzm.de\/it\/wp-json\/wp\/v2\/product\/7480\/revisions"}],"predecessor-version":[{"id":7481,"href":"https:\/\/www.horn-wzm.de\/it\/wp-json\/wp\/v2\/product\/7480\/revisions\/7481"}],"wp:featuredmedia":[{"embeddable":true,"href":"https:\/\/www.horn-wzm.de\/it\/wp-json\/wp\/v2\/media\/7475"}],"wp:attachment":[{"href":"https:\/\/www.horn-wzm.de\/it\/wp-json\/wp\/v2\/media?parent=7480"}],"wp:term":[{"taxonomy":"product_brand","embeddable":true,"href":"https:\/\/www.horn-wzm.de\/it\/wp-json\/wp\/v2\/product_brand?post=7480"},{"taxonomy":"product_cat","embeddable":true,"href":"https:\/\/www.horn-wzm.de\/it\/wp-json\/wp\/v2\/product_cat?post=7480"},{"taxonomy":"product_tag","embeddable":true,"href":"https:\/\/www.horn-wzm.de\/it\/wp-json\/wp\/v2\/product_tag?post=7480"}],"curies":[{"name":"wp","href":"https:\/\/api.w.org\/{rel}","templated":true}]}}