{"id":7032,"date":"2025-12-12T15:28:23","date_gmt":"2025-12-12T14:28:23","guid":{"rendered":"https:\/\/www.horn-wzm.de\/shop\/unkategorisiert\/traub-tns-26-dgy_bj-1992_-intnr231415\/"},"modified":"2025-12-12T15:28:23","modified_gmt":"2025-12-12T14:28:23","slug":"traub-tns-26-dgy_bj-1992_-intnr231415","status":"publish","type":"product","link":"https:\/\/www.horn-wzm.de\/it\/shop\/cnc-kurzdrehmaschinen\/traub-tns-26-dgy_bj-1992_-intnr231415\/","title":{"rendered":"Traub TNS 26 DGY_Bj.1992_ IntNr231415"},"content":{"rendered":"<p><b>Posizione:<\/b> Germania, Baden-W\u00fcrttemberg Sud-Ovest<\/p>\n<p><b>Zustand:<\/b> Usato<\/p>\n<p><b>Hersteller:<\/b> SOGNO<\/p>\n<p><b>Modell:<\/b> SOGNO<\/p>\n<p><b>Anno di costruzione:<\/b> 1992<\/p>\n<p><b>Orario di funzionamento:<\/b> 83492<\/p>\n<p>Tornio CNC Traub TNS 26 DGY 2 torretta principale e contromandrino<br \/>\nAnno di costruzione: 1992<br \/>\nTempo di elaborazione: 83492<br \/>\nSistema di controllo Mitsubishi FR - SF Sistema TX 8F<br \/>\nTipo di macchina: Centro di tornitura a doppio mandrino con asse Y e utensili motorizzati<\/p>\n<p>Mandrino principale<br \/>\n\u00d8 della barra circa 26 mm.<br \/>\nLunghezza massima di tornitura 270 mm<br \/>\nVelocit\u00e0 massima fino a circa 7.000 giri\/min.<br \/>\nMandrino esterno \u00d8 60 mm<br \/>\nPotenza di azionamento circa 11 kW <\/p>\n<p>Contromandrino<br \/>\n\u00d8 massimo circa 26 mm di apertura.<br \/>\nVelocit\u00e0 circa 7.000 giri\/min.<br \/>\nPotenza di azionamento circa 5,5 kW<\/p>\n<p>Torrette \/ torrette portautensili:<\/p>\n<p>2 stazioni torretta (superiore e inferiore o due torrette) con utensili azionati.<br \/>\nTorretta superiore con asse Y<br \/>\nPortautensili ad es. secondo DIN 69880: 25 x48 e 16 \u00d7 16 mm<br \/>\nPortautensili motorizzati per torretta 12<br \/>\nvelocit\u00e0 massima: 8000 giri\/min.<br \/>\nPotenza 2,6 kW<br \/>\nCoppia 4 Nm<br \/>\nMandrino principale e contromandrino: asse C<\/p>\n<p>Alimentatore di barre STAMAG DN 26<br \/>\nTrasportatore di trucioli Ruez<br \/>\nHandb\u00fccher<\/p>\n<p>La macchina \u00e8 perfettamente funzionante dal punto di vista elettrico e meccanico e pu\u00f2 essere ispezionata sotto tensione su appuntamento.<br \/>\nCon riserva di modifiche ed errori nei dati tecnici e nelle informazioni, nonch\u00e9 di vendita anticipata!<\/p>\n<p>Tornio CNC Traub TNS 26 DGY 2 Torretta Mandrino principale e contromandrino<br \/>\nAnno di fabbricazione: 1992<br \/>\nTempo di lavorazione: 83.492<br \/>\nControllo Mitsubishi FR - SF Sistema TX 8F<br \/>\nTipo di macchina: Centro di tornitura a doppio mandrino con asse Y e utensili motorizzati<\/p>\n<p>Mandrino principale<br \/>\nCapacit\u00e0 della barra \u00d8 circa 26 mm.<br \/>\nLunghezza massima di rotazione 270 mm<br \/>\nVelocit\u00e0 massima fino a circa 7.000 giri\/min.<br \/>\n\u00d8 esterno del mandrino 60 mm<br \/>\nPotenza di azionamento circa 11 kW <\/p>\n<p>Contromandrino<br \/>\nCapacit\u00e0 massima. \u00d8 circa 26 mm di capacit\u00e0.<br \/>\nVelocit\u00e0 circa 7.000 giri\/min.<br \/>\nPotenza di azionamento circa 5,5 kW<\/p>\n<p>Torrette \/ revolver per utensili:<\/p>\n<p>2 stazioni revolver (superiore e inferiore o due torrette) con utensili azionati.<br \/>\nTorretta superiore con asse Y<br \/>\nPortautensili, ad esempio, secondo DIN 69880: 25 x 48 e 16 \u00d7 16 mm<br \/>\nPortautensili alimentati per torretta 12<br \/>\nVelocit\u00e0 massima: 8000 giri\/min.<br \/>\nPotenza 2,6 kW<br \/>\nCoppia 4 Nm<br \/>\nMandrino principale e contromandrino: asse C<\/p>\n<p>Caricatore a barre STAMAG DN 26<br \/>\nTrasportatore di trucioli Ruez<br \/>\nManuali<\/p>\n<p>La macchina \u00e8 perfettamente funzionante, sia dal punto di vista elettrico che meccanico, e pu\u00f2 essere visionata sotto tensione su appuntamento.<br \/>\nCon riserva di modifiche ed errori nei dati tecnici e nelle specifiche, nonch\u00e9 di vendita anticipata!<\/p>","protected":false},"excerpt":{"rendered":"<p>Standort: Deutschland, Baden-W\u00fcrttemberg S\u00fcdwest Zustand: Gebraucht Hersteller: TRAUB Modell: TRAUB Baujahr: 1992 Betriebsstunden: 83492 CNC-Drehmaschine Traub TNS 26 DGY 2 Revolver Haupt- und Gegenspindel Baujahr: 1992 Bearbeitungszeit: 83492 Steuerung Mitsubishi FR &#8211; SF System TX 8F Maschinenbauart: Doppelspindel-Drehzentrum mit Y-Achse und angetriebenen Werkzeugen Hauptspindel Stangendurchlass \u00d8 ca. 26 mm. max. Drehl\u00e4nge 270mm Maximaldrehzahl bis ca. [&hellip;]<\/p>\n","protected":false},"featured_media":7022,"template":"","meta":[],"product_brand":[],"product_cat":[87],"product_tag":[],"class_list":{"0":"post-7032","1":"product","2":"type-product","3":"status-publish","4":"has-post-thumbnail","6":"product_cat-cnc-kurzdrehmaschinen","8":"first","9":"instock","10":"taxable","11":"shipping-taxable","12":"product-type-simple"},"aioseo_notices":[],"_links":{"self":[{"href":"https:\/\/www.horn-wzm.de\/it\/wp-json\/wp\/v2\/product\/7032","targetHints":{"allow":["GET"]}}],"collection":[{"href":"https:\/\/www.horn-wzm.de\/it\/wp-json\/wp\/v2\/product"}],"about":[{"href":"https:\/\/www.horn-wzm.de\/it\/wp-json\/wp\/v2\/types\/product"}],"version-history":[{"count":1,"href":"https:\/\/www.horn-wzm.de\/it\/wp-json\/wp\/v2\/product\/7032\/revisions"}],"predecessor-version":[{"id":7033,"href":"https:\/\/www.horn-wzm.de\/it\/wp-json\/wp\/v2\/product\/7032\/revisions\/7033"}],"wp:featuredmedia":[{"embeddable":true,"href":"https:\/\/www.horn-wzm.de\/it\/wp-json\/wp\/v2\/media\/7022"}],"wp:attachment":[{"href":"https:\/\/www.horn-wzm.de\/it\/wp-json\/wp\/v2\/media?parent=7032"}],"wp:term":[{"taxonomy":"product_brand","embeddable":true,"href":"https:\/\/www.horn-wzm.de\/it\/wp-json\/wp\/v2\/product_brand?post=7032"},{"taxonomy":"product_cat","embeddable":true,"href":"https:\/\/www.horn-wzm.de\/it\/wp-json\/wp\/v2\/product_cat?post=7032"},{"taxonomy":"product_tag","embeddable":true,"href":"https:\/\/www.horn-wzm.de\/it\/wp-json\/wp\/v2\/product_tag?post=7032"}],"curies":[{"name":"wp","href":"https:\/\/api.w.org\/{rel}","templated":true}]}}