{"id":6400,"date":"2025-09-22T14:10:34","date_gmt":"2025-09-22T12:10:34","guid":{"rendered":"https:\/\/www.horn-wzm.de\/shop\/unkategorisiert\/gebr-weiler-ergodor_bj-1998-intnr231387\/"},"modified":"2025-09-22T14:10:34","modified_gmt":"2025-09-22T12:10:34","slug":"gebr-weiler-ergodor_bj-1998-intnr231387","status":"publish","type":"product","link":"https:\/\/www.horn-wzm.de\/it\/shop\/drehmaschinen\/gebr-weiler-ergodor_bj-1998-intnr231387\/","title":{"rendered":"frazione marchiata ERGODOR_costruita nel 1998, IntNo231387"},"content":{"rendered":"<p><b>Posizione:<\/b> Germania, Baden-W\u00fcrttemberg Sud-Ovest<\/p>\n<p><b>Zustand:<\/b> Usato<\/p>\n<p><b>Modell:<\/b> zero<\/p>\n<p><b>Anno di costruzione:<\/b> 1998<\/p>\n<p>Tornio meccanico WEILER, ERGODOR, anno 1998<br \/>\nTornio centrale di precisione dal design ergonomico<\/p>\n<p>Technische Daten<br \/>\nMax. Diametro di rotazione sopra il letto: circa 320 mm<br \/>\nMax. Diametro di rotazione sul supporto: circa 160 mm<br \/>\nLunghezza massima di tornitura: circa 470 mm. Lunghezza di rotazione: circa 470 mm<br \/>\nApertura dell'asta: circa 36 mm<br \/>\nMandrino: Gamma di velocit\u00e0: circa 30 - 3550 giri\/min.<br \/>\nAttacco del mandrino: A 2 - 5<br \/>\nPotenza di azionamento: circa 3,0 kW<br \/>\nAvanzamento automatico longitudinale e frontale:<br \/>\nCampo di avanzamento: circa 0,020 - 2,0 mm\/giro<\/p>\n<p>Die Maschine kann nach Terminvereinbarung Strom besichtigt werden.<br \/>\nCon riserva di modifiche ed errori nei dati tecnici e nelle informazioni, nonch\u00e9 di vendita anticipata!<\/p>\n<p>Tornio meccanico WEILER ERGODOR, costruito nel 1998<br \/>\nTornio centrale di alta precisione con design ergonomico<\/p>\n<p>Dati tecnici<br \/>\nDiametro massimo di rotazione sopra il letto: circa 320 mm<br \/>\nDiametro massimo di rotazione sul supporto: circa 160 mm<br \/>\nLunghezza massima di rotazione: circa 470 mm<br \/>\nPassaggio della barra: circa 36 mm<br \/>\nMandrino: Gamma di velocit\u00e0: circa 30 - 3550 giri\/min.<br \/>\nAttacco del mandrino: A 2 - 5<br \/>\nPotenza di azionamento: circa 3,0 kW<br \/>\nAvanzamento longitudinale e trasversale automatico:<br \/>\nCampo di avanzamento: circa 0,020 - 2,0 mm\/giro<\/p>\n<p>La macchina pu\u00f2 essere visitata su appuntamento.<br \/>\nCon riserva di modifiche ed errori nei dati tecnici e nelle specifiche, nonch\u00e9 di vendita anticipata!<\/p>","protected":false},"excerpt":{"rendered":"<p>Standort: Deutschland, Baden-W\u00fcrttemberg S\u00fcdwest Zustand: Gebraucht Modell: null Baujahr: 1998 Mechanikerdrehmaschine WEILER, ERGODOR, Bj. 1998 Genauigkeits-Spitzendrehmaschine in ergonomischer Bauart Technische Daten Max. Drehdurchmesser \u00fcber Bett: ca. 320 mm Max. Drehdurchmesser \u00fcber Support: ca. 160 mm Max. Drehl\u00e4nge: ca. 470 mm Stangendurchlass: ca. 36 mm Spindel: Drehzahlbereich: ca. 30 &#8211; 3550 U\/min Spindelnase: A 2 &#8211; [&hellip;]<\/p>\n","protected":false},"featured_media":6395,"template":"","meta":[],"product_brand":[],"product_cat":[95],"product_tag":[],"class_list":{"0":"post-6400","1":"product","2":"type-product","3":"status-publish","4":"has-post-thumbnail","6":"product_cat-drehmaschinen","8":"first","9":"instock","10":"taxable","11":"shipping-taxable","12":"product-type-simple"},"aioseo_notices":[],"_links":{"self":[{"href":"https:\/\/www.horn-wzm.de\/it\/wp-json\/wp\/v2\/product\/6400","targetHints":{"allow":["GET"]}}],"collection":[{"href":"https:\/\/www.horn-wzm.de\/it\/wp-json\/wp\/v2\/product"}],"about":[{"href":"https:\/\/www.horn-wzm.de\/it\/wp-json\/wp\/v2\/types\/product"}],"version-history":[{"count":1,"href":"https:\/\/www.horn-wzm.de\/it\/wp-json\/wp\/v2\/product\/6400\/revisions"}],"predecessor-version":[{"id":6401,"href":"https:\/\/www.horn-wzm.de\/it\/wp-json\/wp\/v2\/product\/6400\/revisions\/6401"}],"wp:featuredmedia":[{"embeddable":true,"href":"https:\/\/www.horn-wzm.de\/it\/wp-json\/wp\/v2\/media\/6395"}],"wp:attachment":[{"href":"https:\/\/www.horn-wzm.de\/it\/wp-json\/wp\/v2\/media?parent=6400"}],"wp:term":[{"taxonomy":"product_brand","embeddable":true,"href":"https:\/\/www.horn-wzm.de\/it\/wp-json\/wp\/v2\/product_brand?post=6400"},{"taxonomy":"product_cat","embeddable":true,"href":"https:\/\/www.horn-wzm.de\/it\/wp-json\/wp\/v2\/product_cat?post=6400"},{"taxonomy":"product_tag","embeddable":true,"href":"https:\/\/www.horn-wzm.de\/it\/wp-json\/wp\/v2\/product_tag?post=6400"}],"curies":[{"name":"wp","href":"https:\/\/api.w.org\/{rel}","templated":true}]}}