{"id":6129,"date":"2025-07-29T13:24:39","date_gmt":"2025-07-29T11:24:39","guid":{"rendered":"https:\/\/www.horn-wzm.de\/?post_type=product&#038;p=6129"},"modified":"2025-07-29T13:24:46","modified_gmt":"2025-07-29T11:24:46","slug":"sistema-di-filtri-buechele-e-sistema-di-trasporto-bobine-per-macchine-utensili-cnc-per-fanuc-robodrill-%ce%b1-d21lib5-plus-bab-center_2022_02_intnr231241","status":"publish","type":"product","link":"https:\/\/www.horn-wzm.de\/it\/shop\/hochdruckanlagen\/buechele-filteranlage-und-spaenefoerdersystem-fuer-cnc-werkzeugmaschinen-fuer-fanuc-robodrill-%ce%b1-d21lib5-plus-bab-zentrum_2022_02_intnr231241\/","title":{"rendered":"Sistema di filtri B\u00fcchele e sistema di trasporto trucioli per macchine utensili CNC per FANUC ROBODRILL \u03b1-D21LiB5 Plus BAB-Zentrum_2022_02_IntNr231241"},"content":{"rendered":"<p><b>Posizione:<\/b> Germania, Baden-W\u00fcrttemberg Sud-Ovest<\/p>\n<p><b>Zustand:<\/b> Nuovo<\/p>\n<p><b>Hersteller:<\/b> Sistemi SF B\u00fcchele<\/p>\n<p><b>Modell:<\/b> Sistemi SF B\u00fcchele<\/p>\n<p><b>Anno di costruzione:<\/b> 2024<\/p>\n<p><b>Orario di funzionamento:<\/b> 0<\/p>\n<p>IntNo231242<\/p>\n<p>Sistema di filtraggio e trasporto trucioli B\u00fcchele SFB-600 per macchine utensili CNC per centro FANUC ROBODRILL \u03b1-D21LiB5 Plus BAB<br \/>\nConvogliatore + sistema di filtraggio a flusso completo<br \/>\nEsecuzione:<br \/>\nComposto da:<br \/>\nTipo: KF 200\/950<br \/>\nPompa a vite KTS 25-38-T; 400V; 50 Hz<br \/>\nPompa centrifuga 1 MTR 10-14\/6; 400 V; 50 Hz<br \/>\nPompa centrifuga 2 MTR 3-23\/7; 400V; 50 Hz<br \/>\nVersione: Versione sinistra<br \/>\nFiltro compatto KF 200 \/ 950<br \/>\nPortapile KF top (integrato nell'alloggiamento)<br \/>\nCapacit\u00e0 del filtro 200 l\/min<br \/>\nVello filtrante PW 70\/70<br \/>\nVersione \"sinistra<br \/>\nSerbatoio: Tipo FKA\/950<br \/>\nLunghezza 1.600 mm<br \/>\nLarghezza 1.010 mm<br \/>\nAltezza 900 mm<br \/>\nAltezza da terra 100 mm<br \/>\nCapacit\u00e0 950 litri<br \/>\nMateriale acciaio, spessore lamiera 3 mm<br \/>\nCoperchio del serbatoio in lamiera d'acciaio<br \/>\nPreparazione dei collegamenti del radiatore<br \/>\nTubi per il supporto della pompa una striscia di paratia<br \/>\nUgello di ingresso e uscita per un raffreddatore a flusso continuo.<br \/>\nSensore di livello 1 ST<br \/>\nMarca: Knoll Balluff con display<br \/>\nNumero di punti di commutazione 3 ST<br \/>\nsecondo 70 915 11808<br \/>\nPompa 1 ST<br \/>\nPompa centrifuga per il lavaggio del letto<br \/>\nPressione 3,2 bar \/ Costruttore Grundfos<br \/>\nTipo MTR 10-16\/4<br \/>\nPotenza 1,50 kW<br \/>\nPortata 120-150 l\/min<br \/>\nPompa 1 ST<br \/>\nPompa centrifuga per raffreddamento esterno\/pistola di lavaggio<br \/>\nPressione 5,0 bar<br \/>\nProduttore Grundfos<br \/>\nTipo MTR 3-36\/7<br \/>\nPotenza 0,55 kW<br \/>\nPortata 30-50 l\/min<br \/>\nTubi con valvola a 3\/2 vie MK10DR<br \/>\nControllo:<br \/>\n1a porta chiusa Segnale: funzionamento normale raffreddamento esterno<br \/>\n2\u00b0 sportello aperto Segnale: funzionamento della pistola di lavaggio<br \/>\nfino al termine dei 60 secondi, quindi segnalare,<br \/>\nPompa spenta<br \/>\nPompa a vite KTS 25 1 ST<br \/>\nTipo: KTS 25<br \/>\nPotenza a 50 Hz a 400 V 4,00 kW<br \/>\nTensione a 50Hz 400 V<br \/>\nFrequenza 50 Hz<br \/>\nClasse di efficienza IE3<br \/>\nSenza controllo di frequenza<br \/>\nTubi S\u00ec<br \/>\nTubazioni standard S\u00ec<br \/>\nValvola DBV-60\/75<br \/>\nManometro BAR<br \/>\nPortata 25 l\/min<br \/>\nPressione 60 bar<br \/>\nFunzione IKZ<br \/>\nTubi 1 pz<br \/>\nTubazioni ad alta pressione<br \/>\nEsecuzione Ermeto<br \/>\nElettricit\u00e0 1 ST<br \/>\nVersione con involucro elettrico<br \/>\nSensori digitali (punto di commutazione) 3 ST<br \/>\nSensori analogici 3 ST<br \/>\nUnit\u00e0 di filtraggio KF<br \/>\nSistema di trasporto Pluggable<br \/>\nControllo speciale<br \/>\nDisplay di testo KTP 400 Comfort<br \/>\nAlloggiamento della custodia Custodia per il montaggio a parete<br \/>\nSensori di livello digitali\/analogici<br \/>\nInterruttore principale<br \/>\nCavo di interfaccia da 8 metri, con connettore HARTING su entrambi i lati, incluso.<br \/>\nConnettore di accoppiamento<br \/>\nCavo di alimentazione 5 metri con spina CEE<\/p>\n<p>La macchina pu\u00f2 essere visitata su appuntamento.<br \/>\nCon riserva di modifiche ed errori nei dati tecnici e nelle informazioni, nonch\u00e9 di vendita anticipata!<\/p>\n<p>Sistema di filtraggio e convogliatore trucioli B\u00fcchele per macchine utensili CNC per FANUC ROBODRILL \u03b1-D21LiB5 Plus BAB Centre<br \/>\nConvogliatore + sistema di filtraggio a flusso completo<\/p>\n<p>Specifiche:<br \/>\nComposto da:<\/p>\n<p>Tipo: KF 200\/950<br \/>\nPompa a vite: KTS 25-38-T; 400V; 50 Hz<br \/>\nPompa centrifuga 1: MTR 10-14\/6; 400V; 50 Hz<br \/>\nPompa centrifuga 2: MTR 3-23\/7; 400V; 50 Hz<br \/>\nConfigurazione: Versione sinistra<br \/>\nFiltro compatto KF 200 \/ 950<br \/>\nFiltro di aspirazione: KF Top (integrato nell'alloggiamento)<br \/>\nCapacit\u00e0 di filtraggio: 200 l\/min<br \/>\nVello filtrante: PW 70\/70<br \/>\nVersione: Sinistra<br \/>\nSerbatoio: tipo FKA\/950<br \/>\nLunghezza: 1.600 mm<br \/>\nLarghezza: 1.010 mm<br \/>\nAltezza: 900 mm<br \/>\nAltezza da terra: 100 mm<br \/>\nCapacit\u00e0: 950 litri<br \/>\nMateriale: acciaio, spessore lamiera 3 mm<br \/>\nCoperchio del serbatoio: lamiera d'acciaio<br \/>\nConnessioni del refrigeratore: preparate<br \/>\nTubazioni per l'aspirazione della pompa: una modanatura a paratia<br \/>\nConnessioni di ingresso e uscita: per un raffreddatore a circolazione<br \/>\nSensore del livello di riempimento: 1 pz<br \/>\nProduttore: Knoll Balluff con display<br \/>\nNumero di punti di commutazione: 3 pezzi<br \/>\nSecondo la norma: 70 915 11808<br \/>\nPompe:<br \/>\nPompa centrifuga per il lavaggio del letto:<\/p>\n<p>Pressione: 3,2 bar<br \/>\nCostruttore: Grundfos<br \/>\nTipo: MTR 10-16\/4<br \/>\nPotenza: 1,50 kW<br \/>\nPortata: 120-150 l\/min<br \/>\nPompa centrifuga per raffreddamento esterno \/ pistola di lavaggio:<\/p>\n<p>Pressione: 5,0 bar<br \/>\nCostruttore: Grundfos<br \/>\nTipo: MTR 3-36\/7<br \/>\nPotenza: 0,55 kW<br \/>\nPortata: 30-50 l\/min<br \/>\nTubazioni con valvola a 3\/2 vie: MK10DR<br \/>\nSistema di controllo:<br \/>\nSegnale di porta chiusa: funzionamento normale - raffreddamento esterno<br \/>\nSegnale di apertura porta: funzionamento della pistola di lavaggio (fino a 60 secondi), poi segnale di spegnimento della pompa<br \/>\nPompa a vite KTS 25 (1 pz.):<br \/>\nTipo: KTS 25<br \/>\nPotenza a 50 Hz \/ 400 V: 4,00 kW<br \/>\nTensione: 400V<br \/>\nFrequenza: 50 Hz<br \/>\nClasse di efficienza: IE3<br \/>\nSenza controllo di frequenza<br \/>\nTubazioni: S\u00ec<br \/>\nTubazioni standard: S\u00ec<br \/>\nValvola DBV-60\/75<br \/>\nManometro: BAR<br \/>\nPortata: 25 l\/min<br \/>\nPressione: 60 bar<br \/>\nFunzione: IKZ<br \/>\nTubazioni aggiuntive (1 pezzo):<br \/>\nTubazioni ad alta pressione<br \/>\nDesign: Ermeto<br \/>\nImpianto elettrico (1 pz):<br \/>\nQuadro elettrico<br \/>\nSensori digitali (punto di commutazione): 3 pezzi<br \/>\nSensori analogici: 3 pezzi<br \/>\nUnit\u00e0 di filtraggio: KF<br \/>\nSistema di trasporto modulare<br \/>\nSistema di controllo speciale<br \/>\nVisualizzazione del testo: KTP 400 Comfort<br \/>\nAlloggiamento dell'armadio di comando: Armadio a muro<br \/>\nSensori di livello: digitali\/analogici<br \/>\nInterruttore principale<br \/>\nCavo di interfaccia: 8 metri, entrambe le estremit\u00e0 con connettore HARTING e spina corrispondente<br \/>\nCavo di alimentazione: 5 metri con spina CEE<br \/>\nThe machine can be inspected by appointment.<br \/>\nLe modifiche e gli errori nei dati tecnici e nelle specifiche, cos\u00ec come la vendita anticipata, sono riservati!<\/p>","protected":false},"excerpt":{"rendered":"<p>Standort: Deutschland, Baden-W\u00fcrttemberg S\u00fcdwest Zustand: Neu Hersteller: SF-Systeme B\u00fcchele Modell: SF-Systeme B\u00fcchele Baujahr: 2024 Betriebsstunden: 0 IntNr231242 B\u00fcchele SFB-600 Filteranlage und Sp\u00e4nef\u00f6rdersystem f\u00fcr CNC-Werkzeugmaschinen f\u00fcr FANUC ROBODRILL \u03b1-D21LiB5 Plus BAB-Zentrum F\u00f6rderer + Vollstromfilteranlage Ausf\u00fchrung: Bestehend aus: Typ: KF 200\/950 Schraubenspindelpumpe KTS 25-38-T; 400V; 50 Hz Kreiselpumpe 1 MTR 10-14\/6; 400 V; 50 Hz Kreiselpumpe 2 [&hellip;]<\/p>\n","protected":false},"featured_media":5531,"template":"","meta":[],"product_brand":[],"product_cat":[86],"product_tag":[],"class_list":{"0":"post-6129","1":"product","2":"type-product","3":"status-publish","4":"has-post-thumbnail","6":"product_cat-hochdruckanlagen","8":"first","9":"instock","10":"taxable","11":"shipping-taxable","12":"product-type-simple"},"aioseo_notices":[],"_links":{"self":[{"href":"https:\/\/www.horn-wzm.de\/it\/wp-json\/wp\/v2\/product\/6129","targetHints":{"allow":["GET"]}}],"collection":[{"href":"https:\/\/www.horn-wzm.de\/it\/wp-json\/wp\/v2\/product"}],"about":[{"href":"https:\/\/www.horn-wzm.de\/it\/wp-json\/wp\/v2\/types\/product"}],"version-history":[{"count":1,"href":"https:\/\/www.horn-wzm.de\/it\/wp-json\/wp\/v2\/product\/6129\/revisions"}],"predecessor-version":[{"id":6137,"href":"https:\/\/www.horn-wzm.de\/it\/wp-json\/wp\/v2\/product\/6129\/revisions\/6137"}],"wp:featuredmedia":[{"embeddable":true,"href":"https:\/\/www.horn-wzm.de\/it\/wp-json\/wp\/v2\/media\/5531"}],"wp:attachment":[{"href":"https:\/\/www.horn-wzm.de\/it\/wp-json\/wp\/v2\/media?parent=6129"}],"wp:term":[{"taxonomy":"product_brand","embeddable":true,"href":"https:\/\/www.horn-wzm.de\/it\/wp-json\/wp\/v2\/product_brand?post=6129"},{"taxonomy":"product_cat","embeddable":true,"href":"https:\/\/www.horn-wzm.de\/it\/wp-json\/wp\/v2\/product_cat?post=6129"},{"taxonomy":"product_tag","embeddable":true,"href":"https:\/\/www.horn-wzm.de\/it\/wp-json\/wp\/v2\/product_tag?post=6129"}],"curies":[{"name":"wp","href":"https:\/\/api.w.org\/{rel}","templated":true}]}}