{"id":5881,"date":"2025-04-07T14:03:15","date_gmt":"2025-04-07T12:03:15","guid":{"rendered":"https:\/\/www.horn-wzm.de\/shop\/unkategorisiert\/gebr-profilprojektor-mitutoyo-pv-500-_intnr231045\/"},"modified":"2025-04-07T14:03:15","modified_gmt":"2025-04-07T12:03:15","slug":"gebr-proiettore-di-profili-mitutoyo-pv-500-_intnr231045","status":"publish","type":"product","link":"https:\/\/www.horn-wzm.de\/it\/shop\/messtechnik\/gebr-profilprojektor-mitutoyo-pv-500-_intnr231045\/","title":{"rendered":"proiettore di profili usato Mitutoyo PV 500 _IntNr231045"},"content":{"rendered":"<p><b>Posizione:<\/b> Germania, Baden-W\u00fcrttemberg Sud-Ovest<\/p>\n<p><b>Zustand:<\/b> Usato<\/p>\n<p><b>Orario di funzionamento:<\/b> nessuno<\/p>\n<p>IntNo231045<br \/>\nGebr.<br \/>\nProiettore di profili Mitutoyo PV 500<br \/>\ncon schermo da 500 mm e display digitale<br \/>\nTechnische Daten:<br \/>\nProfilo proiettore marca MITUTOYO tipo PV-500<br \/>\nDiametro dello schermo 508 mm<br \/>\nSchermo girevole a 360\u00b0 (nonio 1')<br \/>\nIngrandimento possibile 5 x , 10 x , 20 x , 50 x , 100 x<br \/>\nInstallazione tramite sistema di inserimento con adattatore<br \/>\nPrecisione di ingrandimento per luce trasmessa\/luce riflessa +- 0,1% \/ +- 0,15%<br \/>\nRete 220 V, 50 Hz<br \/>\nConsumo di energia 340 VA<br \/>\nDimensioni dell'apparecchio di base 900 x 700 x 1700 mm<br \/>\nPeso 180 kg<br \/>\ncon<br \/>\n- Display digitale a 2 assi Mitutoyo<br \/>\nAccessori <\/p>\n<p>Die Maschine kann nach Terminvereinbarung Strom besichtigt werden.<br \/>\nCon riserva di modifiche ed errori nei dati tecnici e nelle informazioni, nonch\u00e9 di vendita anticipata!<\/p>\n<p>Usato<br \/>\nProiettore di profili Mitutoyo PV 500<br \/>\ncon schermo da 500 mm e display digitale<br \/>\nDati tecnici:<br \/>\nProfilo proiettore marca MITUTOYO tipo PV-500<br \/>\nDiametro dello schermo 508 mm<br \/>\nSchermo girevole a 360\u00b0 (nonio 1\u2032)<br \/>\nIngrandimento possibile 5 x, 10 x, 20 x, 50 x, 100 x<br \/>\nInstallazione tramite sistema a inserti con adattatore<br \/>\nPrecisione di ingrandimento con luce trasmessa\/luce riflessa +- 0,1% \/ +- 0,15%<br \/>\nRete 220 V, 50 Hz<br \/>\nConsumo di energia 340 VA<br \/>\nDimensioni del dispositivo di base 900 x 700 x 1700 mm<br \/>\nPeso 180 kg<br \/>\nCon<br \/>\n- Display digitale a 2 assi Mitutoyo<br \/>\nAccessori <\/p>\n<p>The machine can be inspected by appointment.<br \/>\nChanges and errors in the technical data and information as well as prior sale reserved!<\/p>","protected":false},"excerpt":{"rendered":"<p>Standort: Deutschland, Baden-W\u00fcrttemberg S\u00fcdwest Zustand: Gebraucht Betriebsstunden: keine IntNr231045 Gebr. Profilprojektor Mitutoyo PV 500 mit Bildschirm 500 mm und digitaler Anzeige Technische Daten: Profilprojektor Fabrikat MITUTOYO Typ PV-500 Bildschirmdurchmesser 508 mm Bildschirm drehbar um 360\u00b0 (Nonius 1\u00b4) Vergr\u00f6\u00dferung m\u00f6glich 5 x , 10 x , 20 x ,50x , 100 x Einbau erfolgt durch Einsatzsystem [&hellip;]<\/p>\n","protected":false},"featured_media":5877,"template":"","meta":[],"product_brand":[],"product_cat":[90],"product_tag":[],"class_list":{"0":"post-5881","1":"product","2":"type-product","3":"status-publish","4":"has-post-thumbnail","6":"product_cat-messtechnik","8":"first","9":"instock","10":"taxable","11":"shipping-taxable","12":"product-type-simple"},"aioseo_notices":[],"_links":{"self":[{"href":"https:\/\/www.horn-wzm.de\/it\/wp-json\/wp\/v2\/product\/5881","targetHints":{"allow":["GET"]}}],"collection":[{"href":"https:\/\/www.horn-wzm.de\/it\/wp-json\/wp\/v2\/product"}],"about":[{"href":"https:\/\/www.horn-wzm.de\/it\/wp-json\/wp\/v2\/types\/product"}],"version-history":[{"count":1,"href":"https:\/\/www.horn-wzm.de\/it\/wp-json\/wp\/v2\/product\/5881\/revisions"}],"predecessor-version":[{"id":5882,"href":"https:\/\/www.horn-wzm.de\/it\/wp-json\/wp\/v2\/product\/5881\/revisions\/5882"}],"wp:featuredmedia":[{"embeddable":true,"href":"https:\/\/www.horn-wzm.de\/it\/wp-json\/wp\/v2\/media\/5877"}],"wp:attachment":[{"href":"https:\/\/www.horn-wzm.de\/it\/wp-json\/wp\/v2\/media?parent=5881"}],"wp:term":[{"taxonomy":"product_brand","embeddable":true,"href":"https:\/\/www.horn-wzm.de\/it\/wp-json\/wp\/v2\/product_brand?post=5881"},{"taxonomy":"product_cat","embeddable":true,"href":"https:\/\/www.horn-wzm.de\/it\/wp-json\/wp\/v2\/product_cat?post=5881"},{"taxonomy":"product_tag","embeddable":true,"href":"https:\/\/www.horn-wzm.de\/it\/wp-json\/wp\/v2\/product_tag?post=5881"}],"curies":[{"name":"wp","href":"https:\/\/api.w.org\/{rel}","templated":true}]}}