{"id":4776,"date":"2024-11-22T15:47:21","date_gmt":"2024-11-22T14:47:21","guid":{"rendered":"https:\/\/www.horn-wzm.de\/shop\/unkategorisiert\/werkzeughalter-star-7-077-408-3-fach-bohrhalter-o32mm-mit-kuehlmittelversorgung-intnr231163\/"},"modified":"2024-11-22T15:47:21","modified_gmt":"2024-11-22T14:47:21","slug":"portautensili-star-7-077-408-portapunte-a-3-pieghe-o32mm-con-alimentazione-del-refrigerante-intnr231163","status":"publish","type":"product","link":"https:\/\/www.horn-wzm.de\/it\/shop\/werkzeughalter\/werkzeughalter-star-7-077-408-3-fach-bohrhalter-o32mm-mit-kuehlmittelversorgung-intnr231163\/","title":{"rendered":"Portautensili STAR 7.077.408 Portapunte 3 volte \u00d832mm con alimentazione del refrigerante (IntNo231163)"},"content":{"rendered":"<p><b>Posizione:<\/b> Germania, Baden-W\u00fcrttemberg Sud-Ovest<\/p>\n<p><b>Zustand:<\/b> Come nuovo<\/p>\n<p><b>Hersteller:<\/b> n.d.<\/p>\n<p><b>Modell:<\/b> 431-03-00<\/p>\n<p>Portapunte a 3 pieghe \u00d832mm con alimentazione del refrigerante (interna o esterna)<br \/>\nper mandrino principale e contromandrino (IntNo231163)<br \/>\n7.077.408<br \/>\nAdatto ai seguenti tipi di macchine STAR:<br \/>\nSV-12\/20\/20R\/32\/32J\/32J II\/38R - ECAS-20T\/30T<\/p>\n<p>Con riserva di modifiche ed errori nei dati tecnici e nelle informazioni, nonch\u00e9 di vendita anticipata!<\/p>\n<p>Portapunte a 3 pieghe \u00d832mm con alimentazione del refrigerante (interna o esterna)<br \/>\nper mandrino principale e contromandrino (IntNr231163)<br \/>\n7.077.408<br \/>\nAdatto ai seguenti tipi di macchine STAR:<br \/>\nSV-12\/20\/20R\/32\/32J\/32J II\/38R - ECAS-20T\/30T<\/p>\n<p>Subject to changes and errors in the technical data and information as well as prior sale!<\/p>","protected":false},"excerpt":{"rendered":"<p>Standort: Deutschland, Baden-W\u00fcrttemberg S\u00fcdwest Zustand: Neuwertig Hersteller: n.a. Modell: 431-03-00 3-fach-Bohrhalter \u00d832mm mit K\u00fchlmittelversorgung (intern oder extern) f\u00fcr Haupt- und Gegensspindel (IntNr231163) 7.077.408 Passend f\u00fcr folgende STAR-Maschinentypen: SV-12\/20\/20R\/32\/32J\/32J II\/38R &#8211; ECAS-20T\/30T Aenderungen und Irrtuemer in den technischen Daten und Angaben sowie Zwischenverkauf vorbehalten! 3-fold drill holder \u00d832mm with coolant supply (internal or external) for main [&hellip;]<\/p>\n","protected":false},"featured_media":4775,"template":"","meta":[],"product_brand":[],"product_cat":[84],"product_tag":[],"class_list":{"0":"post-4776","1":"product","2":"type-product","3":"status-publish","4":"has-post-thumbnail","6":"product_cat-werkzeughalter","8":"first","9":"instock","10":"taxable","11":"shipping-taxable","12":"product-type-simple"},"aioseo_notices":[],"_links":{"self":[{"href":"https:\/\/www.horn-wzm.de\/it\/wp-json\/wp\/v2\/product\/4776","targetHints":{"allow":["GET"]}}],"collection":[{"href":"https:\/\/www.horn-wzm.de\/it\/wp-json\/wp\/v2\/product"}],"about":[{"href":"https:\/\/www.horn-wzm.de\/it\/wp-json\/wp\/v2\/types\/product"}],"version-history":[{"count":1,"href":"https:\/\/www.horn-wzm.de\/it\/wp-json\/wp\/v2\/product\/4776\/revisions"}],"predecessor-version":[{"id":4777,"href":"https:\/\/www.horn-wzm.de\/it\/wp-json\/wp\/v2\/product\/4776\/revisions\/4777"}],"wp:featuredmedia":[{"embeddable":true,"href":"https:\/\/www.horn-wzm.de\/it\/wp-json\/wp\/v2\/media\/4775"}],"wp:attachment":[{"href":"https:\/\/www.horn-wzm.de\/it\/wp-json\/wp\/v2\/media?parent=4776"}],"wp:term":[{"taxonomy":"product_brand","embeddable":true,"href":"https:\/\/www.horn-wzm.de\/it\/wp-json\/wp\/v2\/product_brand?post=4776"},{"taxonomy":"product_cat","embeddable":true,"href":"https:\/\/www.horn-wzm.de\/it\/wp-json\/wp\/v2\/product_cat?post=4776"},{"taxonomy":"product_tag","embeddable":true,"href":"https:\/\/www.horn-wzm.de\/it\/wp-json\/wp\/v2\/product_tag?post=4776"}],"curies":[{"name":"wp","href":"https:\/\/api.w.org\/{rel}","templated":true}]}}