{"id":4658,"date":"2024-11-12T15:23:50","date_gmt":"2024-11-12T14:23:50","guid":{"rendered":"https:\/\/www.horn-wzm.de\/shop\/unkategorisiert\/gebr-werkzeughalter-star-_wto_410510005-44-sv-20-intnr231143\/"},"modified":"2024-11-12T15:23:50","modified_gmt":"2024-11-12T14:23:50","slug":"gebr-portautensili-star-_wto_410510005-44-sv-20-intnr231143","status":"publish","type":"product","link":"https:\/\/www.horn-wzm.de\/it\/shop\/werkzeughalter\/gebr-werkzeughalter-star-_wto_410510005-44-sv-20-intnr231143\/","title":{"rendered":"portautensili di marca STAR _WTO_410510005-44 SV 20 (IntNo231143)"},"content":{"rendered":"<p><b>Posizione:<\/b> Germania, Baden-W\u00fcrttemberg Sud-Ovest<\/p>\n<p><b>Zustand:<\/b> Come nuovo<\/p>\n<p><b>Hersteller:<\/b> OMC<\/p>\n<p>Dispositivo di foratura\/fresatura per la realizzazione di fori profondi per la lavorazione frontale<br \/>\nal mandrino principale<br \/>\n410510005-44<br \/>\nAdatto ai seguenti tipi di macchine STAR:<br \/>\nST-20-32-38 SV-12-20-32 \/ ECAS<br \/>\nAlimentazione interna + esterna del refrigerante<br \/>\nPressione del refrigerante max. 120 bar<br \/>\n97 mm<br \/>\nER 16<br \/>\nGambo \u00d844mm<br \/>\nUtensile - \u00d8\u00d80,5-10 mm<br \/>\n10 Nm<br \/>\nN2 max. 6.000 giri\/min.<br \/>\nI 1:1<br \/>\nCon riserva di modifiche ed errori nei dati tecnici e nelle informazioni, nonch\u00e9 di vendita anticipata!<\/p>\n<p>Dispositivo di foratura\/fresatura per la realizzazione di fori profondi per la lavorazione frontale<br \/>\nper il mandrino principale<br \/>\n410510005-44<br \/>\nAdatto ai seguenti tipi di macchine STAR:<br \/>\nST-20-32-38 SV-12-20-32 \/ ECAS<br \/>\nAlimentazione interna + esterna del refrigerante<br \/>\nPressione del refrigerante max. 120 bar<br \/>\n97 mm<br \/>\nER 16<br \/>\nGambo \u00d844mm<br \/>\nUtensile - \u00d8\u00d80,5-10 mm<br \/>\n10 Nm<br \/>\nN2 max. 6.000 giri\/min.<br \/>\nI 1:1<br \/>\nChanges and errors in the technical data and information as well as prior sale reserved!<\/p>","protected":false},"excerpt":{"rendered":"<p>Standort: Deutschland, Baden-W\u00fcrttemberg S\u00fcdwest Zustand: Neuwertig Hersteller: WTO Bohr-Fr\u00e4seinrichtung zum Tieflochbohren f\u00fcr Frontalbearbeitung zu Hauptspindel 410510005-44 Passend f\u00fcr folgende STAR-Maschinentypen: ST-20-32-38 SV-12-20-32 \/ ECAS Interne + Externe K\u00fchlmittelzufuhr K\u00fchlmitteldruck max. 120bar 97mm ER 16 Schaft \u00d844mm Werkzeug \u2013 \u00d8\u00d80,5-10mm 10 Nm N2 max. 6.000 rpm I 1:1 Aenderungen und Irrtuemer in den technischen Daten und [&hellip;]<\/p>\n","protected":false},"featured_media":4655,"template":"","meta":[],"product_brand":[],"product_cat":[84],"product_tag":[],"class_list":{"0":"post-4658","1":"product","2":"type-product","3":"status-publish","4":"has-post-thumbnail","6":"product_cat-werkzeughalter","8":"first","9":"instock","10":"taxable","11":"shipping-taxable","12":"product-type-simple"},"aioseo_notices":[],"_links":{"self":[{"href":"https:\/\/www.horn-wzm.de\/it\/wp-json\/wp\/v2\/product\/4658","targetHints":{"allow":["GET"]}}],"collection":[{"href":"https:\/\/www.horn-wzm.de\/it\/wp-json\/wp\/v2\/product"}],"about":[{"href":"https:\/\/www.horn-wzm.de\/it\/wp-json\/wp\/v2\/types\/product"}],"version-history":[{"count":1,"href":"https:\/\/www.horn-wzm.de\/it\/wp-json\/wp\/v2\/product\/4658\/revisions"}],"predecessor-version":[{"id":4659,"href":"https:\/\/www.horn-wzm.de\/it\/wp-json\/wp\/v2\/product\/4658\/revisions\/4659"}],"wp:featuredmedia":[{"embeddable":true,"href":"https:\/\/www.horn-wzm.de\/it\/wp-json\/wp\/v2\/media\/4655"}],"wp:attachment":[{"href":"https:\/\/www.horn-wzm.de\/it\/wp-json\/wp\/v2\/media?parent=4658"}],"wp:term":[{"taxonomy":"product_brand","embeddable":true,"href":"https:\/\/www.horn-wzm.de\/it\/wp-json\/wp\/v2\/product_brand?post=4658"},{"taxonomy":"product_cat","embeddable":true,"href":"https:\/\/www.horn-wzm.de\/it\/wp-json\/wp\/v2\/product_cat?post=4658"},{"taxonomy":"product_tag","embeddable":true,"href":"https:\/\/www.horn-wzm.de\/it\/wp-json\/wp\/v2\/product_tag?post=4658"}],"curies":[{"name":"wp","href":"https:\/\/api.w.org\/{rel}","templated":true}]}}