{"id":4576,"date":"2024-11-12T13:35:12","date_gmt":"2024-11-12T12:35:12","guid":{"rendered":"https:\/\/www.horn-wzm.de\/shop\/unkategorisiert\/gebr-werkzeughalter-star-221-16-00-intnr231126\/"},"modified":"2024-11-12T13:35:12","modified_gmt":"2024-11-12T12:35:12","slug":"gebr-portautensili-star-221-16-00-intnr231126","status":"publish","type":"product","link":"https:\/\/www.horn-wzm.de\/it\/shop\/werkzeughalter\/gebr-werkzeughalter-star-221-16-00-intnr231126\/","title":{"rendered":"portautensili di marca STAR 221-16-00 (IntNo231126)"},"content":{"rendered":"<p><b>Posizione:<\/b> Germania, Baden-W\u00fcrttemberg Sud-Ovest<\/p>\n<p><b>Zustand:<\/b> Come nuovo<\/p>\n<p><b>Hersteller:<\/b> STAR Micronics<\/p>\n<p>Portapunte a 1 piega con gambo \u00d822mm<br \/>\n per mandrino principale e contromandrino<br \/>\n221-16-00<br \/>\nAdatto ai seguenti tipi di macchine STAR:<br \/>\nST-20-32-38 SV-12-20-32 \/ ECAS<br \/>\nCon riserva di modifiche ed errori nei dati tecnici e nelle informazioni, nonch\u00e9 di vendita anticipata!<\/p>\n<p>Portapunte a 1 piega con gambo \u00d822mm<br \/>\n per mandrino principale e contromandrino<br \/>\n221-16-00<br \/>\nAdatto ai seguenti tipi di macchine STAR:<br \/>\nST-20-32-38 SV-12-20-32 \/ ECAS<br \/>\nSubject to changes and errors in the technical data and information as well as prior sale!<\/p>","protected":false},"excerpt":{"rendered":"<p>Standort: Deutschland, Baden-W\u00fcrttemberg S\u00fcdwest Zustand: Neuwertig Hersteller: STAR Micronics 1-fach Bohrhalter \u00d822mm Schaft zu Hauptspindel und Gegenspindel 221-16-00 Passend f\u00fcr folgende STAR-Maschinentypen: ST-20-32-38 SV-12-20-32 \/ ECAS Aenderungen und Irrtuemer in den technischen Daten und Angaben sowie Zwischenverkauf vorbehalten! 1-fold drill holder \u00d822mm shank for main spindle and counter spindle 221-16-00 Suitable for the following STAR [&hellip;]<\/p>\n","protected":false},"featured_media":4575,"template":"","meta":[],"product_brand":[],"product_cat":[84],"product_tag":[],"class_list":{"0":"post-4576","1":"product","2":"type-product","3":"status-publish","4":"has-post-thumbnail","6":"product_cat-werkzeughalter","8":"first","9":"instock","10":"taxable","11":"shipping-taxable","12":"product-type-simple"},"aioseo_notices":[],"_links":{"self":[{"href":"https:\/\/www.horn-wzm.de\/it\/wp-json\/wp\/v2\/product\/4576","targetHints":{"allow":["GET"]}}],"collection":[{"href":"https:\/\/www.horn-wzm.de\/it\/wp-json\/wp\/v2\/product"}],"about":[{"href":"https:\/\/www.horn-wzm.de\/it\/wp-json\/wp\/v2\/types\/product"}],"version-history":[{"count":1,"href":"https:\/\/www.horn-wzm.de\/it\/wp-json\/wp\/v2\/product\/4576\/revisions"}],"predecessor-version":[{"id":4577,"href":"https:\/\/www.horn-wzm.de\/it\/wp-json\/wp\/v2\/product\/4576\/revisions\/4577"}],"wp:featuredmedia":[{"embeddable":true,"href":"https:\/\/www.horn-wzm.de\/it\/wp-json\/wp\/v2\/media\/4575"}],"wp:attachment":[{"href":"https:\/\/www.horn-wzm.de\/it\/wp-json\/wp\/v2\/media?parent=4576"}],"wp:term":[{"taxonomy":"product_brand","embeddable":true,"href":"https:\/\/www.horn-wzm.de\/it\/wp-json\/wp\/v2\/product_brand?post=4576"},{"taxonomy":"product_cat","embeddable":true,"href":"https:\/\/www.horn-wzm.de\/it\/wp-json\/wp\/v2\/product_cat?post=4576"},{"taxonomy":"product_tag","embeddable":true,"href":"https:\/\/www.horn-wzm.de\/it\/wp-json\/wp\/v2\/product_tag?post=4576"}],"curies":[{"name":"wp","href":"https:\/\/api.w.org\/{rel}","templated":true}]}}