{"id":4537,"date":"2024-11-12T12:26:09","date_gmt":"2024-11-12T11:26:09","guid":{"rendered":"https:\/\/www.horn-wzm.de\/shop\/unkategorisiert\/star-3-fach-bohrhalter-o22mm-mit-kuehlmittelzufuehrung-extern-oder-intern-intnr231119\/"},"modified":"2024-11-12T12:26:09","modified_gmt":"2024-11-12T11:26:09","slug":"portapunte-a-stella-a-3-pieghe-o22mm-con-alimentazione-esterna-o-interna-del-refrigerante-intnr231119","status":"publish","type":"product","link":"https:\/\/www.horn-wzm.de\/it\/shop\/werkzeughalter\/star-3-fach-bohrhalter-o22mm-mit-kuehlmittelzufuehrung-extern-oder-intern-intnr231119\/","title":{"rendered":"STAR Portapunte a 3 pieghe \u00d822mm con alimentazione del refrigerante (esterna o interna) IntNr231119"},"content":{"rendered":"<p><b>Posizione:<\/b> Germania, Baden-W\u00fcrttemberg Sud-Ovest<\/p>\n<p><b>Zustand:<\/b> Come nuovo<\/p>\n<p><b>Hersteller:<\/b> STAR Micronics<\/p>\n<p><b>Anno di costruzione:<\/b> 2021<\/p>\n<p>Portapunte a 3 pieghe \u00d822mm con alimentazione di refrigerante (esterno o<br \/>\ninterno) al mandrino principale e al contromandrino<br \/>\n7.074.495<br \/>\nAdatto ai seguenti tipi di macchine STAR:<br \/>\nST-20-32-38 SV-12-20-32 \/ ECAS<br \/>\nCon riserva di modifiche ed errori nei dati tecnici e nelle informazioni, nonch\u00e9 di vendita anticipata!<\/p>\n<p>Portapunte a 3 pieghe \u00d822mm con alimentazione di refrigerante (esterno o<br \/>\ninterno) al mandrino principale e al contromandrino<br \/>\n7.074.495<br \/>\nAdatto ai seguenti tipi di macchine STAR:<br \/>\nST-20-32-38- SV-12-20-32 \/ ECAS<br \/>\nSubject to changes and errors in the technical data and information as well as prior sale!<\/p>","protected":false},"excerpt":{"rendered":"<p>Standort: Deutschland, Baden-W\u00fcrttemberg S\u00fcdwest Zustand: Neuwertig Hersteller: STAR Micronics Baujahr: 2021 3-fach Bohrhalter \u00d822mm mit K\u00fchlmittelzuf\u00fchrung (extern oder intern) zu Hauptspindel und Gegenspindel 7.074.495 Passend f\u00fcr folgende STAR-Maschinentypen: ST-20-32-38 SV-12-20-32 \/ ECAS Aenderungen und Irrtuemer in den technischen Daten und Angaben sowie Zwischenverkauf vorbehalten! 3-fold drill holder \u00d822mm with coolant supply (external or internal) to [&hellip;]<\/p>\n","protected":false},"featured_media":4535,"template":"","meta":[],"product_brand":[],"product_cat":[84],"product_tag":[],"class_list":{"0":"post-4537","1":"product","2":"type-product","3":"status-publish","4":"has-post-thumbnail","6":"product_cat-werkzeughalter","8":"first","9":"instock","10":"taxable","11":"shipping-taxable","12":"product-type-simple"},"aioseo_notices":[],"_links":{"self":[{"href":"https:\/\/www.horn-wzm.de\/it\/wp-json\/wp\/v2\/product\/4537","targetHints":{"allow":["GET"]}}],"collection":[{"href":"https:\/\/www.horn-wzm.de\/it\/wp-json\/wp\/v2\/product"}],"about":[{"href":"https:\/\/www.horn-wzm.de\/it\/wp-json\/wp\/v2\/types\/product"}],"version-history":[{"count":1,"href":"https:\/\/www.horn-wzm.de\/it\/wp-json\/wp\/v2\/product\/4537\/revisions"}],"predecessor-version":[{"id":4538,"href":"https:\/\/www.horn-wzm.de\/it\/wp-json\/wp\/v2\/product\/4537\/revisions\/4538"}],"wp:featuredmedia":[{"embeddable":true,"href":"https:\/\/www.horn-wzm.de\/it\/wp-json\/wp\/v2\/media\/4535"}],"wp:attachment":[{"href":"https:\/\/www.horn-wzm.de\/it\/wp-json\/wp\/v2\/media?parent=4537"}],"wp:term":[{"taxonomy":"product_brand","embeddable":true,"href":"https:\/\/www.horn-wzm.de\/it\/wp-json\/wp\/v2\/product_brand?post=4537"},{"taxonomy":"product_cat","embeddable":true,"href":"https:\/\/www.horn-wzm.de\/it\/wp-json\/wp\/v2\/product_cat?post=4537"},{"taxonomy":"product_tag","embeddable":true,"href":"https:\/\/www.horn-wzm.de\/it\/wp-json\/wp\/v2\/product_tag?post=4537"}],"curies":[{"name":"wp","href":"https:\/\/api.w.org\/{rel}","templated":true}]}}