{"id":7797,"date":"2026-04-01T12:08:57","date_gmt":"2026-04-01T10:08:57","guid":{"rendered":"https:\/\/www.horn-wzm.de\/shop\/unkategorisiert\/dmg-dmu-40-evo-linear-bj-2012-intnr231419\/"},"modified":"2026-04-01T12:08:58","modified_gmt":"2026-04-01T10:08:58","slug":"dmg-dmu-40-evo-linear-bj-2012-intnr231419","status":"publish","type":"product","link":"https:\/\/www.horn-wzm.de\/fr\/shop\/cnc-bearbeitungszentrum\/dmg-dmu-40-evo-linear-bj-2012-intnr231419\/","title":{"rendered":"DMG DMU 40 eVo lin\u00e9aire ann\u00e9e 2012, IntNr231419"},"content":{"rendered":"<p><b>Emplacement :<\/b> Allemagne, Baden-W\u00fcrttemberg S\u00fcdwest<\/p>\n<p><b>Zustand:<\/b> Comme neuf<\/p>\n<p><b>Hersteller:<\/b> DMG<\/p>\n<p><b>Modell:<\/b> DMG<\/p>\n<p><b>Ann\u00e9e de construction :<\/b> 2012<\/p>\n<p><b>heures de fonctionnement :<\/b> 0<\/p>\n<p>Centre d'usinage vertical 5 axes CNC DMG DMU 40 eVo linear, ann\u00e9e 2012, IntNr231419, \u00e0 l'\u00e9tat neuf et enti\u00e8rement r\u00e9vis\u00e9<br \/>\nContr\u00f4le<br \/>\nMarque HEIDENHAIN<br \/>\nMod\u00e8le 530<\/p>\n<p>Entra\u00eenement principal<br \/>\nPlage de vitesse de rotation de la broche 14000<br \/>\nNombre d'axes 5<\/p>\n<p>Course de d\u00e9placement<br \/>\nCourse de l'axe X 400 mm<br \/>\nCourse de l'axe Y 400 mm<br \/>\nCourse de l'axe Z 375 mm<\/p>\n<p>Comprend :<br \/>\nChangement d'outil, 120 places Porte-outils type SK 40<br \/>\nJoint tournant de table pour le serrage de pi\u00e8ces<br \/>\nporte lat\u00e9rale pour le chargement du robot<br \/>\nContr\u00f4le de bris d'outil Renishaw<br \/>\nPalpeur de mesure Heidenhain<br \/>\nInstallation IKZ, avec r\u00e9servoir de 600l<br \/>\nRefus de l'\u00e9mulsion<br \/>\nRefroidisseur actif pour la broche<br \/>\nAxe X + Y Entra\u00eenements lin\u00e9aires<br \/>\nR\u00e8gles en verre<\/p>\n<p>Die Maschine kann nach Terminvereinbarung Strom besichtigt werden.<br \/>\nAenderungen und Irrtuemer in den technischen Daten und Angaben sowie Zwischenverkauf vorbehalten!<\/p>\n<p>completely overhauled CNC 5-axis vertical machining centre DMG DMU 40 eVo linear, built in 2012, IntNr231419<br \/>\nContr\u00f4le<br \/>\nMarque HEIDENHAIN<br \/>\nMod\u00e8le 530<\/p>\n<p>Principal drive<br \/>\nGamme de vitesse de broche 14000<br \/>\nNombre d'axes 5<\/p>\n<p>Distance de voyage<br \/>\nDistance de d\u00e9placement X-axis 400 mm<br \/>\nDistance de d\u00e9placement sur l'axe Y 400 mm<br \/>\nPlage de d\u00e9placement de l'axe Z 375 mm<\/p>\n<p>Inclut<br \/>\nTool change, 120-position SK 40 tool holder<br \/>\nTable rotary feed for workpiece clamping<br \/>\nPorte lat\u00e9rale pour chargement de robot<br \/>\nContr\u00f4le de bris d'outil Renishaw<br \/>\n\u00c9chantillon de mesure Heidenhain<br \/>\nSyst\u00e8me IKZ, avec r\u00e9servoir de 600 l<br \/>\nSyst\u00e8me d'extraction d'\u00e9mulsion<br \/>\nRefroidisseur actif pour la broche<br \/>\nEntra\u00eenements lin\u00e9aires \u00e0 axe X + Y<br \/>\n\u00c9chelles en verre<\/p>\n<p>La machine peut \u00eatre visit\u00e9e sur rendez-vous.<br \/>\nSous r\u00e9serve de modifications et d'erreurs dans les donn\u00e9es techniques et les sp\u00e9cifications, ainsi que de vente pr\u00e9alable !<\/p>","protected":false},"excerpt":{"rendered":"<p>Standort: Deutschland, Baden-W\u00fcrttemberg S\u00fcdwest Zustand: Neuwertig Hersteller: DMG Modell: DMG Baujahr: 2012 Betriebsstunden: 0 neuwertiges grund\u00fcberholtes CNC 5-Achs-Vertikales Bearbeitungszentrum DMG DMU 40 eVo linear, Bj. 2012, IntNr231419 Steuerung Marke HEIDENHAIN Modell 530 Hauptantrieb Spindeldrehzahlbereich 14000 Anzahl der Achsen 5 Verfahrwege Verfahrweg X-Achse 400 mm Verfahrweg Y-Achse 400 mm Verfahrweg Z-Achse 375 mm Beinhaltet sind: Werkzeugwechsel, [&hellip;]<\/p>\n","protected":false},"featured_media":7789,"template":"","meta":[],"product_brand":[],"product_cat":[88],"product_tag":[],"class_list":{"0":"post-7797","1":"product","2":"type-product","3":"status-publish","4":"has-post-thumbnail","6":"product_cat-cnc-bearbeitungszentrum","8":"first","9":"instock","10":"taxable","11":"shipping-taxable","12":"product-type-simple"},"aioseo_notices":[],"_links":{"self":[{"href":"https:\/\/www.horn-wzm.de\/fr\/wp-json\/wp\/v2\/product\/7797","targetHints":{"allow":["GET"]}}],"collection":[{"href":"https:\/\/www.horn-wzm.de\/fr\/wp-json\/wp\/v2\/product"}],"about":[{"href":"https:\/\/www.horn-wzm.de\/fr\/wp-json\/wp\/v2\/types\/product"}],"version-history":[{"count":1,"href":"https:\/\/www.horn-wzm.de\/fr\/wp-json\/wp\/v2\/product\/7797\/revisions"}],"predecessor-version":[{"id":7798,"href":"https:\/\/www.horn-wzm.de\/fr\/wp-json\/wp\/v2\/product\/7797\/revisions\/7798"}],"wp:featuredmedia":[{"embeddable":true,"href":"https:\/\/www.horn-wzm.de\/fr\/wp-json\/wp\/v2\/media\/7789"}],"wp:attachment":[{"href":"https:\/\/www.horn-wzm.de\/fr\/wp-json\/wp\/v2\/media?parent=7797"}],"wp:term":[{"taxonomy":"product_brand","embeddable":true,"href":"https:\/\/www.horn-wzm.de\/fr\/wp-json\/wp\/v2\/product_brand?post=7797"},{"taxonomy":"product_cat","embeddable":true,"href":"https:\/\/www.horn-wzm.de\/fr\/wp-json\/wp\/v2\/product_cat?post=7797"},{"taxonomy":"product_tag","embeddable":true,"href":"https:\/\/www.horn-wzm.de\/fr\/wp-json\/wp\/v2\/product_tag?post=7797"}],"curies":[{"name":"wp","href":"https:\/\/api.w.org\/{rel}","templated":true}]}}